{"id":140,"date":"2022-07-03T15:10:07","date_gmt":"2022-07-03T14:10:07","guid":{"rendered":"http:\/\/thisisnotagateway.net\/find-et-match\/"},"modified":"2022-07-03T15:10:07","modified_gmt":"2022-07-03T14:10:07","slug":"find-et-match","status":"publish","type":"page","link":"https:\/\/thisisnotagateway.net\/da\/find-et-match\/","title":{"rendered":"Find et match?"},"content":{"rendered":"<p>Hookups er sjove, afslappede m\u00f8der mellem to mennesker, der ikke n\u00f8dvendigvis er interesseret i noget seri\u00f8st. Det er nemt at m\u00f8de nogen gennem tilslutninger, og hvis du er \u00e5ben for at pr\u00f8ve nye ting, kan det f\u00f8re til et langsigtet forhold.<\/p>\n<p>De bruges ofte som et springbr\u00e6t til mere seri\u00f8se forhold. Hookups er popul\u00e6re blandt singler, der leder efter hurtig sex, par p\u00e5 udkig efter en fling, og \u00e6ldre voksne p\u00e5 udkig efter kammeratskab.<\/p>\n<p><img loading=\"lazy\" class=\"aligncenter size-large wp-image-111\" src=\"http:\/\/thisisnotagateway.net\/wp-content\/uploads\/2022\/07\/chat-apps-1024x660.jpg\" alt=\"\" width=\"640\" height=\"413\" srcset=\"https:\/\/thisisnotagateway.net\/wp-content\/uploads\/2022\/07\/chat-apps-1024x660.jpg 1024w, https:\/\/thisisnotagateway.net\/wp-content\/uploads\/2022\/07\/chat-apps-300x193.jpg 300w, https:\/\/thisisnotagateway.net\/wp-content\/uploads\/2022\/07\/chat-apps-768x495.jpg 768w, https:\/\/thisisnotagateway.net\/wp-content\/uploads\/2022\/07\/chat-apps-1536x990.jpg 1536w, https:\/\/thisisnotagateway.net\/wp-content\/uploads\/2022\/07\/chat-apps-2048x1320.jpg 2048w, https:\/\/thisisnotagateway.net\/wp-content\/uploads\/2022\/07\/chat-apps-419x270.jpg 419w\" sizes=\"(max-width: 640px) 100vw, 640px\" \/><\/p>\n<h2>S\u00e5dan kan du bruge online dating til at finde et match<\/h2>\n<p>N\u00e5r du <a href=\"http:\/\/thisisnotagateway.net\/da\/populaere-tilslutningsapps-der-fungerer-til-sex\/\">har fundet et match<\/a>, kan du chatte online eller sende beskeder via appen. Nogle apps giver dig mulighed for at oprette en dato, mens andre bare giver dig mulighed for at udveksle kontaktoplysninger. Hvis du beslutter dig for at bruge en datingapp, skal du passe p\u00e5 ikke at give for mange personlige oplysninger ud. Dette inkluderer ting som dit fulde navn, adresse, telefonnummer, e-mail-adresse og profiler p\u00e5 sociale medier. V\u00e6r ogs\u00e5 opm\u00e6rksom p\u00e5, at nogle datingapps muligvis beder dig om at betale et m\u00e5nedligt abonnementsgebyr. S\u00e5 hvis du planl\u00e6gger at bruge en datingapp regelm\u00e6ssigt, kan du overveje at tilmelde dig et betalt medlemskab.<\/p>\n<p>Hvis du finder et lokalt tilslutningssted, der passer til dine behov, skal du s\u00f8rge for at kl\u00e6de dig passende. B\u00e6r ikke for afsl\u00f8rende t\u00f8j, for du ved aldrig, hvorn\u00e5r du l\u00f8ber ind i nogen, du kender. Undg\u00e5 ogs\u00e5 at b\u00e6re dyre smykker, da du muligvis ikke har r\u00e5d til det senere. N\u00e5r du m\u00f8der nogen p\u00e5 et lokalt tilslutningssted for f\u00f8rste gang, skal du stille dem nogle sp\u00f8rgsm\u00e5l. Sp\u00f8rg om deres alder, k\u00f8n, seksuelle orientering, forholdsstatus og andre oplysninger, du har brug for for at afg\u00f8re, om denne person er den rigtige for dig.<\/p>\n<p>Glem ikke at tage billeder af dig selv og den person, du m\u00f8der. P\u00e5 denne m\u00e5de har du bevis for dit m\u00f8de, hvis tingene g\u00e5r sydp\u00e5. N\u00e5r du har fundet nogen, du gerne vil tilslutte dig, skal du sende dem en besked. Fort\u00e6l dem, hvor du befinder dig, og sp\u00f8rg, om de er interesserede i at m\u00f8des.<\/p>\n<p>Hvis de siger ja, skal du arrangere et tidspunkt og et sted at m\u00f8des. Forvent dog ikke for meget. Afslappet sex handler mest om at komme af, ikke om at opbygge et varigt forhold. Og husk, afslappet sex er ikke for alle. V\u00e6r forsigtig og bliv ikke s\u00e5ret.<\/p>\n<p>Hookups er afslappede m\u00f8der mellem to fremmede, der m\u00f8des online. De er normalt kortvarige forhold, hvor der ikke er nogen forpligtelse eller f\u00f8lelsesm\u00e6ssig tilknytning. De er gode, fordi de er hurtige, gratis og nemme at finde. Men de er ikke for alle. Tilslutninger er ikke for folk, der leder efter langsigtede forhold eller \u00e6gteskab.<\/p>\n<h3>Hvis du har brug for flere r\u00e5d<\/h3>\n<p>Vores st\u00f8rste aktiv er vores brugere. Vi lytter n\u00f8je til, hvad I alle har at sige og bestr\u00e6ber os hele tiden p\u00e5 at holde jeres behov p\u00e5 forkant med vores udviklingsindsats. I hj\u00e6lper os med at forme fremtiden for vores hjemmeside, og vi s\u00e6tter virkelig pris p\u00e5 det! S\u00e5 her er nogle tip til dem, der er nye p\u00e5 scenen. Hvis du har sp\u00f8rgsm\u00e5l om noget relateret til at <a href=\"http:\/\/thisisnotagateway.net\/da\/find-et-forhold-med-lethed\/\">finde en fuck buddy<\/a>, skal du bare sp\u00f8rge, s\u00e5 besvarer vi dem hurtigt.<\/p>\n","protected":false},"excerpt":{"rendered":"<p>Hookups er sjove, afslappede m\u00f8der mellem to mennesker, der ikke n\u00f8dvendigvis er interesseret i noget seri\u00f8st. Det er nemt at m\u00f8de nogen gennem tilslutninger, og hvis du er \u00e5ben for at pr\u00f8ve nye ting, kan det f\u00f8re til et langsigtet forhold. De bruges ofte som et springbr\u00e6t til mere seri\u00f8se forhold. Hookups er popul\u00e6re blandt singler, der leder efter hurtig sex, par p\u00e5 udkig efter en fling, og \u00e6ldre voksne p\u00e5 udkig efter kammeratskab. S\u00e5dan kan du bruge online dating&#8230;<\/p>\n<p class=\"read-more\"><a class=\"btn btn-default\" href=\"https:\/\/thisisnotagateway.net\/da\/find-et-match\/\"> Read More<span class=\"screen-reader-text\">  Read More<\/span><\/a><\/p>\n","protected":false},"author":1,"featured_media":0,"parent":0,"menu_order":0,"comment_status":"closed","ping_status":"closed","template":"","meta":[],"yoast_head":"<!-- This site is optimized with the Yoast SEO plugin v19.2 - https:\/\/yoast.com\/wordpress\/plugins\/seo\/ -->\n<title>Find et match? - Anmeldelser af Gateway<\/title>\n<meta name=\"robots\" content=\"index, follow, max-snippet:-1, max-image-preview:large, max-video-preview:-1\" \/>\n<link rel=\"canonical\" href=\"https:\/\/thisisnotagateway.net\/da\/find-et-match\/\" \/>\n<meta property=\"og:locale\" content=\"da_DK\" \/>\n<meta property=\"og:type\" content=\"article\" \/>\n<meta property=\"og:title\" content=\"Find et match? - Anmeldelser af Gateway\" \/>\n<meta property=\"og:description\" content=\"Hookups er sjove, afslappede m\u00f8der mellem to mennesker, der ikke n\u00f8dvendigvis er interesseret i noget seri\u00f8st. Det er nemt at m\u00f8de nogen gennem tilslutninger, og hvis du er \u00e5ben for at pr\u00f8ve nye ting, kan det f\u00f8re til et langsigtet forhold. De bruges ofte som et springbr\u00e6t til mere seri\u00f8se forhold. Hookups er popul\u00e6re blandt singler, der leder efter hurtig sex, par p\u00e5 udkig efter en fling, og \u00e6ldre voksne p\u00e5 udkig efter kammeratskab. S\u00e5dan kan du bruge online dating... Read More Read More\" \/>\n<meta property=\"og:url\" content=\"https:\/\/thisisnotagateway.net\/da\/find-et-match\/\" \/>\n<meta property=\"og:site_name\" content=\"Anmeldelser af Gateway\" \/>\n<meta property=\"og:image\" content=\"http:\/\/thisisnotagateway.net\/wp-content\/uploads\/2022\/07\/chat-apps-1024x660.jpg\" \/>\n<meta name=\"author\" content=\"Gateway\" \/>\n<meta name=\"twitter:card\" content=\"summary_large_image\" \/>\n<meta name=\"twitter:label1\" content=\"Estimeret l\u00e6setid\" \/>\n\t<meta name=\"twitter:data1\" content=\"3 minutter\" \/>\n<script type=\"application\/ld+json\" class=\"yoast-schema-graph\">{\"@context\":\"https:\/\/schema.org\",\"@graph\":[{\"@type\":\"WebSite\",\"@id\":\"http:\/\/thisisnotagateway.net\/#website\",\"url\":\"http:\/\/thisisnotagateway.net\/\",\"name\":\"Anmeldelser af Gateway\",\"description\":\"Parforhold &amp; Dating Blog\",\"potentialAction\":[{\"@type\":\"SearchAction\",\"target\":{\"@type\":\"EntryPoint\",\"urlTemplate\":\"http:\/\/thisisnotagateway.net\/?s={search_term_string}\"},\"query-input\":\"required name=search_term_string\"}],\"inLanguage\":\"da-DK\"},{\"@type\":\"ImageObject\",\"inLanguage\":\"da-DK\",\"@id\":\"https:\/\/thisisnotagateway.net\/da\/find-et-match\/#primaryimage\",\"url\":\"https:\/\/thisisnotagateway.net\/wp-content\/uploads\/2022\/07\/chat-apps.jpg\",\"contentUrl\":\"https:\/\/thisisnotagateway.net\/wp-content\/uploads\/2022\/07\/chat-apps.jpg\",\"width\":2327,\"height\":1500},{\"@type\":\"WebPage\",\"@id\":\"https:\/\/thisisnotagateway.net\/da\/find-et-match\/#webpage\",\"url\":\"https:\/\/thisisnotagateway.net\/da\/find-et-match\/\",\"name\":\"Find et match? - Anmeldelser af Gateway\",\"isPartOf\":{\"@id\":\"http:\/\/thisisnotagateway.net\/#website\"},\"primaryImageOfPage\":{\"@id\":\"https:\/\/thisisnotagateway.net\/da\/find-et-match\/#primaryimage\"},\"datePublished\":\"2022-07-03T14:10:07+00:00\",\"dateModified\":\"2022-07-03T14:10:07+00:00\",\"breadcrumb\":{\"@id\":\"https:\/\/thisisnotagateway.net\/da\/find-et-match\/#breadcrumb\"},\"inLanguage\":\"da-DK\",\"potentialAction\":[{\"@type\":\"ReadAction\",\"target\":[\"https:\/\/thisisnotagateway.net\/da\/find-et-match\/\"]}]},{\"@type\":\"BreadcrumbList\",\"@id\":\"https:\/\/thisisnotagateway.net\/da\/find-et-match\/#breadcrumb\",\"itemListElement\":[{\"@type\":\"ListItem\",\"position\":1,\"name\":\"Hjem\",\"item\":\"http:\/\/thisisnotagateway.net\/da\/\"},{\"@type\":\"ListItem\",\"position\":2,\"name\":\"Find et match?\"}]}]}<\/script>\n<!-- \/ Yoast SEO plugin. -->","yoast_head_json":{"title":"Find et match? - Anmeldelser af Gateway","robots":{"index":"index","follow":"follow","max-snippet":"max-snippet:-1","max-image-preview":"max-image-preview:large","max-video-preview":"max-video-preview:-1"},"canonical":"https:\/\/thisisnotagateway.net\/da\/find-et-match\/","og_locale":"da_DK","og_type":"article","og_title":"Find et match? - Anmeldelser af Gateway","og_description":"Hookups er sjove, afslappede m\u00f8der mellem to mennesker, der ikke n\u00f8dvendigvis er interesseret i noget seri\u00f8st. Det er nemt at m\u00f8de nogen gennem tilslutninger, og hvis du er \u00e5ben for at pr\u00f8ve nye ting, kan det f\u00f8re til et langsigtet forhold. De bruges ofte som et springbr\u00e6t til mere seri\u00f8se forhold. Hookups er popul\u00e6re blandt singler, der leder efter hurtig sex, par p\u00e5 udkig efter en fling, og \u00e6ldre voksne p\u00e5 udkig efter kammeratskab. S\u00e5dan kan du bruge online dating... Read More Read More","og_url":"https:\/\/thisisnotagateway.net\/da\/find-et-match\/","og_site_name":"Anmeldelser af Gateway","og_image":[{"url":"http:\/\/thisisnotagateway.net\/wp-content\/uploads\/2022\/07\/chat-apps-1024x660.jpg"}],"author":"Gateway","twitter_card":"summary_large_image","twitter_misc":{"Estimeret l\u00e6setid":"3 minutter"},"schema":{"@context":"https:\/\/schema.org","@graph":[{"@type":"WebSite","@id":"http:\/\/thisisnotagateway.net\/#website","url":"http:\/\/thisisnotagateway.net\/","name":"Anmeldelser af Gateway","description":"Parforhold &amp; Dating Blog","potentialAction":[{"@type":"SearchAction","target":{"@type":"EntryPoint","urlTemplate":"http:\/\/thisisnotagateway.net\/?s={search_term_string}"},"query-input":"required name=search_term_string"}],"inLanguage":"da-DK"},{"@type":"ImageObject","inLanguage":"da-DK","@id":"https:\/\/thisisnotagateway.net\/da\/find-et-match\/#primaryimage","url":"https:\/\/thisisnotagateway.net\/wp-content\/uploads\/2022\/07\/chat-apps.jpg","contentUrl":"https:\/\/thisisnotagateway.net\/wp-content\/uploads\/2022\/07\/chat-apps.jpg","width":2327,"height":1500},{"@type":"WebPage","@id":"https:\/\/thisisnotagateway.net\/da\/find-et-match\/#webpage","url":"https:\/\/thisisnotagateway.net\/da\/find-et-match\/","name":"Find et match? - Anmeldelser af Gateway","isPartOf":{"@id":"http:\/\/thisisnotagateway.net\/#website"},"primaryImageOfPage":{"@id":"https:\/\/thisisnotagateway.net\/da\/find-et-match\/#primaryimage"},"datePublished":"2022-07-03T14:10:07+00:00","dateModified":"2022-07-03T14:10:07+00:00","breadcrumb":{"@id":"https:\/\/thisisnotagateway.net\/da\/find-et-match\/#breadcrumb"},"inLanguage":"da-DK","potentialAction":[{"@type":"ReadAction","target":["https:\/\/thisisnotagateway.net\/da\/find-et-match\/"]}]},{"@type":"BreadcrumbList","@id":"https:\/\/thisisnotagateway.net\/da\/find-et-match\/#breadcrumb","itemListElement":[{"@type":"ListItem","position":1,"name":"Hjem","item":"http:\/\/thisisnotagateway.net\/da\/"},{"@type":"ListItem","position":2,"name":"Find et match?"}]}]}},"_links":{"self":[{"href":"https:\/\/thisisnotagateway.net\/da\/wp-json\/wp\/v2\/pages\/140"}],"collection":[{"href":"https:\/\/thisisnotagateway.net\/da\/wp-json\/wp\/v2\/pages"}],"about":[{"href":"https:\/\/thisisnotagateway.net\/da\/wp-json\/wp\/v2\/types\/page"}],"author":[{"embeddable":true,"href":"https:\/\/thisisnotagateway.net\/da\/wp-json\/wp\/v2\/users\/1"}],"replies":[{"embeddable":true,"href":"https:\/\/thisisnotagateway.net\/da\/wp-json\/wp\/v2\/comments?post=140"}],"version-history":[{"count":0,"href":"https:\/\/thisisnotagateway.net\/da\/wp-json\/wp\/v2\/pages\/140\/revisions"}],"wp:attachment":[{"href":"https:\/\/thisisnotagateway.net\/da\/wp-json\/wp\/v2\/media?parent=140"}],"curies":[{"name":"wp","href":"https:\/\/api.w.org\/{rel}","templated":true}]}}