{"id":181,"date":"2022-07-03T15:00:39","date_gmt":"2022-07-03T14:00:39","guid":{"rendered":"http:\/\/thisisnotagateway.net\/populaere-tilslutningsapps-der-fungerer-til-sex\/"},"modified":"2022-07-03T15:00:39","modified_gmt":"2022-07-03T14:00:39","slug":"populaere-tilslutningsapps-der-fungerer-til-sex","status":"publish","type":"page","link":"https:\/\/thisisnotagateway.net\/da\/populaere-tilslutningsapps-der-fungerer-til-sex\/","title":{"rendered":"Popul\u00e6re tilslutningsapps, der fungerer til sex"},"content":{"rendered":"<p>Hvis du er interesseret i tilslutninger, skal du v\u00e6re opm\u00e6rksom p\u00e5 nogle vigtige fakta. N\u00e5r det er sagt, er tilslutninger en fantastisk m\u00e5de at finde ud af, om der er kemi mellem dig og en anden person. S\u00e5 hvis du er single og leder efter en fling eller et langvarigt forhold, kan du overveje at m\u00f8de nogen gennem et tilslutningssted.<\/p>\n<p>Tilslutninger er gode, fordi de er hurtige, billige og ukomplicerede. Men de er ikke ideelle, fordi de normalt ender d\u00e5rligt.<\/p>\n<p><img loading=\"lazy\" class=\"aligncenter size-large wp-image-104\" src=\"http:\/\/thisisnotagateway.net\/wp-content\/uploads\/2022\/07\/local-chat-apps-1024x683.jpeg\" alt=\"\" width=\"640\" height=\"427\" srcset=\"https:\/\/thisisnotagateway.net\/wp-content\/uploads\/2022\/07\/local-chat-apps-1024x683.jpeg 1024w, https:\/\/thisisnotagateway.net\/wp-content\/uploads\/2022\/07\/local-chat-apps-300x200.jpeg 300w, https:\/\/thisisnotagateway.net\/wp-content\/uploads\/2022\/07\/local-chat-apps-768x512.jpeg 768w, https:\/\/thisisnotagateway.net\/wp-content\/uploads\/2022\/07\/local-chat-apps-1536x1024.jpeg 1536w, https:\/\/thisisnotagateway.net\/wp-content\/uploads\/2022\/07\/local-chat-apps-2048x1365.jpeg 2048w, https:\/\/thisisnotagateway.net\/wp-content\/uploads\/2022\/07\/local-chat-apps-405x270.jpeg 405w\" sizes=\"(max-width: 640px) 100vw, 640px\" \/><\/p>\n<h3>Craigslist<\/h3>\n<p><a href=\"http:\/\/thisisnotagateway.net\/da\/craigslist-kontakt-oplysninger\/\">Craigslist er et online rubrikannonsite<\/a>. Du kan s\u00f8ge i millioner af opslag, selv sl\u00e5 et opslag op eller gennemse andre brugeres opslag. Hvis du leder efter et job, kan du ogs\u00e5 sl\u00e5 en stilling op direkte p\u00e5 hjemmesiden. Det er gratis at liste elementer, og der er ingen gebyrer for at svare. De fleste reklamer offentligg\u00f8res mindst en gang om ugen. Brugere kan kontakte hinanden via private beskeder, chatbeskeder, telefonopkald eller videochat.<\/p>\n<p>Mange af dem, der brugte hjemmesiden, sagde, at de til sidst befandt sig i seri\u00f8se forhold. Nogle af dem havde aldrig f\u00f8r datet nogen af samme k\u00f8n. Mange LGBTQ-medlemmer sagde, at de f\u00f8lte, at dette var et alternativ til stigmatiseringen af at m\u00f8de mennesker i det virkelige liv, fordi de ikke beh\u00f8vede at bekymre sig om afvisning. Andre brugte det til at m\u00f8de mennesker, der delte lignende interesser med dem. Men mange sagde ogs\u00e5, at de brugte det til at finde afslappede seksuelle m\u00f8der.<\/p>\n<h3>Ashley Madison<\/h3>\n<p>Ashley Madison er en <a href=\"http:\/\/thisisnotagateway.net\/da\/find-et-forhold-med-lethed\/\">online datingtjeneste<\/a> , der giver brugerne mulighed for at oprette forbindelse til andre singler p\u00e5 udkig efter diskrete forhold. Hjemmesiden tilbyder sine medlemmer et sikkert milj\u00f8, hvor de kan dele deres personlige oplysninger, mens de stadig opretholder deres anonymitet. Der stilles ingen sp\u00f8rgsm\u00e5l om seksuel orientering, religion, race, etnicitet, alder eller k\u00f8nspr\u00e6ference, n\u00e5r du tilmelder dig webstedet. S\u00e5 l\u00e6nge du ikke er gift i \u00f8jeblikket, er der ingen begr\u00e6nsninger p\u00e5 antallet af profiler, du kan oprette. Selvom der er mange m\u00e5der at s\u00f8ge gennem databasen p\u00e5, afh\u00e6nger den bedste metode af, hvilken slags match du leder efter.<\/p>\n<h3>Dobbeltliste<\/h3>\n<p>Doublelist er et godt sted at m\u00f8de mennesker af alle <a href=\"http:\/\/thisisnotagateway.net\/da\/find-et-match\/\">forskellige typer<\/a>. Du finder masser af lige, homoseksuelle, bi, lesbiske, trans, queer, kinky, polyamor\u00f8se osv., Folk her. Hvis du leder efter noget specifikt, skal du bare s\u00f8ge efter det, du er interesseret i. Der er ogs\u00e5 et afsnit kaldet &#8220;Udforsk&#8221;, hvor du kan gennemse profiler fra andre brugere.<\/p>\n<p>Webstedet tilbyder et stort antal s\u00f8gefunktioner og chatmuligheder. Du kan filtrere dine s\u00f8gninger efter placering, alder, k\u00f8n, etnicitet, interesser, seksuel orientering, religion, erhverv og indkomst. Webstedet verificerer nye medlemmer via telefon, men du skal v\u00e6re placeret i Canada, Storbritannien, USA eller Australien for at kunne tilmelde dig. Vi elsker, hvordan webstedet beskytter brugerne mod svindlere og falske profiler. Dette betyder, at du ikke beh\u00f8ver at spilde tid p\u00e5 at bekymre dig om svindel eller falske profiler, n\u00e5r du bruger Match.com.<\/p>\n<h3>Voksen Ven Finder<\/h3>\n<p>AFF er en voksen dating hjemmeside. Det er ikke et datingside i sig selv, men snarere en datingtjeneste, der hj\u00e6lper brugerne med at oprette forbindelse til andre brugere. Hvis du \u00f8nsker at m\u00f8de nogen diskret, s\u00e5 er AFF absolut v\u00e6rd at tjekke ud. Der er mange forskellige m\u00e5der at bruge de tjenester, der tilbydes af AFF. Du kan gennemse profiler, sende beskeder, se fotos og endda chatte med medlemmer. Alle disse funktioner er helt gratis.<\/p>\n<p>Men hvis du \u00f8nsker at opgradere din konto, er der flere niveauer tilg\u00e6ngelige. For eksempel giver premium-konti dig mulighed for at se medlemsprofiler uden annoncer, mens platinkonti tilbyder yderligere fordele. Disse inkluderer ekstra meddelelsesfunktioner, adgang til eksklusivt indhold og \u00f8get privatliv.<\/p>\n","protected":false},"excerpt":{"rendered":"<p>Hvis du er interesseret i tilslutninger, skal du v\u00e6re opm\u00e6rksom p\u00e5 nogle vigtige fakta. N\u00e5r det er sagt, er tilslutninger en fantastisk m\u00e5de at finde ud af, om der er kemi mellem dig og en anden person. S\u00e5 hvis du er single og leder efter en fling eller et langvarigt forhold, kan du overveje at m\u00f8de nogen gennem et tilslutningssted. Tilslutninger er gode, fordi de er hurtige, billige og ukomplicerede. Men de er ikke ideelle, fordi de normalt ender d\u00e5rligt&#8230;.<\/p>\n<p class=\"read-more\"><a class=\"btn btn-default\" href=\"https:\/\/thisisnotagateway.net\/da\/populaere-tilslutningsapps-der-fungerer-til-sex\/\"> Read More<span class=\"screen-reader-text\">  Read More<\/span><\/a><\/p>\n","protected":false},"author":1,"featured_media":0,"parent":0,"menu_order":0,"comment_status":"closed","ping_status":"closed","template":"","meta":[],"yoast_head":"<!-- This site is optimized with the Yoast SEO plugin v19.2 - https:\/\/yoast.com\/wordpress\/plugins\/seo\/ -->\n<title>Popul\u00e6re tilslutningsapps, der fungerer til sex - Anmeldelser af Gateway<\/title>\n<meta name=\"robots\" content=\"index, follow, max-snippet:-1, max-image-preview:large, max-video-preview:-1\" \/>\n<link rel=\"canonical\" href=\"https:\/\/thisisnotagateway.net\/da\/populaere-tilslutningsapps-der-fungerer-til-sex\/\" \/>\n<meta property=\"og:locale\" content=\"da_DK\" \/>\n<meta property=\"og:type\" content=\"article\" \/>\n<meta property=\"og:title\" content=\"Popul\u00e6re tilslutningsapps, der fungerer til sex - Anmeldelser af Gateway\" \/>\n<meta property=\"og:description\" content=\"Hvis du er interesseret i tilslutninger, skal du v\u00e6re opm\u00e6rksom p\u00e5 nogle vigtige fakta. N\u00e5r det er sagt, er tilslutninger en fantastisk m\u00e5de at finde ud af, om der er kemi mellem dig og en anden person. S\u00e5 hvis du er single og leder efter en fling eller et langvarigt forhold, kan du overveje at m\u00f8de nogen gennem et tilslutningssted. Tilslutninger er gode, fordi de er hurtige, billige og ukomplicerede. Men de er ikke ideelle, fordi de normalt ender d\u00e5rligt.... Read More Read More\" \/>\n<meta property=\"og:url\" content=\"https:\/\/thisisnotagateway.net\/da\/populaere-tilslutningsapps-der-fungerer-til-sex\/\" \/>\n<meta property=\"og:site_name\" content=\"Anmeldelser af Gateway\" \/>\n<meta property=\"og:image\" content=\"http:\/\/thisisnotagateway.net\/wp-content\/uploads\/2022\/07\/local-chat-apps-1024x683.jpeg\" \/>\n<meta name=\"author\" content=\"Gateway\" \/>\n<meta name=\"twitter:card\" content=\"summary_large_image\" \/>\n<meta name=\"twitter:label1\" content=\"Estimeret l\u00e6setid\" \/>\n\t<meta name=\"twitter:data1\" content=\"3 minutter\" \/>\n<script type=\"application\/ld+json\" class=\"yoast-schema-graph\">{\"@context\":\"https:\/\/schema.org\",\"@graph\":[{\"@type\":\"WebSite\",\"@id\":\"http:\/\/thisisnotagateway.net\/#website\",\"url\":\"http:\/\/thisisnotagateway.net\/\",\"name\":\"Anmeldelser af Gateway\",\"description\":\"Parforhold &amp; Dating Blog\",\"potentialAction\":[{\"@type\":\"SearchAction\",\"target\":{\"@type\":\"EntryPoint\",\"urlTemplate\":\"http:\/\/thisisnotagateway.net\/?s={search_term_string}\"},\"query-input\":\"required name=search_term_string\"}],\"inLanguage\":\"da-DK\"},{\"@type\":\"ImageObject\",\"inLanguage\":\"da-DK\",\"@id\":\"https:\/\/thisisnotagateway.net\/da\/populaere-tilslutningsapps-der-fungerer-til-sex\/#primaryimage\",\"url\":\"https:\/\/thisisnotagateway.net\/wp-content\/uploads\/2022\/07\/local-chat-apps.jpeg\",\"contentUrl\":\"https:\/\/thisisnotagateway.net\/wp-content\/uploads\/2022\/07\/local-chat-apps.jpeg\",\"width\":2250,\"height\":1500},{\"@type\":\"WebPage\",\"@id\":\"https:\/\/thisisnotagateway.net\/da\/populaere-tilslutningsapps-der-fungerer-til-sex\/#webpage\",\"url\":\"https:\/\/thisisnotagateway.net\/da\/populaere-tilslutningsapps-der-fungerer-til-sex\/\",\"name\":\"Popul\u00e6re tilslutningsapps, der fungerer til sex - Anmeldelser af Gateway\",\"isPartOf\":{\"@id\":\"http:\/\/thisisnotagateway.net\/#website\"},\"primaryImageOfPage\":{\"@id\":\"https:\/\/thisisnotagateway.net\/da\/populaere-tilslutningsapps-der-fungerer-til-sex\/#primaryimage\"},\"datePublished\":\"2022-07-03T14:00:39+00:00\",\"dateModified\":\"2022-07-03T14:00:39+00:00\",\"breadcrumb\":{\"@id\":\"https:\/\/thisisnotagateway.net\/da\/populaere-tilslutningsapps-der-fungerer-til-sex\/#breadcrumb\"},\"inLanguage\":\"da-DK\",\"potentialAction\":[{\"@type\":\"ReadAction\",\"target\":[\"https:\/\/thisisnotagateway.net\/da\/populaere-tilslutningsapps-der-fungerer-til-sex\/\"]}]},{\"@type\":\"BreadcrumbList\",\"@id\":\"https:\/\/thisisnotagateway.net\/da\/populaere-tilslutningsapps-der-fungerer-til-sex\/#breadcrumb\",\"itemListElement\":[{\"@type\":\"ListItem\",\"position\":1,\"name\":\"Hjem\",\"item\":\"http:\/\/thisisnotagateway.net\/da\/\"},{\"@type\":\"ListItem\",\"position\":2,\"name\":\"Popul\u00e6re tilslutningsapps, der fungerer til sex\"}]}]}<\/script>\n<!-- \/ Yoast SEO plugin. -->","yoast_head_json":{"title":"Popul\u00e6re tilslutningsapps, der fungerer til sex - Anmeldelser af Gateway","robots":{"index":"index","follow":"follow","max-snippet":"max-snippet:-1","max-image-preview":"max-image-preview:large","max-video-preview":"max-video-preview:-1"},"canonical":"https:\/\/thisisnotagateway.net\/da\/populaere-tilslutningsapps-der-fungerer-til-sex\/","og_locale":"da_DK","og_type":"article","og_title":"Popul\u00e6re tilslutningsapps, der fungerer til sex - Anmeldelser af Gateway","og_description":"Hvis du er interesseret i tilslutninger, skal du v\u00e6re opm\u00e6rksom p\u00e5 nogle vigtige fakta. N\u00e5r det er sagt, er tilslutninger en fantastisk m\u00e5de at finde ud af, om der er kemi mellem dig og en anden person. S\u00e5 hvis du er single og leder efter en fling eller et langvarigt forhold, kan du overveje at m\u00f8de nogen gennem et tilslutningssted. Tilslutninger er gode, fordi de er hurtige, billige og ukomplicerede. Men de er ikke ideelle, fordi de normalt ender d\u00e5rligt.... Read More Read More","og_url":"https:\/\/thisisnotagateway.net\/da\/populaere-tilslutningsapps-der-fungerer-til-sex\/","og_site_name":"Anmeldelser af Gateway","og_image":[{"url":"http:\/\/thisisnotagateway.net\/wp-content\/uploads\/2022\/07\/local-chat-apps-1024x683.jpeg"}],"author":"Gateway","twitter_card":"summary_large_image","twitter_misc":{"Estimeret l\u00e6setid":"3 minutter"},"schema":{"@context":"https:\/\/schema.org","@graph":[{"@type":"WebSite","@id":"http:\/\/thisisnotagateway.net\/#website","url":"http:\/\/thisisnotagateway.net\/","name":"Anmeldelser af Gateway","description":"Parforhold &amp; Dating Blog","potentialAction":[{"@type":"SearchAction","target":{"@type":"EntryPoint","urlTemplate":"http:\/\/thisisnotagateway.net\/?s={search_term_string}"},"query-input":"required name=search_term_string"}],"inLanguage":"da-DK"},{"@type":"ImageObject","inLanguage":"da-DK","@id":"https:\/\/thisisnotagateway.net\/da\/populaere-tilslutningsapps-der-fungerer-til-sex\/#primaryimage","url":"https:\/\/thisisnotagateway.net\/wp-content\/uploads\/2022\/07\/local-chat-apps.jpeg","contentUrl":"https:\/\/thisisnotagateway.net\/wp-content\/uploads\/2022\/07\/local-chat-apps.jpeg","width":2250,"height":1500},{"@type":"WebPage","@id":"https:\/\/thisisnotagateway.net\/da\/populaere-tilslutningsapps-der-fungerer-til-sex\/#webpage","url":"https:\/\/thisisnotagateway.net\/da\/populaere-tilslutningsapps-der-fungerer-til-sex\/","name":"Popul\u00e6re tilslutningsapps, der fungerer til sex - Anmeldelser af Gateway","isPartOf":{"@id":"http:\/\/thisisnotagateway.net\/#website"},"primaryImageOfPage":{"@id":"https:\/\/thisisnotagateway.net\/da\/populaere-tilslutningsapps-der-fungerer-til-sex\/#primaryimage"},"datePublished":"2022-07-03T14:00:39+00:00","dateModified":"2022-07-03T14:00:39+00:00","breadcrumb":{"@id":"https:\/\/thisisnotagateway.net\/da\/populaere-tilslutningsapps-der-fungerer-til-sex\/#breadcrumb"},"inLanguage":"da-DK","potentialAction":[{"@type":"ReadAction","target":["https:\/\/thisisnotagateway.net\/da\/populaere-tilslutningsapps-der-fungerer-til-sex\/"]}]},{"@type":"BreadcrumbList","@id":"https:\/\/thisisnotagateway.net\/da\/populaere-tilslutningsapps-der-fungerer-til-sex\/#breadcrumb","itemListElement":[{"@type":"ListItem","position":1,"name":"Hjem","item":"http:\/\/thisisnotagateway.net\/da\/"},{"@type":"ListItem","position":2,"name":"Popul\u00e6re tilslutningsapps, der fungerer til sex"}]}]}},"_links":{"self":[{"href":"https:\/\/thisisnotagateway.net\/da\/wp-json\/wp\/v2\/pages\/181"}],"collection":[{"href":"https:\/\/thisisnotagateway.net\/da\/wp-json\/wp\/v2\/pages"}],"about":[{"href":"https:\/\/thisisnotagateway.net\/da\/wp-json\/wp\/v2\/types\/page"}],"author":[{"embeddable":true,"href":"https:\/\/thisisnotagateway.net\/da\/wp-json\/wp\/v2\/users\/1"}],"replies":[{"embeddable":true,"href":"https:\/\/thisisnotagateway.net\/da\/wp-json\/wp\/v2\/comments?post=181"}],"version-history":[{"count":0,"href":"https:\/\/thisisnotagateway.net\/da\/wp-json\/wp\/v2\/pages\/181\/revisions"}],"wp:attachment":[{"href":"https:\/\/thisisnotagateway.net\/da\/wp-json\/wp\/v2\/media?parent=181"}],"curies":[{"name":"wp","href":"https:\/\/api.w.org\/{rel}","templated":true}]}}