{"id":202,"date":"2022-07-03T14:34:30","date_gmt":"2022-07-03T13:34:30","guid":{"rendered":"http:\/\/thisisnotagateway.net\/fungerer-afhentningslinjer-faktisk\/"},"modified":"2022-07-03T15:23:26","modified_gmt":"2022-07-03T14:23:26","slug":"fungerer-afhentningslinjer-faktisk","status":"publish","type":"page","link":"https:\/\/thisisnotagateway.net\/da\/fungerer-afhentningslinjer-faktisk\/","title":{"rendered":"Fungerer afhentningslinjer faktisk?"},"content":{"rendered":"\n<p>Pickup linjer er en fantastisk m\u00e5de at afhente kvinder p\u00e5. De er enkle, direkte og effektive. Men de fleste fyre er ikke s\u00e6rlig gode til dem. S\u00e5 her er nogle tips, der kan hj\u00e6lpe dig med at forbedre dit spil.<\/p>\n\n<p>F\u00f8rst skal du \u00f8ve dig. \u00d8velse g\u00f8r mester. Pick up linjer er en f\u00e6rdighed, ligesom golf eller tennis. Jo mere du \u00f8ver dig, jo bedre bliver du. For det andet, v\u00e6r selvsikker. Tillid er sexet. Kvinder reagerer p\u00e5 tillid. Og n\u00e5r du er selvsikker, er du mere attraktiv. For det tredje, brug humor. Humor fungerer godt, fordi den nedbryder barrierer mellem m\u00e6nd og kvinder. Plus, kvinder synes, det er sjovt.<\/p>\n\n<p>Til sidst skal du holde det kort. Spild ikke din tid p\u00e5 at fors\u00f8ge at imponere hende med lange historier. Hold det kort og s\u00f8dt. Brug disse tre tips til at forbedre dine afhentningslinjef\u00e6rdigheder. S\u00e5 g\u00e5 derud og hent nogle kyllinger!<\/p>\n\n<figure class=\"wp-block-image size-large\"><img loading=\"lazy\" width=\"1024\" height=\"683\" src=\"http:\/\/thisisnotagateway.net&#013;&#010;\/wp-content\/uploads\/2022\/07\/why-dating-apps-work-1024x683.jpeg\" alt=\"\" class=\"wp-image-61\" srcset=\"https:\/\/thisisnotagateway.net\/wp-content\/uploads\/2022\/07\/why-dating-apps-work-1024x683.jpeg 1024w, https:\/\/thisisnotagateway.net\/wp-content\/uploads\/2022\/07\/why-dating-apps-work-300x200.jpeg 300w, https:\/\/thisisnotagateway.net\/wp-content\/uploads\/2022\/07\/why-dating-apps-work-768x512.jpeg 768w, https:\/\/thisisnotagateway.net\/wp-content\/uploads\/2022\/07\/why-dating-apps-work-1536x1024.jpeg 1536w, https:\/\/thisisnotagateway.net\/wp-content\/uploads\/2022\/07\/why-dating-apps-work-2048x1365.jpeg 2048w\" sizes=\"(max-width: 1024px) 100vw, 1024px\" \/><\/figure>\n\n<h2>S\u00e5dan begynder du at bruge disse p\u00e5 piger<\/h2>\n\n<p>Hvis du nogensinde har <a href=\"https:\/\/thisisnotagateway.net\/types-of-dating-apps\/\">v\u00e6ret p\u00e5 en date<\/a>, ved du, at de fleste fyre bruger en eller anden version af disse linjer. Og hvis du nogensinde har v\u00e6ret i den modtagende ende af en afhentningslinje, ved du, at de sj\u00e6ldent fungerer.<\/p>\n\n<p>Det skyldes, at afhentningslinjer er baseret p\u00e5 en falsk foruds\u00e6tning. Antagelsen er, at kvinder leder efter m\u00e6nd, der er desperate nok til at sige ting som: &#8220;Hej skat, vil du g\u00e5 ud i aften?&#8221;<\/p>\n\n<p>Men det er bare ikke sandt. Kvinder leder ikke efter desperate m\u00e6nd. De leder efter selvsikre m\u00e6nd, der er komfortable nok til at v\u00e6re sig selv.<\/p>\n\n<p>Og her er kickeren: De fleste kvinder er slukket af pickup-linjer. S\u00e5 hvis du vil pr\u00f8ve at hente piger, skal du stoppe med at t\u00e6nke som en fyr og begynde at t\u00e6nke som en kvinde.<\/p>\n\n<p>I stedet for at fors\u00f8ge at fremst\u00e5 som desperat, b\u00f8r du v\u00e6re selvsikker og tilg\u00e6ngelig. I stedet for at t\u00e6nke som en fyr, skal du t\u00e6nke som en pige.<\/p>\n","protected":false},"excerpt":{"rendered":"<p>Pickup linjer er en fantastisk m\u00e5de at afhente kvinder p\u00e5. De er enkle, direkte og effektive. Men de fleste fyre er ikke s\u00e6rlig gode til dem. S\u00e5 her er nogle tips, der kan hj\u00e6lpe dig med at forbedre dit spil. F\u00f8rst skal du \u00f8ve dig. \u00d8velse g\u00f8r mester. Pick up linjer er en f\u00e6rdighed, ligesom golf eller tennis. Jo mere du \u00f8ver dig, jo bedre bliver du. For det andet, v\u00e6r selvsikker. Tillid er sexet. Kvinder reagerer p\u00e5 tillid. Og&#8230;<\/p>\n<p class=\"read-more\"><a class=\"btn btn-default\" href=\"https:\/\/thisisnotagateway.net\/da\/fungerer-afhentningslinjer-faktisk\/\"> Read More<span class=\"screen-reader-text\">  Read More<\/span><\/a><\/p>\n","protected":false},"author":1,"featured_media":0,"parent":0,"menu_order":0,"comment_status":"closed","ping_status":"closed","template":"","meta":[],"yoast_head":"<!-- This site is optimized with the Yoast SEO plugin v19.2 - https:\/\/yoast.com\/wordpress\/plugins\/seo\/ -->\n<title>Fungerer afhentningslinjer faktisk? - Anmeldelser af Gateway<\/title>\n<meta name=\"robots\" content=\"index, follow, max-snippet:-1, max-image-preview:large, max-video-preview:-1\" \/>\n<link rel=\"canonical\" href=\"https:\/\/thisisnotagateway.net\/da\/fungerer-afhentningslinjer-faktisk\/\" \/>\n<meta property=\"og:locale\" content=\"da_DK\" \/>\n<meta property=\"og:type\" content=\"article\" \/>\n<meta property=\"og:title\" content=\"Fungerer afhentningslinjer faktisk? - Anmeldelser af Gateway\" \/>\n<meta property=\"og:description\" content=\"Pickup linjer er en fantastisk m\u00e5de at afhente kvinder p\u00e5. De er enkle, direkte og effektive. Men de fleste fyre er ikke s\u00e6rlig gode til dem. S\u00e5 her er nogle tips, der kan hj\u00e6lpe dig med at forbedre dit spil. F\u00f8rst skal du \u00f8ve dig. \u00d8velse g\u00f8r mester. Pick up linjer er en f\u00e6rdighed, ligesom golf eller tennis. Jo mere du \u00f8ver dig, jo bedre bliver du. For det andet, v\u00e6r selvsikker. Tillid er sexet. Kvinder reagerer p\u00e5 tillid. Og... Read More Read More\" \/>\n<meta property=\"og:url\" content=\"https:\/\/thisisnotagateway.net\/da\/fungerer-afhentningslinjer-faktisk\/\" \/>\n<meta property=\"og:site_name\" content=\"Anmeldelser af Gateway\" \/>\n<meta property=\"article:modified_time\" content=\"2022-07-03T14:23:26+00:00\" \/>\n<meta name=\"author\" content=\"Gateway\" \/>\n<meta name=\"twitter:card\" content=\"summary_large_image\" \/>\n<meta name=\"twitter:label1\" content=\"Estimeret l\u00e6setid\" \/>\n\t<meta name=\"twitter:data1\" content=\"2 minutter\" \/>\n<script type=\"application\/ld+json\" class=\"yoast-schema-graph\">{\"@context\":\"https:\/\/schema.org\",\"@graph\":[{\"@type\":\"WebSite\",\"@id\":\"http:\/\/thisisnotagateway.net\/#website\",\"url\":\"http:\/\/thisisnotagateway.net\/\",\"name\":\"Anmeldelser af Gateway\",\"description\":\"Parforhold &amp; Dating Blog\",\"potentialAction\":[{\"@type\":\"SearchAction\",\"target\":{\"@type\":\"EntryPoint\",\"urlTemplate\":\"http:\/\/thisisnotagateway.net\/?s={search_term_string}\"},\"query-input\":\"required name=search_term_string\"}],\"inLanguage\":\"da-DK\"},{\"@type\":\"WebPage\",\"@id\":\"https:\/\/thisisnotagateway.net\/da\/fungerer-afhentningslinjer-faktisk\/#webpage\",\"url\":\"https:\/\/thisisnotagateway.net\/da\/fungerer-afhentningslinjer-faktisk\/\",\"name\":\"Fungerer afhentningslinjer faktisk? - Anmeldelser af Gateway\",\"isPartOf\":{\"@id\":\"http:\/\/thisisnotagateway.net\/#website\"},\"datePublished\":\"2022-07-03T13:34:30+00:00\",\"dateModified\":\"2022-07-03T14:23:26+00:00\",\"breadcrumb\":{\"@id\":\"https:\/\/thisisnotagateway.net\/da\/fungerer-afhentningslinjer-faktisk\/#breadcrumb\"},\"inLanguage\":\"da-DK\",\"potentialAction\":[{\"@type\":\"ReadAction\",\"target\":[\"https:\/\/thisisnotagateway.net\/da\/fungerer-afhentningslinjer-faktisk\/\"]}]},{\"@type\":\"BreadcrumbList\",\"@id\":\"https:\/\/thisisnotagateway.net\/da\/fungerer-afhentningslinjer-faktisk\/#breadcrumb\",\"itemListElement\":[{\"@type\":\"ListItem\",\"position\":1,\"name\":\"Hjem\",\"item\":\"http:\/\/thisisnotagateway.net\/da\/\"},{\"@type\":\"ListItem\",\"position\":2,\"name\":\"Fungerer afhentningslinjer faktisk?\"}]}]}<\/script>\n<!-- \/ Yoast SEO plugin. -->","yoast_head_json":{"title":"Fungerer afhentningslinjer faktisk? - Anmeldelser af Gateway","robots":{"index":"index","follow":"follow","max-snippet":"max-snippet:-1","max-image-preview":"max-image-preview:large","max-video-preview":"max-video-preview:-1"},"canonical":"https:\/\/thisisnotagateway.net\/da\/fungerer-afhentningslinjer-faktisk\/","og_locale":"da_DK","og_type":"article","og_title":"Fungerer afhentningslinjer faktisk? - Anmeldelser af Gateway","og_description":"Pickup linjer er en fantastisk m\u00e5de at afhente kvinder p\u00e5. De er enkle, direkte og effektive. Men de fleste fyre er ikke s\u00e6rlig gode til dem. S\u00e5 her er nogle tips, der kan hj\u00e6lpe dig med at forbedre dit spil. F\u00f8rst skal du \u00f8ve dig. \u00d8velse g\u00f8r mester. Pick up linjer er en f\u00e6rdighed, ligesom golf eller tennis. Jo mere du \u00f8ver dig, jo bedre bliver du. For det andet, v\u00e6r selvsikker. Tillid er sexet. Kvinder reagerer p\u00e5 tillid. Og... Read More Read More","og_url":"https:\/\/thisisnotagateway.net\/da\/fungerer-afhentningslinjer-faktisk\/","og_site_name":"Anmeldelser af Gateway","article_modified_time":"2022-07-03T14:23:26+00:00","author":"Gateway","twitter_card":"summary_large_image","twitter_misc":{"Estimeret l\u00e6setid":"2 minutter"},"schema":{"@context":"https:\/\/schema.org","@graph":[{"@type":"WebSite","@id":"http:\/\/thisisnotagateway.net\/#website","url":"http:\/\/thisisnotagateway.net\/","name":"Anmeldelser af Gateway","description":"Parforhold &amp; Dating Blog","potentialAction":[{"@type":"SearchAction","target":{"@type":"EntryPoint","urlTemplate":"http:\/\/thisisnotagateway.net\/?s={search_term_string}"},"query-input":"required name=search_term_string"}],"inLanguage":"da-DK"},{"@type":"WebPage","@id":"https:\/\/thisisnotagateway.net\/da\/fungerer-afhentningslinjer-faktisk\/#webpage","url":"https:\/\/thisisnotagateway.net\/da\/fungerer-afhentningslinjer-faktisk\/","name":"Fungerer afhentningslinjer faktisk? - Anmeldelser af Gateway","isPartOf":{"@id":"http:\/\/thisisnotagateway.net\/#website"},"datePublished":"2022-07-03T13:34:30+00:00","dateModified":"2022-07-03T14:23:26+00:00","breadcrumb":{"@id":"https:\/\/thisisnotagateway.net\/da\/fungerer-afhentningslinjer-faktisk\/#breadcrumb"},"inLanguage":"da-DK","potentialAction":[{"@type":"ReadAction","target":["https:\/\/thisisnotagateway.net\/da\/fungerer-afhentningslinjer-faktisk\/"]}]},{"@type":"BreadcrumbList","@id":"https:\/\/thisisnotagateway.net\/da\/fungerer-afhentningslinjer-faktisk\/#breadcrumb","itemListElement":[{"@type":"ListItem","position":1,"name":"Hjem","item":"http:\/\/thisisnotagateway.net\/da\/"},{"@type":"ListItem","position":2,"name":"Fungerer afhentningslinjer faktisk?"}]}]}},"_links":{"self":[{"href":"https:\/\/thisisnotagateway.net\/da\/wp-json\/wp\/v2\/pages\/202"}],"collection":[{"href":"https:\/\/thisisnotagateway.net\/da\/wp-json\/wp\/v2\/pages"}],"about":[{"href":"https:\/\/thisisnotagateway.net\/da\/wp-json\/wp\/v2\/types\/page"}],"author":[{"embeddable":true,"href":"https:\/\/thisisnotagateway.net\/da\/wp-json\/wp\/v2\/users\/1"}],"replies":[{"embeddable":true,"href":"https:\/\/thisisnotagateway.net\/da\/wp-json\/wp\/v2\/comments?post=202"}],"version-history":[{"count":2,"href":"https:\/\/thisisnotagateway.net\/da\/wp-json\/wp\/v2\/pages\/202\/revisions"}],"predecessor-version":[{"id":250,"href":"https:\/\/thisisnotagateway.net\/da\/wp-json\/wp\/v2\/pages\/202\/revisions\/250"}],"wp:attachment":[{"href":"https:\/\/thisisnotagateway.net\/da\/wp-json\/wp\/v2\/media?parent=202"}],"curies":[{"name":"wp","href":"https:\/\/api.w.org\/{rel}","templated":true}]}}