{"id":220,"date":"2022-07-03T14:56:03","date_gmt":"2022-07-03T13:56:03","guid":{"rendered":"http:\/\/thisisnotagateway.net\/craigslist-kontakt-oplysninger\/"},"modified":"2022-07-03T14:56:03","modified_gmt":"2022-07-03T13:56:03","slug":"craigslist-kontakt-oplysninger","status":"publish","type":"page","link":"https:\/\/thisisnotagateway.net\/da\/craigslist-kontakt-oplysninger\/","title":{"rendered":"Craigslist Kontakt-oplysninger"},"content":{"rendered":"<p>Leder du efter en nem m\u00e5de at m\u00f8de nogen speciel p\u00e5? F\u00f8ler du, at du mangler noget i dit liv? M\u00e5ske har du bare brug for lidt sjov og sp\u00e6nding i dit k\u00e6rlighedsliv. Online datingtjenester kan virke som en god id\u00e9 i starten, men ikke alle ved, hvad de virkelig indeb\u00e6rer.<\/p>\n<p>Der er mange forskellige typer af online dating sites derude, der hver is\u00e6r henvender sig til en bestemt type forhold.<\/p>\n<p>Nogle websteder henvender sig til langsigtede relationer, mens andre <a href=\"http:\/\/thisisnotagateway.net\/da\/find-et-match\/\">fokuserer p\u00e5 kortsigtede flings<\/a>. En ting er dog sikkert &#8211; hvis du leder efter et seri\u00f8st forhold, skal du sandsynligvis tilmelde dig et websted, der specifikt henvender sig til dette form\u00e5l.<\/p>\n<p><img loading=\"lazy\" class=\"aligncenter size-full wp-image-107\" src=\"http:\/\/thisisnotagateway.net\/wp-content\/uploads\/2022\/07\/craigslist-personals-sites-min.jpg\" alt=\"\" width=\"700\" height=\"330\" srcset=\"https:\/\/thisisnotagateway.net\/wp-content\/uploads\/2022\/07\/craigslist-personals-sites-min.jpg 700w, https:\/\/thisisnotagateway.net\/wp-content\/uploads\/2022\/07\/craigslist-personals-sites-min-300x141.jpg 300w, https:\/\/thisisnotagateway.net\/wp-content\/uploads\/2022\/07\/craigslist-personals-sites-min-573x270.jpg 573w\" sizes=\"(max-width: 700px) 100vw, 700px\" \/><\/p>\n<h2>Hvad er alternativerne til personlige rubrikannoncer<\/h2>\n<p>Efter lukningen af Craigslist Personals har mange mennesker mistet h\u00e5bet om at finde k\u00e6rligheden online. Der er masser af andre datingwebsteder tilg\u00e6ngelige, men at have mange muligheder kan v\u00e6re overv\u00e6ldende. Vi besluttede at tage os tid og friheden til at skabe en komplet guide til de bedste Craigslist Personales-\u00e6kvivalenter, som du ogs\u00e5 kan ty til, n\u00e5r du leder efter afslappede datingoplevelser, tilslutninger og alt derimellem.<\/p>\n<p>Craigslist Personals var et online rubrikannonsite, der blev startet tilbage i 1995. Det havde en enorm brugerbase og var en af de f\u00f8rste tjenester, der giver brugerne mulighed for at sende annoncer gratis. Brugere kan liste ting som m\u00f8bler, biler, job, k\u00e6ledyr, fast ejendom osv. Det var meget vellykket, indtil det lukkede ned i 2018. Nu er der mange andre websteder til r\u00e5dighed for at hj\u00e6lpe brugerne med at finde en dato eller tilslutning. <a href=\"http:\/\/thisisnotagateway.net\/da\/find-et-forhold-med-lethed\/\">Websteder som Tinder<\/a>, Bumble, OkCupid, PlentyOfFish, Match og andre tilbyder lignende funktioner som Craigslist Personals, men de er ikke n\u00e6r s\u00e5 store.<\/p>\n<p>Craigslist er et rubrikannonswebsted, der giver brugerne mulighed for at sende varer til salg eller leje. Mens mange mennesker bruger det til at s\u00e6lge deres gamle ting, bruger andre det til at m\u00f8de mennesker. Der er dog nogle ulemper ved at bruge Craigslist. For eksempel, hvis du leder efter afslappet sex, er Craigslist muligvis ikke det bedste sted at g\u00e5. Derudover tillader Craigslist ikke brugere at s\u00f8ge efter bestemte typer partnere. Hvis du leder efter noget seri\u00f8st, skal du kigge andre steder.<\/p>\n<p>Hvis du er i afslappede tilslutninger med gifte mennesker, er AshleyMadison det bedste sted at g\u00e5. Det er en datingside, hvor gifte og folk i engagerede forhold kan m\u00f8des til diskrete aff\u00e6rer. Selvom der er masser af andre datingsider derude til samme form\u00e5l, st\u00e5r folk, der leder efter afslappede datoer og tilslutninger, ofte over for stigmatisering, n\u00e5r de pr\u00f8ver at date med gifte og engagerede partnere. Heldigvis \u00e6ndrede Ashley Madison fuldst\u00e6ndigt alt det. Nu, hvis du leder efter afslappede datoer og sex med gifte mennesker, vil du aldrig l\u00f8be ind i problemer igen.<\/p>\n","protected":false},"excerpt":{"rendered":"<p>Leder du efter en nem m\u00e5de at m\u00f8de nogen speciel p\u00e5? F\u00f8ler du, at du mangler noget i dit liv? M\u00e5ske har du bare brug for lidt sjov og sp\u00e6nding i dit k\u00e6rlighedsliv. Online datingtjenester kan virke som en god id\u00e9 i starten, men ikke alle ved, hvad de virkelig indeb\u00e6rer. Der er mange forskellige typer af online dating sites derude, der hver is\u00e6r henvender sig til en bestemt type forhold. Nogle websteder henvender sig til langsigtede relationer, mens andre&#8230;<\/p>\n<p class=\"read-more\"><a class=\"btn btn-default\" href=\"https:\/\/thisisnotagateway.net\/da\/craigslist-kontakt-oplysninger\/\"> Read More<span class=\"screen-reader-text\">  Read More<\/span><\/a><\/p>\n","protected":false},"author":1,"featured_media":0,"parent":0,"menu_order":0,"comment_status":"closed","ping_status":"closed","template":"","meta":[],"yoast_head":"<!-- This site is optimized with the Yoast SEO plugin v19.2 - https:\/\/yoast.com\/wordpress\/plugins\/seo\/ -->\n<title>Craigslist Kontakt-oplysninger - Anmeldelser af Gateway<\/title>\n<meta name=\"robots\" content=\"index, follow, max-snippet:-1, max-image-preview:large, max-video-preview:-1\" \/>\n<link rel=\"canonical\" href=\"https:\/\/thisisnotagateway.net\/da\/craigslist-kontakt-oplysninger\/\" \/>\n<meta property=\"og:locale\" content=\"da_DK\" \/>\n<meta property=\"og:type\" content=\"article\" \/>\n<meta property=\"og:title\" content=\"Craigslist Kontakt-oplysninger - Anmeldelser af Gateway\" \/>\n<meta property=\"og:description\" content=\"Leder du efter en nem m\u00e5de at m\u00f8de nogen speciel p\u00e5? F\u00f8ler du, at du mangler noget i dit liv? M\u00e5ske har du bare brug for lidt sjov og sp\u00e6nding i dit k\u00e6rlighedsliv. Online datingtjenester kan virke som en god id\u00e9 i starten, men ikke alle ved, hvad de virkelig indeb\u00e6rer. Der er mange forskellige typer af online dating sites derude, der hver is\u00e6r henvender sig til en bestemt type forhold. Nogle websteder henvender sig til langsigtede relationer, mens andre... Read More Read More\" \/>\n<meta property=\"og:url\" content=\"https:\/\/thisisnotagateway.net\/da\/craigslist-kontakt-oplysninger\/\" \/>\n<meta property=\"og:site_name\" content=\"Anmeldelser af Gateway\" \/>\n<meta property=\"og:image\" content=\"http:\/\/thisisnotagateway.net\/wp-content\/uploads\/2022\/07\/craigslist-personals-sites-min.jpg\" \/>\n<meta name=\"author\" content=\"Gateway\" \/>\n<meta name=\"twitter:card\" content=\"summary_large_image\" \/>\n<meta name=\"twitter:label1\" content=\"Estimeret l\u00e6setid\" \/>\n\t<meta name=\"twitter:data1\" content=\"2 minutter\" \/>\n<script type=\"application\/ld+json\" class=\"yoast-schema-graph\">{\"@context\":\"https:\/\/schema.org\",\"@graph\":[{\"@type\":\"WebSite\",\"@id\":\"http:\/\/thisisnotagateway.net\/#website\",\"url\":\"http:\/\/thisisnotagateway.net\/\",\"name\":\"Anmeldelser af Gateway\",\"description\":\"Parforhold &amp; Dating Blog\",\"potentialAction\":[{\"@type\":\"SearchAction\",\"target\":{\"@type\":\"EntryPoint\",\"urlTemplate\":\"http:\/\/thisisnotagateway.net\/?s={search_term_string}\"},\"query-input\":\"required name=search_term_string\"}],\"inLanguage\":\"da-DK\"},{\"@type\":\"ImageObject\",\"inLanguage\":\"da-DK\",\"@id\":\"https:\/\/thisisnotagateway.net\/da\/craigslist-kontakt-oplysninger\/#primaryimage\",\"url\":\"https:\/\/thisisnotagateway.net\/wp-content\/uploads\/2022\/07\/craigslist-personals-sites-min.jpg\",\"contentUrl\":\"https:\/\/thisisnotagateway.net\/wp-content\/uploads\/2022\/07\/craigslist-personals-sites-min.jpg\",\"width\":700,\"height\":330},{\"@type\":\"WebPage\",\"@id\":\"https:\/\/thisisnotagateway.net\/da\/craigslist-kontakt-oplysninger\/#webpage\",\"url\":\"https:\/\/thisisnotagateway.net\/da\/craigslist-kontakt-oplysninger\/\",\"name\":\"Craigslist Kontakt-oplysninger - Anmeldelser af Gateway\",\"isPartOf\":{\"@id\":\"http:\/\/thisisnotagateway.net\/#website\"},\"primaryImageOfPage\":{\"@id\":\"https:\/\/thisisnotagateway.net\/da\/craigslist-kontakt-oplysninger\/#primaryimage\"},\"datePublished\":\"2022-07-03T13:56:03+00:00\",\"dateModified\":\"2022-07-03T13:56:03+00:00\",\"breadcrumb\":{\"@id\":\"https:\/\/thisisnotagateway.net\/da\/craigslist-kontakt-oplysninger\/#breadcrumb\"},\"inLanguage\":\"da-DK\",\"potentialAction\":[{\"@type\":\"ReadAction\",\"target\":[\"https:\/\/thisisnotagateway.net\/da\/craigslist-kontakt-oplysninger\/\"]}]},{\"@type\":\"BreadcrumbList\",\"@id\":\"https:\/\/thisisnotagateway.net\/da\/craigslist-kontakt-oplysninger\/#breadcrumb\",\"itemListElement\":[{\"@type\":\"ListItem\",\"position\":1,\"name\":\"Hjem\",\"item\":\"http:\/\/thisisnotagateway.net\/da\/\"},{\"@type\":\"ListItem\",\"position\":2,\"name\":\"Craigslist Kontakt-oplysninger\"}]}]}<\/script>\n<!-- \/ Yoast SEO plugin. -->","yoast_head_json":{"title":"Craigslist Kontakt-oplysninger - Anmeldelser af Gateway","robots":{"index":"index","follow":"follow","max-snippet":"max-snippet:-1","max-image-preview":"max-image-preview:large","max-video-preview":"max-video-preview:-1"},"canonical":"https:\/\/thisisnotagateway.net\/da\/craigslist-kontakt-oplysninger\/","og_locale":"da_DK","og_type":"article","og_title":"Craigslist Kontakt-oplysninger - Anmeldelser af Gateway","og_description":"Leder du efter en nem m\u00e5de at m\u00f8de nogen speciel p\u00e5? F\u00f8ler du, at du mangler noget i dit liv? M\u00e5ske har du bare brug for lidt sjov og sp\u00e6nding i dit k\u00e6rlighedsliv. Online datingtjenester kan virke som en god id\u00e9 i starten, men ikke alle ved, hvad de virkelig indeb\u00e6rer. Der er mange forskellige typer af online dating sites derude, der hver is\u00e6r henvender sig til en bestemt type forhold. Nogle websteder henvender sig til langsigtede relationer, mens andre... Read More Read More","og_url":"https:\/\/thisisnotagateway.net\/da\/craigslist-kontakt-oplysninger\/","og_site_name":"Anmeldelser af Gateway","og_image":[{"url":"http:\/\/thisisnotagateway.net\/wp-content\/uploads\/2022\/07\/craigslist-personals-sites-min.jpg"}],"author":"Gateway","twitter_card":"summary_large_image","twitter_misc":{"Estimeret l\u00e6setid":"2 minutter"},"schema":{"@context":"https:\/\/schema.org","@graph":[{"@type":"WebSite","@id":"http:\/\/thisisnotagateway.net\/#website","url":"http:\/\/thisisnotagateway.net\/","name":"Anmeldelser af Gateway","description":"Parforhold &amp; Dating Blog","potentialAction":[{"@type":"SearchAction","target":{"@type":"EntryPoint","urlTemplate":"http:\/\/thisisnotagateway.net\/?s={search_term_string}"},"query-input":"required name=search_term_string"}],"inLanguage":"da-DK"},{"@type":"ImageObject","inLanguage":"da-DK","@id":"https:\/\/thisisnotagateway.net\/da\/craigslist-kontakt-oplysninger\/#primaryimage","url":"https:\/\/thisisnotagateway.net\/wp-content\/uploads\/2022\/07\/craigslist-personals-sites-min.jpg","contentUrl":"https:\/\/thisisnotagateway.net\/wp-content\/uploads\/2022\/07\/craigslist-personals-sites-min.jpg","width":700,"height":330},{"@type":"WebPage","@id":"https:\/\/thisisnotagateway.net\/da\/craigslist-kontakt-oplysninger\/#webpage","url":"https:\/\/thisisnotagateway.net\/da\/craigslist-kontakt-oplysninger\/","name":"Craigslist Kontakt-oplysninger - Anmeldelser af Gateway","isPartOf":{"@id":"http:\/\/thisisnotagateway.net\/#website"},"primaryImageOfPage":{"@id":"https:\/\/thisisnotagateway.net\/da\/craigslist-kontakt-oplysninger\/#primaryimage"},"datePublished":"2022-07-03T13:56:03+00:00","dateModified":"2022-07-03T13:56:03+00:00","breadcrumb":{"@id":"https:\/\/thisisnotagateway.net\/da\/craigslist-kontakt-oplysninger\/#breadcrumb"},"inLanguage":"da-DK","potentialAction":[{"@type":"ReadAction","target":["https:\/\/thisisnotagateway.net\/da\/craigslist-kontakt-oplysninger\/"]}]},{"@type":"BreadcrumbList","@id":"https:\/\/thisisnotagateway.net\/da\/craigslist-kontakt-oplysninger\/#breadcrumb","itemListElement":[{"@type":"ListItem","position":1,"name":"Hjem","item":"http:\/\/thisisnotagateway.net\/da\/"},{"@type":"ListItem","position":2,"name":"Craigslist Kontakt-oplysninger"}]}]}},"_links":{"self":[{"href":"https:\/\/thisisnotagateway.net\/da\/wp-json\/wp\/v2\/pages\/220"}],"collection":[{"href":"https:\/\/thisisnotagateway.net\/da\/wp-json\/wp\/v2\/pages"}],"about":[{"href":"https:\/\/thisisnotagateway.net\/da\/wp-json\/wp\/v2\/types\/page"}],"author":[{"embeddable":true,"href":"https:\/\/thisisnotagateway.net\/da\/wp-json\/wp\/v2\/users\/1"}],"replies":[{"embeddable":true,"href":"https:\/\/thisisnotagateway.net\/da\/wp-json\/wp\/v2\/comments?post=220"}],"version-history":[{"count":0,"href":"https:\/\/thisisnotagateway.net\/da\/wp-json\/wp\/v2\/pages\/220\/revisions"}],"wp:attachment":[{"href":"https:\/\/thisisnotagateway.net\/da\/wp-json\/wp\/v2\/media?parent=220"}],"curies":[{"name":"wp","href":"https:\/\/api.w.org\/{rel}","templated":true}]}}