{"id":245,"date":"2022-07-03T14:33:27","date_gmt":"2022-07-03T13:33:27","guid":{"rendered":"http:\/\/thisisnotagateway.net\/typer-af-datingapps\/"},"modified":"2022-07-03T15:23:26","modified_gmt":"2022-07-03T14:23:26","slug":"typer-af-datingapps","status":"publish","type":"page","link":"https:\/\/thisisnotagateway.net\/da\/typer-af-datingapps\/","title":{"rendered":"Typer af datingapps"},"content":{"rendered":"\n<p>Online datingsider er gode steder at m\u00f8de kvinder, der leder efter m\u00e6nd ligesom dig. De er gratis, nemme at bruge og vigtigst af alt sikre.<\/p>\n\n<p>Der er mange forskellige typer af online dating hjemmesider, herunder dem, der fokuserer p\u00e5 specifikke interesser (f.eks. Kristne singler), aldersgrupper (f.eks. Seniorer), placering (f.eks. Milit\u00e6rt personale), etnicitet (f.eks. Asiatiske singler), religion (f.eks. J\u00f8diske singler) og seksuel orientering (f.eks. Homoseksuelle singler).<\/p>\n\n<figure class=\"wp-block-image size-large\"><img loading=\"lazy\" width=\"1024\" height=\"734\" src=\"http:\/\/thisisnotagateway.net&#013;&#010;\/wp-content\/uploads\/2022\/07\/casual-dating-online-apps-1024x734.jpeg\" alt=\"\" class=\"wp-image-59\" srcset=\"https:\/\/thisisnotagateway.net\/wp-content\/uploads\/2022\/07\/casual-dating-online-apps-1024x734.jpeg 1024w, https:\/\/thisisnotagateway.net\/wp-content\/uploads\/2022\/07\/casual-dating-online-apps-300x215.jpeg 300w, https:\/\/thisisnotagateway.net\/wp-content\/uploads\/2022\/07\/casual-dating-online-apps-768x550.jpeg 768w, https:\/\/thisisnotagateway.net\/wp-content\/uploads\/2022\/07\/casual-dating-online-apps-1536x1100.jpeg 1536w, https:\/\/thisisnotagateway.net\/wp-content\/uploads\/2022\/07\/casual-dating-online-apps-2048x1467.jpeg 2048w\" sizes=\"(max-width: 1024px) 100vw, 1024px\" \/><\/figure>\n\n<h2>Hvordan virker det?<\/h2>\n\n<p>Hvis du er interesseret i at m\u00f8de kvinder online, er der flere ting, du b\u00f8r overveje, f\u00f8r du tilmelder dig et websted. F\u00f8rst skal du v\u00e6re \u00e6rlig om dig selv. Lyv ikke om din alder, h\u00f8jde, v\u00e6gt, civilstand, religi\u00f8s overbevisning, politiske synspunkter, erhverv, indkomstniveau, hobbyer osv.<\/p>\n\n<p>For det andet skal du tage dig tid til at l\u00e6re om webstedets privatlivspolitik. Mange websteder giver brugerne mulighed for at s\u00f8ge efter medlemmer baseret p\u00e5 kriterier som k\u00f8n, alder, geografisk omr\u00e5de, forholdstype osv. Det betyder, at du ikke kun kan finde kampe baseret p\u00e5 dine egne pr\u00e6ferencer, men ogs\u00e5 baseret p\u00e5 andres pr\u00e6ferencer.<\/p>\n\n<p>For det tredje skal du gennemg\u00e5 webstedets brugeraftale. Nogle websteder kr\u00e6ver, at brugerne betaler et m\u00e5nedligt gebyr for at f\u00e5 adgang til visse funktioner, s\u00e5som beskeder eller e-mail til andre medlemmer. Andre begr\u00e6nser antallet af meddelelser, de sender pr. Dag eller uge.<\/p>\n\n<p>Endelig skal du ikke glemme at stille sp\u00f8rgsm\u00e5l, n\u00e5r du tilmelder dig et websted. Du vil vide, om webstedet giver dig mulighed for at kommunikere privat med andre medlemmer, hvilken slags oplysninger de indsamler fra deres medlemmer, og om de deler disse oplysninger med tredjeparter.<\/p>\n\n<h2>Introduktion<\/h2>\n\n<p>N\u00e5r du har tilmeldt dig et websted, kan du pr\u00f8ve at bruge det regelm\u00e6ssigt. S\u00f8rg for, at du f\u00e5r v\u00e6rdi ud af det ved at kommunikere med andre medlemmer, sende dem e-mails og l\u00e6se deres profiler.<\/p>\n\n<p>Du vil hurtigt opdage, at online dating kan v\u00e6re meget sjovt og en fantastisk m\u00e5de at m\u00f8de mennesker p\u00e5.<\/p>\n\n<p>Men v\u00e6r forsigtig, n\u00e5r du tilmelder dig disse websteder. Nogle websteder er gratis, andre koster penge, og nogle kr\u00e6ver et kreditkort. S\u00f8rg for, at du forst\u00e5r reglerne, f\u00f8r du tilmelder dig.<\/p>\n\n<p>Husk ogs\u00e5, at de fleste online datingsider kun giver dig mulighed for at se profiler af folk, der har betalt for medlemskab. S\u00e5 du kan ikke se nogen gratis medlemmers profiler.<\/p>\n","protected":false},"excerpt":{"rendered":"<p>Online datingsider er gode steder at m\u00f8de kvinder, der leder efter m\u00e6nd ligesom dig. De er gratis, nemme at bruge og vigtigst af alt sikre. Der er mange forskellige typer af online dating hjemmesider, herunder dem, der fokuserer p\u00e5 specifikke interesser (f.eks. Kristne singler), aldersgrupper (f.eks. Seniorer), placering (f.eks. Milit\u00e6rt personale), etnicitet (f.eks. Asiatiske singler), religion (f.eks. J\u00f8diske singler) og seksuel orientering (f.eks. Homoseksuelle singler). Hvordan virker det? Hvis du er interesseret i at m\u00f8de kvinder online, er der flere&#8230;<\/p>\n<p class=\"read-more\"><a class=\"btn btn-default\" href=\"https:\/\/thisisnotagateway.net\/da\/typer-af-datingapps\/\"> Read More<span class=\"screen-reader-text\">  Read More<\/span><\/a><\/p>\n","protected":false},"author":1,"featured_media":0,"parent":0,"menu_order":0,"comment_status":"closed","ping_status":"closed","template":"","meta":[],"yoast_head":"<!-- This site is optimized with the Yoast SEO plugin v19.2 - https:\/\/yoast.com\/wordpress\/plugins\/seo\/ -->\n<title>Typer af datingapps - Anmeldelser af Gateway<\/title>\n<meta name=\"robots\" content=\"index, follow, max-snippet:-1, max-image-preview:large, max-video-preview:-1\" \/>\n<link rel=\"canonical\" href=\"https:\/\/thisisnotagateway.net\/da\/typer-af-datingapps\/\" \/>\n<meta property=\"og:locale\" content=\"da_DK\" \/>\n<meta property=\"og:type\" content=\"article\" \/>\n<meta property=\"og:title\" content=\"Typer af datingapps - Anmeldelser af Gateway\" \/>\n<meta property=\"og:description\" content=\"Online datingsider er gode steder at m\u00f8de kvinder, der leder efter m\u00e6nd ligesom dig. De er gratis, nemme at bruge og vigtigst af alt sikre. Der er mange forskellige typer af online dating hjemmesider, herunder dem, der fokuserer p\u00e5 specifikke interesser (f.eks. Kristne singler), aldersgrupper (f.eks. Seniorer), placering (f.eks. Milit\u00e6rt personale), etnicitet (f.eks. Asiatiske singler), religion (f.eks. J\u00f8diske singler) og seksuel orientering (f.eks. Homoseksuelle singler). Hvordan virker det? Hvis du er interesseret i at m\u00f8de kvinder online, er der flere... Read More Read More\" \/>\n<meta property=\"og:url\" content=\"https:\/\/thisisnotagateway.net\/da\/typer-af-datingapps\/\" \/>\n<meta property=\"og:site_name\" content=\"Anmeldelser af Gateway\" \/>\n<meta property=\"article:modified_time\" content=\"2022-07-03T14:23:26+00:00\" \/>\n<meta name=\"author\" content=\"Gateway\" \/>\n<meta name=\"twitter:card\" content=\"summary_large_image\" \/>\n<meta name=\"twitter:label1\" content=\"Estimeret l\u00e6setid\" \/>\n\t<meta name=\"twitter:data1\" content=\"2 minutter\" \/>\n<script type=\"application\/ld+json\" class=\"yoast-schema-graph\">{\"@context\":\"https:\/\/schema.org\",\"@graph\":[{\"@type\":\"WebSite\",\"@id\":\"http:\/\/thisisnotagateway.net\/#website\",\"url\":\"http:\/\/thisisnotagateway.net\/\",\"name\":\"Anmeldelser af Gateway\",\"description\":\"Parforhold &amp; Dating Blog\",\"potentialAction\":[{\"@type\":\"SearchAction\",\"target\":{\"@type\":\"EntryPoint\",\"urlTemplate\":\"http:\/\/thisisnotagateway.net\/?s={search_term_string}\"},\"query-input\":\"required name=search_term_string\"}],\"inLanguage\":\"da-DK\"},{\"@type\":\"WebPage\",\"@id\":\"https:\/\/thisisnotagateway.net\/da\/typer-af-datingapps\/#webpage\",\"url\":\"https:\/\/thisisnotagateway.net\/da\/typer-af-datingapps\/\",\"name\":\"Typer af datingapps - Anmeldelser af Gateway\",\"isPartOf\":{\"@id\":\"http:\/\/thisisnotagateway.net\/#website\"},\"datePublished\":\"2022-07-03T13:33:27+00:00\",\"dateModified\":\"2022-07-03T14:23:26+00:00\",\"breadcrumb\":{\"@id\":\"https:\/\/thisisnotagateway.net\/da\/typer-af-datingapps\/#breadcrumb\"},\"inLanguage\":\"da-DK\",\"potentialAction\":[{\"@type\":\"ReadAction\",\"target\":[\"https:\/\/thisisnotagateway.net\/da\/typer-af-datingapps\/\"]}]},{\"@type\":\"BreadcrumbList\",\"@id\":\"https:\/\/thisisnotagateway.net\/da\/typer-af-datingapps\/#breadcrumb\",\"itemListElement\":[{\"@type\":\"ListItem\",\"position\":1,\"name\":\"Hjem\",\"item\":\"http:\/\/thisisnotagateway.net\/da\/\"},{\"@type\":\"ListItem\",\"position\":2,\"name\":\"Typer af datingapps\"}]}]}<\/script>\n<!-- \/ Yoast SEO plugin. -->","yoast_head_json":{"title":"Typer af datingapps - Anmeldelser af Gateway","robots":{"index":"index","follow":"follow","max-snippet":"max-snippet:-1","max-image-preview":"max-image-preview:large","max-video-preview":"max-video-preview:-1"},"canonical":"https:\/\/thisisnotagateway.net\/da\/typer-af-datingapps\/","og_locale":"da_DK","og_type":"article","og_title":"Typer af datingapps - Anmeldelser af Gateway","og_description":"Online datingsider er gode steder at m\u00f8de kvinder, der leder efter m\u00e6nd ligesom dig. De er gratis, nemme at bruge og vigtigst af alt sikre. Der er mange forskellige typer af online dating hjemmesider, herunder dem, der fokuserer p\u00e5 specifikke interesser (f.eks. Kristne singler), aldersgrupper (f.eks. Seniorer), placering (f.eks. Milit\u00e6rt personale), etnicitet (f.eks. Asiatiske singler), religion (f.eks. J\u00f8diske singler) og seksuel orientering (f.eks. Homoseksuelle singler). Hvordan virker det? Hvis du er interesseret i at m\u00f8de kvinder online, er der flere... Read More Read More","og_url":"https:\/\/thisisnotagateway.net\/da\/typer-af-datingapps\/","og_site_name":"Anmeldelser af Gateway","article_modified_time":"2022-07-03T14:23:26+00:00","author":"Gateway","twitter_card":"summary_large_image","twitter_misc":{"Estimeret l\u00e6setid":"2 minutter"},"schema":{"@context":"https:\/\/schema.org","@graph":[{"@type":"WebSite","@id":"http:\/\/thisisnotagateway.net\/#website","url":"http:\/\/thisisnotagateway.net\/","name":"Anmeldelser af Gateway","description":"Parforhold &amp; Dating Blog","potentialAction":[{"@type":"SearchAction","target":{"@type":"EntryPoint","urlTemplate":"http:\/\/thisisnotagateway.net\/?s={search_term_string}"},"query-input":"required name=search_term_string"}],"inLanguage":"da-DK"},{"@type":"WebPage","@id":"https:\/\/thisisnotagateway.net\/da\/typer-af-datingapps\/#webpage","url":"https:\/\/thisisnotagateway.net\/da\/typer-af-datingapps\/","name":"Typer af datingapps - Anmeldelser af Gateway","isPartOf":{"@id":"http:\/\/thisisnotagateway.net\/#website"},"datePublished":"2022-07-03T13:33:27+00:00","dateModified":"2022-07-03T14:23:26+00:00","breadcrumb":{"@id":"https:\/\/thisisnotagateway.net\/da\/typer-af-datingapps\/#breadcrumb"},"inLanguage":"da-DK","potentialAction":[{"@type":"ReadAction","target":["https:\/\/thisisnotagateway.net\/da\/typer-af-datingapps\/"]}]},{"@type":"BreadcrumbList","@id":"https:\/\/thisisnotagateway.net\/da\/typer-af-datingapps\/#breadcrumb","itemListElement":[{"@type":"ListItem","position":1,"name":"Hjem","item":"http:\/\/thisisnotagateway.net\/da\/"},{"@type":"ListItem","position":2,"name":"Typer af datingapps"}]}]}},"_links":{"self":[{"href":"https:\/\/thisisnotagateway.net\/da\/wp-json\/wp\/v2\/pages\/245"}],"collection":[{"href":"https:\/\/thisisnotagateway.net\/da\/wp-json\/wp\/v2\/pages"}],"about":[{"href":"https:\/\/thisisnotagateway.net\/da\/wp-json\/wp\/v2\/types\/page"}],"author":[{"embeddable":true,"href":"https:\/\/thisisnotagateway.net\/da\/wp-json\/wp\/v2\/users\/1"}],"replies":[{"embeddable":true,"href":"https:\/\/thisisnotagateway.net\/da\/wp-json\/wp\/v2\/comments?post=245"}],"version-history":[{"count":2,"href":"https:\/\/thisisnotagateway.net\/da\/wp-json\/wp\/v2\/pages\/245\/revisions"}],"predecessor-version":[{"id":256,"href":"https:\/\/thisisnotagateway.net\/da\/wp-json\/wp\/v2\/pages\/245\/revisions\/256"}],"wp:attachment":[{"href":"https:\/\/thisisnotagateway.net\/da\/wp-json\/wp\/v2\/media?parent=245"}],"curies":[{"name":"wp","href":"https:\/\/api.w.org\/{rel}","templated":true}]}}