{"id":264,"date":"2022-07-03T13:31:58","date_gmt":"2022-07-03T12:31:58","guid":{"rendered":"http:\/\/thisisnotagateway.net\/gateway-den-eneste-datingblog-du-har-brug-for\/"},"modified":"2022-07-03T15:23:27","modified_gmt":"2022-07-03T14:23:27","slug":"gateway-den-eneste-datingblog-du-har-brug-for","status":"publish","type":"page","link":"https:\/\/thisisnotagateway.net\/da\/","title":{"rendered":"Gateway: Den eneste datingblog, du har brug for!"},"content":{"rendered":"\n<h2>Find en ny partner<\/h2>\n\n<p>Hvis du er single, har du meget k\u00f8rende for dig. Du er ung, attraktiv, smart, sjov, og du har et godt job. Men der er ingen grund til at n\u00f8jes med en hvilken som helst fyr. Find i stedet en mand, der deler dine interesser, v\u00e6rdier og m\u00e5l.<\/p>\n\n<p>Det betyder at finde en mand, der kan lide sport, l\u00e6se, rejse og have det sjovt. Og han b\u00f8r v\u00e6re villig til at dele sit liv med dig.<\/p>\n\n<p>Hvis du <a href=\"https:\/\/thisisnotagateway.net\/types-of-dating-apps\/\">leder efter en ny partner<\/a>, skal du v\u00e6re \u00e5ben for at m\u00f8de nye mennesker. Men du skal ogs\u00e5 v\u00e6re forsigtig med ikke at spilde for meget tid p\u00e5 nogen, der ikke passer til dig. Derfor er det vigtigt at m\u00f8de en masse mennesker. Jo flere mennesker du m\u00f8der, jo bedre er dine chancer for at finde en kompatibel partner. Men g\u00e5 ikke bare ud og m\u00f8d alle. Brug i stedet online datingsider til at finde folk, der deler lignende interesser, hobbyer og v\u00e6rdier. P\u00e5 denne m\u00e5de vil du v\u00e6re i stand til at indsn\u00e6vre din s\u00f8gning og eliminere alle, der ikke passer til dine kriterier.<\/p>\n\n<p>Online dating sites er gode, fordi de giver dig mulighed for at filtrere gennem tusindvis af profiler baseret p\u00e5 dine pr\u00e6ferencer. Plus, du kan nemt kommunikere med andre via e-mail, chat og telefonopkald. N\u00e5r du har fundet en person, du gerne vil date, skal du stille dem sp\u00f8rgsm\u00e5l om sig selv. Sp\u00f8rg blandt andet ind til deres familie, karriere, hobbyer og v\u00e6rdier.<\/p>\n\n<p>S\u00e5 n\u00e5r du f\u00f8ler dig godt tilpas nok, kan du komme videre med dit forhold. Online datingsider er gode steder at m\u00f8de singler, der deler lignende interesser. De er ogs\u00e5 gratis, hvilket g\u00f8r dem perfekte til begyndere.<\/p>\n<div class=\"wp-block-image\">\n<figure class=\"aligncenter size-large is-resized\"><img loading=\"lazy\" src=\"http:\/\/thisisnotagateway.net&#10;\/wp-content\/uploads\/2022\/07\/casual-dating-online-apps-1024x734.jpeg\" alt=\"\" class=\"wp-image-59\" width=\"541\" height=\"387\" srcset=\"https:\/\/thisisnotagateway.net\/wp-content\/uploads\/2022\/07\/casual-dating-online-apps-1024x734.jpeg 1024w, https:\/\/thisisnotagateway.net\/wp-content\/uploads\/2022\/07\/casual-dating-online-apps-300x215.jpeg 300w, https:\/\/thisisnotagateway.net\/wp-content\/uploads\/2022\/07\/casual-dating-online-apps-768x550.jpeg 768w, https:\/\/thisisnotagateway.net\/wp-content\/uploads\/2022\/07\/casual-dating-online-apps-1536x1100.jpeg 1536w, https:\/\/thisisnotagateway.net\/wp-content\/uploads\/2022\/07\/casual-dating-online-apps-2048x1467.jpeg 2048w\" sizes=\"(max-width: 541px) 100vw, 541px\" \/><\/figure><\/div>\n<p>Hvis du er seri\u00f8s med at finde k\u00e6rligheden, kan du pr\u00f8ve et websted, der tilbyder b\u00e5de gratis og betalte medlemskaber. Hvis du leder efter et forhold, er der mange m\u00e5der at m\u00f8de en ny partner p\u00e5. En m\u00e5de er gennem online dating hjemmesider. En anden er gennem venner, familie eller kolleger. Endnu en anden er gennem sociale mediesider som Facebook, Twitter, Instagram, LinkedIn osv. Online dating hjemmesider er gode, fordi de giver dig mulighed for at s\u00f8ge efter potentielle partnere baseret p\u00e5 kriterier, der betyder mest for dig. For eksempel kan du v\u00e6re p\u00e5 udkig efter et langsigtet forhold, en kortvarig fling eller bare en tilslutning.<\/p>\n\n<p>N\u00e5r du s\u00f8ger efter en partner, skal du huske p\u00e5, at du kun b\u00f8r bruge online dating hjemmesider, der im\u00f8dekommer specifikt dine behov. Ellers kan du ende med at spilde tid og penge p\u00e5 et d\u00e5rligt match.<\/p>\n\n<h2>Skal du starte online dating?<\/h2>\n\n<p>Hvis du leder efter k\u00e6rlighed, s\u00e5 skal du s\u00e6tte dig selv derude. Start med at deltage i online datingsider som Match.com, eHarmony, PlentyOfFish, Zoosk, OkCupid og Tinder. N\u00e5r du har fundet et websted, der fungerer for dig, skal du tilmelde dig og oprette en profil. Brug derefter din profil til at s\u00f8ge efter matches.<\/p>\n\n<p>N\u00e5r du finder et match, skal du sende dem en venlig e-mail, der introducerer dig selv og beder dem om kaffe eller drikkevarer. Hvis de siger ja, skal du tage dem ud til middag eller drinks. Sp\u00f8rg dem derefter ud igen. Gentag denne proces, indtil du finder nogen, der g\u00f8r dig glad.<\/p>\n\n<p>N\u00e5r du har fundet et match, skal du stille ham sp\u00f8rgsm\u00e5l om sig selv. sk om hans hobbyer, yndlingsfilm, b\u00f8ger, musik og steder, han gerne vil bes\u00f8ge. Fort\u00e6l ham derefter om dig selv. Fort\u00e6l ham om dine lidenskaber, dr\u00f8mme og m\u00e5l. Glem ikke at inkludere billeder af dig selv. Jo flere billeder du sender, jo bedre.<\/p>\n\n<p>Og husk, at de fleste fyre leder efter et langsigtet forhold, ikke en tilslutning. S\u00e5 hold tingene langsomme og stabile, indtil du finder den rigtige person. Online dating er gratis, men ikke n\u00f8dvendigvis nemt. Det kr\u00e6ver t\u00e5lmodighed, vedholdenhed og \u00f8velse at finde en kompatibel partner. Hvis du leder efter et langvarigt forhold, kan online dating v\u00e6re det rigtige for dig. Men hvis du bare vil m\u00f8de nogle venner, er online dating ikke vejen at g\u00e5.<\/p>\n\n<p>Der findes mange forskellige typer af online datingsider, hver med sine egne unikke egenskaber. Nogle websteder giver medlemmer mulighed for at chatte med andre, mens andre kun lader dem sende beskeder. Nogle websteder kr\u00e6ver, at medlemmer betaler m\u00e5nedlige gebyrer, mens andre tilbyder gratis medlemskab. Nogle websteder kr\u00e6ver, at medlemmerne udfylder detaljerede profiler, mens andre beder om meget lidt information. Nogle steder er strengt for voksne, mens andre henvender sig til teenagere.<\/p>\n<div class=\"wp-block-image\">\n<figure class=\"aligncenter size-large is-resized\"><img loading=\"lazy\" src=\"http:\/\/thisisnotagateway.net&#10;\/wp-content\/uploads\/2022\/07\/why-dating-apps-work-1024x683.jpeg\" alt=\"\" class=\"wp-image-61\" width=\"394\" height=\"262\" srcset=\"https:\/\/thisisnotagateway.net\/wp-content\/uploads\/2022\/07\/why-dating-apps-work-1024x683.jpeg 1024w, https:\/\/thisisnotagateway.net\/wp-content\/uploads\/2022\/07\/why-dating-apps-work-300x200.jpeg 300w, https:\/\/thisisnotagateway.net\/wp-content\/uploads\/2022\/07\/why-dating-apps-work-768x512.jpeg 768w, https:\/\/thisisnotagateway.net\/wp-content\/uploads\/2022\/07\/why-dating-apps-work-1536x1024.jpeg 1536w, https:\/\/thisisnotagateway.net\/wp-content\/uploads\/2022\/07\/why-dating-apps-work-2048x1365.jpeg 2048w\" sizes=\"(max-width: 394px) 100vw, 394px\" \/><\/figure><\/div>\n<p>N\u00e5r du sammenligner websteder, skal du overveje disse faktorer:<\/p>\n\n<h3>Koste<\/h3>\n\n<p>Nogle websteder tilbyder gratis medlemskab, mens andre kr\u00e6ver betalte medlemskaber. Gratis websites giver dig muligvis ikke mulighed for at s\u00f8ge efter matches baseret p\u00e5 specifikke kriterier, f.eks. alder, placering eller indkomstniveau. Betalte websteder inkluderer normalt disse muligheder.<\/p>\n\n<h3>Funktioner<\/h3>\n\n<p>Nogle websteder tillader kun brugere at se profiler, mens andre giver dig mulighed for at sende beskeder og chatte med andre medlemmer. Nogle websteder giver dig mulighed for at uploade fotos, mens andre begr\u00e6nser dig til at se fotos, der er uploadet af andre medlemmer.<\/p>\n\n<h3>Sikkerhed<\/h3>\n\n<p>Mange websteder bruger sikkerhedssp\u00f8rgsm\u00e5l til at bekr\u00e6fte din identitet, n\u00e5r du tilmelder dig. Andre beder dig om at indtaste personlige oplysninger, s\u00e5som din f\u00f8dselsdag, adresse og telefonnummer. S\u00f8rg for, at webstedet bruger sikre servere og krypteringsteknologi til at beskytte dine personlige oplysninger.<\/p>\n\n<h3>Brugeroplevelse<\/h3>\n\n<p>Nogle sider er prim\u00e6rt designet til afslappet dating, mens andre im\u00f8dekommer seri\u00f8se forhold. Se p\u00e5 medlemsanmeldelser og feedback for at afg\u00f8re, om webstedet henvender sig til folk, der leder efter langsigtede relationer eller bare tilslutninger.<\/p>\n\n<h3>Integration af sociale medier<\/h3>\n\n<p>Integrerer webstedet sociale netv\u00e6rksv\u00e6rkt\u00f8jer, s\u00e5som Facebook og Twitter, for at hj\u00e6lpe dig med at oprette forbindelse til andre medlemmer?<\/p>\n\n<h3>Mobil kompatibilitet<\/h3>\n\n<p>De fleste websteder fungerer godt p\u00e5 desktops, men nogle underst\u00f8tter ikke mobile enheder. Du kan dog stadig f\u00e5 adgang til de fleste websteder fra smartphones og tablets.<\/p>\n\n<h2>Hvad skal man g\u00f8re n\u00e6ste?<\/h2>\n\n<p>N\u00e5r du har indsn\u00e6vret din liste over <a href=\"https:\/\/thisisnotagateway.net\/do-pickup-lines-actually-work\/\">online datingsider<\/a>, skal du bes\u00f8ge hvert websted og notere dig deres fordele og ulemper. Beslut derefter, hvilket websted der passer bedst til dine behov. Hvis du er ny inden for online dating, kan du pr\u00f8ve at bruge et gratis websted i en m\u00e5ned eller to for at f\u00e5 en fornemmelse af, hvad der fungerer og ikke fungerer for dig. N\u00e5r du har fundet et websted, der passer til dine behov, skal du betale for et premiummedlemskab for at l\u00e5se op for yderligere funktioner. Du vil gerne holde \u00f8je med dit kreditkortopg\u00f8relse efter at have betalt for et premiummedlemskab. S\u00f8rg for at opsige ethvert tilbagevendende abonnement, hvis du ikke l\u00e6ngere har brug for det.<\/p>\n","protected":false},"excerpt":{"rendered":"<p>Find en ny partner Hvis du er single, har du meget k\u00f8rende for dig. Du er ung, attraktiv, smart, sjov, og du har et godt job. Men der er ingen grund til at n\u00f8jes med en hvilken som helst fyr. Find i stedet en mand, der deler dine interesser, v\u00e6rdier og m\u00e5l. Det betyder at finde en mand, der kan lide sport, l\u00e6se, rejse og have det sjovt. Og han b\u00f8r v\u00e6re villig til at dele sit liv med dig&#8230;.<\/p>\n<p class=\"read-more\"><a class=\"btn btn-default\" href=\"https:\/\/thisisnotagateway.net\/da\/\"> Read More<span class=\"screen-reader-text\">  Read More<\/span><\/a><\/p>\n","protected":false},"author":1,"featured_media":74,"parent":0,"menu_order":0,"comment_status":"closed","ping_status":"closed","template":"","meta":[],"yoast_head":"<!-- This site is optimized with the Yoast SEO plugin v19.2 - https:\/\/yoast.com\/wordpress\/plugins\/seo\/ -->\n<title>Gateway: Den eneste datingblog, du har brug for! - Anmeldelser af Gateway<\/title>\n<meta name=\"robots\" content=\"index, follow, max-snippet:-1, max-image-preview:large, max-video-preview:-1\" \/>\n<link rel=\"canonical\" href=\"https:\/\/thisisnotagateway.net\/da\/\" \/>\n<meta property=\"og:locale\" content=\"da_DK\" \/>\n<meta property=\"og:type\" content=\"article\" \/>\n<meta property=\"og:title\" content=\"Gateway: Den eneste datingblog, du har brug for! - Anmeldelser af Gateway\" \/>\n<meta property=\"og:description\" content=\"Find en ny partner Hvis du er single, har du meget k\u00f8rende for dig. Du er ung, attraktiv, smart, sjov, og du har et godt job. Men der er ingen grund til at n\u00f8jes med en hvilken som helst fyr. Find i stedet en mand, der deler dine interesser, v\u00e6rdier og m\u00e5l. Det betyder at finde en mand, der kan lide sport, l\u00e6se, rejse og have det sjovt. Og han b\u00f8r v\u00e6re villig til at dele sit liv med dig.... Read More Read More\" \/>\n<meta property=\"og:url\" content=\"https:\/\/thisisnotagateway.net\/da\/\" \/>\n<meta property=\"og:site_name\" content=\"Anmeldelser af Gateway\" \/>\n<meta property=\"article:modified_time\" content=\"2022-07-03T14:23:27+00:00\" \/>\n<meta property=\"og:image\" content=\"http:\/\/thisisnotagateway.net\/wp-content\/uploads\/2022\/07\/online-hooup-apps-our-advice.jpeg\" \/>\n\t<meta property=\"og:image:width\" content=\"1125\" \/>\n\t<meta property=\"og:image:height\" content=\"750\" \/>\n\t<meta property=\"og:image:type\" content=\"image\/jpeg\" \/>\n<meta name=\"author\" content=\"Gateway\" \/>\n<meta name=\"twitter:card\" content=\"summary_large_image\" \/>\n<meta name=\"twitter:label1\" content=\"Estimeret l\u00e6setid\" \/>\n\t<meta name=\"twitter:data1\" content=\"6 minutter\" \/>\n<script type=\"application\/ld+json\" class=\"yoast-schema-graph\">{\"@context\":\"https:\/\/schema.org\",\"@graph\":[{\"@type\":\"WebSite\",\"@id\":\"http:\/\/thisisnotagateway.net\/#website\",\"url\":\"http:\/\/thisisnotagateway.net\/\",\"name\":\"Anmeldelser af Gateway\",\"description\":\"Parforhold &amp; Dating Blog\",\"potentialAction\":[{\"@type\":\"SearchAction\",\"target\":{\"@type\":\"EntryPoint\",\"urlTemplate\":\"http:\/\/thisisnotagateway.net\/?s={search_term_string}\"},\"query-input\":\"required name=search_term_string\"}],\"inLanguage\":\"da-DK\"},{\"@type\":\"ImageObject\",\"inLanguage\":\"da-DK\",\"@id\":\"https:\/\/thisisnotagateway.net\/da\/#primaryimage\",\"url\":\"https:\/\/thisisnotagateway.net\/wp-content\/uploads\/2022\/07\/online-hooup-apps-our-advice.jpeg\",\"contentUrl\":\"https:\/\/thisisnotagateway.net\/wp-content\/uploads\/2022\/07\/online-hooup-apps-our-advice.jpeg\",\"width\":1125,\"height\":750},{\"@type\":\"WebPage\",\"@id\":\"https:\/\/thisisnotagateway.net\/da\/#webpage\",\"url\":\"https:\/\/thisisnotagateway.net\/da\/\",\"name\":\"Gateway: Den eneste datingblog, du har brug for! - Anmeldelser af Gateway\",\"isPartOf\":{\"@id\":\"http:\/\/thisisnotagateway.net\/#website\"},\"primaryImageOfPage\":{\"@id\":\"https:\/\/thisisnotagateway.net\/da\/#primaryimage\"},\"datePublished\":\"2022-07-03T12:31:58+00:00\",\"dateModified\":\"2022-07-03T14:23:27+00:00\",\"breadcrumb\":{\"@id\":\"https:\/\/thisisnotagateway.net\/da\/#breadcrumb\"},\"inLanguage\":\"da-DK\",\"potentialAction\":[{\"@type\":\"ReadAction\",\"target\":[\"https:\/\/thisisnotagateway.net\/da\/\"]}]},{\"@type\":\"BreadcrumbList\",\"@id\":\"https:\/\/thisisnotagateway.net\/da\/#breadcrumb\",\"itemListElement\":[{\"@type\":\"ListItem\",\"position\":1,\"name\":\"Hjem\",\"item\":\"http:\/\/thisisnotagateway.net\/da\/\"},{\"@type\":\"ListItem\",\"position\":2,\"name\":\"Gateway: Den eneste datingblog, du har brug for!\"}]}]}<\/script>\n<!-- \/ Yoast SEO plugin. -->","yoast_head_json":{"title":"Gateway: Den eneste datingblog, du har brug for! - Anmeldelser af Gateway","robots":{"index":"index","follow":"follow","max-snippet":"max-snippet:-1","max-image-preview":"max-image-preview:large","max-video-preview":"max-video-preview:-1"},"canonical":"https:\/\/thisisnotagateway.net\/da\/","og_locale":"da_DK","og_type":"article","og_title":"Gateway: Den eneste datingblog, du har brug for! - Anmeldelser af Gateway","og_description":"Find en ny partner Hvis du er single, har du meget k\u00f8rende for dig. Du er ung, attraktiv, smart, sjov, og du har et godt job. Men der er ingen grund til at n\u00f8jes med en hvilken som helst fyr. Find i stedet en mand, der deler dine interesser, v\u00e6rdier og m\u00e5l. Det betyder at finde en mand, der kan lide sport, l\u00e6se, rejse og have det sjovt. Og han b\u00f8r v\u00e6re villig til at dele sit liv med dig.... Read More Read More","og_url":"https:\/\/thisisnotagateway.net\/da\/","og_site_name":"Anmeldelser af Gateway","article_modified_time":"2022-07-03T14:23:27+00:00","og_image":[{"width":1125,"height":750,"url":"http:\/\/thisisnotagateway.net\/wp-content\/uploads\/2022\/07\/online-hooup-apps-our-advice.jpeg","type":"image\/jpeg"}],"author":"Gateway","twitter_card":"summary_large_image","twitter_misc":{"Estimeret l\u00e6setid":"6 minutter"},"schema":{"@context":"https:\/\/schema.org","@graph":[{"@type":"WebSite","@id":"http:\/\/thisisnotagateway.net\/#website","url":"http:\/\/thisisnotagateway.net\/","name":"Anmeldelser af Gateway","description":"Parforhold &amp; Dating Blog","potentialAction":[{"@type":"SearchAction","target":{"@type":"EntryPoint","urlTemplate":"http:\/\/thisisnotagateway.net\/?s={search_term_string}"},"query-input":"required name=search_term_string"}],"inLanguage":"da-DK"},{"@type":"ImageObject","inLanguage":"da-DK","@id":"https:\/\/thisisnotagateway.net\/da\/#primaryimage","url":"https:\/\/thisisnotagateway.net\/wp-content\/uploads\/2022\/07\/online-hooup-apps-our-advice.jpeg","contentUrl":"https:\/\/thisisnotagateway.net\/wp-content\/uploads\/2022\/07\/online-hooup-apps-our-advice.jpeg","width":1125,"height":750},{"@type":"WebPage","@id":"https:\/\/thisisnotagateway.net\/da\/#webpage","url":"https:\/\/thisisnotagateway.net\/da\/","name":"Gateway: Den eneste datingblog, du har brug for! - Anmeldelser af Gateway","isPartOf":{"@id":"http:\/\/thisisnotagateway.net\/#website"},"primaryImageOfPage":{"@id":"https:\/\/thisisnotagateway.net\/da\/#primaryimage"},"datePublished":"2022-07-03T12:31:58+00:00","dateModified":"2022-07-03T14:23:27+00:00","breadcrumb":{"@id":"https:\/\/thisisnotagateway.net\/da\/#breadcrumb"},"inLanguage":"da-DK","potentialAction":[{"@type":"ReadAction","target":["https:\/\/thisisnotagateway.net\/da\/"]}]},{"@type":"BreadcrumbList","@id":"https:\/\/thisisnotagateway.net\/da\/#breadcrumb","itemListElement":[{"@type":"ListItem","position":1,"name":"Hjem","item":"http:\/\/thisisnotagateway.net\/da\/"},{"@type":"ListItem","position":2,"name":"Gateway: Den eneste datingblog, du har brug for!"}]}]}},"_links":{"self":[{"href":"https:\/\/thisisnotagateway.net\/da\/wp-json\/wp\/v2\/pages\/264"}],"collection":[{"href":"https:\/\/thisisnotagateway.net\/da\/wp-json\/wp\/v2\/pages"}],"about":[{"href":"https:\/\/thisisnotagateway.net\/da\/wp-json\/wp\/v2\/types\/page"}],"author":[{"embeddable":true,"href":"https:\/\/thisisnotagateway.net\/da\/wp-json\/wp\/v2\/users\/1"}],"replies":[{"embeddable":true,"href":"https:\/\/thisisnotagateway.net\/da\/wp-json\/wp\/v2\/comments?post=264"}],"version-history":[{"count":1,"href":"https:\/\/thisisnotagateway.net\/da\/wp-json\/wp\/v2\/pages\/264\/revisions"}],"predecessor-version":[{"id":268,"href":"https:\/\/thisisnotagateway.net\/da\/wp-json\/wp\/v2\/pages\/264\/revisions\/268"}],"wp:featuredmedia":[{"embeddable":true,"href":"https:\/\/thisisnotagateway.net\/da\/wp-json\/wp\/v2\/media\/74"}],"wp:attachment":[{"href":"https:\/\/thisisnotagateway.net\/da\/wp-json\/wp\/v2\/media?parent=264"}],"curies":[{"name":"wp","href":"https:\/\/api.w.org\/{rel}","templated":true}]}}