{"id":144,"date":"2022-07-03T15:10:07","date_gmt":"2022-07-03T14:10:07","guid":{"rendered":"http:\/\/thisisnotagateway.net\/finden-sie-ein-match\/"},"modified":"2022-07-20T17:53:55","modified_gmt":"2022-07-20T16:53:55","slug":"finden-sie-ein-match","status":"publish","type":"page","link":"https:\/\/thisisnotagateway.net\/de\/finden-sie-ein-match\/","title":{"rendered":"Finden Sie ein Match?"},"content":{"rendered":"<p>Hookups sind lustige, zuf\u00e4llige Begegnungen zwischen zwei Menschen, die nicht unbedingt an etwas Ernstem interessiert sind. Es ist einfach, jemanden durch Verbindungen zu treffen, und wenn Sie offen daf\u00fcr sind, neue Dinge auszuprobieren, k\u00f6nnte dies zu einer langfristigen Beziehung f\u00fchren.<\/p>\n<p>Sie werden oft als Sprungbrett zu ernsthafteren Beziehungen verwendet. Hookups sind beliebt <a href=\"https:\/\/www.local-fuck.net\/de\/adult-sexseiten\/\">beste sexseiten<\/a> bei Singles, die nach schnellem Sex suchen, Paaren, die nach einem Seitensprung suchen, und \u00e4lteren Erwachsenen, die nach Gesellschaft suchen.<\/p>\n<p><img loading=\"lazy\" class=\"aligncenter size-large wp-image-111\" src=\"http:\/\/thisisnotagateway.net\/wp-content\/uploads\/2022\/07\/chat-apps-1024x660.jpg\" alt=\"\" width=\"640\" height=\"413\" srcset=\"https:\/\/thisisnotagateway.net\/wp-content\/uploads\/2022\/07\/chat-apps-1024x660.jpg 1024w, https:\/\/thisisnotagateway.net\/wp-content\/uploads\/2022\/07\/chat-apps-300x193.jpg 300w, https:\/\/thisisnotagateway.net\/wp-content\/uploads\/2022\/07\/chat-apps-768x495.jpg 768w, https:\/\/thisisnotagateway.net\/wp-content\/uploads\/2022\/07\/chat-apps-1536x990.jpg 1536w, https:\/\/thisisnotagateway.net\/wp-content\/uploads\/2022\/07\/chat-apps-2048x1320.jpg 2048w, https:\/\/thisisnotagateway.net\/wp-content\/uploads\/2022\/07\/chat-apps-419x270.jpg 419w\" sizes=\"(max-width: 640px) 100vw, 640px\" \/><\/p>\n<h2>Wie Sie Online-Dating nutzen k\u00f6nnen, um eine \u00dcbereinstimmung zu finden<\/h2>\n<p>Sobald Sie <a href=\"http:\/\/thisisnotagateway.net\/de\/beliebte-hookup-apps-die-fuer-sex-funktionieren\/\">eine \u00dcbereinstimmung gefunden<\/a> haben, k\u00f6nnen Sie online chatten oder Nachrichten \u00fcber die App senden. Mit einigen Apps k\u00f6nnen Sie ein Datum festlegen, w\u00e4hrend Sie in anderen nur Kontaktinformationen austauschen k\u00f6nnen. Wenn Sie sich f\u00fcr eine Dating-App entscheiden, achten Sie darauf, nicht zu viele pers\u00f6nliche Informationen preiszugeben. Dazu geh\u00f6ren Dinge wie Ihr vollst\u00e4ndiger Name, Ihre Adresse, Telefonnummer, E-Mail-Adresse und Social-Media-Profile. Beachten Sie auch, dass einige Dating-Apps Sie m\u00f6glicherweise auffordern, eine monatliche Abonnementgeb\u00fchr zu zahlen. Wenn Sie also planen, eine Dating-App regelm\u00e4\u00dfig zu nutzen, sollten Sie sich f\u00fcr eine kostenpflichtige Mitgliedschaft anmelden.<\/p>\n<p>Wenn Sie einen lokalen Anschlussplatz finden, der Ihren Bed\u00fcrfnissen entspricht, sollten Sie sich entsprechend kleiden. Tragen Sie keine zu freiz\u00fcgige Kleidung, denn Sie wissen nie, wann Sie jemandem begegnen, den Sie kennen. Vermeiden Sie es auch, teuren Schmuck zu tragen, da Sie es sich sp\u00e4ter m\u00f6glicherweise nicht leisten k\u00f6nnen. Wenn Sie jemanden zum ersten Mal an einem lokalen Treffpunkt treffen, stellen Sie ihm einige Fragen. Fragen Sie nach Alter, Geschlecht, sexueller Orientierung, Beziehungsstatus und anderen Informationen, die Sie ben\u00f6tigen, um festzustellen, ob diese Person f\u00fcr Sie geeignet ist.<\/p>\n<p>Vergiss nicht, Fotos von dir selbst und der Person zu machen, die du triffst. Auf diese Weise haben Sie Beweise f\u00fcr Ihre Begegnung, falls die Dinge nach S\u00fcden gehen. Sobald Sie jemanden gefunden haben, mit dem Sie sich verbinden m\u00f6chten, senden Sie ihm eine Nachricht. Sagen Sie ihnen, wo Sie sich befinden, und <a href=\"http:\/\/www.jerkoffforme.com\/de\/kostenlose-porno-chat-seiten\/\">sex chat seiten<\/a> fragen Sie, ob sie daran interessiert sind, sich zu treffen.<\/p>\n<p>Wenn sie ja sagen, vereinbaren Sie eine Zeit und einen Ort, um sich zu treffen. Erwarten Sie jedoch nicht zu viel. Beim Gelegenheitssex geht es haupts\u00e4chlich darum, auszusteigen, nicht darum, eine dauerhafte Beziehung aufzubauen. Und denken Sie daran, Gelegenheitssex ist nicht jedermanns Sache. Sei vorsichtig und werde nicht verletzt.<\/p>\n<p>Hookups sind zuf\u00e4llige Begegnungen zwischen zwei Fremden, die sich online treffen. Es handelt sich in der Regel um kurzfristige Beziehungen, in denen es keine Verpflichtung oder emotionale Bindung gibt. Sie sind gro\u00dfartig, weil sie schnell, kostenlos und leicht zu finden sind. Aber sie sind nicht jedermanns Sache. Hookups und <a href=\"http:\/\/www.singles-in-my-area.com\/de\/kostenlose-lokale-sexting-sites\/\">sexting website<\/a> sind nichts f\u00fcr Leute, die nach langfristigen Beziehungen oder Ehen suchen.<\/p>\n<h3>Wenn Sie weitere Beratung ben\u00f6tigen<\/h3>\n<p>Unser gr\u00f6\u00dftes Kapital sind unsere Nutzer. Wir h\u00f6ren genau zu, was Sie alle zu sagen haben, und bem\u00fchen uns st\u00e4ndig, Ihre Bed\u00fcrfnisse an der Spitze unserer Entwicklungsbem\u00fchungen zu halten. Ihr helft uns, die Zukunft unserer Website zu gestalten, und wir wissen sie wirklich zu sch\u00e4tzen! Hier sind einige Tipps f\u00fcr diejenigen, die neu in der Szene sind. Wenn du Fragen zu irgendetwas hast, das mit der <a href=\"http:\/\/thisisnotagateway.net\/de\/finden-sie-eine-beziehung-mit-leichtigkeit\/\">Suche nach einem Fickbuddy zu tun<\/a> hat, frage einfach und wir werden sie schnell beantworten.<\/p>\n","protected":false},"excerpt":{"rendered":"<p>Hookups sind lustige, zuf\u00e4llige Begegnungen zwischen zwei Menschen, die nicht unbedingt an etwas Ernstem interessiert sind. Es ist einfach, jemanden durch Verbindungen zu treffen, und wenn Sie offen daf\u00fcr sind, neue Dinge auszuprobieren, k\u00f6nnte dies zu einer langfristigen Beziehung f\u00fchren. Sie werden oft als Sprungbrett zu ernsthafteren Beziehungen verwendet. Hookups sind beliebt beste sexseiten bei Singles, die nach schnellem Sex suchen, Paaren, die nach einem Seitensprung suchen, und \u00e4lteren Erwachsenen, die nach Gesellschaft suchen. Wie Sie Online-Dating nutzen k\u00f6nnen, um&#8230;<\/p>\n<p class=\"read-more\"><a class=\"btn btn-default\" href=\"https:\/\/thisisnotagateway.net\/de\/finden-sie-ein-match\/\">Weiterlesen<span class=\"screen-reader-text\"> Weiterlesen<\/span><\/a><\/p>\n","protected":false},"author":1,"featured_media":0,"parent":0,"menu_order":0,"comment_status":"closed","ping_status":"closed","template":"","meta":[],"yoast_head":"<!-- This site is optimized with the Yoast SEO plugin v19.2 - https:\/\/yoast.com\/wordpress\/plugins\/seo\/ -->\n<title>Finden Sie ein Match? - Gateway Bewertungen<\/title>\n<meta name=\"robots\" content=\"index, follow, max-snippet:-1, max-image-preview:large, max-video-preview:-1\" \/>\n<link rel=\"canonical\" href=\"https:\/\/thisisnotagateway.net\/de\/finden-sie-ein-match\/\" \/>\n<meta property=\"og:locale\" content=\"de_DE\" \/>\n<meta property=\"og:type\" content=\"article\" \/>\n<meta property=\"og:title\" content=\"Finden Sie ein Match? - Gateway Bewertungen\" \/>\n<meta property=\"og:description\" content=\"Hookups sind lustige, zuf\u00e4llige Begegnungen zwischen zwei Menschen, die nicht unbedingt an etwas Ernstem interessiert sind. Es ist einfach, jemanden durch Verbindungen zu treffen, und wenn Sie offen daf\u00fcr sind, neue Dinge auszuprobieren, k\u00f6nnte dies zu einer langfristigen Beziehung f\u00fchren. Sie werden oft als Sprungbrett zu ernsthafteren Beziehungen verwendet. Hookups sind beliebt beste sexseiten bei Singles, die nach schnellem Sex suchen, Paaren, die nach einem Seitensprung suchen, und \u00e4lteren Erwachsenen, die nach Gesellschaft suchen. Wie Sie Online-Dating nutzen k\u00f6nnen, um...Weiterlesen Weiterlesen\" \/>\n<meta property=\"og:url\" content=\"https:\/\/thisisnotagateway.net\/de\/finden-sie-ein-match\/\" \/>\n<meta property=\"og:site_name\" content=\"Gateway Bewertungen\" \/>\n<meta property=\"article:modified_time\" content=\"2022-07-20T16:53:55+00:00\" \/>\n<meta property=\"og:image\" content=\"http:\/\/thisisnotagateway.net\/wp-content\/uploads\/2022\/07\/chat-apps-1024x660.jpg\" \/>\n<meta name=\"author\" content=\"Gateway\" \/>\n<meta name=\"twitter:card\" content=\"summary_large_image\" \/>\n<meta name=\"twitter:label1\" content=\"Gesch\u00e4tzte Lesezeit\" \/>\n\t<meta name=\"twitter:data1\" content=\"3\u00a0Minuten\" \/>\n<script type=\"application\/ld+json\" class=\"yoast-schema-graph\">{\"@context\":\"https:\/\/schema.org\",\"@graph\":[{\"@type\":\"WebSite\",\"@id\":\"http:\/\/thisisnotagateway.net\/#website\",\"url\":\"http:\/\/thisisnotagateway.net\/\",\"name\":\"Gateway Bewertungen\",\"description\":\"Beziehung &amp; Dating Blog\",\"potentialAction\":[{\"@type\":\"SearchAction\",\"target\":{\"@type\":\"EntryPoint\",\"urlTemplate\":\"http:\/\/thisisnotagateway.net\/?s={search_term_string}\"},\"query-input\":\"required name=search_term_string\"}],\"inLanguage\":\"de\"},{\"@type\":\"ImageObject\",\"inLanguage\":\"de\",\"@id\":\"https:\/\/thisisnotagateway.net\/de\/finden-sie-ein-match\/#primaryimage\",\"url\":\"https:\/\/thisisnotagateway.net\/wp-content\/uploads\/2022\/07\/chat-apps.jpg\",\"contentUrl\":\"https:\/\/thisisnotagateway.net\/wp-content\/uploads\/2022\/07\/chat-apps.jpg\",\"width\":2327,\"height\":1500},{\"@type\":\"WebPage\",\"@id\":\"https:\/\/thisisnotagateway.net\/de\/finden-sie-ein-match\/#webpage\",\"url\":\"https:\/\/thisisnotagateway.net\/de\/finden-sie-ein-match\/\",\"name\":\"Finden Sie ein Match? - Gateway Bewertungen\",\"isPartOf\":{\"@id\":\"http:\/\/thisisnotagateway.net\/#website\"},\"primaryImageOfPage\":{\"@id\":\"https:\/\/thisisnotagateway.net\/de\/finden-sie-ein-match\/#primaryimage\"},\"datePublished\":\"2022-07-03T14:10:07+00:00\",\"dateModified\":\"2022-07-20T16:53:55+00:00\",\"breadcrumb\":{\"@id\":\"https:\/\/thisisnotagateway.net\/de\/finden-sie-ein-match\/#breadcrumb\"},\"inLanguage\":\"de\",\"potentialAction\":[{\"@type\":\"ReadAction\",\"target\":[\"https:\/\/thisisnotagateway.net\/de\/finden-sie-ein-match\/\"]}]},{\"@type\":\"BreadcrumbList\",\"@id\":\"https:\/\/thisisnotagateway.net\/de\/finden-sie-ein-match\/#breadcrumb\",\"itemListElement\":[{\"@type\":\"ListItem\",\"position\":1,\"name\":\"Heim\",\"item\":\"http:\/\/thisisnotagateway.net\/de\/\"},{\"@type\":\"ListItem\",\"position\":2,\"name\":\"Finden Sie ein Match?\"}]}]}<\/script>\n<!-- \/ Yoast SEO plugin. -->","yoast_head_json":{"title":"Finden Sie ein Match? - Gateway Bewertungen","robots":{"index":"index","follow":"follow","max-snippet":"max-snippet:-1","max-image-preview":"max-image-preview:large","max-video-preview":"max-video-preview:-1"},"canonical":"https:\/\/thisisnotagateway.net\/de\/finden-sie-ein-match\/","og_locale":"de_DE","og_type":"article","og_title":"Finden Sie ein Match? - Gateway Bewertungen","og_description":"Hookups sind lustige, zuf\u00e4llige Begegnungen zwischen zwei Menschen, die nicht unbedingt an etwas Ernstem interessiert sind. Es ist einfach, jemanden durch Verbindungen zu treffen, und wenn Sie offen daf\u00fcr sind, neue Dinge auszuprobieren, k\u00f6nnte dies zu einer langfristigen Beziehung f\u00fchren. Sie werden oft als Sprungbrett zu ernsthafteren Beziehungen verwendet. Hookups sind beliebt beste sexseiten bei Singles, die nach schnellem Sex suchen, Paaren, die nach einem Seitensprung suchen, und \u00e4lteren Erwachsenen, die nach Gesellschaft suchen. Wie Sie Online-Dating nutzen k\u00f6nnen, um...Weiterlesen Weiterlesen","og_url":"https:\/\/thisisnotagateway.net\/de\/finden-sie-ein-match\/","og_site_name":"Gateway Bewertungen","article_modified_time":"2022-07-20T16:53:55+00:00","og_image":[{"url":"http:\/\/thisisnotagateway.net\/wp-content\/uploads\/2022\/07\/chat-apps-1024x660.jpg"}],"author":"Gateway","twitter_card":"summary_large_image","twitter_misc":{"Gesch\u00e4tzte Lesezeit":"3\u00a0Minuten"},"schema":{"@context":"https:\/\/schema.org","@graph":[{"@type":"WebSite","@id":"http:\/\/thisisnotagateway.net\/#website","url":"http:\/\/thisisnotagateway.net\/","name":"Gateway Bewertungen","description":"Beziehung &amp; Dating Blog","potentialAction":[{"@type":"SearchAction","target":{"@type":"EntryPoint","urlTemplate":"http:\/\/thisisnotagateway.net\/?s={search_term_string}"},"query-input":"required name=search_term_string"}],"inLanguage":"de"},{"@type":"ImageObject","inLanguage":"de","@id":"https:\/\/thisisnotagateway.net\/de\/finden-sie-ein-match\/#primaryimage","url":"https:\/\/thisisnotagateway.net\/wp-content\/uploads\/2022\/07\/chat-apps.jpg","contentUrl":"https:\/\/thisisnotagateway.net\/wp-content\/uploads\/2022\/07\/chat-apps.jpg","width":2327,"height":1500},{"@type":"WebPage","@id":"https:\/\/thisisnotagateway.net\/de\/finden-sie-ein-match\/#webpage","url":"https:\/\/thisisnotagateway.net\/de\/finden-sie-ein-match\/","name":"Finden Sie ein Match? - Gateway Bewertungen","isPartOf":{"@id":"http:\/\/thisisnotagateway.net\/#website"},"primaryImageOfPage":{"@id":"https:\/\/thisisnotagateway.net\/de\/finden-sie-ein-match\/#primaryimage"},"datePublished":"2022-07-03T14:10:07+00:00","dateModified":"2022-07-20T16:53:55+00:00","breadcrumb":{"@id":"https:\/\/thisisnotagateway.net\/de\/finden-sie-ein-match\/#breadcrumb"},"inLanguage":"de","potentialAction":[{"@type":"ReadAction","target":["https:\/\/thisisnotagateway.net\/de\/finden-sie-ein-match\/"]}]},{"@type":"BreadcrumbList","@id":"https:\/\/thisisnotagateway.net\/de\/finden-sie-ein-match\/#breadcrumb","itemListElement":[{"@type":"ListItem","position":1,"name":"Heim","item":"http:\/\/thisisnotagateway.net\/de\/"},{"@type":"ListItem","position":2,"name":"Finden Sie ein Match?"}]}]}},"_links":{"self":[{"href":"https:\/\/thisisnotagateway.net\/de\/wp-json\/wp\/v2\/pages\/144"}],"collection":[{"href":"https:\/\/thisisnotagateway.net\/de\/wp-json\/wp\/v2\/pages"}],"about":[{"href":"https:\/\/thisisnotagateway.net\/de\/wp-json\/wp\/v2\/types\/page"}],"author":[{"embeddable":true,"href":"https:\/\/thisisnotagateway.net\/de\/wp-json\/wp\/v2\/users\/1"}],"replies":[{"embeddable":true,"href":"https:\/\/thisisnotagateway.net\/de\/wp-json\/wp\/v2\/comments?post=144"}],"version-history":[{"count":2,"href":"https:\/\/thisisnotagateway.net\/de\/wp-json\/wp\/v2\/pages\/144\/revisions"}],"predecessor-version":[{"id":385,"href":"https:\/\/thisisnotagateway.net\/de\/wp-json\/wp\/v2\/pages\/144\/revisions\/385"}],"wp:attachment":[{"href":"https:\/\/thisisnotagateway.net\/de\/wp-json\/wp\/v2\/media?parent=144"}],"curies":[{"name":"wp","href":"https:\/\/api.w.org\/{rel}","templated":true}]}}