{"id":194,"date":"2022-07-03T15:00:39","date_gmt":"2022-07-03T14:00:39","guid":{"rendered":"http:\/\/thisisnotagateway.net\/beliebte-hookup-apps-die-fuer-sex-funktionieren\/"},"modified":"2022-07-03T15:00:39","modified_gmt":"2022-07-03T14:00:39","slug":"beliebte-hookup-apps-die-fuer-sex-funktionieren","status":"publish","type":"page","link":"https:\/\/thisisnotagateway.net\/de\/beliebte-hookup-apps-die-fuer-sex-funktionieren\/","title":{"rendered":"Beliebte Hookup-Apps, die f\u00fcr Sex funktionieren"},"content":{"rendered":"<p>Wenn Sie an Anschl\u00fcssen interessiert sind, sollten Sie sich einiger wichtiger Fakten bewusst sein. Das hei\u00dft, Hookups sind eine gro\u00dfartige M\u00f6glichkeit, um herauszufinden, ob es eine Chemie zwischen Ihnen und einer anderen Person gibt. Wenn Sie also Single sind und nach einem Seitensprung oder einer langfristigen Beziehung suchen, sollten Sie jemanden \u00fcber eine Hookup-Site treffen.<\/p>\n<p>Anschl\u00fcsse sind gro\u00dfartig, weil sie schnell, billig und unkompliziert sind. Aber sie sind nicht ideal, weil sie normalerweise schlecht enden.<\/p>\n<p><img loading=\"lazy\" class=\"aligncenter size-large wp-image-104\" src=\"http:\/\/thisisnotagateway.net\/wp-content\/uploads\/2022\/07\/local-chat-apps-1024x683.jpeg\" alt=\"\" width=\"640\" height=\"427\" srcset=\"https:\/\/thisisnotagateway.net\/wp-content\/uploads\/2022\/07\/local-chat-apps-1024x683.jpeg 1024w, https:\/\/thisisnotagateway.net\/wp-content\/uploads\/2022\/07\/local-chat-apps-300x200.jpeg 300w, https:\/\/thisisnotagateway.net\/wp-content\/uploads\/2022\/07\/local-chat-apps-768x512.jpeg 768w, https:\/\/thisisnotagateway.net\/wp-content\/uploads\/2022\/07\/local-chat-apps-1536x1024.jpeg 1536w, https:\/\/thisisnotagateway.net\/wp-content\/uploads\/2022\/07\/local-chat-apps-2048x1365.jpeg 2048w, https:\/\/thisisnotagateway.net\/wp-content\/uploads\/2022\/07\/local-chat-apps-405x270.jpeg 405w\" sizes=\"(max-width: 640px) 100vw, 640px\" \/><\/p>\n<h3>Craigslist<\/h3>\n<p><a href=\"http:\/\/thisisnotagateway.net\/de\/craigslist-personalien\/\">Craigslist ist eine Online-Kleinanzeigenseite<\/a>. Sie k\u00f6nnen Millionen von Eintr\u00e4gen durchsuchen, selbst einen Eintrag ver\u00f6ffentlichen oder die Eintr\u00e4ge anderer Benutzer durchsuchen. Wenn Sie auf der Suche nach einem Job sind, k\u00f6nnen Sie auch eine offene Stelle direkt auf der Website ver\u00f6ffentlichen. Es ist kostenlos, Elemente aufzulisten, und es fallen keine Geb\u00fchren an, um zu antworten. Die meisten Anzeigen werden mindestens einmal pro Woche ver\u00f6ffentlicht. Benutzer k\u00f6nnen sich \u00fcber private Nachrichten, Sofortnachrichten, Telefonanrufe oder Video-Chats miteinander in Verbindung setzen.<\/p>\n<p>Viele von denen, die die Website benutzten, sagten, dass sie sich schlie\u00dflich in ernsthaften Beziehungen befanden. Einige von ihnen hatten noch nie zuvor jemanden des gleichen Geschlechts gedatet. Viele LGBTQ-Mitglieder sagten, dass sie das Gef\u00fchl hatten, dass dies eine Alternative zu dem Stigma sei, Menschen im wirklichen Leben zu treffen, weil sie sich keine Sorgen um Ablehnung machen m\u00fcssten. Andere nutzten es, um Menschen zu treffen, die \u00e4hnliche Interessen mit ihnen teilten. Aber viele sagten auch, dass sie es benutzten, um zuf\u00e4llige sexuelle Begegnungen zu finden.<\/p>\n<h3>Ashley Madison<\/h3>\n<p>Ashley Madison ist ein <a href=\"http:\/\/thisisnotagateway.net\/de\/finden-sie-eine-beziehung-mit-leichtigkeit\/\">Online-Dating-Service<\/a> , der es Benutzern erm\u00f6glicht, sich mit anderen Singles zu verbinden, die nach diskreten Beziehungen suchen. Die Website bietet ihren Mitgliedern eine sichere Umgebung, in der sie ihre pers\u00f6nlichen Daten unter Wahrung ihrer Anonymit\u00e4t weitergeben k\u00f6nnen. Es werden keine Fragen zu sexueller Orientierung, Religion, Rasse, ethnischer Zugeh\u00f6rigkeit, Alter oder Geschlechtspr\u00e4ferenz gestellt, wenn Sie sich f\u00fcr die Website anmelden. Solange Sie derzeit nicht verheiratet sind, gibt es keine Einschr\u00e4nkungen f\u00fcr die Anzahl der Profile, die Sie erstellen k\u00f6nnen. Es gibt zwar viele M\u00f6glichkeiten, die Datenbank zu durchsuchen, aber die beste Methode h\u00e4ngt davon ab, nach welcher Art von \u00dcbereinstimmung Sie suchen.<\/p>\n<h3>Doppelliste<\/h3>\n<p>Doublelist ist ein gro\u00dfartiger Ort, um Menschen aller <a href=\"http:\/\/thisisnotagateway.net\/de\/finden-sie-ein-match\/\">Art<\/a> zu treffen. Sie werden hier viele heterosexuelle, schwule, bi, lesbische, trans, queere, kinky, polyamor\u00f6se usw. Menschen finden. Wenn Sie nach etwas Bestimmtem suchen, suchen Sie einfach nach dem, was Sie interessiert. Es gibt auch einen Abschnitt namens &#8222;Erkunden&#8220;, in dem Sie die Profile anderer Benutzer durchsuchen k\u00f6nnen.<\/p>\n<p>Die Website bietet eine gro\u00dfe Anzahl von Suchfunktionen und Chat-Optionen. Sie k\u00f6nnen Ihre Suchanfragen nach Standort, Alter, Geschlecht, ethnischer Zugeh\u00f6rigkeit, Interessen, sexueller Orientierung, Religion, Beruf und Einkommen filtern. Die Website \u00fcberpr\u00fcft neue Mitglieder per Telefon, aber Sie m\u00fcssen sich in Kanada, Gro\u00dfbritannien, den Vereinigten Staaten oder Australien befinden, um sich anmelden zu k\u00f6nnen. Wir lieben es, wie die Website Benutzer vor Betr\u00fcgern und gef\u00e4lschten Profilen sch\u00fctzt. Dies bedeutet, dass Sie keine Zeit damit verschwenden m\u00fcssen, sich um Betr\u00fcgereien oder gef\u00e4lschte Profile zu sorgen, wenn Sie Match.com verwenden.<\/p>\n<h3>Suche nach Freunden f\u00fcr Erwachsene<\/h3>\n<p>AFF ist eine Dating-Website f\u00fcr Erwachsene. Es ist keine Dating-Site an sich, sondern ein Dating-Service, der Benutzern hilft, sich mit anderen Benutzern zu verbinden. Wenn Sie jemanden diskret treffen m\u00f6chten, ist AFF auf jeden Fall einen Besuch wert. Es gibt viele verschiedene M\u00f6glichkeiten, die von AFF angebotenen Dienste zu nutzen. Sie k\u00f6nnen durch Profile bl\u00e4ttern, Nachrichten senden, Fotos anzeigen und sogar mit Mitgliedern chatten. Alle diese Funktionen sind v\u00f6llig kostenlos.<\/p>\n<p>Wenn Sie jedoch Ihr Konto aktualisieren m\u00f6chten, stehen mehrere Stufen zur Verf\u00fcgung. Mit Premium-Konten k\u00f6nnen Sie beispielsweise Mitgliederprofile ohne Werbung anzeigen, w\u00e4hrend Platin-Konten zus\u00e4tzliche Vorteile bieten. Dazu geh\u00f6ren zus\u00e4tzliche Messaging-Funktionen, Zugriff auf exklusive Inhalte und mehr Privatsph\u00e4re.<\/p>\n","protected":false},"excerpt":{"rendered":"<p>Wenn Sie an Anschl\u00fcssen interessiert sind, sollten Sie sich einiger wichtiger Fakten bewusst sein. Das hei\u00dft, Hookups sind eine gro\u00dfartige M\u00f6glichkeit, um herauszufinden, ob es eine Chemie zwischen Ihnen und einer anderen Person gibt. Wenn Sie also Single sind und nach einem Seitensprung oder einer langfristigen Beziehung suchen, sollten Sie jemanden \u00fcber eine Hookup-Site treffen. Anschl\u00fcsse sind gro\u00dfartig, weil sie schnell, billig und unkompliziert sind. Aber sie sind nicht ideal, weil sie normalerweise schlecht enden. Craigslist Craigslist ist eine Online-Kleinanzeigenseite&#8230;.<\/p>\n<p class=\"read-more\"><a class=\"btn btn-default\" href=\"https:\/\/thisisnotagateway.net\/de\/beliebte-hookup-apps-die-fuer-sex-funktionieren\/\">Weiterlesen<span class=\"screen-reader-text\"> Weiterlesen<\/span><\/a><\/p>\n","protected":false},"author":1,"featured_media":0,"parent":0,"menu_order":0,"comment_status":"closed","ping_status":"closed","template":"","meta":[],"yoast_head":"<!-- This site is optimized with the Yoast SEO plugin v19.2 - https:\/\/yoast.com\/wordpress\/plugins\/seo\/ -->\n<title>Beliebte Hookup-Apps, die f\u00fcr Sex funktionieren - Gateway Bewertungen<\/title>\n<meta name=\"robots\" content=\"index, follow, max-snippet:-1, max-image-preview:large, max-video-preview:-1\" \/>\n<link rel=\"canonical\" href=\"https:\/\/thisisnotagateway.net\/de\/beliebte-hookup-apps-die-fuer-sex-funktionieren\/\" \/>\n<meta property=\"og:locale\" content=\"de_DE\" \/>\n<meta property=\"og:type\" content=\"article\" \/>\n<meta property=\"og:title\" content=\"Beliebte Hookup-Apps, die f\u00fcr Sex funktionieren - Gateway Bewertungen\" \/>\n<meta property=\"og:description\" content=\"Wenn Sie an Anschl\u00fcssen interessiert sind, sollten Sie sich einiger wichtiger Fakten bewusst sein. Das hei\u00dft, Hookups sind eine gro\u00dfartige M\u00f6glichkeit, um herauszufinden, ob es eine Chemie zwischen Ihnen und einer anderen Person gibt. Wenn Sie also Single sind und nach einem Seitensprung oder einer langfristigen Beziehung suchen, sollten Sie jemanden \u00fcber eine Hookup-Site treffen. Anschl\u00fcsse sind gro\u00dfartig, weil sie schnell, billig und unkompliziert sind. Aber sie sind nicht ideal, weil sie normalerweise schlecht enden. Craigslist Craigslist ist eine Online-Kleinanzeigenseite....Weiterlesen Weiterlesen\" \/>\n<meta property=\"og:url\" content=\"https:\/\/thisisnotagateway.net\/de\/beliebte-hookup-apps-die-fuer-sex-funktionieren\/\" \/>\n<meta property=\"og:site_name\" content=\"Gateway Bewertungen\" \/>\n<meta property=\"og:image\" content=\"http:\/\/thisisnotagateway.net\/wp-content\/uploads\/2022\/07\/local-chat-apps-1024x683.jpeg\" \/>\n<meta name=\"author\" content=\"Gateway\" \/>\n<meta name=\"twitter:card\" content=\"summary_large_image\" \/>\n<meta name=\"twitter:label1\" content=\"Gesch\u00e4tzte Lesezeit\" \/>\n\t<meta name=\"twitter:data1\" content=\"3\u00a0Minuten\" \/>\n<script type=\"application\/ld+json\" class=\"yoast-schema-graph\">{\"@context\":\"https:\/\/schema.org\",\"@graph\":[{\"@type\":\"WebSite\",\"@id\":\"http:\/\/thisisnotagateway.net\/#website\",\"url\":\"http:\/\/thisisnotagateway.net\/\",\"name\":\"Gateway Bewertungen\",\"description\":\"Beziehung &amp; Dating Blog\",\"potentialAction\":[{\"@type\":\"SearchAction\",\"target\":{\"@type\":\"EntryPoint\",\"urlTemplate\":\"http:\/\/thisisnotagateway.net\/?s={search_term_string}\"},\"query-input\":\"required name=search_term_string\"}],\"inLanguage\":\"de\"},{\"@type\":\"ImageObject\",\"inLanguage\":\"de\",\"@id\":\"https:\/\/thisisnotagateway.net\/de\/beliebte-hookup-apps-die-fuer-sex-funktionieren\/#primaryimage\",\"url\":\"https:\/\/thisisnotagateway.net\/wp-content\/uploads\/2022\/07\/local-chat-apps.jpeg\",\"contentUrl\":\"https:\/\/thisisnotagateway.net\/wp-content\/uploads\/2022\/07\/local-chat-apps.jpeg\",\"width\":2250,\"height\":1500},{\"@type\":\"WebPage\",\"@id\":\"https:\/\/thisisnotagateway.net\/de\/beliebte-hookup-apps-die-fuer-sex-funktionieren\/#webpage\",\"url\":\"https:\/\/thisisnotagateway.net\/de\/beliebte-hookup-apps-die-fuer-sex-funktionieren\/\",\"name\":\"Beliebte Hookup-Apps, die f\u00fcr Sex funktionieren - Gateway Bewertungen\",\"isPartOf\":{\"@id\":\"http:\/\/thisisnotagateway.net\/#website\"},\"primaryImageOfPage\":{\"@id\":\"https:\/\/thisisnotagateway.net\/de\/beliebte-hookup-apps-die-fuer-sex-funktionieren\/#primaryimage\"},\"datePublished\":\"2022-07-03T14:00:39+00:00\",\"dateModified\":\"2022-07-03T14:00:39+00:00\",\"breadcrumb\":{\"@id\":\"https:\/\/thisisnotagateway.net\/de\/beliebte-hookup-apps-die-fuer-sex-funktionieren\/#breadcrumb\"},\"inLanguage\":\"de\",\"potentialAction\":[{\"@type\":\"ReadAction\",\"target\":[\"https:\/\/thisisnotagateway.net\/de\/beliebte-hookup-apps-die-fuer-sex-funktionieren\/\"]}]},{\"@type\":\"BreadcrumbList\",\"@id\":\"https:\/\/thisisnotagateway.net\/de\/beliebte-hookup-apps-die-fuer-sex-funktionieren\/#breadcrumb\",\"itemListElement\":[{\"@type\":\"ListItem\",\"position\":1,\"name\":\"Heim\",\"item\":\"http:\/\/thisisnotagateway.net\/de\/\"},{\"@type\":\"ListItem\",\"position\":2,\"name\":\"Beliebte Hookup-Apps, die f\u00fcr Sex funktionieren\"}]}]}<\/script>\n<!-- \/ Yoast SEO plugin. -->","yoast_head_json":{"title":"Beliebte Hookup-Apps, die f\u00fcr Sex funktionieren - Gateway Bewertungen","robots":{"index":"index","follow":"follow","max-snippet":"max-snippet:-1","max-image-preview":"max-image-preview:large","max-video-preview":"max-video-preview:-1"},"canonical":"https:\/\/thisisnotagateway.net\/de\/beliebte-hookup-apps-die-fuer-sex-funktionieren\/","og_locale":"de_DE","og_type":"article","og_title":"Beliebte Hookup-Apps, die f\u00fcr Sex funktionieren - Gateway Bewertungen","og_description":"Wenn Sie an Anschl\u00fcssen interessiert sind, sollten Sie sich einiger wichtiger Fakten bewusst sein. Das hei\u00dft, Hookups sind eine gro\u00dfartige M\u00f6glichkeit, um herauszufinden, ob es eine Chemie zwischen Ihnen und einer anderen Person gibt. Wenn Sie also Single sind und nach einem Seitensprung oder einer langfristigen Beziehung suchen, sollten Sie jemanden \u00fcber eine Hookup-Site treffen. Anschl\u00fcsse sind gro\u00dfartig, weil sie schnell, billig und unkompliziert sind. Aber sie sind nicht ideal, weil sie normalerweise schlecht enden. Craigslist Craigslist ist eine Online-Kleinanzeigenseite....Weiterlesen Weiterlesen","og_url":"https:\/\/thisisnotagateway.net\/de\/beliebte-hookup-apps-die-fuer-sex-funktionieren\/","og_site_name":"Gateway Bewertungen","og_image":[{"url":"http:\/\/thisisnotagateway.net\/wp-content\/uploads\/2022\/07\/local-chat-apps-1024x683.jpeg"}],"author":"Gateway","twitter_card":"summary_large_image","twitter_misc":{"Gesch\u00e4tzte Lesezeit":"3\u00a0Minuten"},"schema":{"@context":"https:\/\/schema.org","@graph":[{"@type":"WebSite","@id":"http:\/\/thisisnotagateway.net\/#website","url":"http:\/\/thisisnotagateway.net\/","name":"Gateway Bewertungen","description":"Beziehung &amp; Dating Blog","potentialAction":[{"@type":"SearchAction","target":{"@type":"EntryPoint","urlTemplate":"http:\/\/thisisnotagateway.net\/?s={search_term_string}"},"query-input":"required name=search_term_string"}],"inLanguage":"de"},{"@type":"ImageObject","inLanguage":"de","@id":"https:\/\/thisisnotagateway.net\/de\/beliebte-hookup-apps-die-fuer-sex-funktionieren\/#primaryimage","url":"https:\/\/thisisnotagateway.net\/wp-content\/uploads\/2022\/07\/local-chat-apps.jpeg","contentUrl":"https:\/\/thisisnotagateway.net\/wp-content\/uploads\/2022\/07\/local-chat-apps.jpeg","width":2250,"height":1500},{"@type":"WebPage","@id":"https:\/\/thisisnotagateway.net\/de\/beliebte-hookup-apps-die-fuer-sex-funktionieren\/#webpage","url":"https:\/\/thisisnotagateway.net\/de\/beliebte-hookup-apps-die-fuer-sex-funktionieren\/","name":"Beliebte Hookup-Apps, die f\u00fcr Sex funktionieren - Gateway Bewertungen","isPartOf":{"@id":"http:\/\/thisisnotagateway.net\/#website"},"primaryImageOfPage":{"@id":"https:\/\/thisisnotagateway.net\/de\/beliebte-hookup-apps-die-fuer-sex-funktionieren\/#primaryimage"},"datePublished":"2022-07-03T14:00:39+00:00","dateModified":"2022-07-03T14:00:39+00:00","breadcrumb":{"@id":"https:\/\/thisisnotagateway.net\/de\/beliebte-hookup-apps-die-fuer-sex-funktionieren\/#breadcrumb"},"inLanguage":"de","potentialAction":[{"@type":"ReadAction","target":["https:\/\/thisisnotagateway.net\/de\/beliebte-hookup-apps-die-fuer-sex-funktionieren\/"]}]},{"@type":"BreadcrumbList","@id":"https:\/\/thisisnotagateway.net\/de\/beliebte-hookup-apps-die-fuer-sex-funktionieren\/#breadcrumb","itemListElement":[{"@type":"ListItem","position":1,"name":"Heim","item":"http:\/\/thisisnotagateway.net\/de\/"},{"@type":"ListItem","position":2,"name":"Beliebte Hookup-Apps, die f\u00fcr Sex funktionieren"}]}]}},"_links":{"self":[{"href":"https:\/\/thisisnotagateway.net\/de\/wp-json\/wp\/v2\/pages\/194"}],"collection":[{"href":"https:\/\/thisisnotagateway.net\/de\/wp-json\/wp\/v2\/pages"}],"about":[{"href":"https:\/\/thisisnotagateway.net\/de\/wp-json\/wp\/v2\/types\/page"}],"author":[{"embeddable":true,"href":"https:\/\/thisisnotagateway.net\/de\/wp-json\/wp\/v2\/users\/1"}],"replies":[{"embeddable":true,"href":"https:\/\/thisisnotagateway.net\/de\/wp-json\/wp\/v2\/comments?post=194"}],"version-history":[{"count":0,"href":"https:\/\/thisisnotagateway.net\/de\/wp-json\/wp\/v2\/pages\/194\/revisions"}],"wp:attachment":[{"href":"https:\/\/thisisnotagateway.net\/de\/wp-json\/wp\/v2\/media?parent=194"}],"curies":[{"name":"wp","href":"https:\/\/api.w.org\/{rel}","templated":true}]}}