{"id":213,"date":"2022-07-03T14:56:03","date_gmt":"2022-07-03T13:56:03","guid":{"rendered":"http:\/\/thisisnotagateway.net\/craigslist-personalien\/"},"modified":"2022-07-06T14:07:24","modified_gmt":"2022-07-06T13:07:24","slug":"craigslist-personalien","status":"publish","type":"page","link":"https:\/\/thisisnotagateway.net\/de\/craigslist-personalien\/","title":{"rendered":"Craigslist Personalien"},"content":{"rendered":"<p>Suchen Sie nach einer einfachen M\u00f6glichkeit, jemanden Besonderen zu treffen? Hast du das Gef\u00fchl, dass du etwas in deinem Leben vermisst? Vielleicht brauchst du nur ein bisschen Spa\u00df und Aufregung in deinem Liebesleben. Online-Dating-Dienste m\u00f6gen auf den ersten Blick wie eine gro\u00dfartige Idee erscheinen und <a href=\"http:\/\/www.sexseiten-at.com\">Sexseiten-AT.com<\/a>, aber nicht jeder wei\u00df, was sie wirklich beinhalten.<\/p>\n<p>Es gibt viele verschiedene Arten von Online-Dating-Sites, die jeweils auf eine bestimmte Art von Beziehung ausgerichtet sind.<\/p>\n<p>Einige Websites richten sich an langfristige Beziehungen, w\u00e4hrend andere sich auf <a href=\"http:\/\/thisisnotagateway.net\/de\/finden-sie-ein-match\/\">kurzfristige Seitenspr\u00fcnge<\/a> konzentrieren. Eines ist jedoch sicher &#8211; wenn Sie nach einer ernsthaften Beziehung suchen, m\u00fcssen Sie wahrscheinlich einer Website beitreten, die speziell auf diesen Zweck ausgerichtet ist.<\/p>\n<p><img loading=\"lazy\" class=\"aligncenter size-full wp-image-107\" src=\"http:\/\/thisisnotagateway.net\/wp-content\/uploads\/2022\/07\/craigslist-personals-sites-min.jpg\" alt=\"\" width=\"700\" height=\"330\" srcset=\"https:\/\/thisisnotagateway.net\/wp-content\/uploads\/2022\/07\/craigslist-personals-sites-min.jpg 700w, https:\/\/thisisnotagateway.net\/wp-content\/uploads\/2022\/07\/craigslist-personals-sites-min-300x141.jpg 300w, https:\/\/thisisnotagateway.net\/wp-content\/uploads\/2022\/07\/craigslist-personals-sites-min-573x270.jpg 573w\" sizes=\"(max-width: 700px) 100vw, 700px\" \/><\/p>\n<h2>Was sind die Alternativen f\u00fcr pers\u00f6nliche Kleinanzeigen?<\/h2>\n<p>Nach der Schlie\u00dfung von Craigslist Personals haben viele Menschen die Hoffnung verloren, online Liebe zu finden. Es gibt viele andere Dating-Websites, aber zahlreiche Optionen k\u00f6nnen \u00fcberw\u00e4ltigend sein. Wir haben uns entschieden, uns die Zeit und die Freiheit zu nehmen, einen vollst\u00e4ndigen Leitfaden mit den besten Craigslist Personales-\u00c4quivalenten zu erstellen, auf die Sie auch zur\u00fcckgreifen k\u00f6nnen, wenn Sie nach Casual-Dating-Erlebnissen, Hookups und allem dazwischen suchen.<\/p>\n<p>Craigslist Personals war eine Online-Kleinanzeigenseite, die 1995 gegr\u00fcndet wurde. Es hatte eine riesige Nutzerbasis und war einer der ersten Dienste, der es Benutzern erm\u00f6glichte, Anzeigen kostenlos zu schalten. Benutzer k\u00f6nnten Gegenst\u00e4nde wie M\u00f6bel, Autos, Jobs, Haustiere, Immobilien usw. auflisten. Es war sehr erfolgreich, bis es 2018 geschlossen wurde. Jetzt gibt es viele andere Websites, die Benutzern helfen, ein Datum oder eine Verbindung zu finden. <a href=\"http:\/\/thisisnotagateway.net\/de\/finden-sie-eine-beziehung-mit-leichtigkeit\/\">Websites wie Tinder, Bumble<\/a>, OkCupid, PlentyOfFish, Match und andere bieten \u00e4hnliche Funktionen wie Craigslist Personals, aber sie sind nicht ann\u00e4hernd so gro\u00df.<\/p>\n<p>Craigslist ist eine Kleinanzeigen-Website, auf der Benutzer Artikel zum Verkauf oder zur Miete ver\u00f6ffentlichen k\u00f6nnen. W\u00e4hrend viele Leute es benutzen, um ihre alten Sachen zu verkaufen, benutzen andere es, um Leute zu treffen. Es gibt jedoch einige Nachteile bei der Verwendung von Craigslist. Zum Beispiel, wenn Sie nach Gelegenheitssex suchen, ist Craigslist vielleicht nicht der beste Ort, um zu gehen. Dar\u00fcber hinaus erlaubt Craigslist Benutzern nicht, nach bestimmten Arten von Partnern zu suchen. Wenn Sie nach etwas Ernstem suchen, m\u00fcssen Sie sich woanders umsehen.<\/p>\n<p>Wenn Sie sich f\u00fcr zwanglose Kontakte mit verheirateten Menschen interessieren, ist AshleyMadison der beste Ort f\u00fcr Sie. Es ist eine Dating-Website, auf der sich Verheiratete und Menschen in festen Beziehungen zu diskreten Angelegenheiten treffen k\u00f6nnen. Obwohl es viele andere Dating-Sites f\u00fcr den gleichen Zweck gibt, sind Menschen, die nach zuf\u00e4lligen Dates und Hookups suchen, oft mit Stigmatisierung konfrontiert, wenn sie versuchen, sich mit verheirateten und engagierten Partnern zu verabreden. Gl\u00fccklicherweise hat Ashley Madison all das komplett ge\u00e4ndert. Nun, wenn Sie nach zwanglosen Dates und Sex mit verheirateten Menschen suchen, werden Sie nie wieder in Schwierigkeiten geraten.<\/p>\n","protected":false},"excerpt":{"rendered":"<p>Suchen Sie nach einer einfachen M\u00f6glichkeit, jemanden Besonderen zu treffen? Hast du das Gef\u00fchl, dass du etwas in deinem Leben vermisst? Vielleicht brauchst du nur ein bisschen Spa\u00df und Aufregung in deinem Liebesleben. Online-Dating-Dienste m\u00f6gen auf den ersten Blick wie eine gro\u00dfartige Idee erscheinen und Sexseiten-AT.com, aber nicht jeder wei\u00df, was sie wirklich beinhalten. Es gibt viele verschiedene Arten von Online-Dating-Sites, die jeweils auf eine bestimmte Art von Beziehung ausgerichtet sind. Einige Websites richten sich an langfristige Beziehungen, w\u00e4hrend andere&#8230;<\/p>\n<p class=\"read-more\"><a class=\"btn btn-default\" href=\"https:\/\/thisisnotagateway.net\/de\/craigslist-personalien\/\">Weiterlesen<span class=\"screen-reader-text\"> Weiterlesen<\/span><\/a><\/p>\n","protected":false},"author":1,"featured_media":0,"parent":0,"menu_order":0,"comment_status":"closed","ping_status":"closed","template":"","meta":[],"yoast_head":"<!-- This site is optimized with the Yoast SEO plugin v19.2 - https:\/\/yoast.com\/wordpress\/plugins\/seo\/ -->\n<title>Craigslist Personalien - Gateway Bewertungen<\/title>\n<meta name=\"robots\" content=\"index, follow, max-snippet:-1, max-image-preview:large, max-video-preview:-1\" \/>\n<link rel=\"canonical\" href=\"https:\/\/thisisnotagateway.net\/de\/craigslist-personalien\/\" \/>\n<meta property=\"og:locale\" content=\"de_DE\" \/>\n<meta property=\"og:type\" content=\"article\" \/>\n<meta property=\"og:title\" content=\"Craigslist Personalien - Gateway Bewertungen\" \/>\n<meta property=\"og:description\" content=\"Suchen Sie nach einer einfachen M\u00f6glichkeit, jemanden Besonderen zu treffen? Hast du das Gef\u00fchl, dass du etwas in deinem Leben vermisst? Vielleicht brauchst du nur ein bisschen Spa\u00df und Aufregung in deinem Liebesleben. Online-Dating-Dienste m\u00f6gen auf den ersten Blick wie eine gro\u00dfartige Idee erscheinen und Sexseiten-AT.com, aber nicht jeder wei\u00df, was sie wirklich beinhalten. Es gibt viele verschiedene Arten von Online-Dating-Sites, die jeweils auf eine bestimmte Art von Beziehung ausgerichtet sind. Einige Websites richten sich an langfristige Beziehungen, w\u00e4hrend andere...Weiterlesen Weiterlesen\" \/>\n<meta property=\"og:url\" content=\"https:\/\/thisisnotagateway.net\/de\/craigslist-personalien\/\" \/>\n<meta property=\"og:site_name\" content=\"Gateway Bewertungen\" \/>\n<meta property=\"article:modified_time\" content=\"2022-07-06T13:07:24+00:00\" \/>\n<meta property=\"og:image\" content=\"http:\/\/thisisnotagateway.net\/wp-content\/uploads\/2022\/07\/craigslist-personals-sites-min.jpg\" \/>\n<meta name=\"author\" content=\"Gateway\" \/>\n<meta name=\"twitter:card\" content=\"summary_large_image\" \/>\n<meta name=\"twitter:label1\" content=\"Gesch\u00e4tzte Lesezeit\" \/>\n\t<meta name=\"twitter:data1\" content=\"2\u00a0Minuten\" \/>\n<script type=\"application\/ld+json\" class=\"yoast-schema-graph\">{\"@context\":\"https:\/\/schema.org\",\"@graph\":[{\"@type\":\"WebSite\",\"@id\":\"http:\/\/thisisnotagateway.net\/#website\",\"url\":\"http:\/\/thisisnotagateway.net\/\",\"name\":\"Gateway Bewertungen\",\"description\":\"Beziehung &amp; Dating Blog\",\"potentialAction\":[{\"@type\":\"SearchAction\",\"target\":{\"@type\":\"EntryPoint\",\"urlTemplate\":\"http:\/\/thisisnotagateway.net\/?s={search_term_string}\"},\"query-input\":\"required name=search_term_string\"}],\"inLanguage\":\"de\"},{\"@type\":\"ImageObject\",\"inLanguage\":\"de\",\"@id\":\"https:\/\/thisisnotagateway.net\/de\/craigslist-personalien\/#primaryimage\",\"url\":\"https:\/\/thisisnotagateway.net\/wp-content\/uploads\/2022\/07\/craigslist-personals-sites-min.jpg\",\"contentUrl\":\"https:\/\/thisisnotagateway.net\/wp-content\/uploads\/2022\/07\/craigslist-personals-sites-min.jpg\",\"width\":700,\"height\":330},{\"@type\":\"WebPage\",\"@id\":\"https:\/\/thisisnotagateway.net\/de\/craigslist-personalien\/#webpage\",\"url\":\"https:\/\/thisisnotagateway.net\/de\/craigslist-personalien\/\",\"name\":\"Craigslist Personalien - Gateway Bewertungen\",\"isPartOf\":{\"@id\":\"http:\/\/thisisnotagateway.net\/#website\"},\"primaryImageOfPage\":{\"@id\":\"https:\/\/thisisnotagateway.net\/de\/craigslist-personalien\/#primaryimage\"},\"datePublished\":\"2022-07-03T13:56:03+00:00\",\"dateModified\":\"2022-07-06T13:07:24+00:00\",\"breadcrumb\":{\"@id\":\"https:\/\/thisisnotagateway.net\/de\/craigslist-personalien\/#breadcrumb\"},\"inLanguage\":\"de\",\"potentialAction\":[{\"@type\":\"ReadAction\",\"target\":[\"https:\/\/thisisnotagateway.net\/de\/craigslist-personalien\/\"]}]},{\"@type\":\"BreadcrumbList\",\"@id\":\"https:\/\/thisisnotagateway.net\/de\/craigslist-personalien\/#breadcrumb\",\"itemListElement\":[{\"@type\":\"ListItem\",\"position\":1,\"name\":\"Heim\",\"item\":\"http:\/\/thisisnotagateway.net\/de\/\"},{\"@type\":\"ListItem\",\"position\":2,\"name\":\"Craigslist Personalien\"}]}]}<\/script>\n<!-- \/ Yoast SEO plugin. -->","yoast_head_json":{"title":"Craigslist Personalien - Gateway Bewertungen","robots":{"index":"index","follow":"follow","max-snippet":"max-snippet:-1","max-image-preview":"max-image-preview:large","max-video-preview":"max-video-preview:-1"},"canonical":"https:\/\/thisisnotagateway.net\/de\/craigslist-personalien\/","og_locale":"de_DE","og_type":"article","og_title":"Craigslist Personalien - Gateway Bewertungen","og_description":"Suchen Sie nach einer einfachen M\u00f6glichkeit, jemanden Besonderen zu treffen? Hast du das Gef\u00fchl, dass du etwas in deinem Leben vermisst? Vielleicht brauchst du nur ein bisschen Spa\u00df und Aufregung in deinem Liebesleben. Online-Dating-Dienste m\u00f6gen auf den ersten Blick wie eine gro\u00dfartige Idee erscheinen und Sexseiten-AT.com, aber nicht jeder wei\u00df, was sie wirklich beinhalten. Es gibt viele verschiedene Arten von Online-Dating-Sites, die jeweils auf eine bestimmte Art von Beziehung ausgerichtet sind. Einige Websites richten sich an langfristige Beziehungen, w\u00e4hrend andere...Weiterlesen Weiterlesen","og_url":"https:\/\/thisisnotagateway.net\/de\/craigslist-personalien\/","og_site_name":"Gateway Bewertungen","article_modified_time":"2022-07-06T13:07:24+00:00","og_image":[{"url":"http:\/\/thisisnotagateway.net\/wp-content\/uploads\/2022\/07\/craigslist-personals-sites-min.jpg"}],"author":"Gateway","twitter_card":"summary_large_image","twitter_misc":{"Gesch\u00e4tzte Lesezeit":"2\u00a0Minuten"},"schema":{"@context":"https:\/\/schema.org","@graph":[{"@type":"WebSite","@id":"http:\/\/thisisnotagateway.net\/#website","url":"http:\/\/thisisnotagateway.net\/","name":"Gateway Bewertungen","description":"Beziehung &amp; Dating Blog","potentialAction":[{"@type":"SearchAction","target":{"@type":"EntryPoint","urlTemplate":"http:\/\/thisisnotagateway.net\/?s={search_term_string}"},"query-input":"required name=search_term_string"}],"inLanguage":"de"},{"@type":"ImageObject","inLanguage":"de","@id":"https:\/\/thisisnotagateway.net\/de\/craigslist-personalien\/#primaryimage","url":"https:\/\/thisisnotagateway.net\/wp-content\/uploads\/2022\/07\/craigslist-personals-sites-min.jpg","contentUrl":"https:\/\/thisisnotagateway.net\/wp-content\/uploads\/2022\/07\/craigslist-personals-sites-min.jpg","width":700,"height":330},{"@type":"WebPage","@id":"https:\/\/thisisnotagateway.net\/de\/craigslist-personalien\/#webpage","url":"https:\/\/thisisnotagateway.net\/de\/craigslist-personalien\/","name":"Craigslist Personalien - Gateway Bewertungen","isPartOf":{"@id":"http:\/\/thisisnotagateway.net\/#website"},"primaryImageOfPage":{"@id":"https:\/\/thisisnotagateway.net\/de\/craigslist-personalien\/#primaryimage"},"datePublished":"2022-07-03T13:56:03+00:00","dateModified":"2022-07-06T13:07:24+00:00","breadcrumb":{"@id":"https:\/\/thisisnotagateway.net\/de\/craigslist-personalien\/#breadcrumb"},"inLanguage":"de","potentialAction":[{"@type":"ReadAction","target":["https:\/\/thisisnotagateway.net\/de\/craigslist-personalien\/"]}]},{"@type":"BreadcrumbList","@id":"https:\/\/thisisnotagateway.net\/de\/craigslist-personalien\/#breadcrumb","itemListElement":[{"@type":"ListItem","position":1,"name":"Heim","item":"http:\/\/thisisnotagateway.net\/de\/"},{"@type":"ListItem","position":2,"name":"Craigslist Personalien"}]}]}},"_links":{"self":[{"href":"https:\/\/thisisnotagateway.net\/de\/wp-json\/wp\/v2\/pages\/213"}],"collection":[{"href":"https:\/\/thisisnotagateway.net\/de\/wp-json\/wp\/v2\/pages"}],"about":[{"href":"https:\/\/thisisnotagateway.net\/de\/wp-json\/wp\/v2\/types\/page"}],"author":[{"embeddable":true,"href":"https:\/\/thisisnotagateway.net\/de\/wp-json\/wp\/v2\/users\/1"}],"replies":[{"embeddable":true,"href":"https:\/\/thisisnotagateway.net\/de\/wp-json\/wp\/v2\/comments?post=213"}],"version-history":[{"count":1,"href":"https:\/\/thisisnotagateway.net\/de\/wp-json\/wp\/v2\/pages\/213\/revisions"}],"predecessor-version":[{"id":353,"href":"https:\/\/thisisnotagateway.net\/de\/wp-json\/wp\/v2\/pages\/213\/revisions\/353"}],"wp:attachment":[{"href":"https:\/\/thisisnotagateway.net\/de\/wp-json\/wp\/v2\/media?parent=213"}],"curies":[{"name":"wp","href":"https:\/\/api.w.org\/{rel}","templated":true}]}}