{"id":229,"date":"2022-07-03T14:34:30","date_gmt":"2022-07-03T13:34:30","guid":{"rendered":"http:\/\/thisisnotagateway.net\/funktionieren-pickup-linien-tatsaechlich\/"},"modified":"2022-07-03T15:23:26","modified_gmt":"2022-07-03T14:23:26","slug":"funktionieren-pickup-linien-tatsaechlich","status":"publish","type":"page","link":"https:\/\/thisisnotagateway.net\/de\/funktionieren-pickup-linien-tatsaechlich\/","title":{"rendered":"Funktionieren Pickup-Linien tats\u00e4chlich?"},"content":{"rendered":"\n<p>Pickup-Linien sind eine gro\u00dfartige M\u00f6glichkeit, Frauen abzuholen. Sie sind einfach, direkt und effektiv. Aber die meisten Jungs sind nicht sehr gut darin. Hier sind einige Tipps, die Ihnen helfen, Ihr Spiel zu verbessern.<\/p>\n\n<p>Erstens, \u00fcben. \u00dcbung macht den Meister. Pick-up-Linien sind eine F\u00e4higkeit, genau wie Golf oder Tennis. Je mehr du \u00fcbst, desto besser wirst du. Zweitens, seien Sie zuversichtlich. Selbstvertrauen ist sexy. Frauen reagieren auf Zuversicht. Und wenn Sie selbstbewusst sind, sind Sie attraktiver. Drittens, verwenden Sie Humor. Humor funktioniert gut, weil er Barrieren zwischen M\u00e4nnern und Frauen abbaut. Au\u00dferdem finden Frauen es lustig.<\/p>\n\n<p>Halten Sie es schlie\u00dflich kurz. Verschwende deine Zeit nicht damit, sie mit langen Geschichten zu beeindrucken. Halten Sie es kurz und b\u00fcndig. Verwenden Sie diese drei Tipps, um Ihre F\u00e4higkeiten in der Abhollinie zu verbessern. Dann geh raus und hol ein paar K\u00fcken ab!<\/p>\n\n<figure class=\"wp-block-image size-large\"><img loading=\"lazy\" width=\"1024\" height=\"683\" src=\"http:\/\/thisisnotagateway.net&#013;&#010;\/wp-content\/uploads\/2022\/07\/why-dating-apps-work-1024x683.jpeg\" alt=\"\" class=\"wp-image-61\" srcset=\"https:\/\/thisisnotagateway.net\/wp-content\/uploads\/2022\/07\/why-dating-apps-work-1024x683.jpeg 1024w, https:\/\/thisisnotagateway.net\/wp-content\/uploads\/2022\/07\/why-dating-apps-work-300x200.jpeg 300w, https:\/\/thisisnotagateway.net\/wp-content\/uploads\/2022\/07\/why-dating-apps-work-768x512.jpeg 768w, https:\/\/thisisnotagateway.net\/wp-content\/uploads\/2022\/07\/why-dating-apps-work-1536x1024.jpeg 1536w, https:\/\/thisisnotagateway.net\/wp-content\/uploads\/2022\/07\/why-dating-apps-work-2048x1365.jpeg 2048w\" sizes=\"(max-width: 1024px) 100vw, 1024px\" \/><\/figure>\n\n<h2>So beginnen Sie mit der Verwendung dieser bei M\u00e4dchen<\/h2>\n\n<p>Wenn Sie jemals <a href=\"https:\/\/thisisnotagateway.net\/types-of-dating-apps\/\">auf einem Date waren<\/a>, wissen Sie, dass die meisten Jungs eine Version dieser Zeilen verwenden. Und wenn Sie jemals auf der Empf\u00e4ngerseite einer Abhollinie waren, wissen Sie, dass sie selten funktionieren.<\/p>\n\n<p>Das liegt daran, dass Pickup-Linien auf einer falschen Pr\u00e4misse basieren. Die Annahme ist, dass Frauen nach M\u00e4nnern suchen, die verzweifelt genug sind, Dinge zu sagen wie: &#8222;Hey Baby, willst du heute Abend ausgehen?&#8220;<\/p>\n\n<p>Aber das stimmt einfach nicht. Frauen suchen nicht nach verzweifelten M\u00e4nnern. Sie suchen nach selbstbewussten M\u00e4nnern, die sich wohl genug f\u00fchlen, um sie selbst zu sein.<\/p>\n\n<p>Und hier ist der Kicker: Die meisten Frauen werden von Pickup-Linien abgeschreckt. Wenn du also versuchst, M\u00e4dchen aufzuheben, musst du aufh\u00f6ren, wie ein Mann zu denken, und anfangen, wie eine Frau zu denken.<\/p>\n\n<p>Anstatt zu versuchen, verzweifelt zu wirken, sollten Sie selbstbewusst und zug\u00e4nglich sein. Anstatt wie ein Mann zu denken, solltest du wie ein M\u00e4dchen denken.<\/p>\n","protected":false},"excerpt":{"rendered":"<p>Pickup-Linien sind eine gro\u00dfartige M\u00f6glichkeit, Frauen abzuholen. Sie sind einfach, direkt und effektiv. Aber die meisten Jungs sind nicht sehr gut darin. Hier sind einige Tipps, die Ihnen helfen, Ihr Spiel zu verbessern. Erstens, \u00fcben. \u00dcbung macht den Meister. Pick-up-Linien sind eine F\u00e4higkeit, genau wie Golf oder Tennis. Je mehr du \u00fcbst, desto besser wirst du. Zweitens, seien Sie zuversichtlich. Selbstvertrauen ist sexy. Frauen reagieren auf Zuversicht. Und wenn Sie selbstbewusst sind, sind Sie attraktiver. Drittens, verwenden Sie Humor. Humor&#8230;<\/p>\n<p class=\"read-more\"><a class=\"btn btn-default\" href=\"https:\/\/thisisnotagateway.net\/de\/funktionieren-pickup-linien-tatsaechlich\/\">Weiterlesen<span class=\"screen-reader-text\"> Weiterlesen<\/span><\/a><\/p>\n","protected":false},"author":1,"featured_media":0,"parent":0,"menu_order":0,"comment_status":"closed","ping_status":"closed","template":"","meta":[],"yoast_head":"<!-- This site is optimized with the Yoast SEO plugin v19.2 - https:\/\/yoast.com\/wordpress\/plugins\/seo\/ -->\n<title>Funktionieren Pickup-Linien tats\u00e4chlich? - Gateway Bewertungen<\/title>\n<meta name=\"robots\" content=\"index, follow, max-snippet:-1, max-image-preview:large, max-video-preview:-1\" \/>\n<link rel=\"canonical\" href=\"https:\/\/thisisnotagateway.net\/de\/funktionieren-pickup-linien-tatsaechlich\/\" \/>\n<meta property=\"og:locale\" content=\"de_DE\" \/>\n<meta property=\"og:type\" content=\"article\" \/>\n<meta property=\"og:title\" content=\"Funktionieren Pickup-Linien tats\u00e4chlich? - Gateway Bewertungen\" \/>\n<meta property=\"og:description\" content=\"Pickup-Linien sind eine gro\u00dfartige M\u00f6glichkeit, Frauen abzuholen. Sie sind einfach, direkt und effektiv. Aber die meisten Jungs sind nicht sehr gut darin. Hier sind einige Tipps, die Ihnen helfen, Ihr Spiel zu verbessern. Erstens, \u00fcben. \u00dcbung macht den Meister. Pick-up-Linien sind eine F\u00e4higkeit, genau wie Golf oder Tennis. Je mehr du \u00fcbst, desto besser wirst du. Zweitens, seien Sie zuversichtlich. Selbstvertrauen ist sexy. Frauen reagieren auf Zuversicht. Und wenn Sie selbstbewusst sind, sind Sie attraktiver. Drittens, verwenden Sie Humor. Humor...Weiterlesen Weiterlesen\" \/>\n<meta property=\"og:url\" content=\"https:\/\/thisisnotagateway.net\/de\/funktionieren-pickup-linien-tatsaechlich\/\" \/>\n<meta property=\"og:site_name\" content=\"Gateway Bewertungen\" \/>\n<meta property=\"article:modified_time\" content=\"2022-07-03T14:23:26+00:00\" \/>\n<meta name=\"author\" content=\"Gateway\" \/>\n<meta name=\"twitter:card\" content=\"summary_large_image\" \/>\n<meta name=\"twitter:label1\" content=\"Gesch\u00e4tzte Lesezeit\" \/>\n\t<meta name=\"twitter:data1\" content=\"2\u00a0Minuten\" \/>\n<script type=\"application\/ld+json\" class=\"yoast-schema-graph\">{\"@context\":\"https:\/\/schema.org\",\"@graph\":[{\"@type\":\"WebSite\",\"@id\":\"http:\/\/thisisnotagateway.net\/#website\",\"url\":\"http:\/\/thisisnotagateway.net\/\",\"name\":\"Gateway Bewertungen\",\"description\":\"Beziehung &amp; Dating Blog\",\"potentialAction\":[{\"@type\":\"SearchAction\",\"target\":{\"@type\":\"EntryPoint\",\"urlTemplate\":\"http:\/\/thisisnotagateway.net\/?s={search_term_string}\"},\"query-input\":\"required name=search_term_string\"}],\"inLanguage\":\"de\"},{\"@type\":\"WebPage\",\"@id\":\"https:\/\/thisisnotagateway.net\/de\/funktionieren-pickup-linien-tatsaechlich\/#webpage\",\"url\":\"https:\/\/thisisnotagateway.net\/de\/funktionieren-pickup-linien-tatsaechlich\/\",\"name\":\"Funktionieren Pickup-Linien tats\u00e4chlich? - Gateway Bewertungen\",\"isPartOf\":{\"@id\":\"http:\/\/thisisnotagateway.net\/#website\"},\"datePublished\":\"2022-07-03T13:34:30+00:00\",\"dateModified\":\"2022-07-03T14:23:26+00:00\",\"breadcrumb\":{\"@id\":\"https:\/\/thisisnotagateway.net\/de\/funktionieren-pickup-linien-tatsaechlich\/#breadcrumb\"},\"inLanguage\":\"de\",\"potentialAction\":[{\"@type\":\"ReadAction\",\"target\":[\"https:\/\/thisisnotagateway.net\/de\/funktionieren-pickup-linien-tatsaechlich\/\"]}]},{\"@type\":\"BreadcrumbList\",\"@id\":\"https:\/\/thisisnotagateway.net\/de\/funktionieren-pickup-linien-tatsaechlich\/#breadcrumb\",\"itemListElement\":[{\"@type\":\"ListItem\",\"position\":1,\"name\":\"Heim\",\"item\":\"http:\/\/thisisnotagateway.net\/de\/\"},{\"@type\":\"ListItem\",\"position\":2,\"name\":\"Funktionieren Pickup-Linien tats\u00e4chlich?\"}]}]}<\/script>\n<!-- \/ Yoast SEO plugin. -->","yoast_head_json":{"title":"Funktionieren Pickup-Linien tats\u00e4chlich? - Gateway Bewertungen","robots":{"index":"index","follow":"follow","max-snippet":"max-snippet:-1","max-image-preview":"max-image-preview:large","max-video-preview":"max-video-preview:-1"},"canonical":"https:\/\/thisisnotagateway.net\/de\/funktionieren-pickup-linien-tatsaechlich\/","og_locale":"de_DE","og_type":"article","og_title":"Funktionieren Pickup-Linien tats\u00e4chlich? - Gateway Bewertungen","og_description":"Pickup-Linien sind eine gro\u00dfartige M\u00f6glichkeit, Frauen abzuholen. Sie sind einfach, direkt und effektiv. Aber die meisten Jungs sind nicht sehr gut darin. Hier sind einige Tipps, die Ihnen helfen, Ihr Spiel zu verbessern. Erstens, \u00fcben. \u00dcbung macht den Meister. Pick-up-Linien sind eine F\u00e4higkeit, genau wie Golf oder Tennis. Je mehr du \u00fcbst, desto besser wirst du. Zweitens, seien Sie zuversichtlich. Selbstvertrauen ist sexy. Frauen reagieren auf Zuversicht. Und wenn Sie selbstbewusst sind, sind Sie attraktiver. Drittens, verwenden Sie Humor. Humor...Weiterlesen Weiterlesen","og_url":"https:\/\/thisisnotagateway.net\/de\/funktionieren-pickup-linien-tatsaechlich\/","og_site_name":"Gateway Bewertungen","article_modified_time":"2022-07-03T14:23:26+00:00","author":"Gateway","twitter_card":"summary_large_image","twitter_misc":{"Gesch\u00e4tzte Lesezeit":"2\u00a0Minuten"},"schema":{"@context":"https:\/\/schema.org","@graph":[{"@type":"WebSite","@id":"http:\/\/thisisnotagateway.net\/#website","url":"http:\/\/thisisnotagateway.net\/","name":"Gateway Bewertungen","description":"Beziehung &amp; Dating Blog","potentialAction":[{"@type":"SearchAction","target":{"@type":"EntryPoint","urlTemplate":"http:\/\/thisisnotagateway.net\/?s={search_term_string}"},"query-input":"required name=search_term_string"}],"inLanguage":"de"},{"@type":"WebPage","@id":"https:\/\/thisisnotagateway.net\/de\/funktionieren-pickup-linien-tatsaechlich\/#webpage","url":"https:\/\/thisisnotagateway.net\/de\/funktionieren-pickup-linien-tatsaechlich\/","name":"Funktionieren Pickup-Linien tats\u00e4chlich? - Gateway Bewertungen","isPartOf":{"@id":"http:\/\/thisisnotagateway.net\/#website"},"datePublished":"2022-07-03T13:34:30+00:00","dateModified":"2022-07-03T14:23:26+00:00","breadcrumb":{"@id":"https:\/\/thisisnotagateway.net\/de\/funktionieren-pickup-linien-tatsaechlich\/#breadcrumb"},"inLanguage":"de","potentialAction":[{"@type":"ReadAction","target":["https:\/\/thisisnotagateway.net\/de\/funktionieren-pickup-linien-tatsaechlich\/"]}]},{"@type":"BreadcrumbList","@id":"https:\/\/thisisnotagateway.net\/de\/funktionieren-pickup-linien-tatsaechlich\/#breadcrumb","itemListElement":[{"@type":"ListItem","position":1,"name":"Heim","item":"http:\/\/thisisnotagateway.net\/de\/"},{"@type":"ListItem","position":2,"name":"Funktionieren Pickup-Linien tats\u00e4chlich?"}]}]}},"_links":{"self":[{"href":"https:\/\/thisisnotagateway.net\/de\/wp-json\/wp\/v2\/pages\/229"}],"collection":[{"href":"https:\/\/thisisnotagateway.net\/de\/wp-json\/wp\/v2\/pages"}],"about":[{"href":"https:\/\/thisisnotagateway.net\/de\/wp-json\/wp\/v2\/types\/page"}],"author":[{"embeddable":true,"href":"https:\/\/thisisnotagateway.net\/de\/wp-json\/wp\/v2\/users\/1"}],"replies":[{"embeddable":true,"href":"https:\/\/thisisnotagateway.net\/de\/wp-json\/wp\/v2\/comments?post=229"}],"version-history":[{"count":2,"href":"https:\/\/thisisnotagateway.net\/de\/wp-json\/wp\/v2\/pages\/229\/revisions"}],"predecessor-version":[{"id":257,"href":"https:\/\/thisisnotagateway.net\/de\/wp-json\/wp\/v2\/pages\/229\/revisions\/257"}],"wp:attachment":[{"href":"https:\/\/thisisnotagateway.net\/de\/wp-json\/wp\/v2\/media?parent=229"}],"curies":[{"name":"wp","href":"https:\/\/api.w.org\/{rel}","templated":true}]}}