{"id":269,"date":"2022-07-03T13:31:58","date_gmt":"2022-07-03T12:31:58","guid":{"rendered":"http:\/\/thisisnotagateway.net\/gateway-der-einzige-dating-blog-den-sie-brauchen\/"},"modified":"2022-09-08T15:02:47","modified_gmt":"2022-09-08T14:02:47","slug":"gateway-der-einzige-dating-blog-den-sie-brauchen","status":"publish","type":"page","link":"https:\/\/thisisnotagateway.net\/de\/","title":{"rendered":"Gateway: Der einzige Dating-Blog, den Sie brauchen!"},"content":{"rendered":"\r\n<h2>Einen neuen Partner finden<\/h2>\r\n\r\n<p>Wenn du Single bist, hast du viel zu tun. Du bist jung, attraktiv, klug, lustig und hast einen tollen Job. Aber es gibt keine Notwendigkeit, sich mit jedem Kerl zufrieden zu geben. Finden Sie stattdessen einen Mann, der Ihre Interessen, Werte und Ziele teilt.<\/p>\r\n\r\n<p>Das bedeutet, einen Mann zu finden, der gerne Sport treibt, liest, reist und Spa\u00df hat. Und er sollte bereit sein, sein Leben mit dir zu teilen.<\/p>\r\n\r\n<p>Wenn Sie <a href=\"https:\/\/thisisnotagateway.net\/types-of-dating-apps\/\">nach einem neuen Partner suchen<\/a>, m\u00fcssen Sie offen daf\u00fcr sein, neue Leute kennenzulernen. Aber Sie m\u00fcssen auch darauf achten, nicht zu viel Zeit mit jemandem zu verschwenden, der nicht der Richtige f\u00fcr Sie ist. Deshalb ist es wichtig, viele Leute zu treffen. Je mehr Menschen du triffst, desto besser sind deine Chancen, einen kompatiblen Partner zu finden. Aber gehen Sie nicht einfach raus und treffen Sie alle. Verwenden Sie stattdessen Online-Dating-Sites, um Menschen zu finden, die \u00e4hnliche Interessen, Hobbys und Werte teilen. Auf diese Weise k\u00f6nnen Sie Ihre Suche eingrenzen und jeden eliminieren, der nicht Ihren Kriterien entspricht.<\/p>\r\n\r\n<p>Online-Dating-Sites sind gro\u00dfartig, weil sie es Ihnen erm\u00f6glichen, Tausende von Profilen <a href=\"http:\/\/www.private-sexanzeigen.org\/\">Private-Sexanzeigen.org<\/a> basierend auf Ihren Pr\u00e4ferenzen zu filtern. Au\u00dferdem k\u00f6nnen Sie problemlos mit anderen per E-Mail, Chat und Telefonanruf kommunizieren. Sobald du eine Person gefunden hast, mit der du dich verabreden m\u00f6chtest, stelle ihr Fragen \u00fcber dich selbst. Fragen Sie unter anderem nach Familie, Karriere, Hobbys und Werten.<\/p>\r\n\r\n<p>Dann, wenn du dich wohl genug f\u00fchlst, kannst du mit deiner Beziehung weitermachen. Online-Dating-Sites sind gro\u00dfartige Orte, um Singles zu treffen, die \u00e4hnliche Interessen teilen. Sie sind auch kostenlos, was sie perfekt f\u00fcr Anf\u00e4nger macht.<\/p>\r\n<div class=\"wp-block-image\">\r\n<figure class=\"aligncenter size-large is-resized\"><img loading=\"lazy\" src=\"http:\/\/thisisnotagateway.net&#10;\/wp-content\/uploads\/2022\/07\/casual-dating-online-apps-1024x734.jpeg\" alt=\"\" class=\"wp-image-59\" width=\"541\" height=\"387\" srcset=\"https:\/\/thisisnotagateway.net\/wp-content\/uploads\/2022\/07\/casual-dating-online-apps-1024x734.jpeg 1024w, https:\/\/thisisnotagateway.net\/wp-content\/uploads\/2022\/07\/casual-dating-online-apps-300x215.jpeg 300w, https:\/\/thisisnotagateway.net\/wp-content\/uploads\/2022\/07\/casual-dating-online-apps-768x550.jpeg 768w, https:\/\/thisisnotagateway.net\/wp-content\/uploads\/2022\/07\/casual-dating-online-apps-1536x1100.jpeg 1536w, https:\/\/thisisnotagateway.net\/wp-content\/uploads\/2022\/07\/casual-dating-online-apps-2048x1467.jpeg 2048w\" sizes=\"(max-width: 541px) 100vw, 541px\" \/><\/figure><\/div>\r\n<p>Wenn Sie es ernst meinen, Liebe zu finden, probieren Sie eine Website aus, die sowohl kostenlose als auch kostenpflichtige Mitgliedschaften anbietet. Wenn Sie nach einer Beziehung suchen, gibt es viele M\u00f6glichkeiten, einen neuen Partner zu treffen. Ein Weg ist durch Online-Dating-Websites. Ein anderer ist durch Freunde, Familie oder Kollegen. Ein weiterer ist durch Social-Media-Sites wie Facebook, Twitter, Instagram, LinkedIn usw. Online-Dating-Websites sind gro\u00dfartig, weil sie es Ihnen erm\u00f6glichen, nach potenziellen Partnern basierend auf Kriterien zu suchen, die f\u00fcr Sie am wichtigsten sind. Zum Beispiel k\u00f6nnen Sie nach einer langfristigen Beziehung, einem kurzfristigen Seitensprung oder einfach nur nach einem Anschluss suchen.<\/p>\r\n\r\n<p>Denken Sie bei der Suche nach einem Partner daran, dass Sie nur Online-Dating-Websites verwenden sollten, die speziell auf Ihre Bed\u00fcrfnisse zugeschnitten sind. Andernfalls k\u00f6nnten Sie am Ende Zeit und Geld f\u00fcr ein schlechtes Spiel verschwenden.<\/p>\r\n\r\n<h2>Sollten Sie mit dem Online-Dating beginnen?<\/h2>\r\n\r\n<p>Wenn du nach Liebe suchst, dann musst du dich da drau\u00dfen hinstellen. Beginnen Sie mit dem Beitritt zu Online-Dating-Sites wie Match.com, eHarmony, PlentyOfFish, Zoosk, OkCupid und Tinder. Sobald Sie eine Website gefunden haben, die f\u00fcr Sie geeignet ist, melden Sie sich an und erstellen Sie ein Profil. Verwenden Sie dann Ihr Profil, um nach \u00dcbereinstimmungen zu suchen.<\/p>\r\n\r\n<p>Wenn Sie ein Match finden, senden Sie ihm eine freundliche E-Mail, in der Sie sich vorstellen und ihn auf Kaffee oder Getr\u00e4nke bitten. Wenn sie ja sagen, nehmen Sie sie zum Abendessen oder zu Getr\u00e4nken mit. Dann fragen Sie sie noch einmal. Wiederholen Sie diesen Vorgang, bis Sie jemanden finden, der Sie gl\u00fccklich macht.<\/p>\r\n\r\n<p>Sobald Sie eine \u00dcbereinstimmung gefunden haben, stellen Sie ihm Fragen \u00fcber sich selbst. sk \u00fcber seine Hobbys, Lieblingsfilme, B\u00fccher, Musik und Orte, die er besuchen m\u00f6chte. Dann erz\u00e4hle ihm von dir. Erz\u00e4hlen Sie ihm von Ihren Leidenschaften, Tr\u00e4umen und Zielen. Vergessen Sie nicht, Bilder von sich selbst beizuf\u00fcgen. Je mehr Fotos Sie senden, desto besser.<\/p>\r\n\r\n<p>Und denken Sie daran, die meisten M\u00e4nner suchen nach einer langfristigen Beziehung, nicht nach einer Verbindung. Halten Sie die Dinge also langsam und stabil, bis Sie die richtige Person gefunden haben. Online-Dating ist kostenlos, aber nicht unbedingt einfach. Es braucht Geduld, Ausdauer und \u00dcbung, um einen kompatiblen Partner zu finden. Wenn Sie nach einer langfristigen Beziehung suchen, ist Online-Dating m\u00f6glicherweise das Richtige f\u00fcr Sie. Wenn Sie jedoch nur ein paar Freunde treffen m\u00f6chten, ist Online-Dating nicht der richtige Weg.<\/p>\r\n\r\n<p>Es gibt viele verschiedene Arten von Online-Dating-Sites, jede mit ihren eigenen einzigartigen Funktionen. Einige Websites erlauben es Mitgliedern, mit anderen zu chatten, w\u00e4hrend andere sie nur Nachrichten senden lassen. Einige Websites verlangen, dass Mitglieder monatliche Geb\u00fchren zahlen, w\u00e4hrend andere eine kostenlose Mitgliedschaft anbieten auf <a href=\"https:\/\/www.gay-sex-sites.com\/de\/\">gaysex sites<\/a>. Einige Websites verlangen, dass Mitglieder detaillierte Profile ausf\u00fcllen, w\u00e4hrend andere nach sehr wenigen Informationen fragen. Einige Websites sind ausschlie\u00dflich f\u00fcr Erwachsene gedacht, w\u00e4hrend andere auf Jugendliche ausgerichtet sind.<\/p>\r\n<div class=\"wp-block-image\">\r\n<figure class=\"aligncenter size-large is-resized\"><img loading=\"lazy\" src=\"http:\/\/thisisnotagateway.net&#10;\/wp-content\/uploads\/2022\/07\/why-dating-apps-work-1024x683.jpeg\" alt=\"\" class=\"wp-image-61\" width=\"394\" height=\"262\" srcset=\"https:\/\/thisisnotagateway.net\/wp-content\/uploads\/2022\/07\/why-dating-apps-work-1024x683.jpeg 1024w, https:\/\/thisisnotagateway.net\/wp-content\/uploads\/2022\/07\/why-dating-apps-work-300x200.jpeg 300w, https:\/\/thisisnotagateway.net\/wp-content\/uploads\/2022\/07\/why-dating-apps-work-768x512.jpeg 768w, https:\/\/thisisnotagateway.net\/wp-content\/uploads\/2022\/07\/why-dating-apps-work-1536x1024.jpeg 1536w, https:\/\/thisisnotagateway.net\/wp-content\/uploads\/2022\/07\/why-dating-apps-work-2048x1365.jpeg 2048w\" sizes=\"(max-width: 394px) 100vw, 394px\" \/><\/figure><\/div>\r\n<p>Ber\u00fccksichtigen Sie beim Vergleich von Websites die folgenden Faktoren:<\/p>\r\n\r\n<h3>Kosten<\/h3>\r\n\r\n<p>Einige Websites bieten eine kostenlose Mitgliedschaft an, w\u00e4hrend andere kostenpflichtige Mitgliedschaften erfordern. Auf kostenlosen Websites k\u00f6nnen Sie m\u00f6glicherweise nicht nach \u00dcbereinstimmungen suchen, die auf bestimmten Kriterien wie Alter, Standort oder Einkommensniveau basieren. Kostenpflichtige Websites enthalten in der Regel diese Optionen.<\/p>\r\n\r\n<h3>Funktionen<\/h3>\r\n\r\n<p>Auf einigen Websites k\u00f6nnen Benutzer nur Profile anzeigen, w\u00e4hrend Sie auf anderen Websites Nachrichten senden <a href=\"http:\/\/www.local-fuck.net\/de\/cuckold-chat\/\">cuckold chat<\/a> und mit anderen Mitgliedern chatten k\u00f6nnen. Auf einigen Websites k\u00f6nnen Sie Fotos hochladen, w\u00e4hrend andere Sie auf das Anzeigen von Fotos beschr\u00e4nken, die von anderen Mitgliedern hochgeladen wurden.<\/p>\r\n\r\n<h3>Sicherheit<\/h3>\r\n\r\n<p>Viele Websites verwenden Sicherheitsfragen, um Ihre Identit\u00e4t zu \u00fcberpr\u00fcfen, wenn Sie sich anmelden. Andere bitten Sie, pers\u00f6nliche Informationen wie Geburtstag, Adresse und Telefonnummer einzugeben. Stellen Sie sicher, dass die Website sichere Server und Verschl\u00fcsselungstechnologien verwendet, um Ihre pers\u00f6nlichen Daten zu sch\u00fctzen.<\/p>\r\n\r\n<h3>Benutzerfreundlichkeit<\/h3>\r\n\r\n<p>Einige Websites sind in erster Linie f\u00fcr Casual Dating konzipiert, w\u00e4hrend andere auf ernsthafte Beziehungen ausgerichtet sind. Schauen Sie sich die Bewertungen und das Feedback der Mitglieder an, um festzustellen, ob die Website auf Menschen ausgerichtet ist, die nach langfristigen Beziehungen oder nur nach Verbindungen suchen.<\/p>\r\n\r\n<h3>Social-Media-Integration<\/h3>\r\n\r\n<p>Integriert die Website Social-Networking-Tools wie Facebook und Twitter, um Ihnen zu helfen, sich mit anderen Mitgliedern zu verbinden?<\/p>\r\n\r\n<h3>Mobile Kompatibilit\u00e4t<\/h3>\r\n\r\n<p>Die meisten Websites funktionieren gut auf Desktops, aber einige unterst\u00fctzen keine mobilen Ger\u00e4te. Sie k\u00f6nnen jedoch weiterhin von Smartphones und Tablets aus auf die meisten Websites zugreifen.<\/p>\r\n\r\n<h2>Wie geht es weiter?<\/h2>\r\n\r\n<p>Sobald Sie Ihre Liste der <a href=\"https:\/\/thisisnotagateway.net\/do-pickup-lines-actually-work\/\">Online-Dating-Sites<\/a> eingegrenzt haben, besuchen Sie jede Website und notieren Sie sich ihre Vor- und Nachteile. Entscheiden Sie dann, welche Website Ihren Anforderungen am besten entspricht. Wenn Sie neu im Online-Dating sind, versuchen Sie, eine kostenlose Website f\u00fcr ein oder zwei Monate zu verwenden, um ein Gef\u00fchl daf\u00fcr zu bekommen, was f\u00fcr Sie funktioniert und was nicht. Sobald Sie eine Website gefunden haben, die Ihren Bed\u00fcrfnissen entspricht, zahlen Sie f\u00fcr eine Premium-Mitgliedschaft, um zus\u00e4tzliche Funktionen freizuschalten. Sie sollten Ihre Kreditkartenabrechnung im Auge behalten, nachdem Sie f\u00fcr eine Premium-Mitgliedschaft bezahlt haben. Stellen Sie sicher, dass Sie jedes wiederkehrende Abonnement k\u00fcndigen, wenn Sie es nicht mehr ben\u00f6tigen.<\/p>\r\n","protected":false},"excerpt":{"rendered":"<p>Einen neuen Partner finden Wenn du Single bist, hast du viel zu tun. Du bist jung, attraktiv, klug, lustig und hast einen tollen Job. Aber es gibt keine Notwendigkeit, sich mit jedem Kerl zufrieden zu geben. Finden Sie stattdessen einen Mann, der Ihre Interessen, Werte und Ziele teilt. Das bedeutet, einen Mann zu finden, der gerne Sport treibt, liest, reist und Spa\u00df hat. Und er sollte bereit sein, sein Leben mit dir zu teilen. Wenn Sie nach einem neuen Partner&#8230;<\/p>\n<p class=\"read-more\"><a class=\"btn btn-default\" href=\"https:\/\/thisisnotagateway.net\/de\/\">Weiterlesen<span class=\"screen-reader-text\"> Weiterlesen<\/span><\/a><\/p>\n","protected":false},"author":1,"featured_media":77,"parent":0,"menu_order":0,"comment_status":"closed","ping_status":"closed","template":"","meta":[],"yoast_head":"<!-- This site is optimized with the Yoast SEO plugin v19.2 - https:\/\/yoast.com\/wordpress\/plugins\/seo\/ -->\n<title>Gateway: Der einzige Dating-Blog, den Sie brauchen! - Gateway Bewertungen<\/title>\n<meta name=\"robots\" content=\"index, follow, max-snippet:-1, max-image-preview:large, max-video-preview:-1\" \/>\n<link rel=\"canonical\" href=\"https:\/\/thisisnotagateway.net\/de\/\" \/>\n<meta property=\"og:locale\" content=\"de_DE\" \/>\n<meta property=\"og:type\" content=\"article\" \/>\n<meta property=\"og:title\" content=\"Gateway: Der einzige Dating-Blog, den Sie brauchen! - Gateway Bewertungen\" \/>\n<meta property=\"og:description\" content=\"Einen neuen Partner finden Wenn du Single bist, hast du viel zu tun. Du bist jung, attraktiv, klug, lustig und hast einen tollen Job. Aber es gibt keine Notwendigkeit, sich mit jedem Kerl zufrieden zu geben. Finden Sie stattdessen einen Mann, der Ihre Interessen, Werte und Ziele teilt. Das bedeutet, einen Mann zu finden, der gerne Sport treibt, liest, reist und Spa\u00df hat. Und er sollte bereit sein, sein Leben mit dir zu teilen. Wenn Sie nach einem neuen Partner...Weiterlesen Weiterlesen\" \/>\n<meta property=\"og:url\" content=\"https:\/\/thisisnotagateway.net\/de\/\" \/>\n<meta property=\"og:site_name\" content=\"Gateway Bewertungen\" \/>\n<meta property=\"article:modified_time\" content=\"2022-09-08T14:02:47+00:00\" \/>\n<meta property=\"og:image\" content=\"http:\/\/thisisnotagateway.net\/wp-content\/uploads\/2022\/07\/online-hooup-apps-our-advice.jpeg\" \/>\n\t<meta property=\"og:image:width\" content=\"1125\" \/>\n\t<meta property=\"og:image:height\" content=\"750\" \/>\n\t<meta property=\"og:image:type\" content=\"image\/jpeg\" \/>\n<meta name=\"author\" content=\"Gateway\" \/>\n<meta name=\"twitter:card\" content=\"summary_large_image\" \/>\n<meta name=\"twitter:label1\" content=\"Gesch\u00e4tzte Lesezeit\" \/>\n\t<meta name=\"twitter:data1\" content=\"6\u00a0Minuten\" \/>\n<script type=\"application\/ld+json\" class=\"yoast-schema-graph\">{\"@context\":\"https:\/\/schema.org\",\"@graph\":[{\"@type\":\"WebSite\",\"@id\":\"http:\/\/thisisnotagateway.net\/#website\",\"url\":\"http:\/\/thisisnotagateway.net\/\",\"name\":\"Gateway Bewertungen\",\"description\":\"Beziehung &amp; Dating Blog\",\"potentialAction\":[{\"@type\":\"SearchAction\",\"target\":{\"@type\":\"EntryPoint\",\"urlTemplate\":\"http:\/\/thisisnotagateway.net\/?s={search_term_string}\"},\"query-input\":\"required name=search_term_string\"}],\"inLanguage\":\"de\"},{\"@type\":\"ImageObject\",\"inLanguage\":\"de\",\"@id\":\"https:\/\/thisisnotagateway.net\/de\/#primaryimage\",\"url\":\"https:\/\/thisisnotagateway.net\/wp-content\/uploads\/2022\/07\/online-hooup-apps-our-advice.jpeg\",\"contentUrl\":\"https:\/\/thisisnotagateway.net\/wp-content\/uploads\/2022\/07\/online-hooup-apps-our-advice.jpeg\",\"width\":1125,\"height\":750},{\"@type\":\"WebPage\",\"@id\":\"https:\/\/thisisnotagateway.net\/de\/#webpage\",\"url\":\"https:\/\/thisisnotagateway.net\/de\/\",\"name\":\"Gateway: Der einzige Dating-Blog, den Sie brauchen! - Gateway Bewertungen\",\"isPartOf\":{\"@id\":\"http:\/\/thisisnotagateway.net\/#website\"},\"primaryImageOfPage\":{\"@id\":\"https:\/\/thisisnotagateway.net\/de\/#primaryimage\"},\"datePublished\":\"2022-07-03T12:31:58+00:00\",\"dateModified\":\"2022-09-08T14:02:47+00:00\",\"breadcrumb\":{\"@id\":\"https:\/\/thisisnotagateway.net\/de\/#breadcrumb\"},\"inLanguage\":\"de\",\"potentialAction\":[{\"@type\":\"ReadAction\",\"target\":[\"https:\/\/thisisnotagateway.net\/de\/\"]}]},{\"@type\":\"BreadcrumbList\",\"@id\":\"https:\/\/thisisnotagateway.net\/de\/#breadcrumb\",\"itemListElement\":[{\"@type\":\"ListItem\",\"position\":1,\"name\":\"Heim\",\"item\":\"http:\/\/thisisnotagateway.net\/de\/\"},{\"@type\":\"ListItem\",\"position\":2,\"name\":\"Gateway: Der einzige Dating-Blog, den Sie brauchen!\"}]}]}<\/script>\n<!-- \/ Yoast SEO plugin. -->","yoast_head_json":{"title":"Gateway: Der einzige Dating-Blog, den Sie brauchen! - Gateway Bewertungen","robots":{"index":"index","follow":"follow","max-snippet":"max-snippet:-1","max-image-preview":"max-image-preview:large","max-video-preview":"max-video-preview:-1"},"canonical":"https:\/\/thisisnotagateway.net\/de\/","og_locale":"de_DE","og_type":"article","og_title":"Gateway: Der einzige Dating-Blog, den Sie brauchen! - Gateway Bewertungen","og_description":"Einen neuen Partner finden Wenn du Single bist, hast du viel zu tun. Du bist jung, attraktiv, klug, lustig und hast einen tollen Job. Aber es gibt keine Notwendigkeit, sich mit jedem Kerl zufrieden zu geben. Finden Sie stattdessen einen Mann, der Ihre Interessen, Werte und Ziele teilt. Das bedeutet, einen Mann zu finden, der gerne Sport treibt, liest, reist und Spa\u00df hat. Und er sollte bereit sein, sein Leben mit dir zu teilen. Wenn Sie nach einem neuen Partner...Weiterlesen Weiterlesen","og_url":"https:\/\/thisisnotagateway.net\/de\/","og_site_name":"Gateway Bewertungen","article_modified_time":"2022-09-08T14:02:47+00:00","og_image":[{"width":1125,"height":750,"url":"http:\/\/thisisnotagateway.net\/wp-content\/uploads\/2022\/07\/online-hooup-apps-our-advice.jpeg","type":"image\/jpeg"}],"author":"Gateway","twitter_card":"summary_large_image","twitter_misc":{"Gesch\u00e4tzte Lesezeit":"6\u00a0Minuten"},"schema":{"@context":"https:\/\/schema.org","@graph":[{"@type":"WebSite","@id":"http:\/\/thisisnotagateway.net\/#website","url":"http:\/\/thisisnotagateway.net\/","name":"Gateway Bewertungen","description":"Beziehung &amp; Dating Blog","potentialAction":[{"@type":"SearchAction","target":{"@type":"EntryPoint","urlTemplate":"http:\/\/thisisnotagateway.net\/?s={search_term_string}"},"query-input":"required name=search_term_string"}],"inLanguage":"de"},{"@type":"ImageObject","inLanguage":"de","@id":"https:\/\/thisisnotagateway.net\/de\/#primaryimage","url":"https:\/\/thisisnotagateway.net\/wp-content\/uploads\/2022\/07\/online-hooup-apps-our-advice.jpeg","contentUrl":"https:\/\/thisisnotagateway.net\/wp-content\/uploads\/2022\/07\/online-hooup-apps-our-advice.jpeg","width":1125,"height":750},{"@type":"WebPage","@id":"https:\/\/thisisnotagateway.net\/de\/#webpage","url":"https:\/\/thisisnotagateway.net\/de\/","name":"Gateway: Der einzige Dating-Blog, den Sie brauchen! - Gateway Bewertungen","isPartOf":{"@id":"http:\/\/thisisnotagateway.net\/#website"},"primaryImageOfPage":{"@id":"https:\/\/thisisnotagateway.net\/de\/#primaryimage"},"datePublished":"2022-07-03T12:31:58+00:00","dateModified":"2022-09-08T14:02:47+00:00","breadcrumb":{"@id":"https:\/\/thisisnotagateway.net\/de\/#breadcrumb"},"inLanguage":"de","potentialAction":[{"@type":"ReadAction","target":["https:\/\/thisisnotagateway.net\/de\/"]}]},{"@type":"BreadcrumbList","@id":"https:\/\/thisisnotagateway.net\/de\/#breadcrumb","itemListElement":[{"@type":"ListItem","position":1,"name":"Heim","item":"http:\/\/thisisnotagateway.net\/de\/"},{"@type":"ListItem","position":2,"name":"Gateway: Der einzige Dating-Blog, den Sie brauchen!"}]}]}},"_links":{"self":[{"href":"https:\/\/thisisnotagateway.net\/de\/wp-json\/wp\/v2\/pages\/269"}],"collection":[{"href":"https:\/\/thisisnotagateway.net\/de\/wp-json\/wp\/v2\/pages"}],"about":[{"href":"https:\/\/thisisnotagateway.net\/de\/wp-json\/wp\/v2\/types\/page"}],"author":[{"embeddable":true,"href":"https:\/\/thisisnotagateway.net\/de\/wp-json\/wp\/v2\/users\/1"}],"replies":[{"embeddable":true,"href":"https:\/\/thisisnotagateway.net\/de\/wp-json\/wp\/v2\/comments?post=269"}],"version-history":[{"count":4,"href":"https:\/\/thisisnotagateway.net\/de\/wp-json\/wp\/v2\/pages\/269\/revisions"}],"predecessor-version":[{"id":401,"href":"https:\/\/thisisnotagateway.net\/de\/wp-json\/wp\/v2\/pages\/269\/revisions\/401"}],"wp:featuredmedia":[{"embeddable":true,"href":"https:\/\/thisisnotagateway.net\/de\/wp-json\/wp\/v2\/media\/77"}],"wp:attachment":[{"href":"https:\/\/thisisnotagateway.net\/de\/wp-json\/wp\/v2\/media?parent=269"}],"curies":[{"name":"wp","href":"https:\/\/api.w.org\/{rel}","templated":true}]}}