{"id":142,"date":"2022-07-03T15:10:07","date_gmt":"2022-07-03T14:10:07","guid":{"rendered":"http:\/\/thisisnotagateway.net\/encontrar-una-coincidencia\/"},"modified":"2022-07-03T15:10:07","modified_gmt":"2022-07-03T14:10:07","slug":"encontrar-una-coincidencia","status":"publish","type":"page","link":"https:\/\/thisisnotagateway.net\/es\/encontrar-una-coincidencia\/","title":{"rendered":"\u00bfEncontrar una coincidencia?"},"content":{"rendered":"<p>Las conexiones son encuentros divertidos y casuales entre dos personas que no est\u00e1n necesariamente interesadas en nada serio. Es f\u00e1cil conocer a alguien a trav\u00e9s de conexiones, y si est\u00e1s abierto a probar cosas nuevas, podr\u00eda conducir a una relaci\u00f3n a largo plazo.<\/p>\n<p>A menudo se usan como un trampol\u00edn para relaciones m\u00e1s serias. Las conexiones son populares entre los solteros que buscan sexo r\u00e1pido, las parejas que buscan una aventura y los adultos mayores que buscan compa\u00f1\u00eda.<\/p>\n<p><img loading=\"lazy\" class=\"aligncenter size-large wp-image-111\" src=\"http:\/\/thisisnotagateway.net\/wp-content\/uploads\/2022\/07\/chat-apps-1024x660.jpg\" alt=\"\" width=\"640\" height=\"413\" srcset=\"https:\/\/thisisnotagateway.net\/wp-content\/uploads\/2022\/07\/chat-apps-1024x660.jpg 1024w, https:\/\/thisisnotagateway.net\/wp-content\/uploads\/2022\/07\/chat-apps-300x193.jpg 300w, https:\/\/thisisnotagateway.net\/wp-content\/uploads\/2022\/07\/chat-apps-768x495.jpg 768w, https:\/\/thisisnotagateway.net\/wp-content\/uploads\/2022\/07\/chat-apps-1536x990.jpg 1536w, https:\/\/thisisnotagateway.net\/wp-content\/uploads\/2022\/07\/chat-apps-2048x1320.jpg 2048w, https:\/\/thisisnotagateway.net\/wp-content\/uploads\/2022\/07\/chat-apps-419x270.jpg 419w\" sizes=\"(max-width: 640px) 100vw, 640px\" \/><\/p>\n<h2>C\u00f3mo puede usar las citas en l\u00ednea para encontrar una pareja<\/h2>\n<p>Una vez que <a href=\"http:\/\/thisisnotagateway.net\/es\/aplicaciones-de-conexion-populares-que-funcionan-para-el-sexo\/\">encuentre una coincidencia<\/a>, puede chatear en l\u00ednea o enviar mensajes a trav\u00e9s de la aplicaci\u00f3n. Algunas aplicaciones te permiten configurar una fecha, mientras que otras solo te permiten intercambiar informaci\u00f3n de contacto. Si decide usar una aplicaci\u00f3n de citas, tenga cuidado de no dar demasiada informaci\u00f3n personal. Esto incluye cosas como su nombre completo, direcci\u00f3n, n\u00famero de tel\u00e9fono, direcci\u00f3n de correo electr\u00f3nico y perfiles de redes sociales. Adem\u00e1s, tenga en cuenta que algunas aplicaciones de citas pueden pedirle que pague una tarifa de suscripci\u00f3n mensual. Entonces, si planea usar una aplicaci\u00f3n de citas regularmente, considere registrarse para obtener una membres\u00eda paga.<\/p>\n<p>Si encuentra un lugar de conexi\u00f3n local que se adapte a sus necesidades, aseg\u00farese de vestirse adecuadamente. No uses ropa demasiado reveladora, porque nunca sabes cu\u00e1ndo te encontrar\u00e1s con alguien que conoces. Adem\u00e1s, evite usar joyas caras, ya que es posible que no pueda pagarlas m\u00e1s tarde. Cuando conozca a alguien en un lugar de conexi\u00f3n local por primera vez, h\u00e1gales algunas preguntas. Pregunte sobre su edad, sexo, orientaci\u00f3n sexual, estado civil y cualquier otra informaci\u00f3n que necesite para determinar si esta persona es adecuada para usted.<\/p>\n<p>No olvides tomar fotos de ti mismo y de la persona que est\u00e1s conociendo. De esta manera, tendr\u00e1s una prueba de tu encuentro en caso de que las cosas vayan hacia el sur. Una vez que encuentres a alguien con quien te gustar\u00eda conectarte, env\u00edale un mensaje. D\u00edgales d\u00f3nde se encuentra y preg\u00fanteles si est\u00e1n interesados en reunirse.<\/p>\n<p>Si dicen que s\u00ed, organice una hora y un lugar para reunirse. Sin embargo, no esperes demasiado. El sexo casual se trata principalmente de bajarse, no de construir una relaci\u00f3n duradera. Y recuerda, el sexo casual no es para todos. Ten cuidado y no te lastimes.<\/p>\n<p>Las conexiones son encuentros casuales entre dos extra\u00f1os que se conocen en l\u00ednea. Por lo general, son relaciones a corto plazo donde no hay compromiso o apego emocional. Son geniales porque son r\u00e1pidos, gratuitos y f\u00e1ciles de encontrar. Pero no son para todos. Las conexiones no son para personas que buscan relaciones a largo plazo o matrimonio.<\/p>\n<h3>Si necesitas m\u00e1s asesoramiento<\/h3>\n<p>Nuestro mayor activo son nuestros usuarios. Escuchamos atentamente lo que todos ustedes tienen que decir y nos esforzamos continuamente por mantener sus necesidades a la vanguardia de nuestros esfuerzos de desarrollo. \u00a1Ustedes nos ayudan a dar forma al futuro de nuestro sitio y realmente lo apreciamos! As\u00ed que aqu\u00ed hay algunos consejos para aquellos que son nuevos en la escena. Si tienes alguna pregunta sobre cualquier cosa relacionada con <a href=\"http:\/\/thisisnotagateway.net\/es\/encuentre-una-relacion-con-facilidad\/\">encontrar un amigo de mierda<\/a>, solo preg\u00fantala y te responderemos r\u00e1pidamente.<\/p>\n","protected":false},"excerpt":{"rendered":"<p>Las conexiones son encuentros divertidos y casuales entre dos personas que no est\u00e1n necesariamente interesadas en nada serio. Es f\u00e1cil conocer a alguien a trav\u00e9s de conexiones, y si est\u00e1s abierto a probar cosas nuevas, podr\u00eda conducir a una relaci\u00f3n a largo plazo. A menudo se usan como un trampol\u00edn para relaciones m\u00e1s serias. Las conexiones son populares entre los solteros que buscan sexo r\u00e1pido, las parejas que buscan una aventura y los adultos mayores que buscan compa\u00f1\u00eda. C\u00f3mo puede&#8230;<\/p>\n<p class=\"read-more\"><a class=\"btn btn-default\" href=\"https:\/\/thisisnotagateway.net\/es\/encontrar-una-coincidencia\/\"> Leer m\u00e1s<span class=\"screen-reader-text\">  Leer m\u00e1s<\/span><\/a><\/p>\n","protected":false},"author":1,"featured_media":0,"parent":0,"menu_order":0,"comment_status":"closed","ping_status":"closed","template":"","meta":[],"yoast_head":"<!-- This site is optimized with the Yoast SEO plugin v19.2 - https:\/\/yoast.com\/wordpress\/plugins\/seo\/ -->\n<title>\u00bfEncontrar una coincidencia? - Rese\u00f1as de Gateway<\/title>\n<meta name=\"robots\" content=\"index, follow, max-snippet:-1, max-image-preview:large, max-video-preview:-1\" \/>\n<link rel=\"canonical\" href=\"https:\/\/thisisnotagateway.net\/es\/encontrar-una-coincidencia\/\" \/>\n<meta property=\"og:locale\" content=\"es_ES\" \/>\n<meta property=\"og:type\" content=\"article\" \/>\n<meta property=\"og:title\" content=\"\u00bfEncontrar una coincidencia? - Rese\u00f1as de Gateway\" \/>\n<meta property=\"og:description\" content=\"Las conexiones son encuentros divertidos y casuales entre dos personas que no est\u00e1n necesariamente interesadas en nada serio. Es f\u00e1cil conocer a alguien a trav\u00e9s de conexiones, y si est\u00e1s abierto a probar cosas nuevas, podr\u00eda conducir a una relaci\u00f3n a largo plazo. A menudo se usan como un trampol\u00edn para relaciones m\u00e1s serias. Las conexiones son populares entre los solteros que buscan sexo r\u00e1pido, las parejas que buscan una aventura y los adultos mayores que buscan compa\u00f1\u00eda. C\u00f3mo puede... Leer m\u00e1s Leer m\u00e1s\" \/>\n<meta property=\"og:url\" content=\"https:\/\/thisisnotagateway.net\/es\/encontrar-una-coincidencia\/\" \/>\n<meta property=\"og:site_name\" content=\"Rese\u00f1as de Gateway\" \/>\n<meta property=\"og:image\" content=\"http:\/\/thisisnotagateway.net\/wp-content\/uploads\/2022\/07\/chat-apps-1024x660.jpg\" \/>\n<meta name=\"author\" content=\"Gateway\" \/>\n<meta name=\"twitter:card\" content=\"summary_large_image\" \/>\n<meta name=\"twitter:label1\" content=\"Tiempo de lectura\" \/>\n\t<meta name=\"twitter:data1\" content=\"3 minutos\" \/>\n<script type=\"application\/ld+json\" class=\"yoast-schema-graph\">{\"@context\":\"https:\/\/schema.org\",\"@graph\":[{\"@type\":\"WebSite\",\"@id\":\"http:\/\/thisisnotagateway.net\/#website\",\"url\":\"http:\/\/thisisnotagateway.net\/\",\"name\":\"Rese\u00f1as de Gateway\",\"description\":\"Blog de Relaciones y Citas\",\"potentialAction\":[{\"@type\":\"SearchAction\",\"target\":{\"@type\":\"EntryPoint\",\"urlTemplate\":\"http:\/\/thisisnotagateway.net\/?s={search_term_string}\"},\"query-input\":\"required name=search_term_string\"}],\"inLanguage\":\"es\"},{\"@type\":\"ImageObject\",\"inLanguage\":\"es\",\"@id\":\"https:\/\/thisisnotagateway.net\/es\/encontrar-una-coincidencia\/#primaryimage\",\"url\":\"https:\/\/thisisnotagateway.net\/wp-content\/uploads\/2022\/07\/chat-apps.jpg\",\"contentUrl\":\"https:\/\/thisisnotagateway.net\/wp-content\/uploads\/2022\/07\/chat-apps.jpg\",\"width\":2327,\"height\":1500},{\"@type\":\"WebPage\",\"@id\":\"https:\/\/thisisnotagateway.net\/es\/encontrar-una-coincidencia\/#webpage\",\"url\":\"https:\/\/thisisnotagateway.net\/es\/encontrar-una-coincidencia\/\",\"name\":\"\u00bfEncontrar una coincidencia? - Rese\u00f1as de Gateway\",\"isPartOf\":{\"@id\":\"http:\/\/thisisnotagateway.net\/#website\"},\"primaryImageOfPage\":{\"@id\":\"https:\/\/thisisnotagateway.net\/es\/encontrar-una-coincidencia\/#primaryimage\"},\"datePublished\":\"2022-07-03T14:10:07+00:00\",\"dateModified\":\"2022-07-03T14:10:07+00:00\",\"breadcrumb\":{\"@id\":\"https:\/\/thisisnotagateway.net\/es\/encontrar-una-coincidencia\/#breadcrumb\"},\"inLanguage\":\"es\",\"potentialAction\":[{\"@type\":\"ReadAction\",\"target\":[\"https:\/\/thisisnotagateway.net\/es\/encontrar-una-coincidencia\/\"]}]},{\"@type\":\"BreadcrumbList\",\"@id\":\"https:\/\/thisisnotagateway.net\/es\/encontrar-una-coincidencia\/#breadcrumb\",\"itemListElement\":[{\"@type\":\"ListItem\",\"position\":1,\"name\":\"Hogar\",\"item\":\"http:\/\/thisisnotagateway.net\/es\/\"},{\"@type\":\"ListItem\",\"position\":2,\"name\":\"\u00bfEncontrar una coincidencia?\"}]}]}<\/script>\n<!-- \/ Yoast SEO plugin. -->","yoast_head_json":{"title":"\u00bfEncontrar una coincidencia? - Rese\u00f1as de Gateway","robots":{"index":"index","follow":"follow","max-snippet":"max-snippet:-1","max-image-preview":"max-image-preview:large","max-video-preview":"max-video-preview:-1"},"canonical":"https:\/\/thisisnotagateway.net\/es\/encontrar-una-coincidencia\/","og_locale":"es_ES","og_type":"article","og_title":"\u00bfEncontrar una coincidencia? - Rese\u00f1as de Gateway","og_description":"Las conexiones son encuentros divertidos y casuales entre dos personas que no est\u00e1n necesariamente interesadas en nada serio. Es f\u00e1cil conocer a alguien a trav\u00e9s de conexiones, y si est\u00e1s abierto a probar cosas nuevas, podr\u00eda conducir a una relaci\u00f3n a largo plazo. A menudo se usan como un trampol\u00edn para relaciones m\u00e1s serias. Las conexiones son populares entre los solteros que buscan sexo r\u00e1pido, las parejas que buscan una aventura y los adultos mayores que buscan compa\u00f1\u00eda. C\u00f3mo puede... Leer m\u00e1s Leer m\u00e1s","og_url":"https:\/\/thisisnotagateway.net\/es\/encontrar-una-coincidencia\/","og_site_name":"Rese\u00f1as de Gateway","og_image":[{"url":"http:\/\/thisisnotagateway.net\/wp-content\/uploads\/2022\/07\/chat-apps-1024x660.jpg"}],"author":"Gateway","twitter_card":"summary_large_image","twitter_misc":{"Tiempo de lectura":"3 minutos"},"schema":{"@context":"https:\/\/schema.org","@graph":[{"@type":"WebSite","@id":"http:\/\/thisisnotagateway.net\/#website","url":"http:\/\/thisisnotagateway.net\/","name":"Rese\u00f1as de Gateway","description":"Blog de Relaciones y Citas","potentialAction":[{"@type":"SearchAction","target":{"@type":"EntryPoint","urlTemplate":"http:\/\/thisisnotagateway.net\/?s={search_term_string}"},"query-input":"required name=search_term_string"}],"inLanguage":"es"},{"@type":"ImageObject","inLanguage":"es","@id":"https:\/\/thisisnotagateway.net\/es\/encontrar-una-coincidencia\/#primaryimage","url":"https:\/\/thisisnotagateway.net\/wp-content\/uploads\/2022\/07\/chat-apps.jpg","contentUrl":"https:\/\/thisisnotagateway.net\/wp-content\/uploads\/2022\/07\/chat-apps.jpg","width":2327,"height":1500},{"@type":"WebPage","@id":"https:\/\/thisisnotagateway.net\/es\/encontrar-una-coincidencia\/#webpage","url":"https:\/\/thisisnotagateway.net\/es\/encontrar-una-coincidencia\/","name":"\u00bfEncontrar una coincidencia? - Rese\u00f1as de Gateway","isPartOf":{"@id":"http:\/\/thisisnotagateway.net\/#website"},"primaryImageOfPage":{"@id":"https:\/\/thisisnotagateway.net\/es\/encontrar-una-coincidencia\/#primaryimage"},"datePublished":"2022-07-03T14:10:07+00:00","dateModified":"2022-07-03T14:10:07+00:00","breadcrumb":{"@id":"https:\/\/thisisnotagateway.net\/es\/encontrar-una-coincidencia\/#breadcrumb"},"inLanguage":"es","potentialAction":[{"@type":"ReadAction","target":["https:\/\/thisisnotagateway.net\/es\/encontrar-una-coincidencia\/"]}]},{"@type":"BreadcrumbList","@id":"https:\/\/thisisnotagateway.net\/es\/encontrar-una-coincidencia\/#breadcrumb","itemListElement":[{"@type":"ListItem","position":1,"name":"Hogar","item":"http:\/\/thisisnotagateway.net\/es\/"},{"@type":"ListItem","position":2,"name":"\u00bfEncontrar una coincidencia?"}]}]}},"_links":{"self":[{"href":"https:\/\/thisisnotagateway.net\/es\/wp-json\/wp\/v2\/pages\/142"}],"collection":[{"href":"https:\/\/thisisnotagateway.net\/es\/wp-json\/wp\/v2\/pages"}],"about":[{"href":"https:\/\/thisisnotagateway.net\/es\/wp-json\/wp\/v2\/types\/page"}],"author":[{"embeddable":true,"href":"https:\/\/thisisnotagateway.net\/es\/wp-json\/wp\/v2\/users\/1"}],"replies":[{"embeddable":true,"href":"https:\/\/thisisnotagateway.net\/es\/wp-json\/wp\/v2\/comments?post=142"}],"version-history":[{"count":0,"href":"https:\/\/thisisnotagateway.net\/es\/wp-json\/wp\/v2\/pages\/142\/revisions"}],"wp:attachment":[{"href":"https:\/\/thisisnotagateway.net\/es\/wp-json\/wp\/v2\/media?parent=142"}],"curies":[{"name":"wp","href":"https:\/\/api.w.org\/{rel}","templated":true}]}}