{"id":185,"date":"2022-07-03T15:06:46","date_gmt":"2022-07-03T14:06:46","guid":{"rendered":"http:\/\/thisisnotagateway.net\/encuentre-una-relacion-con-facilidad\/"},"modified":"2022-07-20T15:27:35","modified_gmt":"2022-07-20T14:27:35","slug":"encuentre-una-relacion-con-facilidad","status":"publish","type":"page","link":"https:\/\/thisisnotagateway.net\/es\/encuentre-una-relacion-con-facilidad\/","title":{"rendered":"Encuentre una relaci\u00f3n con facilidad"},"content":{"rendered":"<p>Las conexiones casuales a menudo son solo eso: casuales. As\u00ed que si no tienes suerte, no te preocupes. Simplemente pasa al siguiente lugar.<\/p>\n<p>Las conexiones son encuentros casuales entre dos extra\u00f1os que se conocen en l\u00ednea. Por lo general <a href=\"https:\/\/www.thedatingadvisor.com\/es\/sexting-local-gratuito\/\">sexting gratis<\/a>, son de corta duraci\u00f3n y no est\u00e1n destinados a conducir a una relaci\u00f3n. Sin embargo, las conexiones pueden ser divertidas y emocionantes, especialmente cuando no hay compromiso involucrado. Las conexiones a menudo se describen como \u00absexo casual\u00bb.<\/p>\n<p>Si desea encontrar una relaci\u00f3n, debe considerar seguir nuestro blog si desea conocer a una chica por amor en lugar de algo casual.<\/p>\n<p><img loading=\"lazy\" class=\"aligncenter size-large wp-image-109\" src=\"http:\/\/thisisnotagateway.net\/wp-content\/uploads\/2022\/07\/reviews-for-dating-1024x683.jpeg\" alt=\"\" width=\"640\" height=\"427\" srcset=\"https:\/\/thisisnotagateway.net\/wp-content\/uploads\/2022\/07\/reviews-for-dating-1024x683.jpeg 1024w, https:\/\/thisisnotagateway.net\/wp-content\/uploads\/2022\/07\/reviews-for-dating-300x200.jpeg 300w, https:\/\/thisisnotagateway.net\/wp-content\/uploads\/2022\/07\/reviews-for-dating-768x512.jpeg 768w, https:\/\/thisisnotagateway.net\/wp-content\/uploads\/2022\/07\/reviews-for-dating-1536x1024.jpeg 1536w, https:\/\/thisisnotagateway.net\/wp-content\/uploads\/2022\/07\/reviews-for-dating-2048x1365.jpeg 2048w, https:\/\/thisisnotagateway.net\/wp-content\/uploads\/2022\/07\/reviews-for-dating-405x270.jpeg 405w\" sizes=\"(max-width: 640px) 100vw, 640px\" \/><\/p>\n<p>Las aplicaciones de citas son servicios en l\u00ednea que ayudan a <a href=\"http:\/\/thisisnotagateway.net\/es\/aplicaciones-de-conexion-populares-que-funcionan-para-el-sexo\/\">emparejar solteros en funci\u00f3n de la ubicaci\u00f3n<\/a>, los intereses, la edad, el g\u00e9nero y otros factores. Son excelentes para encontrar citas, amigos y <a href=\"http:\/\/thisisnotagateway.net\/es\/craigslist-personales\/\">parejas sexuales casuales<\/a>. Hay muchas aplicaciones de citas disponibles en la actualidad, incluidas Tinder, Bumble, Happn, OkCupid, Grindr y otras. Cada aplicaci\u00f3n tiene sus propias caracter\u00edsticas \u00fanicas, pero todas funcionan de manera similar. Para averiguar qu\u00e9 aplicaci\u00f3n de citas funciona mejor para usted, pru\u00e9belas y vea cu\u00e1l se siente m\u00e1s c\u00f3moda. Luego, use la informaci\u00f3n que aprenda para mejorar sus posibilidades de conocer a alguien especial.<\/p>\n<h2>C\u00f3mo puede encontrar un socio<\/h2>\n<p>Si est\u00e1s buscando una relaci\u00f3n, entonces deber\u00edas estar buscando una pareja. La asociaci\u00f3n requiere confianza, comunicaci\u00f3n y compatibilidad. Para encontrar un compa\u00f1ero, debes exponerte y buscarlo activamente. Esto significa establecer contactos, conocer gente en eventos, unirse a grupos, etc.<\/p>\n<p>Cuando encuentras a una persona compatible, necesitas comunicarte lo suficientemente bien como para construir <a href=\"https:\/\/www.adultsexsites.org\/es\/sitios-de-chat-de-sexo-gratuitos\/\">chats de sexo<\/a> una conexi\u00f3n fuerte. Entonces necesitas estar dispuesto a comprometerte y trabajar juntos para crear una relaci\u00f3n saludable. Si est\u00e1 interesado en encontrar un socio, entonces debe considerar convertirse en miembro de un grupo local de solteros. Estos grupos a menudo se organizan a trav\u00e9s de iglesias, centros comunitarios o clubes sociales.<\/p>\n<p>Hay muchos beneficios de ser miembro de un grupo de solteros. Primero, podr\u00e1s conectarte con otras personas que comparten intereses y valores similares. En segundo lugar, podr\u00e1s encontrar pareja m\u00e1s r\u00e1pido que si estuvieras solo. En tercer lugar, podr\u00e1 obtener consejos de otros miembros que han estado en el mismo camino. Finalmente, podr\u00e1s unirte a una comunidad de personas que se apoyan mutuamente y se animan mutuamente. Entonces, si quieres encontrar un compa\u00f1ero, \u00a1\u00fanete a un grupo de solteros hoy!<\/p>\n<h3>\u00bfCu\u00e1l es la mejor manera de conocer gente en l\u00ednea?<\/h3>\n<p>Las aplicaciones de citas son sitios web donde los solteros se conocen. Por lo general, son gratuitos, pero algunos requieren una tarifa para usarlos.<\/p>\n<p>Hay muchas aplicaciones de citas disponibles en la actualidad, incluidas Tinder, <a href=\"http:\/\/www.sextchat.net\/es\/revision-de-nutaku-hentai\/\">Nutaku Hentai<\/a>, Hinge, 2Fuck y XXXHookups. Cada aplicaci\u00f3n funciona de manera diferente, pero la mayor\u00eda permite a los usuarios buscar coincidencias en funci\u00f3n de la ubicaci\u00f3n, la edad, el g\u00e9nero, los intereses y otros criterios.<\/p>\n<p>Es por eso que recomiendo encontrar una relaci\u00f3n a largo plazo en su lugar. Las relaciones a largo plazo requieren tiempo y esfuerzo, pero valen la pena. Son divertidos, gratificantes y satisfactorios. Y conducen al matrimonio y a los hijos. Para encontrar un socio a largo plazo, debe ser selectivo. No te conformes con nadie que no sea adecuado para ti. En su lugar, sigue buscando hasta que encuentres a alguien que te haga sentir emocionado y feliz. Entonces, sigue buscando de nuevo.<\/p>\n<p>\u00a1Ahora, sal y encu\u00e9ntrala!<\/p>\n","protected":false},"excerpt":{"rendered":"<p>Las conexiones casuales a menudo son solo eso: casuales. As\u00ed que si no tienes suerte, no te preocupes. Simplemente pasa al siguiente lugar. Las conexiones son encuentros casuales entre dos extra\u00f1os que se conocen en l\u00ednea. Por lo general sexting gratis, son de corta duraci\u00f3n y no est\u00e1n destinados a conducir a una relaci\u00f3n. Sin embargo, las conexiones pueden ser divertidas y emocionantes, especialmente cuando no hay compromiso involucrado. Las conexiones a menudo se describen como \u00absexo casual\u00bb. Si desea&#8230;<\/p>\n<p class=\"read-more\"><a class=\"btn btn-default\" href=\"https:\/\/thisisnotagateway.net\/es\/encuentre-una-relacion-con-facilidad\/\"> Leer m\u00e1s<span class=\"screen-reader-text\">  Leer m\u00e1s<\/span><\/a><\/p>\n","protected":false},"author":1,"featured_media":0,"parent":0,"menu_order":0,"comment_status":"closed","ping_status":"closed","template":"","meta":[],"yoast_head":"<!-- This site is optimized with the Yoast SEO plugin v19.2 - https:\/\/yoast.com\/wordpress\/plugins\/seo\/ -->\n<title>Encuentre una relaci\u00f3n con facilidad - Rese\u00f1as de Gateway<\/title>\n<meta name=\"robots\" content=\"index, follow, max-snippet:-1, max-image-preview:large, max-video-preview:-1\" \/>\n<link rel=\"canonical\" href=\"https:\/\/thisisnotagateway.net\/es\/encuentre-una-relacion-con-facilidad\/\" \/>\n<meta property=\"og:locale\" content=\"es_ES\" \/>\n<meta property=\"og:type\" content=\"article\" \/>\n<meta property=\"og:title\" content=\"Encuentre una relaci\u00f3n con facilidad - Rese\u00f1as de Gateway\" \/>\n<meta property=\"og:description\" content=\"Las conexiones casuales a menudo son solo eso: casuales. As\u00ed que si no tienes suerte, no te preocupes. Simplemente pasa al siguiente lugar. Las conexiones son encuentros casuales entre dos extra\u00f1os que se conocen en l\u00ednea. Por lo general sexting gratis, son de corta duraci\u00f3n y no est\u00e1n destinados a conducir a una relaci\u00f3n. Sin embargo, las conexiones pueden ser divertidas y emocionantes, especialmente cuando no hay compromiso involucrado. Las conexiones a menudo se describen como \u00absexo casual\u00bb. Si desea... Leer m\u00e1s Leer m\u00e1s\" \/>\n<meta property=\"og:url\" content=\"https:\/\/thisisnotagateway.net\/es\/encuentre-una-relacion-con-facilidad\/\" \/>\n<meta property=\"og:site_name\" content=\"Rese\u00f1as de Gateway\" \/>\n<meta property=\"article:modified_time\" content=\"2022-07-20T14:27:35+00:00\" \/>\n<meta property=\"og:image\" content=\"http:\/\/thisisnotagateway.net\/wp-content\/uploads\/2022\/07\/reviews-for-dating-1024x683.jpeg\" \/>\n<meta name=\"author\" content=\"Gateway\" \/>\n<meta name=\"twitter:card\" content=\"summary_large_image\" \/>\n<meta name=\"twitter:label1\" content=\"Tiempo de lectura\" \/>\n\t<meta name=\"twitter:data1\" content=\"3 minutos\" \/>\n<script type=\"application\/ld+json\" class=\"yoast-schema-graph\">{\"@context\":\"https:\/\/schema.org\",\"@graph\":[{\"@type\":\"WebSite\",\"@id\":\"http:\/\/thisisnotagateway.net\/#website\",\"url\":\"http:\/\/thisisnotagateway.net\/\",\"name\":\"Rese\u00f1as de Gateway\",\"description\":\"Blog de Relaciones y Citas\",\"potentialAction\":[{\"@type\":\"SearchAction\",\"target\":{\"@type\":\"EntryPoint\",\"urlTemplate\":\"http:\/\/thisisnotagateway.net\/?s={search_term_string}\"},\"query-input\":\"required name=search_term_string\"}],\"inLanguage\":\"es\"},{\"@type\":\"ImageObject\",\"inLanguage\":\"es\",\"@id\":\"https:\/\/thisisnotagateway.net\/es\/encuentre-una-relacion-con-facilidad\/#primaryimage\",\"url\":\"https:\/\/thisisnotagateway.net\/wp-content\/uploads\/2022\/07\/reviews-for-dating.jpeg\",\"contentUrl\":\"https:\/\/thisisnotagateway.net\/wp-content\/uploads\/2022\/07\/reviews-for-dating.jpeg\",\"width\":2250,\"height\":1500},{\"@type\":\"WebPage\",\"@id\":\"https:\/\/thisisnotagateway.net\/es\/encuentre-una-relacion-con-facilidad\/#webpage\",\"url\":\"https:\/\/thisisnotagateway.net\/es\/encuentre-una-relacion-con-facilidad\/\",\"name\":\"Encuentre una relaci\u00f3n con facilidad - Rese\u00f1as de Gateway\",\"isPartOf\":{\"@id\":\"http:\/\/thisisnotagateway.net\/#website\"},\"primaryImageOfPage\":{\"@id\":\"https:\/\/thisisnotagateway.net\/es\/encuentre-una-relacion-con-facilidad\/#primaryimage\"},\"datePublished\":\"2022-07-03T14:06:46+00:00\",\"dateModified\":\"2022-07-20T14:27:35+00:00\",\"breadcrumb\":{\"@id\":\"https:\/\/thisisnotagateway.net\/es\/encuentre-una-relacion-con-facilidad\/#breadcrumb\"},\"inLanguage\":\"es\",\"potentialAction\":[{\"@type\":\"ReadAction\",\"target\":[\"https:\/\/thisisnotagateway.net\/es\/encuentre-una-relacion-con-facilidad\/\"]}]},{\"@type\":\"BreadcrumbList\",\"@id\":\"https:\/\/thisisnotagateway.net\/es\/encuentre-una-relacion-con-facilidad\/#breadcrumb\",\"itemListElement\":[{\"@type\":\"ListItem\",\"position\":1,\"name\":\"Hogar\",\"item\":\"http:\/\/thisisnotagateway.net\/es\/\"},{\"@type\":\"ListItem\",\"position\":2,\"name\":\"Encuentre una relaci\u00f3n con facilidad\"}]}]}<\/script>\n<!-- \/ Yoast SEO plugin. -->","yoast_head_json":{"title":"Encuentre una relaci\u00f3n con facilidad - Rese\u00f1as de Gateway","robots":{"index":"index","follow":"follow","max-snippet":"max-snippet:-1","max-image-preview":"max-image-preview:large","max-video-preview":"max-video-preview:-1"},"canonical":"https:\/\/thisisnotagateway.net\/es\/encuentre-una-relacion-con-facilidad\/","og_locale":"es_ES","og_type":"article","og_title":"Encuentre una relaci\u00f3n con facilidad - Rese\u00f1as de Gateway","og_description":"Las conexiones casuales a menudo son solo eso: casuales. As\u00ed que si no tienes suerte, no te preocupes. Simplemente pasa al siguiente lugar. Las conexiones son encuentros casuales entre dos extra\u00f1os que se conocen en l\u00ednea. Por lo general sexting gratis, son de corta duraci\u00f3n y no est\u00e1n destinados a conducir a una relaci\u00f3n. Sin embargo, las conexiones pueden ser divertidas y emocionantes, especialmente cuando no hay compromiso involucrado. Las conexiones a menudo se describen como \u00absexo casual\u00bb. Si desea... Leer m\u00e1s Leer m\u00e1s","og_url":"https:\/\/thisisnotagateway.net\/es\/encuentre-una-relacion-con-facilidad\/","og_site_name":"Rese\u00f1as de Gateway","article_modified_time":"2022-07-20T14:27:35+00:00","og_image":[{"url":"http:\/\/thisisnotagateway.net\/wp-content\/uploads\/2022\/07\/reviews-for-dating-1024x683.jpeg"}],"author":"Gateway","twitter_card":"summary_large_image","twitter_misc":{"Tiempo de lectura":"3 minutos"},"schema":{"@context":"https:\/\/schema.org","@graph":[{"@type":"WebSite","@id":"http:\/\/thisisnotagateway.net\/#website","url":"http:\/\/thisisnotagateway.net\/","name":"Rese\u00f1as de Gateway","description":"Blog de Relaciones y Citas","potentialAction":[{"@type":"SearchAction","target":{"@type":"EntryPoint","urlTemplate":"http:\/\/thisisnotagateway.net\/?s={search_term_string}"},"query-input":"required name=search_term_string"}],"inLanguage":"es"},{"@type":"ImageObject","inLanguage":"es","@id":"https:\/\/thisisnotagateway.net\/es\/encuentre-una-relacion-con-facilidad\/#primaryimage","url":"https:\/\/thisisnotagateway.net\/wp-content\/uploads\/2022\/07\/reviews-for-dating.jpeg","contentUrl":"https:\/\/thisisnotagateway.net\/wp-content\/uploads\/2022\/07\/reviews-for-dating.jpeg","width":2250,"height":1500},{"@type":"WebPage","@id":"https:\/\/thisisnotagateway.net\/es\/encuentre-una-relacion-con-facilidad\/#webpage","url":"https:\/\/thisisnotagateway.net\/es\/encuentre-una-relacion-con-facilidad\/","name":"Encuentre una relaci\u00f3n con facilidad - Rese\u00f1as de Gateway","isPartOf":{"@id":"http:\/\/thisisnotagateway.net\/#website"},"primaryImageOfPage":{"@id":"https:\/\/thisisnotagateway.net\/es\/encuentre-una-relacion-con-facilidad\/#primaryimage"},"datePublished":"2022-07-03T14:06:46+00:00","dateModified":"2022-07-20T14:27:35+00:00","breadcrumb":{"@id":"https:\/\/thisisnotagateway.net\/es\/encuentre-una-relacion-con-facilidad\/#breadcrumb"},"inLanguage":"es","potentialAction":[{"@type":"ReadAction","target":["https:\/\/thisisnotagateway.net\/es\/encuentre-una-relacion-con-facilidad\/"]}]},{"@type":"BreadcrumbList","@id":"https:\/\/thisisnotagateway.net\/es\/encuentre-una-relacion-con-facilidad\/#breadcrumb","itemListElement":[{"@type":"ListItem","position":1,"name":"Hogar","item":"http:\/\/thisisnotagateway.net\/es\/"},{"@type":"ListItem","position":2,"name":"Encuentre una relaci\u00f3n con facilidad"}]}]}},"_links":{"self":[{"href":"https:\/\/thisisnotagateway.net\/es\/wp-json\/wp\/v2\/pages\/185"}],"collection":[{"href":"https:\/\/thisisnotagateway.net\/es\/wp-json\/wp\/v2\/pages"}],"about":[{"href":"https:\/\/thisisnotagateway.net\/es\/wp-json\/wp\/v2\/types\/page"}],"author":[{"embeddable":true,"href":"https:\/\/thisisnotagateway.net\/es\/wp-json\/wp\/v2\/users\/1"}],"replies":[{"embeddable":true,"href":"https:\/\/thisisnotagateway.net\/es\/wp-json\/wp\/v2\/comments?post=185"}],"version-history":[{"count":1,"href":"https:\/\/thisisnotagateway.net\/es\/wp-json\/wp\/v2\/pages\/185\/revisions"}],"predecessor-version":[{"id":377,"href":"https:\/\/thisisnotagateway.net\/es\/wp-json\/wp\/v2\/pages\/185\/revisions\/377"}],"wp:attachment":[{"href":"https:\/\/thisisnotagateway.net\/es\/wp-json\/wp\/v2\/media?parent=185"}],"curies":[{"name":"wp","href":"https:\/\/api.w.org\/{rel}","templated":true}]}}