{"id":204,"date":"2022-07-03T15:00:39","date_gmt":"2022-07-03T14:00:39","guid":{"rendered":"http:\/\/thisisnotagateway.net\/aplicaciones-de-conexion-populares-que-funcionan-para-el-sexo\/"},"modified":"2022-07-20T15:23:05","modified_gmt":"2022-07-20T14:23:05","slug":"aplicaciones-de-conexion-populares-que-funcionan-para-el-sexo","status":"publish","type":"page","link":"https:\/\/thisisnotagateway.net\/es\/aplicaciones-de-conexion-populares-que-funcionan-para-el-sexo\/","title":{"rendered":"Aplicaciones de conexi\u00f3n populares que funcionan para el sexo"},"content":{"rendered":"<p>Si est\u00e1 interesado en las conexiones, debe tener en cuenta algunos hechos importantes. Dicho esto, las conexiones <a href=\"https:\/\/www.hookup-now.com\/pt-pt\/sites-fetiches\/\">sites de fetiche<\/a> son una excelente manera de averiguar si hay qu\u00edmica entre usted y otra persona. Entonces, si est\u00e1 soltero y busca una aventura o una relaci\u00f3n a largo plazo, considere conocer a alguien a trav\u00e9s de un sitio de conexi\u00f3n.<\/p>\n<p>Las conexiones son excelentes porque son r\u00e1pidas, baratas y sin complicaciones. Pero no son ideales porque suelen terminar mal.<\/p>\n<p><img loading=\"lazy\" class=\"aligncenter size-large wp-image-104\" src=\"http:\/\/thisisnotagateway.net\/wp-content\/uploads\/2022\/07\/local-chat-apps-1024x683.jpeg\" alt=\"\" width=\"640\" height=\"427\" srcset=\"https:\/\/thisisnotagateway.net\/wp-content\/uploads\/2022\/07\/local-chat-apps-1024x683.jpeg 1024w, https:\/\/thisisnotagateway.net\/wp-content\/uploads\/2022\/07\/local-chat-apps-300x200.jpeg 300w, https:\/\/thisisnotagateway.net\/wp-content\/uploads\/2022\/07\/local-chat-apps-768x512.jpeg 768w, https:\/\/thisisnotagateway.net\/wp-content\/uploads\/2022\/07\/local-chat-apps-1536x1024.jpeg 1536w, https:\/\/thisisnotagateway.net\/wp-content\/uploads\/2022\/07\/local-chat-apps-2048x1365.jpeg 2048w, https:\/\/thisisnotagateway.net\/wp-content\/uploads\/2022\/07\/local-chat-apps-405x270.jpeg 405w\" sizes=\"(max-width: 640px) 100vw, 640px\" \/><\/p>\n<h3>Craigslist<\/h3>\n<p><a href=\"http:\/\/thisisnotagateway.net\/es\/craigslist-personales\/\">Craigslist es un sitio de clasificados en l\u00ednea<\/a>. Puede buscar en millones de anuncios, publicar un anuncio usted mismo o navegar por los listados de otros usuarios. Si est\u00e1 buscando un trabajo, tambi\u00e9n puede publicar una vacante directamente en el sitio web. Es gratis enumerar los art\u00edculos y no hay tarifas para responder. La mayor\u00eda de los anuncios se publican al menos una vez por semana. Los usuarios pueden ponerse en contacto entre s\u00ed a trav\u00e9s de mensajer\u00eda privada, mensajer\u00eda instant\u00e1nea, llamada telef\u00f3nica o chat de video.<\/p>\n<p>Muchos de los que usaron el sitio web dijeron que eventualmente se encontraron <a href=\"https:\/\/www.fuck-buddies.net\/es\/sitios-de-sexting-gratis-para-obtener-desnudos\/\">sexting gratis<\/a> en relaciones serias. Algunos de ellos nunca antes hab\u00edan salido con alguien del mismo sexo. Muchos miembros LGBTQ dijeron que sent\u00edan que esto era una alternativa al estigma de conocer gente en la vida real, porque no necesitaban preocuparse por el rechazo. Otros lo usaban para conocer a personas que compart\u00edan intereses similares con ellos. Pero muchos tambi\u00e9n dijeron que lo usaban para encontrar encuentros sexuales casuales.<\/p>\n<h3>Ashley Madison<\/h3>\n<p>Ashley Madison es un <a href=\"http:\/\/thisisnotagateway.net\/es\/encuentre-una-relacion-con-facilidad\/\">servicio de citas en l\u00ednea<\/a> que permite a los usuarios conectarse con otros solteros que buscan relaciones discretas. El sitio web ofrece a sus miembros un entorno seguro donde pueden compartir su informaci\u00f3n personal sin dejar de mantener su anonimato. No se hacen preguntas sobre orientaci\u00f3n sexual, religi\u00f3n, raza, etnia, edad o preferencia de g\u00e9nero al registrarse en el sitio. Mientras no est\u00e9 casado actualmente, no hay restricciones en el n\u00famero de perfiles que puede crear. Si bien hay muchas maneras de buscar en la base de datos, el mejor m\u00e9todo depender\u00e1 del tipo de coincidencia que est\u00e9 buscando.<\/p>\n<h3>Lista doble<\/h3>\n<p>Doublelist es un gran lugar para conocer gente de todos los <a href=\"http:\/\/thisisnotagateway.net\/es\/encontrar-una-coincidencia\/\">tipos diferentes<\/a>. Aqu\u00ed encontrar\u00e1s muchas personas heterosexuales, gays, bi, lesbianas, trans, queer, pervertidas, poliamorosas, etc. Si est\u00e1 buscando algo espec\u00edfico, simplemente busque lo que le interesa. Tambi\u00e9n hay una secci\u00f3n llamada \u00abExplorar\u00bb donde puede navegar por los perfiles de otros usuarios.<\/p>\n<p>El sitio ofrece una gran cantidad de funciones de b\u00fasqueda y opciones de chat. Puede filtrar sus b\u00fasquedas por ubicaci\u00f3n, edad, g\u00e9nero, etnia, intereses, orientaci\u00f3n sexual, religi\u00f3n, ocupaci\u00f3n e ingresos. El sitio verifica a los nuevos miembros por tel\u00e9fono, pero debe estar ubicado en Canad\u00e1, el Reino Unido, los Estados Unidos o Australia para poder registrarse. Nos encanta c\u00f3mo el sitio protege a los usuarios contra estafadores y perfiles falsos. Esto significa que no tendr\u00e1 que perder el tiempo preocup\u00e1ndose por estafas o perfiles falsos al usar Match.com.<\/p>\n<h3>Buscador de amigos adultos<\/h3>\n<p>AFF es un sitio web de citas para adultos. No es un sitio de citas per se <a href=\"https:\/\/www.sextchat.net\/es\/sitios-de-voyeur-cams-en-vivo\/\">voyeur cams<\/a>, sino m\u00e1s bien un servicio de citas que ayuda a los usuarios a conectarse con otros usuarios. Si est\u00e1 buscando conocer a alguien discretamente, entonces definitivamente vale la pena echarle un vistazo a AFF. Hay muchas maneras diferentes de utilizar los servicios ofrecidos por AFF. Puede navegar a trav\u00e9s de perfiles, enviar mensajes, ver fotos e incluso chatear con miembros. Todas estas caracter\u00edsticas son completamente gratuitas.<\/p>\n<p>Sin embargo, si desea actualizar su cuenta, hay varios niveles disponibles. Por ejemplo, las cuentas premium le permiten ver los perfiles de los miembros sin anuncios, mientras que las cuentas platinum ofrecen beneficios adicionales. Estos incluyen capacidades de mensajer\u00eda adicionales, acceso a contenido exclusivo y mayor privacidad.<\/p>\n","protected":false},"excerpt":{"rendered":"<p>Si est\u00e1 interesado en las conexiones, debe tener en cuenta algunos hechos importantes. Dicho esto, las conexiones sites de fetiche son una excelente manera de averiguar si hay qu\u00edmica entre usted y otra persona. Entonces, si est\u00e1 soltero y busca una aventura o una relaci\u00f3n a largo plazo, considere conocer a alguien a trav\u00e9s de un sitio de conexi\u00f3n. Las conexiones son excelentes porque son r\u00e1pidas, baratas y sin complicaciones. Pero no son ideales porque suelen terminar mal. Craigslist Craigslist&#8230;<\/p>\n<p class=\"read-more\"><a class=\"btn btn-default\" href=\"https:\/\/thisisnotagateway.net\/es\/aplicaciones-de-conexion-populares-que-funcionan-para-el-sexo\/\"> Leer m\u00e1s<span class=\"screen-reader-text\">  Leer m\u00e1s<\/span><\/a><\/p>\n","protected":false},"author":1,"featured_media":0,"parent":0,"menu_order":0,"comment_status":"closed","ping_status":"closed","template":"","meta":[],"yoast_head":"<!-- This site is optimized with the Yoast SEO plugin v19.2 - https:\/\/yoast.com\/wordpress\/plugins\/seo\/ -->\n<title>Aplicaciones de conexi\u00f3n populares que funcionan para el sexo - Rese\u00f1as de Gateway<\/title>\n<meta name=\"robots\" content=\"index, follow, max-snippet:-1, max-image-preview:large, max-video-preview:-1\" \/>\n<link rel=\"canonical\" href=\"https:\/\/thisisnotagateway.net\/es\/aplicaciones-de-conexion-populares-que-funcionan-para-el-sexo\/\" \/>\n<meta property=\"og:locale\" content=\"es_ES\" \/>\n<meta property=\"og:type\" content=\"article\" \/>\n<meta property=\"og:title\" content=\"Aplicaciones de conexi\u00f3n populares que funcionan para el sexo - Rese\u00f1as de Gateway\" \/>\n<meta property=\"og:description\" content=\"Si est\u00e1 interesado en las conexiones, debe tener en cuenta algunos hechos importantes. Dicho esto, las conexiones sites de fetiche son una excelente manera de averiguar si hay qu\u00edmica entre usted y otra persona. Entonces, si est\u00e1 soltero y busca una aventura o una relaci\u00f3n a largo plazo, considere conocer a alguien a trav\u00e9s de un sitio de conexi\u00f3n. Las conexiones son excelentes porque son r\u00e1pidas, baratas y sin complicaciones. Pero no son ideales porque suelen terminar mal. Craigslist Craigslist... Leer m\u00e1s Leer m\u00e1s\" \/>\n<meta property=\"og:url\" content=\"https:\/\/thisisnotagateway.net\/es\/aplicaciones-de-conexion-populares-que-funcionan-para-el-sexo\/\" \/>\n<meta property=\"og:site_name\" content=\"Rese\u00f1as de Gateway\" \/>\n<meta property=\"article:modified_time\" content=\"2022-07-20T14:23:05+00:00\" \/>\n<meta property=\"og:image\" content=\"http:\/\/thisisnotagateway.net\/wp-content\/uploads\/2022\/07\/local-chat-apps-1024x683.jpeg\" \/>\n<meta name=\"author\" content=\"Gateway\" \/>\n<meta name=\"twitter:card\" content=\"summary_large_image\" \/>\n<meta name=\"twitter:label1\" content=\"Tiempo de lectura\" \/>\n\t<meta name=\"twitter:data1\" content=\"3 minutos\" \/>\n<script type=\"application\/ld+json\" class=\"yoast-schema-graph\">{\"@context\":\"https:\/\/schema.org\",\"@graph\":[{\"@type\":\"WebSite\",\"@id\":\"http:\/\/thisisnotagateway.net\/#website\",\"url\":\"http:\/\/thisisnotagateway.net\/\",\"name\":\"Rese\u00f1as de Gateway\",\"description\":\"Blog de Relaciones y Citas\",\"potentialAction\":[{\"@type\":\"SearchAction\",\"target\":{\"@type\":\"EntryPoint\",\"urlTemplate\":\"http:\/\/thisisnotagateway.net\/?s={search_term_string}\"},\"query-input\":\"required name=search_term_string\"}],\"inLanguage\":\"es\"},{\"@type\":\"ImageObject\",\"inLanguage\":\"es\",\"@id\":\"https:\/\/thisisnotagateway.net\/es\/aplicaciones-de-conexion-populares-que-funcionan-para-el-sexo\/#primaryimage\",\"url\":\"https:\/\/thisisnotagateway.net\/wp-content\/uploads\/2022\/07\/local-chat-apps.jpeg\",\"contentUrl\":\"https:\/\/thisisnotagateway.net\/wp-content\/uploads\/2022\/07\/local-chat-apps.jpeg\",\"width\":2250,\"height\":1500},{\"@type\":\"WebPage\",\"@id\":\"https:\/\/thisisnotagateway.net\/es\/aplicaciones-de-conexion-populares-que-funcionan-para-el-sexo\/#webpage\",\"url\":\"https:\/\/thisisnotagateway.net\/es\/aplicaciones-de-conexion-populares-que-funcionan-para-el-sexo\/\",\"name\":\"Aplicaciones de conexi\u00f3n populares que funcionan para el sexo - Rese\u00f1as de Gateway\",\"isPartOf\":{\"@id\":\"http:\/\/thisisnotagateway.net\/#website\"},\"primaryImageOfPage\":{\"@id\":\"https:\/\/thisisnotagateway.net\/es\/aplicaciones-de-conexion-populares-que-funcionan-para-el-sexo\/#primaryimage\"},\"datePublished\":\"2022-07-03T14:00:39+00:00\",\"dateModified\":\"2022-07-20T14:23:05+00:00\",\"breadcrumb\":{\"@id\":\"https:\/\/thisisnotagateway.net\/es\/aplicaciones-de-conexion-populares-que-funcionan-para-el-sexo\/#breadcrumb\"},\"inLanguage\":\"es\",\"potentialAction\":[{\"@type\":\"ReadAction\",\"target\":[\"https:\/\/thisisnotagateway.net\/es\/aplicaciones-de-conexion-populares-que-funcionan-para-el-sexo\/\"]}]},{\"@type\":\"BreadcrumbList\",\"@id\":\"https:\/\/thisisnotagateway.net\/es\/aplicaciones-de-conexion-populares-que-funcionan-para-el-sexo\/#breadcrumb\",\"itemListElement\":[{\"@type\":\"ListItem\",\"position\":1,\"name\":\"Hogar\",\"item\":\"http:\/\/thisisnotagateway.net\/es\/\"},{\"@type\":\"ListItem\",\"position\":2,\"name\":\"Aplicaciones de conexi\u00f3n populares que funcionan para el sexo\"}]}]}<\/script>\n<!-- \/ Yoast SEO plugin. -->","yoast_head_json":{"title":"Aplicaciones de conexi\u00f3n populares que funcionan para el sexo - Rese\u00f1as de Gateway","robots":{"index":"index","follow":"follow","max-snippet":"max-snippet:-1","max-image-preview":"max-image-preview:large","max-video-preview":"max-video-preview:-1"},"canonical":"https:\/\/thisisnotagateway.net\/es\/aplicaciones-de-conexion-populares-que-funcionan-para-el-sexo\/","og_locale":"es_ES","og_type":"article","og_title":"Aplicaciones de conexi\u00f3n populares que funcionan para el sexo - Rese\u00f1as de Gateway","og_description":"Si est\u00e1 interesado en las conexiones, debe tener en cuenta algunos hechos importantes. Dicho esto, las conexiones sites de fetiche son una excelente manera de averiguar si hay qu\u00edmica entre usted y otra persona. Entonces, si est\u00e1 soltero y busca una aventura o una relaci\u00f3n a largo plazo, considere conocer a alguien a trav\u00e9s de un sitio de conexi\u00f3n. Las conexiones son excelentes porque son r\u00e1pidas, baratas y sin complicaciones. Pero no son ideales porque suelen terminar mal. Craigslist Craigslist... Leer m\u00e1s Leer m\u00e1s","og_url":"https:\/\/thisisnotagateway.net\/es\/aplicaciones-de-conexion-populares-que-funcionan-para-el-sexo\/","og_site_name":"Rese\u00f1as de Gateway","article_modified_time":"2022-07-20T14:23:05+00:00","og_image":[{"url":"http:\/\/thisisnotagateway.net\/wp-content\/uploads\/2022\/07\/local-chat-apps-1024x683.jpeg"}],"author":"Gateway","twitter_card":"summary_large_image","twitter_misc":{"Tiempo de lectura":"3 minutos"},"schema":{"@context":"https:\/\/schema.org","@graph":[{"@type":"WebSite","@id":"http:\/\/thisisnotagateway.net\/#website","url":"http:\/\/thisisnotagateway.net\/","name":"Rese\u00f1as de Gateway","description":"Blog de Relaciones y Citas","potentialAction":[{"@type":"SearchAction","target":{"@type":"EntryPoint","urlTemplate":"http:\/\/thisisnotagateway.net\/?s={search_term_string}"},"query-input":"required name=search_term_string"}],"inLanguage":"es"},{"@type":"ImageObject","inLanguage":"es","@id":"https:\/\/thisisnotagateway.net\/es\/aplicaciones-de-conexion-populares-que-funcionan-para-el-sexo\/#primaryimage","url":"https:\/\/thisisnotagateway.net\/wp-content\/uploads\/2022\/07\/local-chat-apps.jpeg","contentUrl":"https:\/\/thisisnotagateway.net\/wp-content\/uploads\/2022\/07\/local-chat-apps.jpeg","width":2250,"height":1500},{"@type":"WebPage","@id":"https:\/\/thisisnotagateway.net\/es\/aplicaciones-de-conexion-populares-que-funcionan-para-el-sexo\/#webpage","url":"https:\/\/thisisnotagateway.net\/es\/aplicaciones-de-conexion-populares-que-funcionan-para-el-sexo\/","name":"Aplicaciones de conexi\u00f3n populares que funcionan para el sexo - Rese\u00f1as de Gateway","isPartOf":{"@id":"http:\/\/thisisnotagateway.net\/#website"},"primaryImageOfPage":{"@id":"https:\/\/thisisnotagateway.net\/es\/aplicaciones-de-conexion-populares-que-funcionan-para-el-sexo\/#primaryimage"},"datePublished":"2022-07-03T14:00:39+00:00","dateModified":"2022-07-20T14:23:05+00:00","breadcrumb":{"@id":"https:\/\/thisisnotagateway.net\/es\/aplicaciones-de-conexion-populares-que-funcionan-para-el-sexo\/#breadcrumb"},"inLanguage":"es","potentialAction":[{"@type":"ReadAction","target":["https:\/\/thisisnotagateway.net\/es\/aplicaciones-de-conexion-populares-que-funcionan-para-el-sexo\/"]}]},{"@type":"BreadcrumbList","@id":"https:\/\/thisisnotagateway.net\/es\/aplicaciones-de-conexion-populares-que-funcionan-para-el-sexo\/#breadcrumb","itemListElement":[{"@type":"ListItem","position":1,"name":"Hogar","item":"http:\/\/thisisnotagateway.net\/es\/"},{"@type":"ListItem","position":2,"name":"Aplicaciones de conexi\u00f3n populares que funcionan para el sexo"}]}]}},"_links":{"self":[{"href":"https:\/\/thisisnotagateway.net\/es\/wp-json\/wp\/v2\/pages\/204"}],"collection":[{"href":"https:\/\/thisisnotagateway.net\/es\/wp-json\/wp\/v2\/pages"}],"about":[{"href":"https:\/\/thisisnotagateway.net\/es\/wp-json\/wp\/v2\/types\/page"}],"author":[{"embeddable":true,"href":"https:\/\/thisisnotagateway.net\/es\/wp-json\/wp\/v2\/users\/1"}],"replies":[{"embeddable":true,"href":"https:\/\/thisisnotagateway.net\/es\/wp-json\/wp\/v2\/comments?post=204"}],"version-history":[{"count":1,"href":"https:\/\/thisisnotagateway.net\/es\/wp-json\/wp\/v2\/pages\/204\/revisions"}],"predecessor-version":[{"id":373,"href":"https:\/\/thisisnotagateway.net\/es\/wp-json\/wp\/v2\/pages\/204\/revisions\/373"}],"wp:attachment":[{"href":"https:\/\/thisisnotagateway.net\/es\/wp-json\/wp\/v2\/media?parent=204"}],"curies":[{"name":"wp","href":"https:\/\/api.w.org\/{rel}","templated":true}]}}