{"id":206,"date":"2022-07-03T14:56:03","date_gmt":"2022-07-03T13:56:03","guid":{"rendered":"http:\/\/thisisnotagateway.net\/craigslist-personales\/"},"modified":"2022-09-08T17:18:41","modified_gmt":"2022-09-08T16:18:41","slug":"craigslist-personales","status":"publish","type":"page","link":"https:\/\/thisisnotagateway.net\/es\/craigslist-personales\/","title":{"rendered":"Craigslist Personales"},"content":{"rendered":"<p>\u00bfEst\u00e1s buscando una manera f\u00e1cil de conocer a alguien especial? \u00bfSientes que te est\u00e1s perdiendo algo en tu vida? Tal vez solo necesites un poco de diversi\u00f3n y emoci\u00f3n en tu vida amorosa. Los servicios de citas en l\u00ednea pueden parecer una gran idea al principio, pero no todos saben lo que realmente implican.<\/p>\n<p>Hay muchos tipos diferentes de sitios de citas en l\u00ednea por ah\u00ed <a href=\"https:\/\/www.sextchat.net\/es\/sitios-de-camaras-gratis\/\">camaras de sexo gratis<\/a>, cada uno atendiendo a un tipo particular de relaci\u00f3n.<\/p>\n<p>Algunos sitios atienden a relaciones a largo plazo, mientras que otros se centran en <a href=\"http:\/\/thisisnotagateway.net\/es\/encontrar-una-coincidencia\/\">aventuras a corto plazo<\/a>. Sin embargo, una cosa es cierta: si est\u00e1 buscando una relaci\u00f3n seria, entonces probablemente deba unirse a un sitio que atienda espec\u00edficamente a ese prop\u00f3sito.<\/p>\n<p><img loading=\"lazy\" class=\"aligncenter size-full wp-image-107\" src=\"http:\/\/thisisnotagateway.net\/wp-content\/uploads\/2022\/07\/craigslist-personals-sites-min.jpg\" alt=\"\" width=\"700\" height=\"330\" srcset=\"https:\/\/thisisnotagateway.net\/wp-content\/uploads\/2022\/07\/craigslist-personals-sites-min.jpg 700w, https:\/\/thisisnotagateway.net\/wp-content\/uploads\/2022\/07\/craigslist-personals-sites-min-300x141.jpg 300w, https:\/\/thisisnotagateway.net\/wp-content\/uploads\/2022\/07\/craigslist-personals-sites-min-573x270.jpg 573w\" sizes=\"(max-width: 700px) 100vw, 700px\" \/><\/p>\n<h2>\u00bfCu\u00e1les son las alternativas para los clasificados personales?<\/h2>\n<p>Despu\u00e9s del cierre de Craigslist Personals, muchas personas han perdido <a href=\"https:\/\/wank.io\/es\/sitios-gratuitos-de-cam-2-cam\/\">cam2cam<\/a> la esperanza de encontrar el amor en l\u00ednea. Hay muchos otros sitios web de citas disponibles, pero tener numerosas opciones puede ser abrumador. Decidimos tomarnos el tiempo y la libertad de crear una gu\u00eda completa de los mejores equivalentes de Craigslist Personales a los que tambi\u00e9n puede recurrir cuando busca experiencias de citas casuales, conexiones y cualquier cosa intermedia.<\/p>\n<p>Craigslist Personals fue un sitio de clasificados en l\u00ednea que comenz\u00f3 en 1995. Ten\u00eda una gran base de usuarios y fue uno de los primeros servicios en permitir a los usuarios publicar anuncios de forma gratuita. Los usuarios pueden enumerar art\u00edculos como muebles, autom\u00f3viles, trabajos, mascotas, bienes ra\u00edces, etc. Tuvo mucho \u00e9xito hasta que cerr\u00f3 en 2018. Ahora hay muchos otros sitios web disponibles para ayudar a los usuarios a encontrar una cita o conexi\u00f3n. <a href=\"http:\/\/thisisnotagateway.net\/es\/encuentre-una-relacion-con-facilidad\/\">Sitios web como Tinder<\/a>, Bumble, OkCupid, PlentyOfFish, Match y otros ofrecen caracter\u00edsticas similares a Craigslist Personals, pero no son tan grandes.<\/p>\n<p>Craigslist es un sitio web de clasificados que permite a los usuarios <a href=\"https:\/\/www.milfcougar.net\/es\/juegos-porno-gratis-sin-registrarse\/\">juegos porno sin registro<\/a> publicar art\u00edculos para la venta o alquiler. Mientras que muchas personas lo usan para vender sus cosas viejas, otros lo usan para conocer gente. Sin embargo, hay algunos inconvenientes en el uso de Craigslist. Por ejemplo, si est\u00e1 buscando sexo casual, Craigslist podr\u00eda no ser el mejor lugar para ir. Adem\u00e1s, Craigslist no permite a los usuarios buscar tipos espec\u00edficos de socios. Si est\u00e1 buscando algo serio, tendr\u00e1 que buscar en otro lugar.<\/p>\n<p>Si te gustan las conexiones casuales con personas casadas, AshleyMadison es el mejor lugar para ir. Es un sitio web de citas donde los casados y las personas en relaciones comprometidas pueden reunirse para asuntos discretos. Aunque hay muchos otros sitios de citas para el mismo prop\u00f3sito, las personas que buscan citas casuales y conexiones a menudo enfrentan el estigma cuando intentan salir con parejas casadas y comprometidas. Afortunadamente, Ashley Madison cambi\u00f3 por completo todo eso. Ahora, si est\u00e1s buscando citas casuales y sexo con personas casadas, nunca volver\u00e1s a tener problemas.<\/p>\n","protected":false},"excerpt":{"rendered":"<p>\u00bfEst\u00e1s buscando una manera f\u00e1cil de conocer a alguien especial? \u00bfSientes que te est\u00e1s perdiendo algo en tu vida? Tal vez solo necesites un poco de diversi\u00f3n y emoci\u00f3n en tu vida amorosa. Los servicios de citas en l\u00ednea pueden parecer una gran idea al principio, pero no todos saben lo que realmente implican. Hay muchos tipos diferentes de sitios de citas en l\u00ednea por ah\u00ed camaras de sexo gratis, cada uno atendiendo a un tipo particular de relaci\u00f3n. Algunos&#8230;<\/p>\n<p class=\"read-more\"><a class=\"btn btn-default\" href=\"https:\/\/thisisnotagateway.net\/es\/craigslist-personales\/\"> Leer m\u00e1s<span class=\"screen-reader-text\">  Leer m\u00e1s<\/span><\/a><\/p>\n","protected":false},"author":1,"featured_media":0,"parent":0,"menu_order":0,"comment_status":"closed","ping_status":"closed","template":"","meta":[],"yoast_head":"<!-- This site is optimized with the Yoast SEO plugin v19.2 - https:\/\/yoast.com\/wordpress\/plugins\/seo\/ -->\n<title>Craigslist Personales - Rese\u00f1as de Gateway<\/title>\n<meta name=\"robots\" content=\"index, follow, max-snippet:-1, max-image-preview:large, max-video-preview:-1\" \/>\n<link rel=\"canonical\" href=\"https:\/\/thisisnotagateway.net\/es\/craigslist-personales\/\" \/>\n<meta property=\"og:locale\" content=\"es_ES\" \/>\n<meta property=\"og:type\" content=\"article\" \/>\n<meta property=\"og:title\" content=\"Craigslist Personales - Rese\u00f1as de Gateway\" \/>\n<meta property=\"og:description\" content=\"\u00bfEst\u00e1s buscando una manera f\u00e1cil de conocer a alguien especial? \u00bfSientes que te est\u00e1s perdiendo algo en tu vida? Tal vez solo necesites un poco de diversi\u00f3n y emoci\u00f3n en tu vida amorosa. Los servicios de citas en l\u00ednea pueden parecer una gran idea al principio, pero no todos saben lo que realmente implican. Hay muchos tipos diferentes de sitios de citas en l\u00ednea por ah\u00ed camaras de sexo gratis, cada uno atendiendo a un tipo particular de relaci\u00f3n. Algunos... Leer m\u00e1s Leer m\u00e1s\" \/>\n<meta property=\"og:url\" content=\"https:\/\/thisisnotagateway.net\/es\/craigslist-personales\/\" \/>\n<meta property=\"og:site_name\" content=\"Rese\u00f1as de Gateway\" \/>\n<meta property=\"article:modified_time\" content=\"2022-09-08T16:18:41+00:00\" \/>\n<meta property=\"og:image\" content=\"http:\/\/thisisnotagateway.net\/wp-content\/uploads\/2022\/07\/craigslist-personals-sites-min.jpg\" \/>\n<meta name=\"author\" content=\"Gateway\" \/>\n<meta name=\"twitter:card\" content=\"summary_large_image\" \/>\n<meta name=\"twitter:label1\" content=\"Tiempo de lectura\" \/>\n\t<meta name=\"twitter:data1\" content=\"3 minutos\" \/>\n<script type=\"application\/ld+json\" class=\"yoast-schema-graph\">{\"@context\":\"https:\/\/schema.org\",\"@graph\":[{\"@type\":\"WebSite\",\"@id\":\"http:\/\/thisisnotagateway.net\/#website\",\"url\":\"http:\/\/thisisnotagateway.net\/\",\"name\":\"Rese\u00f1as de Gateway\",\"description\":\"Blog de Relaciones y Citas\",\"potentialAction\":[{\"@type\":\"SearchAction\",\"target\":{\"@type\":\"EntryPoint\",\"urlTemplate\":\"http:\/\/thisisnotagateway.net\/?s={search_term_string}\"},\"query-input\":\"required name=search_term_string\"}],\"inLanguage\":\"es\"},{\"@type\":\"ImageObject\",\"inLanguage\":\"es\",\"@id\":\"https:\/\/thisisnotagateway.net\/es\/craigslist-personales\/#primaryimage\",\"url\":\"https:\/\/thisisnotagateway.net\/wp-content\/uploads\/2022\/07\/craigslist-personals-sites-min.jpg\",\"contentUrl\":\"https:\/\/thisisnotagateway.net\/wp-content\/uploads\/2022\/07\/craigslist-personals-sites-min.jpg\",\"width\":700,\"height\":330},{\"@type\":\"WebPage\",\"@id\":\"https:\/\/thisisnotagateway.net\/es\/craigslist-personales\/#webpage\",\"url\":\"https:\/\/thisisnotagateway.net\/es\/craigslist-personales\/\",\"name\":\"Craigslist Personales - Rese\u00f1as de Gateway\",\"isPartOf\":{\"@id\":\"http:\/\/thisisnotagateway.net\/#website\"},\"primaryImageOfPage\":{\"@id\":\"https:\/\/thisisnotagateway.net\/es\/craigslist-personales\/#primaryimage\"},\"datePublished\":\"2022-07-03T13:56:03+00:00\",\"dateModified\":\"2022-09-08T16:18:41+00:00\",\"breadcrumb\":{\"@id\":\"https:\/\/thisisnotagateway.net\/es\/craigslist-personales\/#breadcrumb\"},\"inLanguage\":\"es\",\"potentialAction\":[{\"@type\":\"ReadAction\",\"target\":[\"https:\/\/thisisnotagateway.net\/es\/craigslist-personales\/\"]}]},{\"@type\":\"BreadcrumbList\",\"@id\":\"https:\/\/thisisnotagateway.net\/es\/craigslist-personales\/#breadcrumb\",\"itemListElement\":[{\"@type\":\"ListItem\",\"position\":1,\"name\":\"Hogar\",\"item\":\"http:\/\/thisisnotagateway.net\/es\/\"},{\"@type\":\"ListItem\",\"position\":2,\"name\":\"Craigslist Personales\"}]}]}<\/script>\n<!-- \/ Yoast SEO plugin. -->","yoast_head_json":{"title":"Craigslist Personales - Rese\u00f1as de Gateway","robots":{"index":"index","follow":"follow","max-snippet":"max-snippet:-1","max-image-preview":"max-image-preview:large","max-video-preview":"max-video-preview:-1"},"canonical":"https:\/\/thisisnotagateway.net\/es\/craigslist-personales\/","og_locale":"es_ES","og_type":"article","og_title":"Craigslist Personales - Rese\u00f1as de Gateway","og_description":"\u00bfEst\u00e1s buscando una manera f\u00e1cil de conocer a alguien especial? \u00bfSientes que te est\u00e1s perdiendo algo en tu vida? Tal vez solo necesites un poco de diversi\u00f3n y emoci\u00f3n en tu vida amorosa. Los servicios de citas en l\u00ednea pueden parecer una gran idea al principio, pero no todos saben lo que realmente implican. Hay muchos tipos diferentes de sitios de citas en l\u00ednea por ah\u00ed camaras de sexo gratis, cada uno atendiendo a un tipo particular de relaci\u00f3n. Algunos... Leer m\u00e1s Leer m\u00e1s","og_url":"https:\/\/thisisnotagateway.net\/es\/craigslist-personales\/","og_site_name":"Rese\u00f1as de Gateway","article_modified_time":"2022-09-08T16:18:41+00:00","og_image":[{"url":"http:\/\/thisisnotagateway.net\/wp-content\/uploads\/2022\/07\/craigslist-personals-sites-min.jpg"}],"author":"Gateway","twitter_card":"summary_large_image","twitter_misc":{"Tiempo de lectura":"3 minutos"},"schema":{"@context":"https:\/\/schema.org","@graph":[{"@type":"WebSite","@id":"http:\/\/thisisnotagateway.net\/#website","url":"http:\/\/thisisnotagateway.net\/","name":"Rese\u00f1as de Gateway","description":"Blog de Relaciones y Citas","potentialAction":[{"@type":"SearchAction","target":{"@type":"EntryPoint","urlTemplate":"http:\/\/thisisnotagateway.net\/?s={search_term_string}"},"query-input":"required name=search_term_string"}],"inLanguage":"es"},{"@type":"ImageObject","inLanguage":"es","@id":"https:\/\/thisisnotagateway.net\/es\/craigslist-personales\/#primaryimage","url":"https:\/\/thisisnotagateway.net\/wp-content\/uploads\/2022\/07\/craigslist-personals-sites-min.jpg","contentUrl":"https:\/\/thisisnotagateway.net\/wp-content\/uploads\/2022\/07\/craigslist-personals-sites-min.jpg","width":700,"height":330},{"@type":"WebPage","@id":"https:\/\/thisisnotagateway.net\/es\/craigslist-personales\/#webpage","url":"https:\/\/thisisnotagateway.net\/es\/craigslist-personales\/","name":"Craigslist Personales - Rese\u00f1as de Gateway","isPartOf":{"@id":"http:\/\/thisisnotagateway.net\/#website"},"primaryImageOfPage":{"@id":"https:\/\/thisisnotagateway.net\/es\/craigslist-personales\/#primaryimage"},"datePublished":"2022-07-03T13:56:03+00:00","dateModified":"2022-09-08T16:18:41+00:00","breadcrumb":{"@id":"https:\/\/thisisnotagateway.net\/es\/craigslist-personales\/#breadcrumb"},"inLanguage":"es","potentialAction":[{"@type":"ReadAction","target":["https:\/\/thisisnotagateway.net\/es\/craigslist-personales\/"]}]},{"@type":"BreadcrumbList","@id":"https:\/\/thisisnotagateway.net\/es\/craigslist-personales\/#breadcrumb","itemListElement":[{"@type":"ListItem","position":1,"name":"Hogar","item":"http:\/\/thisisnotagateway.net\/es\/"},{"@type":"ListItem","position":2,"name":"Craigslist Personales"}]}]}},"_links":{"self":[{"href":"https:\/\/thisisnotagateway.net\/es\/wp-json\/wp\/v2\/pages\/206"}],"collection":[{"href":"https:\/\/thisisnotagateway.net\/es\/wp-json\/wp\/v2\/pages"}],"about":[{"href":"https:\/\/thisisnotagateway.net\/es\/wp-json\/wp\/v2\/types\/page"}],"author":[{"embeddable":true,"href":"https:\/\/thisisnotagateway.net\/es\/wp-json\/wp\/v2\/users\/1"}],"replies":[{"embeddable":true,"href":"https:\/\/thisisnotagateway.net\/es\/wp-json\/wp\/v2\/comments?post=206"}],"version-history":[{"count":1,"href":"https:\/\/thisisnotagateway.net\/es\/wp-json\/wp\/v2\/pages\/206\/revisions"}],"predecessor-version":[{"id":403,"href":"https:\/\/thisisnotagateway.net\/es\/wp-json\/wp\/v2\/pages\/206\/revisions\/403"}],"wp:attachment":[{"href":"https:\/\/thisisnotagateway.net\/es\/wp-json\/wp\/v2\/media?parent=206"}],"curies":[{"name":"wp","href":"https:\/\/api.w.org\/{rel}","templated":true}]}}