{"id":236,"date":"2022-07-03T14:34:30","date_gmt":"2022-07-03T13:34:30","guid":{"rendered":"http:\/\/thisisnotagateway.net\/las-lineas-de-recogida-realmente-funcionan\/"},"modified":"2022-07-20T15:26:21","modified_gmt":"2022-07-20T14:26:21","slug":"las-lineas-de-recogida-realmente-funcionan","status":"publish","type":"page","link":"https:\/\/thisisnotagateway.net\/es\/las-lineas-de-recogida-realmente-funcionan\/","title":{"rendered":"\u00bfLas l\u00edneas de recogida realmente funcionan?"},"content":{"rendered":"\r\n<p>Las l\u00edneas de recogida son una excelente manera de recoger a las mujeres. Son simples <a href=\"http:\/\/www.sextchat.net\/es\/munecas-sexuales-ai\/\">robot sexuales precio<\/a>, directos y efectivos. Pero la mayor\u00eda de los chicos no son muy buenos en ellos. As\u00ed que aqu\u00ed hay algunos consejos para ayudarte a mejorar tu juego.<\/p>\r\n\r\n<p>Primero, la pr\u00e1ctica. La pr\u00e1ctica hace al maestro. Las l\u00edneas de recogida son una habilidad, al igual que el golf o el tenis. Cuanto m\u00e1s practiques, mejor te volver\u00e1s. Segundo, ten confianza. La confianza es sexy. Las mujeres responden a la confianza. Y cuando tienes confianza, eres m\u00e1s atractivo. Tercero, usa el humor. El humor funciona bien porque rompe las barreras entre hombres y mujeres. Adem\u00e1s, a las mujeres les resulta divertido.<\/p>\r\n\r\n<p>Finalmente, mant\u00e9ngalo corto. No pierdas el tiempo tratando de impresionarla con historias largas. Mant\u00e9ngalo corto y dulce. Use estos tres consejos para mejorar sus habilidades de l\u00ednea de recogida. \u00a1Entonces sal y recoge algunos pollitos!<\/p>\r\n\r\n<figure class=\"wp-block-image size-large\"><img loading=\"lazy\" width=\"1024\" height=\"683\" src=\"http:\/\/thisisnotagateway.net&#13;&#10;\/wp-content\/uploads\/2022\/07\/why-dating-apps-work-1024x683.jpeg\" alt=\"\" class=\"wp-image-61\" srcset=\"https:\/\/thisisnotagateway.net\/wp-content\/uploads\/2022\/07\/why-dating-apps-work-1024x683.jpeg 1024w, https:\/\/thisisnotagateway.net\/wp-content\/uploads\/2022\/07\/why-dating-apps-work-300x200.jpeg 300w, https:\/\/thisisnotagateway.net\/wp-content\/uploads\/2022\/07\/why-dating-apps-work-768x512.jpeg 768w, https:\/\/thisisnotagateway.net\/wp-content\/uploads\/2022\/07\/why-dating-apps-work-1536x1024.jpeg 1536w, https:\/\/thisisnotagateway.net\/wp-content\/uploads\/2022\/07\/why-dating-apps-work-2048x1365.jpeg 2048w\" sizes=\"(max-width: 1024px) 100vw, 1024px\" \/><\/figure>\r\n\r\n<h2>C\u00f3mo comenzar a usarlos en ni\u00f1as<\/h2>\r\n\r\n<p>Si alguna vez has <a href=\"https:\/\/thisisnotagateway.net\/types-of-dating-apps\/\">tenido una cita<\/a>, sabes que la mayor\u00eda de los chicos usan alguna versi\u00f3n de estas l\u00edneas. Y si alguna vez ha estado en el extremo receptor de una l\u00ednea de recogida, sabe que rara vez funcionan.<\/p>\r\n\r\n<p>Esto se debe a que las l\u00edneas de recogida <a href=\"https:\/\/www.fuck-buddies.net\/es\/juegos-sexuales-gratis-en-la-tienda-de-aplicaciones-de-ios\/\">juegos sexuales gratis<\/a> se basan en una premisa falsa. La suposici\u00f3n es que las mujeres est\u00e1n buscando hombres que est\u00e9n lo suficientemente desesperados como para decir cosas como: \u00abOye, beb\u00e9, \u00bfquieres salir esta noche?\u00bb<\/p>\r\n\r\n<p>Pero eso no es cierto. Las mujeres no buscan hombres desesperados. Est\u00e1n buscando hombres seguros de s\u00ed mismos que se sientan lo suficientemente c\u00f3modos como para ser ellos mismos.<\/p>\r\n\r\n<p>Y aqu\u00ed est\u00e1 el truco: la mayor\u00eda de las mujeres son apagadas por las l\u00edneas de recogida. Entonces, si vas a tratar de recoger chicas, debes dejar de pensar como un hombre y comenzar a pensar como una mujer.<\/p>\r\n\r\n<p>En lugar de tratar de parecer desesperado, debes ser seguro y accesible. En lugar de pensar como un chico, deber\u00edas pensar como una chica.<\/p>\r\n","protected":false},"excerpt":{"rendered":"<p>Las l\u00edneas de recogida son una excelente manera de recoger a las mujeres. Son simples robot sexuales precio, directos y efectivos. Pero la mayor\u00eda de los chicos no son muy buenos en ellos. As\u00ed que aqu\u00ed hay algunos consejos para ayudarte a mejorar tu juego. Primero, la pr\u00e1ctica. La pr\u00e1ctica hace al maestro. Las l\u00edneas de recogida son una habilidad, al igual que el golf o el tenis. Cuanto m\u00e1s practiques, mejor te volver\u00e1s. Segundo, ten confianza. La confianza es&#8230;<\/p>\n<p class=\"read-more\"><a class=\"btn btn-default\" href=\"https:\/\/thisisnotagateway.net\/es\/las-lineas-de-recogida-realmente-funcionan\/\"> Leer m\u00e1s<span class=\"screen-reader-text\">  Leer m\u00e1s<\/span><\/a><\/p>\n","protected":false},"author":1,"featured_media":0,"parent":0,"menu_order":0,"comment_status":"closed","ping_status":"closed","template":"","meta":[],"yoast_head":"<!-- This site is optimized with the Yoast SEO plugin v19.2 - https:\/\/yoast.com\/wordpress\/plugins\/seo\/ -->\n<title>\u00bfLas l\u00edneas de recogida realmente funcionan? - Rese\u00f1as de Gateway<\/title>\n<meta name=\"robots\" content=\"index, follow, max-snippet:-1, max-image-preview:large, max-video-preview:-1\" \/>\n<link rel=\"canonical\" href=\"https:\/\/thisisnotagateway.net\/es\/las-lineas-de-recogida-realmente-funcionan\/\" \/>\n<meta property=\"og:locale\" content=\"es_ES\" \/>\n<meta property=\"og:type\" content=\"article\" \/>\n<meta property=\"og:title\" content=\"\u00bfLas l\u00edneas de recogida realmente funcionan? - Rese\u00f1as de Gateway\" \/>\n<meta property=\"og:description\" content=\"Las l\u00edneas de recogida son una excelente manera de recoger a las mujeres. Son simples robot sexuales precio, directos y efectivos. Pero la mayor\u00eda de los chicos no son muy buenos en ellos. As\u00ed que aqu\u00ed hay algunos consejos para ayudarte a mejorar tu juego. Primero, la pr\u00e1ctica. La pr\u00e1ctica hace al maestro. Las l\u00edneas de recogida son una habilidad, al igual que el golf o el tenis. Cuanto m\u00e1s practiques, mejor te volver\u00e1s. Segundo, ten confianza. La confianza es... Leer m\u00e1s Leer m\u00e1s\" \/>\n<meta property=\"og:url\" content=\"https:\/\/thisisnotagateway.net\/es\/las-lineas-de-recogida-realmente-funcionan\/\" \/>\n<meta property=\"og:site_name\" content=\"Rese\u00f1as de Gateway\" \/>\n<meta property=\"article:modified_time\" content=\"2022-07-20T14:26:21+00:00\" \/>\n<meta name=\"author\" content=\"Gateway\" \/>\n<meta name=\"twitter:card\" content=\"summary_large_image\" \/>\n<meta name=\"twitter:label1\" content=\"Tiempo de lectura\" \/>\n\t<meta name=\"twitter:data1\" content=\"2 minutos\" \/>\n<script type=\"application\/ld+json\" class=\"yoast-schema-graph\">{\"@context\":\"https:\/\/schema.org\",\"@graph\":[{\"@type\":\"WebSite\",\"@id\":\"http:\/\/thisisnotagateway.net\/#website\",\"url\":\"http:\/\/thisisnotagateway.net\/\",\"name\":\"Rese\u00f1as de Gateway\",\"description\":\"Blog de Relaciones y Citas\",\"potentialAction\":[{\"@type\":\"SearchAction\",\"target\":{\"@type\":\"EntryPoint\",\"urlTemplate\":\"http:\/\/thisisnotagateway.net\/?s={search_term_string}\"},\"query-input\":\"required name=search_term_string\"}],\"inLanguage\":\"es\"},{\"@type\":\"WebPage\",\"@id\":\"https:\/\/thisisnotagateway.net\/es\/las-lineas-de-recogida-realmente-funcionan\/#webpage\",\"url\":\"https:\/\/thisisnotagateway.net\/es\/las-lineas-de-recogida-realmente-funcionan\/\",\"name\":\"\u00bfLas l\u00edneas de recogida realmente funcionan? - Rese\u00f1as de Gateway\",\"isPartOf\":{\"@id\":\"http:\/\/thisisnotagateway.net\/#website\"},\"datePublished\":\"2022-07-03T13:34:30+00:00\",\"dateModified\":\"2022-07-20T14:26:21+00:00\",\"breadcrumb\":{\"@id\":\"https:\/\/thisisnotagateway.net\/es\/las-lineas-de-recogida-realmente-funcionan\/#breadcrumb\"},\"inLanguage\":\"es\",\"potentialAction\":[{\"@type\":\"ReadAction\",\"target\":[\"https:\/\/thisisnotagateway.net\/es\/las-lineas-de-recogida-realmente-funcionan\/\"]}]},{\"@type\":\"BreadcrumbList\",\"@id\":\"https:\/\/thisisnotagateway.net\/es\/las-lineas-de-recogida-realmente-funcionan\/#breadcrumb\",\"itemListElement\":[{\"@type\":\"ListItem\",\"position\":1,\"name\":\"Hogar\",\"item\":\"http:\/\/thisisnotagateway.net\/es\/\"},{\"@type\":\"ListItem\",\"position\":2,\"name\":\"\u00bfLas l\u00edneas de recogida realmente funcionan?\"}]}]}<\/script>\n<!-- \/ Yoast SEO plugin. -->","yoast_head_json":{"title":"\u00bfLas l\u00edneas de recogida realmente funcionan? - Rese\u00f1as de Gateway","robots":{"index":"index","follow":"follow","max-snippet":"max-snippet:-1","max-image-preview":"max-image-preview:large","max-video-preview":"max-video-preview:-1"},"canonical":"https:\/\/thisisnotagateway.net\/es\/las-lineas-de-recogida-realmente-funcionan\/","og_locale":"es_ES","og_type":"article","og_title":"\u00bfLas l\u00edneas de recogida realmente funcionan? - Rese\u00f1as de Gateway","og_description":"Las l\u00edneas de recogida son una excelente manera de recoger a las mujeres. Son simples robot sexuales precio, directos y efectivos. Pero la mayor\u00eda de los chicos no son muy buenos en ellos. As\u00ed que aqu\u00ed hay algunos consejos para ayudarte a mejorar tu juego. Primero, la pr\u00e1ctica. La pr\u00e1ctica hace al maestro. Las l\u00edneas de recogida son una habilidad, al igual que el golf o el tenis. Cuanto m\u00e1s practiques, mejor te volver\u00e1s. Segundo, ten confianza. La confianza es... Leer m\u00e1s Leer m\u00e1s","og_url":"https:\/\/thisisnotagateway.net\/es\/las-lineas-de-recogida-realmente-funcionan\/","og_site_name":"Rese\u00f1as de Gateway","article_modified_time":"2022-07-20T14:26:21+00:00","author":"Gateway","twitter_card":"summary_large_image","twitter_misc":{"Tiempo de lectura":"2 minutos"},"schema":{"@context":"https:\/\/schema.org","@graph":[{"@type":"WebSite","@id":"http:\/\/thisisnotagateway.net\/#website","url":"http:\/\/thisisnotagateway.net\/","name":"Rese\u00f1as de Gateway","description":"Blog de Relaciones y Citas","potentialAction":[{"@type":"SearchAction","target":{"@type":"EntryPoint","urlTemplate":"http:\/\/thisisnotagateway.net\/?s={search_term_string}"},"query-input":"required name=search_term_string"}],"inLanguage":"es"},{"@type":"WebPage","@id":"https:\/\/thisisnotagateway.net\/es\/las-lineas-de-recogida-realmente-funcionan\/#webpage","url":"https:\/\/thisisnotagateway.net\/es\/las-lineas-de-recogida-realmente-funcionan\/","name":"\u00bfLas l\u00edneas de recogida realmente funcionan? - Rese\u00f1as de Gateway","isPartOf":{"@id":"http:\/\/thisisnotagateway.net\/#website"},"datePublished":"2022-07-03T13:34:30+00:00","dateModified":"2022-07-20T14:26:21+00:00","breadcrumb":{"@id":"https:\/\/thisisnotagateway.net\/es\/las-lineas-de-recogida-realmente-funcionan\/#breadcrumb"},"inLanguage":"es","potentialAction":[{"@type":"ReadAction","target":["https:\/\/thisisnotagateway.net\/es\/las-lineas-de-recogida-realmente-funcionan\/"]}]},{"@type":"BreadcrumbList","@id":"https:\/\/thisisnotagateway.net\/es\/las-lineas-de-recogida-realmente-funcionan\/#breadcrumb","itemListElement":[{"@type":"ListItem","position":1,"name":"Hogar","item":"http:\/\/thisisnotagateway.net\/es\/"},{"@type":"ListItem","position":2,"name":"\u00bfLas l\u00edneas de recogida realmente funcionan?"}]}]}},"_links":{"self":[{"href":"https:\/\/thisisnotagateway.net\/es\/wp-json\/wp\/v2\/pages\/236"}],"collection":[{"href":"https:\/\/thisisnotagateway.net\/es\/wp-json\/wp\/v2\/pages"}],"about":[{"href":"https:\/\/thisisnotagateway.net\/es\/wp-json\/wp\/v2\/types\/page"}],"author":[{"embeddable":true,"href":"https:\/\/thisisnotagateway.net\/es\/wp-json\/wp\/v2\/users\/1"}],"replies":[{"embeddable":true,"href":"https:\/\/thisisnotagateway.net\/es\/wp-json\/wp\/v2\/comments?post=236"}],"version-history":[{"count":3,"href":"https:\/\/thisisnotagateway.net\/es\/wp-json\/wp\/v2\/pages\/236\/revisions"}],"predecessor-version":[{"id":376,"href":"https:\/\/thisisnotagateway.net\/es\/wp-json\/wp\/v2\/pages\/236\/revisions\/376"}],"wp:attachment":[{"href":"https:\/\/thisisnotagateway.net\/es\/wp-json\/wp\/v2\/media?parent=236"}],"curies":[{"name":"wp","href":"https:\/\/api.w.org\/{rel}","templated":true}]}}