{"id":247,"date":"2022-07-03T14:33:27","date_gmt":"2022-07-03T13:33:27","guid":{"rendered":"http:\/\/thisisnotagateway.net\/tipos-de-aplicaciones-de-citas\/"},"modified":"2022-07-20T15:25:30","modified_gmt":"2022-07-20T14:25:30","slug":"tipos-de-aplicaciones-de-citas","status":"publish","type":"page","link":"https:\/\/thisisnotagateway.net\/es\/tipos-de-aplicaciones-de-citas\/","title":{"rendered":"Tipos de aplicaciones de citas"},"content":{"rendered":"\r\n<p>Los sitios de citas en l\u00ednea son excelentes lugares para conocer a mujeres que buscan hombres como  t\u00fa. Son gratuitos, f\u00e1ciles de usar y, lo que es m\u00e1s importante, seguros.<\/p>\r\n\r\n<p>Hay muchos tipos diferentes de sitios web de citas en l\u00ednea, incluidos aquellos centrados en intereses espec\u00edficos (por ejemplo, solteros cristianos), grupos de edad (por ejemplo, personas mayores), ubicaci\u00f3n (por ejemplo, personal militar), etnia (por ejemplo, solteros asi\u00e1ticos), religi\u00f3n (por ejemplo, solteros jud\u00edos) y orientaci\u00f3n sexual (por ejemplo, solteros homosexuales).<\/p>\r\n\r\n<figure class=\"wp-block-image size-large\"><img loading=\"lazy\" width=\"1024\" height=\"734\" src=\"http:\/\/thisisnotagateway.net&#13;&#10;\/wp-content\/uploads\/2022\/07\/casual-dating-online-apps-1024x734.jpeg\" alt=\"\" class=\"wp-image-59\" srcset=\"https:\/\/thisisnotagateway.net\/wp-content\/uploads\/2022\/07\/casual-dating-online-apps-1024x734.jpeg 1024w, https:\/\/thisisnotagateway.net\/wp-content\/uploads\/2022\/07\/casual-dating-online-apps-300x215.jpeg 300w, https:\/\/thisisnotagateway.net\/wp-content\/uploads\/2022\/07\/casual-dating-online-apps-768x550.jpeg 768w, https:\/\/thisisnotagateway.net\/wp-content\/uploads\/2022\/07\/casual-dating-online-apps-1536x1100.jpeg 1536w, https:\/\/thisisnotagateway.net\/wp-content\/uploads\/2022\/07\/casual-dating-online-apps-2048x1467.jpeg 2048w\" sizes=\"(max-width: 1024px) 100vw, 1024px\" \/><\/figure>\r\n\r\n<h2>\u00bfC\u00f3mo funciona?<\/h2>\r\n\r\n<p>Si est\u00e1 interesado en conocer mujeres en l\u00ednea <a href=\"https:\/\/www.hookup-now.com\/es\/juegos-sexuales-no-te-registras\/\">juegos sexuales gratis<\/a>, hay varias cosas que debe considerar antes de registrarse en cualquier sitio. Primero, s\u00e9 honesto contigo mismo. No mientas sobre tu edad, altura, peso, estado civil, creencias religiosas, opiniones pol\u00edticas, ocupaci\u00f3n, nivel de ingresos, pasatiempos, etc.<\/p>\r\n\r\n<p>En segundo lugar, t\u00f3mese un tiempo para conocer la pol\u00edtica de privacidad del sitio. Muchos sitios permiten a los usuarios buscar miembros en funci\u00f3n de criterios como el g\u00e9nero, la edad, el \u00e1rea geogr\u00e1fica, el tipo de relaci\u00f3n, etc. Esto significa que no solo puede encontrar coincidencias basadas en sus propias preferencias, sino tambi\u00e9n en funci\u00f3n de las preferencias de los dem\u00e1s.<\/p>\r\n\r\n<p>En tercer lugar, revise el acuerdo de usuario del sitio. Algunos sitios requieren que los usuarios paguen una tarifa mensual para acceder <a href=\"http:\/\/www.nosignupporngames.net\/es\/juegos-de-sexo-gratis-sin-tarjeta-de-credito\/\">simulador sexo gratis<\/a> a ciertas funciones, como enviar mensajes o enviar correos electr\u00f3nicos a otros miembros. Otros limitan el n\u00famero de mensajes que env\u00edan por d\u00eda o semana.<\/p>\r\n\r\n<p>Finalmente, no olvide hacer preguntas cuando se registre en un sitio. Desea saber si el sitio le permite comunicarse de forma privada con otros miembros, qu\u00e9 tipo de informaci\u00f3n recopilan de sus miembros y si comparten esta informaci\u00f3n con terceros.<\/p>\r\n\r\n<h2>Empezar<\/h2>\r\n\r\n<p>Una vez que se haya registrado en un sitio, intente usarlo regularmente. Aseg\u00farese de obtener valor de ello comunic\u00e1ndose con otros miembros, envi\u00e1ndoles correos electr\u00f3nicos y leyendo sus perfiles.<\/p>\r\n\r\n<p>Pronto descubrir\u00e1s que las citas en l\u00ednea pueden ser muy divertidas y una excelente manera de conocer gente.<\/p>\r\n\r\n<p>Pero tenga cuidado al registrarse en estos sitios web. Algunos sitios son gratuitos, otros cuestan dinero y algunos requieren una tarjeta de cr\u00e9dito. Aseg\u00farese de entender las reglas antes de registrarse.<\/p>\r\n\r\n<p>Adem\u00e1s, tenga en cuenta que la mayor\u00eda de los sitios de citas en l\u00ednea solo le permiten ver los perfiles de las personas que han pagado por la membres\u00eda. Por lo tanto, no podr\u00e1 ver los perfiles de los miembros gratuitos.<\/p>\r\n","protected":false},"excerpt":{"rendered":"<p>Los sitios de citas en l\u00ednea son excelentes lugares para conocer a mujeres que buscan hombres como t\u00fa. Son gratuitos, f\u00e1ciles de usar y, lo que es m\u00e1s importante, seguros. Hay muchos tipos diferentes de sitios web de citas en l\u00ednea, incluidos aquellos centrados en intereses espec\u00edficos (por ejemplo, solteros cristianos), grupos de edad (por ejemplo, personas mayores), ubicaci\u00f3n (por ejemplo, personal militar), etnia (por ejemplo, solteros asi\u00e1ticos), religi\u00f3n (por ejemplo, solteros jud\u00edos) y orientaci\u00f3n sexual (por ejemplo, solteros homosexuales)&#8230;.<\/p>\n<p class=\"read-more\"><a class=\"btn btn-default\" href=\"https:\/\/thisisnotagateway.net\/es\/tipos-de-aplicaciones-de-citas\/\"> Leer m\u00e1s<span class=\"screen-reader-text\">  Leer m\u00e1s<\/span><\/a><\/p>\n","protected":false},"author":1,"featured_media":0,"parent":0,"menu_order":0,"comment_status":"closed","ping_status":"closed","template":"","meta":[],"yoast_head":"<!-- This site is optimized with the Yoast SEO plugin v19.2 - https:\/\/yoast.com\/wordpress\/plugins\/seo\/ -->\n<title>Tipos de aplicaciones de citas - Rese\u00f1as de Gateway<\/title>\n<meta name=\"robots\" content=\"index, follow, max-snippet:-1, max-image-preview:large, max-video-preview:-1\" \/>\n<link rel=\"canonical\" href=\"https:\/\/thisisnotagateway.net\/es\/tipos-de-aplicaciones-de-citas\/\" \/>\n<meta property=\"og:locale\" content=\"es_ES\" \/>\n<meta property=\"og:type\" content=\"article\" \/>\n<meta property=\"og:title\" content=\"Tipos de aplicaciones de citas - Rese\u00f1as de Gateway\" \/>\n<meta property=\"og:description\" content=\"Los sitios de citas en l\u00ednea son excelentes lugares para conocer a mujeres que buscan hombres como t\u00fa. Son gratuitos, f\u00e1ciles de usar y, lo que es m\u00e1s importante, seguros. Hay muchos tipos diferentes de sitios web de citas en l\u00ednea, incluidos aquellos centrados en intereses espec\u00edficos (por ejemplo, solteros cristianos), grupos de edad (por ejemplo, personas mayores), ubicaci\u00f3n (por ejemplo, personal militar), etnia (por ejemplo, solteros asi\u00e1ticos), religi\u00f3n (por ejemplo, solteros jud\u00edos) y orientaci\u00f3n sexual (por ejemplo, solteros homosexuales).... Leer m\u00e1s Leer m\u00e1s\" \/>\n<meta property=\"og:url\" content=\"https:\/\/thisisnotagateway.net\/es\/tipos-de-aplicaciones-de-citas\/\" \/>\n<meta property=\"og:site_name\" content=\"Rese\u00f1as de Gateway\" \/>\n<meta property=\"article:modified_time\" content=\"2022-07-20T14:25:30+00:00\" \/>\n<meta name=\"author\" content=\"Gateway\" \/>\n<meta name=\"twitter:card\" content=\"summary_large_image\" \/>\n<meta name=\"twitter:label1\" content=\"Tiempo de lectura\" \/>\n\t<meta name=\"twitter:data1\" content=\"2 minutos\" \/>\n<script type=\"application\/ld+json\" class=\"yoast-schema-graph\">{\"@context\":\"https:\/\/schema.org\",\"@graph\":[{\"@type\":\"WebSite\",\"@id\":\"http:\/\/thisisnotagateway.net\/#website\",\"url\":\"http:\/\/thisisnotagateway.net\/\",\"name\":\"Rese\u00f1as de Gateway\",\"description\":\"Blog de Relaciones y Citas\",\"potentialAction\":[{\"@type\":\"SearchAction\",\"target\":{\"@type\":\"EntryPoint\",\"urlTemplate\":\"http:\/\/thisisnotagateway.net\/?s={search_term_string}\"},\"query-input\":\"required name=search_term_string\"}],\"inLanguage\":\"es\"},{\"@type\":\"WebPage\",\"@id\":\"https:\/\/thisisnotagateway.net\/es\/tipos-de-aplicaciones-de-citas\/#webpage\",\"url\":\"https:\/\/thisisnotagateway.net\/es\/tipos-de-aplicaciones-de-citas\/\",\"name\":\"Tipos de aplicaciones de citas - Rese\u00f1as de Gateway\",\"isPartOf\":{\"@id\":\"http:\/\/thisisnotagateway.net\/#website\"},\"datePublished\":\"2022-07-03T13:33:27+00:00\",\"dateModified\":\"2022-07-20T14:25:30+00:00\",\"breadcrumb\":{\"@id\":\"https:\/\/thisisnotagateway.net\/es\/tipos-de-aplicaciones-de-citas\/#breadcrumb\"},\"inLanguage\":\"es\",\"potentialAction\":[{\"@type\":\"ReadAction\",\"target\":[\"https:\/\/thisisnotagateway.net\/es\/tipos-de-aplicaciones-de-citas\/\"]}]},{\"@type\":\"BreadcrumbList\",\"@id\":\"https:\/\/thisisnotagateway.net\/es\/tipos-de-aplicaciones-de-citas\/#breadcrumb\",\"itemListElement\":[{\"@type\":\"ListItem\",\"position\":1,\"name\":\"Hogar\",\"item\":\"http:\/\/thisisnotagateway.net\/es\/\"},{\"@type\":\"ListItem\",\"position\":2,\"name\":\"Tipos de aplicaciones de citas\"}]}]}<\/script>\n<!-- \/ Yoast SEO plugin. -->","yoast_head_json":{"title":"Tipos de aplicaciones de citas - Rese\u00f1as de Gateway","robots":{"index":"index","follow":"follow","max-snippet":"max-snippet:-1","max-image-preview":"max-image-preview:large","max-video-preview":"max-video-preview:-1"},"canonical":"https:\/\/thisisnotagateway.net\/es\/tipos-de-aplicaciones-de-citas\/","og_locale":"es_ES","og_type":"article","og_title":"Tipos de aplicaciones de citas - Rese\u00f1as de Gateway","og_description":"Los sitios de citas en l\u00ednea son excelentes lugares para conocer a mujeres que buscan hombres como t\u00fa. Son gratuitos, f\u00e1ciles de usar y, lo que es m\u00e1s importante, seguros. Hay muchos tipos diferentes de sitios web de citas en l\u00ednea, incluidos aquellos centrados en intereses espec\u00edficos (por ejemplo, solteros cristianos), grupos de edad (por ejemplo, personas mayores), ubicaci\u00f3n (por ejemplo, personal militar), etnia (por ejemplo, solteros asi\u00e1ticos), religi\u00f3n (por ejemplo, solteros jud\u00edos) y orientaci\u00f3n sexual (por ejemplo, solteros homosexuales).... Leer m\u00e1s Leer m\u00e1s","og_url":"https:\/\/thisisnotagateway.net\/es\/tipos-de-aplicaciones-de-citas\/","og_site_name":"Rese\u00f1as de Gateway","article_modified_time":"2022-07-20T14:25:30+00:00","author":"Gateway","twitter_card":"summary_large_image","twitter_misc":{"Tiempo de lectura":"2 minutos"},"schema":{"@context":"https:\/\/schema.org","@graph":[{"@type":"WebSite","@id":"http:\/\/thisisnotagateway.net\/#website","url":"http:\/\/thisisnotagateway.net\/","name":"Rese\u00f1as de Gateway","description":"Blog de Relaciones y Citas","potentialAction":[{"@type":"SearchAction","target":{"@type":"EntryPoint","urlTemplate":"http:\/\/thisisnotagateway.net\/?s={search_term_string}"},"query-input":"required name=search_term_string"}],"inLanguage":"es"},{"@type":"WebPage","@id":"https:\/\/thisisnotagateway.net\/es\/tipos-de-aplicaciones-de-citas\/#webpage","url":"https:\/\/thisisnotagateway.net\/es\/tipos-de-aplicaciones-de-citas\/","name":"Tipos de aplicaciones de citas - Rese\u00f1as de Gateway","isPartOf":{"@id":"http:\/\/thisisnotagateway.net\/#website"},"datePublished":"2022-07-03T13:33:27+00:00","dateModified":"2022-07-20T14:25:30+00:00","breadcrumb":{"@id":"https:\/\/thisisnotagateway.net\/es\/tipos-de-aplicaciones-de-citas\/#breadcrumb"},"inLanguage":"es","potentialAction":[{"@type":"ReadAction","target":["https:\/\/thisisnotagateway.net\/es\/tipos-de-aplicaciones-de-citas\/"]}]},{"@type":"BreadcrumbList","@id":"https:\/\/thisisnotagateway.net\/es\/tipos-de-aplicaciones-de-citas\/#breadcrumb","itemListElement":[{"@type":"ListItem","position":1,"name":"Hogar","item":"http:\/\/thisisnotagateway.net\/es\/"},{"@type":"ListItem","position":2,"name":"Tipos de aplicaciones de citas"}]}]}},"_links":{"self":[{"href":"https:\/\/thisisnotagateway.net\/es\/wp-json\/wp\/v2\/pages\/247"}],"collection":[{"href":"https:\/\/thisisnotagateway.net\/es\/wp-json\/wp\/v2\/pages"}],"about":[{"href":"https:\/\/thisisnotagateway.net\/es\/wp-json\/wp\/v2\/types\/page"}],"author":[{"embeddable":true,"href":"https:\/\/thisisnotagateway.net\/es\/wp-json\/wp\/v2\/users\/1"}],"replies":[{"embeddable":true,"href":"https:\/\/thisisnotagateway.net\/es\/wp-json\/wp\/v2\/comments?post=247"}],"version-history":[{"count":2,"href":"https:\/\/thisisnotagateway.net\/es\/wp-json\/wp\/v2\/pages\/247\/revisions"}],"predecessor-version":[{"id":375,"href":"https:\/\/thisisnotagateway.net\/es\/wp-json\/wp\/v2\/pages\/247\/revisions\/375"}],"wp:attachment":[{"href":"https:\/\/thisisnotagateway.net\/es\/wp-json\/wp\/v2\/media?parent=247"}],"curies":[{"name":"wp","href":"https:\/\/api.w.org\/{rel}","templated":true}]}}