{"id":265,"date":"2022-07-03T13:31:58","date_gmt":"2022-07-03T12:31:58","guid":{"rendered":"http:\/\/thisisnotagateway.net\/gateway-el-unico-blog-de-citas-que-necesitas\/"},"modified":"2022-07-12T12:03:37","modified_gmt":"2022-07-12T11:03:37","slug":"gateway-el-unico-blog-de-citas-que-necesitas","status":"publish","type":"page","link":"https:\/\/thisisnotagateway.net\/es\/","title":{"rendered":"Gateway: \u00a1El \u00fanico blog de citas que necesitas!"},"content":{"rendered":"\r\n<h2>Encontrar un nuevo socio<\/h2>\r\n\r\n<p>Si eres soltero, tienes mucho a tu favor. Eres joven, atractivo, inteligente, divertido y tienes un gran trabajo. Pero no hay necesidad de conformarse con cualquier tipo. En su lugar, encuentre un hombre que comparta sus intereses, valores y metas.<\/p>\r\n\r\n<p>Eso significa encontrar un hombre al que le gusten los deportes, leer, viajar y divertirse. Y \u00e9l debe estar dispuesto a compartir su vida contigo.<\/p>\r\n\r\n<p>Si est\u00e1 <a href=\"https:\/\/thisisnotagateway.net\/types-of-dating-apps\/\">buscando un nuevo socio<\/a>, debe estar abierto a conocer gente nueva. Pero tambi\u00e9n debe tener cuidado de no perder demasiado tiempo en alguien que no es adecuado para usted. Por eso es importante conocer a mucha gente. Cuantas m\u00e1s personas conozcas, mejores ser\u00e1n tus posibilidades de encontrar una pareja compatible <a href=\"https:\/\/www.citas-gratis.com\">sexo citas gratis<\/a>. Pero no te limites a salir y conocer a todos. En su lugar, use sitios de citas en l\u00ednea para encontrar personas que compartan intereses, pasatiempos y valores similares. De esta manera, podr\u00e1 reducir su b\u00fasqueda y eliminar a cualquier persona que no se ajuste a sus criterios.<\/p>\r\n\r\n<p>Los sitios de citas en l\u00ednea son excelentes porque le permiten filtrar a trav\u00e9s de miles de perfiles seg\u00fan sus preferencias. Adem\u00e1s, puede comunicarse f\u00e1cilmente con otros a trav\u00e9s de correo electr\u00f3nico, chat y llamadas telef\u00f3nicas. Una vez que hayas encontrado a una persona con la que te gustar\u00eda salir, hazle preguntas sobre s\u00ed misma. Pregunte sobre su familia, carrera, pasatiempos y valores, entre otras cosas.<\/p>\r\n\r\n<p>Luego, cuando te sientas lo suficientemente c\u00f3modo, puedes seguir adelante con tu relaci\u00f3n. Los sitios de citas en l\u00ednea son excelentes lugares para conocer solteros que comparten intereses similares. Tambi\u00e9n son gratuitos, lo que los hace perfectos para principiantes.<\/p>\r\n<div class=\"wp-block-image\">\r\n<figure class=\"aligncenter size-large is-resized\"><img loading=\"lazy\" src=\"http:\/\/thisisnotagateway.net&#10;\/wp-content\/uploads\/2022\/07\/casual-dating-online-apps-1024x734.jpeg\" alt=\"\" class=\"wp-image-59\" width=\"541\" height=\"387\" srcset=\"https:\/\/thisisnotagateway.net\/wp-content\/uploads\/2022\/07\/casual-dating-online-apps-1024x734.jpeg 1024w, https:\/\/thisisnotagateway.net\/wp-content\/uploads\/2022\/07\/casual-dating-online-apps-300x215.jpeg 300w, https:\/\/thisisnotagateway.net\/wp-content\/uploads\/2022\/07\/casual-dating-online-apps-768x550.jpeg 768w, https:\/\/thisisnotagateway.net\/wp-content\/uploads\/2022\/07\/casual-dating-online-apps-1536x1100.jpeg 1536w, https:\/\/thisisnotagateway.net\/wp-content\/uploads\/2022\/07\/casual-dating-online-apps-2048x1467.jpeg 2048w\" sizes=\"(max-width: 541px) 100vw, 541px\" \/><\/figure><\/div>\r\n<p>Si realmente quieres encontrar el amor, prueba un sitio que ofrezca membres\u00edas gratuitas y de pago. Si est\u00e1s buscando una relaci\u00f3n, hay muchas maneras de conocer a una nueva pareja. Una forma es a trav\u00e9s de sitios web de citas en l\u00ednea. Otra es a trav\u00e9s de amigos, familiares o compa\u00f1eros de trabajo. Otro m\u00e1s es a trav\u00e9s de sitios de redes sociales como Facebook, Twitter, Instagram, LinkedIn, etc. Los sitios web de citas en l\u00ednea son excelentes porque le permiten buscar socios potenciales en funci\u00f3n de los criterios que m\u00e1s le importan. Por ejemplo, es posible que est\u00e9 buscando una relaci\u00f3n a largo plazo, una aventura a corto plazo o simplemente una conexi\u00f3n.<\/p>\r\n\r\n<p>Al buscar pareja, tenga en cuenta que solo debe usar sitios web de citas en l\u00ednea que satisfagan espec\u00edficamente sus necesidades. De lo contrario, podr\u00eda terminar perdiendo tiempo y dinero en un mal partido.<\/p>\r\n\r\n<h2>\u00bfDeber\u00eda comenzar a salir en l\u00ednea?<\/h2>\r\n\r\n<p>Si est\u00e1s buscando amor, entonces necesitas ponerte ah\u00ed fuera. Comience uni\u00e9ndose a sitios de citas en l\u00ednea como Match.com, eHarmony, PlentyOfFish, Zoosk, OkCupid y Tinder. Una vez que haya encontrado un sitio que funcione para usted, reg\u00edstrese y cree un perfil. Luego, usa tu perfil para buscar coincidencias.<\/p>\r\n\r\n<p>Cuando encuentre una pareja, env\u00edele <a href=\"http:\/\/www.citas-con-mujeres.com\">sexo gratis citas<\/a> un correo electr\u00f3nico amistoso present\u00e1ndose y pidi\u00e9ndoles que salgan a tomar caf\u00e9 o bebidas. Si dicen que s\u00ed, ll\u00e9valos a cenar o a tomar algo. Luego, p\u00eddales que salgan de nuevo. Repite este proceso hasta que encuentres a alguien que te haga feliz.<\/p>\r\n\r\n<p>Una vez que encuentres una coincidencia, hazle preguntas sobre s\u00ed mismo. habla sobre sus pasatiempos, pel\u00edculas favoritas, libros, m\u00fasica y lugares que le gustar\u00eda visitar. Luego, cu\u00e9ntale sobre ti. Cu\u00e9ntale sobre tus pasiones, sue\u00f1os y metas. No olvides incluir fotos tuyas. Cuantas m\u00e1s fotos env\u00edes, mejor.<\/p>\r\n\r\n<p>Y recuerde, la mayor\u00eda de los hombres est\u00e1n buscando una relaci\u00f3n a largo plazo, no una conexi\u00f3n. As\u00ed que mant\u00e9n las cosas lentas y constantes hasta que encuentres a la persona adecuada. Las citas en l\u00ednea son gratuitas, pero no necesariamente f\u00e1ciles. Se necesita paciencia, persistencia y pr\u00e1ctica para encontrar una pareja compatible. Si est\u00e1 buscando una relaci\u00f3n a largo plazo, las citas en l\u00ednea pueden ser adecuadas para usted. Sin embargo, si solo quieres conocer a algunos amigos, las citas en l\u00ednea no son el camino a seguir.<\/p>\r\n\r\n<p>Hay muchos tipos diferentes de sitios de citas en l\u00ednea, cada uno con sus propias caracter\u00edsticas \u00fanicas. Algunos sitios permiten a los miembros chatear con otros, mientras que otros solo les permiten enviar mensajes. Algunos sitios requieren que los miembros paguen cuotas mensuales, mientras que otros ofrecen membres\u00eda gratuita. Algunos sitios requieren que los miembros completen perfiles detallados, mientras que otros piden muy poca informaci\u00f3n. Algunos sitios son estrictamente para adultos, mientras que otros atienden a adolescentes.<\/p>\r\n<div class=\"wp-block-image\">\r\n<figure class=\"aligncenter size-large is-resized\"><img loading=\"lazy\" src=\"http:\/\/thisisnotagateway.net&#10;\/wp-content\/uploads\/2022\/07\/why-dating-apps-work-1024x683.jpeg\" alt=\"\" class=\"wp-image-61\" width=\"394\" height=\"262\" srcset=\"https:\/\/thisisnotagateway.net\/wp-content\/uploads\/2022\/07\/why-dating-apps-work-1024x683.jpeg 1024w, https:\/\/thisisnotagateway.net\/wp-content\/uploads\/2022\/07\/why-dating-apps-work-300x200.jpeg 300w, https:\/\/thisisnotagateway.net\/wp-content\/uploads\/2022\/07\/why-dating-apps-work-768x512.jpeg 768w, https:\/\/thisisnotagateway.net\/wp-content\/uploads\/2022\/07\/why-dating-apps-work-1536x1024.jpeg 1536w, https:\/\/thisisnotagateway.net\/wp-content\/uploads\/2022\/07\/why-dating-apps-work-2048x1365.jpeg 2048w\" sizes=\"(max-width: 394px) 100vw, 394px\" \/><\/figure><\/div>\r\n<p>Al comparar sitios, tenga en cuenta estos factores:<\/p>\r\n\r\n<h3>Costar<\/h3>\r\n\r\n<p>Algunos sitios ofrecen membres\u00eda gratuita, mientras que otros requieren membres\u00edas pagas. Es posible que los sitios gratuitos no le permitan buscar coincidencias en funci\u00f3n de criterios espec\u00edficos, como la edad, la ubicaci\u00f3n o el nivel de ingresos. Los sitios pagados generalmente incluyen esas opciones.<\/p>\r\n\r\n<h3>Funciones<\/h3>\r\n\r\n<p>Algunos sitios solo permiten a los usuarios ver perfiles, mientras que otros le permiten enviar mensajes y chatear con otros miembros. Algunos sitios le permiten cargar fotos, mientras que otros lo limitan a ver fotos cargadas por otros miembros.<\/p>\r\n\r\n<h3>Seguridad<\/h3>\r\n\r\n<p>Muchos sitios utilizan preguntas de seguridad para verificar su identidad cuando se registra. Otros le piden que ingrese informaci\u00f3n personal, como su cumplea\u00f1os, direcci\u00f3n y n\u00famero de tel\u00e9fono. Aseg\u00farese de que el sitio utilice servidores seguros y tecnolog\u00eda de cifrado para proteger su informaci\u00f3n personal.<\/p>\r\n\r\n<h3>Experiencia de usuario<\/h3>\r\n\r\n<p>Algunos sitios est\u00e1n dise\u00f1ados principalmente para citas casuales, mientras que otros atienden a relaciones serias. Mire las revisiones y comentarios de los miembros para determinar si el sitio atiende a personas que buscan relaciones a largo plazo o simplemente conexiones.<\/p>\r\n\r\n<h3>Integraci\u00f3n de redes sociales<\/h3>\r\n\r\n<p>\u00bfEl sitio integra herramientas de redes sociales, como Facebook y Twitter, para ayudarlo a conectarse con otros miembros?<\/p>\r\n\r\n<h3>Compatibilidad m\u00f3vil<\/h3>\r\n\r\n<p>La mayor\u00eda de los sitios funcionan bien en computadoras de escritorio, pero algunos no son compatibles con dispositivos m\u00f3viles. Sin embargo, a\u00fan puede acceder a la mayor\u00eda de los sitios desde tel\u00e9fonos inteligentes y tabletas.<\/p>\r\n\r\n<h2>\u00bfQu\u00e9 hacer a continuaci\u00f3n?<\/h2>\r\n\r\n<p>Una vez que haya reducido su lista de <a href=\"https:\/\/thisisnotagateway.net\/do-pickup-lines-actually-work\/\">sitios de citas en l\u00ednea<\/a>, visite cada sitio y tome nota de sus pros y contras. Luego decida qu\u00e9 sitio se adapta mejor a sus necesidades. Si eres nuevo en las citas en l\u00ednea, intenta usar un sitio gratuito durante un mes o dos para tener una idea de lo que funciona <a href=\"http:\/\/www.solteros-locales.com\">www.solteros-locales.com<\/a> y lo que no funciona para ti. Una vez que encuentre un sitio que se adapte a sus necesidades, pague una membres\u00eda premium para desbloquear funciones adicionales. Querr\u00e1 vigilar el estado de cuenta de su tarjeta de cr\u00e9dito despu\u00e9s de pagar una membres\u00eda premium. Aseg\u00farese de cancelar cualquier suscripci\u00f3n recurrente si ya no la necesita.<\/p>\r\n","protected":false},"excerpt":{"rendered":"<p>Encontrar un nuevo socio Si eres soltero, tienes mucho a tu favor. Eres joven, atractivo, inteligente, divertido y tienes un gran trabajo. Pero no hay necesidad de conformarse con cualquier tipo. En su lugar, encuentre un hombre que comparta sus intereses, valores y metas. Eso significa encontrar un hombre al que le gusten los deportes, leer, viajar y divertirse. Y \u00e9l debe estar dispuesto a compartir su vida contigo. Si est\u00e1 buscando un nuevo socio, debe estar abierto a conocer&#8230;<\/p>\n<p class=\"read-more\"><a class=\"btn btn-default\" href=\"https:\/\/thisisnotagateway.net\/es\/\"> Leer m\u00e1s<span class=\"screen-reader-text\">  Leer m\u00e1s<\/span><\/a><\/p>\n","protected":false},"author":1,"featured_media":80,"parent":0,"menu_order":0,"comment_status":"closed","ping_status":"closed","template":"","meta":[],"yoast_head":"<!-- This site is optimized with the Yoast SEO plugin v19.2 - https:\/\/yoast.com\/wordpress\/plugins\/seo\/ -->\n<title>Gateway: \u00a1El \u00fanico blog de citas que necesitas! - Rese\u00f1as de Gateway<\/title>\n<meta name=\"robots\" content=\"index, follow, max-snippet:-1, max-image-preview:large, max-video-preview:-1\" \/>\n<link rel=\"canonical\" href=\"https:\/\/thisisnotagateway.net\/es\/\" \/>\n<meta property=\"og:locale\" content=\"es_ES\" \/>\n<meta property=\"og:type\" content=\"article\" \/>\n<meta property=\"og:title\" content=\"Gateway: \u00a1El \u00fanico blog de citas que necesitas! - Rese\u00f1as de Gateway\" \/>\n<meta property=\"og:description\" content=\"Encontrar un nuevo socio Si eres soltero, tienes mucho a tu favor. Eres joven, atractivo, inteligente, divertido y tienes un gran trabajo. Pero no hay necesidad de conformarse con cualquier tipo. En su lugar, encuentre un hombre que comparta sus intereses, valores y metas. Eso significa encontrar un hombre al que le gusten los deportes, leer, viajar y divertirse. Y \u00e9l debe estar dispuesto a compartir su vida contigo. Si est\u00e1 buscando un nuevo socio, debe estar abierto a conocer... Leer m\u00e1s Leer m\u00e1s\" \/>\n<meta property=\"og:url\" content=\"https:\/\/thisisnotagateway.net\/es\/\" \/>\n<meta property=\"og:site_name\" content=\"Rese\u00f1as de Gateway\" \/>\n<meta property=\"article:modified_time\" content=\"2022-07-12T11:03:37+00:00\" \/>\n<meta property=\"og:image\" content=\"http:\/\/thisisnotagateway.net\/wp-content\/uploads\/2022\/07\/online-hooup-apps-our-advice.jpeg\" \/>\n\t<meta property=\"og:image:width\" content=\"1125\" \/>\n\t<meta property=\"og:image:height\" content=\"750\" \/>\n\t<meta property=\"og:image:type\" content=\"image\/jpeg\" \/>\n<meta name=\"author\" content=\"Gateway\" \/>\n<meta name=\"twitter:card\" content=\"summary_large_image\" \/>\n<meta name=\"twitter:label1\" content=\"Tiempo de lectura\" \/>\n\t<meta name=\"twitter:data1\" content=\"6 minutos\" \/>\n<script type=\"application\/ld+json\" class=\"yoast-schema-graph\">{\"@context\":\"https:\/\/schema.org\",\"@graph\":[{\"@type\":\"WebSite\",\"@id\":\"http:\/\/thisisnotagateway.net\/#website\",\"url\":\"http:\/\/thisisnotagateway.net\/\",\"name\":\"Rese\u00f1as de Gateway\",\"description\":\"Blog de Relaciones y Citas\",\"potentialAction\":[{\"@type\":\"SearchAction\",\"target\":{\"@type\":\"EntryPoint\",\"urlTemplate\":\"http:\/\/thisisnotagateway.net\/?s={search_term_string}\"},\"query-input\":\"required name=search_term_string\"}],\"inLanguage\":\"es\"},{\"@type\":\"ImageObject\",\"inLanguage\":\"es\",\"@id\":\"https:\/\/thisisnotagateway.net\/es\/#primaryimage\",\"url\":\"https:\/\/thisisnotagateway.net\/wp-content\/uploads\/2022\/07\/online-hooup-apps-our-advice.jpeg\",\"contentUrl\":\"https:\/\/thisisnotagateway.net\/wp-content\/uploads\/2022\/07\/online-hooup-apps-our-advice.jpeg\",\"width\":1125,\"height\":750},{\"@type\":\"WebPage\",\"@id\":\"https:\/\/thisisnotagateway.net\/es\/#webpage\",\"url\":\"https:\/\/thisisnotagateway.net\/es\/\",\"name\":\"Gateway: \u00a1El \u00fanico blog de citas que necesitas! - Rese\u00f1as de Gateway\",\"isPartOf\":{\"@id\":\"http:\/\/thisisnotagateway.net\/#website\"},\"primaryImageOfPage\":{\"@id\":\"https:\/\/thisisnotagateway.net\/es\/#primaryimage\"},\"datePublished\":\"2022-07-03T12:31:58+00:00\",\"dateModified\":\"2022-07-12T11:03:37+00:00\",\"breadcrumb\":{\"@id\":\"https:\/\/thisisnotagateway.net\/es\/#breadcrumb\"},\"inLanguage\":\"es\",\"potentialAction\":[{\"@type\":\"ReadAction\",\"target\":[\"https:\/\/thisisnotagateway.net\/es\/\"]}]},{\"@type\":\"BreadcrumbList\",\"@id\":\"https:\/\/thisisnotagateway.net\/es\/#breadcrumb\",\"itemListElement\":[{\"@type\":\"ListItem\",\"position\":1,\"name\":\"Hogar\",\"item\":\"http:\/\/thisisnotagateway.net\/es\/\"},{\"@type\":\"ListItem\",\"position\":2,\"name\":\"Gateway: \u00a1El \u00fanico blog de citas que necesitas!\"}]}]}<\/script>\n<!-- \/ Yoast SEO plugin. -->","yoast_head_json":{"title":"Gateway: \u00a1El \u00fanico blog de citas que necesitas! - Rese\u00f1as de Gateway","robots":{"index":"index","follow":"follow","max-snippet":"max-snippet:-1","max-image-preview":"max-image-preview:large","max-video-preview":"max-video-preview:-1"},"canonical":"https:\/\/thisisnotagateway.net\/es\/","og_locale":"es_ES","og_type":"article","og_title":"Gateway: \u00a1El \u00fanico blog de citas que necesitas! - Rese\u00f1as de Gateway","og_description":"Encontrar un nuevo socio Si eres soltero, tienes mucho a tu favor. Eres joven, atractivo, inteligente, divertido y tienes un gran trabajo. Pero no hay necesidad de conformarse con cualquier tipo. En su lugar, encuentre un hombre que comparta sus intereses, valores y metas. Eso significa encontrar un hombre al que le gusten los deportes, leer, viajar y divertirse. Y \u00e9l debe estar dispuesto a compartir su vida contigo. Si est\u00e1 buscando un nuevo socio, debe estar abierto a conocer... Leer m\u00e1s Leer m\u00e1s","og_url":"https:\/\/thisisnotagateway.net\/es\/","og_site_name":"Rese\u00f1as de Gateway","article_modified_time":"2022-07-12T11:03:37+00:00","og_image":[{"width":1125,"height":750,"url":"http:\/\/thisisnotagateway.net\/wp-content\/uploads\/2022\/07\/online-hooup-apps-our-advice.jpeg","type":"image\/jpeg"}],"author":"Gateway","twitter_card":"summary_large_image","twitter_misc":{"Tiempo de lectura":"6 minutos"},"schema":{"@context":"https:\/\/schema.org","@graph":[{"@type":"WebSite","@id":"http:\/\/thisisnotagateway.net\/#website","url":"http:\/\/thisisnotagateway.net\/","name":"Rese\u00f1as de Gateway","description":"Blog de Relaciones y Citas","potentialAction":[{"@type":"SearchAction","target":{"@type":"EntryPoint","urlTemplate":"http:\/\/thisisnotagateway.net\/?s={search_term_string}"},"query-input":"required name=search_term_string"}],"inLanguage":"es"},{"@type":"ImageObject","inLanguage":"es","@id":"https:\/\/thisisnotagateway.net\/es\/#primaryimage","url":"https:\/\/thisisnotagateway.net\/wp-content\/uploads\/2022\/07\/online-hooup-apps-our-advice.jpeg","contentUrl":"https:\/\/thisisnotagateway.net\/wp-content\/uploads\/2022\/07\/online-hooup-apps-our-advice.jpeg","width":1125,"height":750},{"@type":"WebPage","@id":"https:\/\/thisisnotagateway.net\/es\/#webpage","url":"https:\/\/thisisnotagateway.net\/es\/","name":"Gateway: \u00a1El \u00fanico blog de citas que necesitas! - Rese\u00f1as de Gateway","isPartOf":{"@id":"http:\/\/thisisnotagateway.net\/#website"},"primaryImageOfPage":{"@id":"https:\/\/thisisnotagateway.net\/es\/#primaryimage"},"datePublished":"2022-07-03T12:31:58+00:00","dateModified":"2022-07-12T11:03:37+00:00","breadcrumb":{"@id":"https:\/\/thisisnotagateway.net\/es\/#breadcrumb"},"inLanguage":"es","potentialAction":[{"@type":"ReadAction","target":["https:\/\/thisisnotagateway.net\/es\/"]}]},{"@type":"BreadcrumbList","@id":"https:\/\/thisisnotagateway.net\/es\/#breadcrumb","itemListElement":[{"@type":"ListItem","position":1,"name":"Hogar","item":"http:\/\/thisisnotagateway.net\/es\/"},{"@type":"ListItem","position":2,"name":"Gateway: \u00a1El \u00fanico blog de citas que necesitas!"}]}]}},"_links":{"self":[{"href":"https:\/\/thisisnotagateway.net\/es\/wp-json\/wp\/v2\/pages\/265"}],"collection":[{"href":"https:\/\/thisisnotagateway.net\/es\/wp-json\/wp\/v2\/pages"}],"about":[{"href":"https:\/\/thisisnotagateway.net\/es\/wp-json\/wp\/v2\/types\/page"}],"author":[{"embeddable":true,"href":"https:\/\/thisisnotagateway.net\/es\/wp-json\/wp\/v2\/users\/1"}],"replies":[{"embeddable":true,"href":"https:\/\/thisisnotagateway.net\/es\/wp-json\/wp\/v2\/comments?post=265"}],"version-history":[{"count":2,"href":"https:\/\/thisisnotagateway.net\/es\/wp-json\/wp\/v2\/pages\/265\/revisions"}],"predecessor-version":[{"id":364,"href":"https:\/\/thisisnotagateway.net\/es\/wp-json\/wp\/v2\/pages\/265\/revisions\/364"}],"wp:featuredmedia":[{"embeddable":true,"href":"https:\/\/thisisnotagateway.net\/es\/wp-json\/wp\/v2\/media\/80"}],"wp:attachment":[{"href":"https:\/\/thisisnotagateway.net\/es\/wp-json\/wp\/v2\/media?parent=265"}],"curies":[{"name":"wp","href":"https:\/\/api.w.org\/{rel}","templated":true}]}}