{"id":184,"date":"2022-07-03T15:06:46","date_gmt":"2022-07-03T14:06:46","guid":{"rendered":"http:\/\/thisisnotagateway.net\/trouvez-une-relation-avec-facilite\/"},"modified":"2022-07-03T15:06:46","modified_gmt":"2022-07-03T14:06:46","slug":"trouvez-une-relation-avec-facilite","status":"publish","type":"page","link":"https:\/\/thisisnotagateway.net\/fr\/trouvez-une-relation-avec-facilite\/","title":{"rendered":"Trouvez une relation avec facilit\u00e9"},"content":{"rendered":"<p>Les rencontres occasionnelles ne sont souvent que cela \u2013 d\u00e9contract\u00e9es. Donc, si vous n\u2019avez pas de chance, ne transpirez pas. Il suffit de passer \u00e0 l\u2019endroit suivant.<\/p>\n<p>Les rencontres sont des rencontres occasionnelles entre deux \u00e9trangers qui se rencontrent en ligne. Ils sont g\u00e9n\u00e9ralement de courte dur\u00e9e et ne sont pas destin\u00e9s \u00e0 mener \u00e0 une relation. Cependant, les rencontres peuvent \u00eatre amusantes et excitantes, surtout lorsqu\u2019il n\u2019y a pas d\u2019engagement impliqu\u00e9. Les rencontres sont souvent d\u00e9crites comme des \u00ab&nbsp;relations sexuelles occasionnelles&nbsp;\u00bb.<\/p>\n<p>Si vous voulez trouver une relation, vous devriez envisager de suivre notre blog si vous voulez rencontrer une fille par amour plut\u00f4t que quelque chose de d\u00e9contract\u00e9.<\/p>\n<p><img loading=\"lazy\" class=\"aligncenter size-large wp-image-109\" src=\"http:\/\/thisisnotagateway.net\/wp-content\/uploads\/2022\/07\/reviews-for-dating-1024x683.jpeg\" alt=\"\" width=\"640\" height=\"427\" srcset=\"https:\/\/thisisnotagateway.net\/wp-content\/uploads\/2022\/07\/reviews-for-dating-1024x683.jpeg 1024w, https:\/\/thisisnotagateway.net\/wp-content\/uploads\/2022\/07\/reviews-for-dating-300x200.jpeg 300w, https:\/\/thisisnotagateway.net\/wp-content\/uploads\/2022\/07\/reviews-for-dating-768x512.jpeg 768w, https:\/\/thisisnotagateway.net\/wp-content\/uploads\/2022\/07\/reviews-for-dating-1536x1024.jpeg 1536w, https:\/\/thisisnotagateway.net\/wp-content\/uploads\/2022\/07\/reviews-for-dating-2048x1365.jpeg 2048w, https:\/\/thisisnotagateway.net\/wp-content\/uploads\/2022\/07\/reviews-for-dating-405x270.jpeg 405w\" sizes=\"(max-width: 640px) 100vw, 640px\" \/><\/p>\n<p>Les applications de rencontres sont des services en ligne qui aident \u00e0 <a href=\"http:\/\/thisisnotagateway.net\/fr\/applications-de-connexion-populaires-qui-fonctionnent-pour-le-sexe\/\">faire correspondre les c\u00e9libataires en fonction de l\u2019emplacement<\/a>, des int\u00e9r\u00eats, de l\u2019\u00e2ge, du sexe et d\u2019autres facteurs. Ils sont parfaits pour trouver des rendez-vous, des amis et <a href=\"http:\/\/thisisnotagateway.net\/fr\/craigslist-personnels\/\">des partenaires sexuels occasionnels<\/a>. Il existe de nombreuses applications de rencontres disponibles aujourd\u2019hui, notamment Tinder, Bumble, Happn, OkCupid, Grindr et autres. Chaque application a ses propres fonctionnalit\u00e9s uniques, mais elles fonctionnent toutes de la m\u00eame mani\u00e8re. Pour savoir quelle application de rencontres vous convient le mieux, essayez-les et voyez laquelle se sent le plus \u00e0 l\u2019aise. Ensuite, utilisez les informations que vous apprenez pour am\u00e9liorer vos chances de rencontrer quelqu\u2019un de sp\u00e9cial.<\/p>\n<h2>Comment trouver un partenaire<\/h2>\n<p>Si vous \u00eates \u00e0 la recherche d\u2019une relation, alors vous devriez \u00eatre \u00e0 la recherche d\u2019un partenaire. Les partenariats n\u00e9cessitent de la confiance, de la communication et de la compatibilit\u00e9. Pour trouver un partenaire, vous devez vous mettre en avant et le rechercher activement. Cela signifie r\u00e9seauter, rencontrer des gens lors d\u2019\u00e9v\u00e9nements, rejoindre des groupes, etc.<\/p>\n<p>Lorsque vous trouvez une personne compatible, vous devez communiquer suffisamment bien pour \u00e9tablir une connexion solide. Ensuite, vous devez \u00eatre pr\u00eat \u00e0 faire des compromis et \u00e0 travailler ensemble pour cr\u00e9er une relation saine. Si vous \u00eates int\u00e9ress\u00e9 \u00e0 trouver un partenaire, alors vous devriez envisager de devenir membre d\u2019un groupe de c\u00e9libataires local. Ces groupes sont souvent organis\u00e9s par le biais d\u2019\u00e9glises, de centres communautaires ou de clubs sociaux.<\/p>\n<p>Il y a de nombreux avantages \u00e0 \u00eatre membre d\u2019un groupe de c\u00e9libataires. Tout d\u2019abord, vous serez en mesure de vous connecter avec d\u2019autres personnes qui partagent des int\u00e9r\u00eats et des valeurs similaires. Deuxi\u00e8mement, vous pourrez trouver un partenaire plus rapidement que si vous \u00e9tiez seul. Troisi\u00e8mement, vous pourrez obtenir des conseils d\u2019autres membres qui ont suivi la m\u00eame voie. Enfin, vous pourrez rejoindre une communaut\u00e9 de personnes qui se soutiennent mutuellement et s\u2019encouragent mutuellement. Donc, si vous voulez trouver un partenaire, alors rejoignez un groupe de c\u00e9libataires d\u00e8s aujourd\u2019hui!<\/p>\n<h3>Quelle est la meilleure fa\u00e7on de rencontrer des gens en ligne?<\/h3>\n<p>Les applications de rencontres sont des sites Web o\u00f9 les c\u00e9libataires se rencontrent. Ils sont g\u00e9n\u00e9ralement gratuits, mais certains exigent des frais pour les utiliser.<\/p>\n<p>Il existe de nombreuses applications de rencontres disponibles aujourd\u2019hui, notamment Tinder, Hinge, 2Fuck et XXXHookups. Chaque application fonctionne diff\u00e9remment, mais la plupart permettent aux utilisateurs de rechercher des correspondances en fonction de l\u2019emplacement, de l\u2019\u00e2ge, du sexe, des int\u00e9r\u00eats et d\u2019autres crit\u00e8res.<\/p>\n<p>C\u2019est pourquoi je recommande plut\u00f4t de trouver une relation \u00e0 long terme. Les relations \u00e0 long terme prennent du temps et des efforts, mais elles en valent la peine. Ils sont amusants, gratifiants et satisfaisants. Et ils m\u00e8nent au mariage et aux enfants. Pour trouver un partenaire \u00e0 long terme, vous devez \u00eatre s\u00e9lectif. Ne vous contentez pas de quelqu\u2019un qui ne vous convient pas. Au lieu de cela, continuez \u00e0 chercher jusqu\u2019\u00e0 ce que vous trouviez quelqu\u2019un qui vous rend excit\u00e9 et heureux. Ensuite, continuez \u00e0 regarder \u00e0 nouveau.<\/p>\n<p>Maintenant, allez l\u00e0-bas et trouvez-la!<\/p>\n","protected":false},"excerpt":{"rendered":"<p>Les rencontres occasionnelles ne sont souvent que cela \u2013 d\u00e9contract\u00e9es. Donc, si vous n\u2019avez pas de chance, ne transpirez pas. Il suffit de passer \u00e0 l\u2019endroit suivant. Les rencontres sont des rencontres occasionnelles entre deux \u00e9trangers qui se rencontrent en ligne. Ils sont g\u00e9n\u00e9ralement de courte dur\u00e9e et ne sont pas destin\u00e9s \u00e0 mener \u00e0 une relation. Cependant, les rencontres peuvent \u00eatre amusantes et excitantes, surtout lorsqu\u2019il n\u2019y a pas d\u2019engagement impliqu\u00e9. Les rencontres sont souvent d\u00e9crites comme des \u00ab&nbsp;relations&#8230;<\/p>\n<p class=\"read-more\"><a class=\"btn btn-default\" href=\"https:\/\/thisisnotagateway.net\/fr\/trouvez-une-relation-avec-facilite\/\">Lire la suite<span class=\"screen-reader-text\"> Lire la suite<\/span><\/a><\/p>\n","protected":false},"author":1,"featured_media":0,"parent":0,"menu_order":0,"comment_status":"closed","ping_status":"closed","template":"","meta":[],"yoast_head":"<!-- This site is optimized with the Yoast SEO plugin v19.2 - https:\/\/yoast.com\/wordpress\/plugins\/seo\/ -->\n<title>Trouvez une relation avec facilit\u00e9 - Avis sur Gateway<\/title>\n<meta name=\"robots\" content=\"index, follow, max-snippet:-1, max-image-preview:large, max-video-preview:-1\" \/>\n<link rel=\"canonical\" href=\"https:\/\/thisisnotagateway.net\/fr\/trouvez-une-relation-avec-facilite\/\" \/>\n<meta property=\"og:locale\" content=\"fr_FR\" \/>\n<meta property=\"og:type\" content=\"article\" \/>\n<meta property=\"og:title\" content=\"Trouvez une relation avec facilit\u00e9 - Avis sur Gateway\" \/>\n<meta property=\"og:description\" content=\"Les rencontres occasionnelles ne sont souvent que cela \u2013 d\u00e9contract\u00e9es. Donc, si vous n\u2019avez pas de chance, ne transpirez pas. Il suffit de passer \u00e0 l\u2019endroit suivant. Les rencontres sont des rencontres occasionnelles entre deux \u00e9trangers qui se rencontrent en ligne. Ils sont g\u00e9n\u00e9ralement de courte dur\u00e9e et ne sont pas destin\u00e9s \u00e0 mener \u00e0 une relation. Cependant, les rencontres peuvent \u00eatre amusantes et excitantes, surtout lorsqu\u2019il n\u2019y a pas d\u2019engagement impliqu\u00e9. Les rencontres sont souvent d\u00e9crites comme des \u00ab&nbsp;relations...Lire la suite Lire la suite\" \/>\n<meta property=\"og:url\" content=\"https:\/\/thisisnotagateway.net\/fr\/trouvez-une-relation-avec-facilite\/\" \/>\n<meta property=\"og:site_name\" content=\"Avis sur Gateway\" \/>\n<meta property=\"og:image\" content=\"http:\/\/thisisnotagateway.net\/wp-content\/uploads\/2022\/07\/reviews-for-dating-1024x683.jpeg\" \/>\n<meta name=\"author\" content=\"Gateway\" \/>\n<meta name=\"twitter:card\" content=\"summary_large_image\" \/>\n<meta name=\"twitter:label1\" content=\"Dur\u00e9e de lecture estim\u00e9e\" \/>\n\t<meta name=\"twitter:data1\" content=\"3 minutes\" \/>\n<script type=\"application\/ld+json\" class=\"yoast-schema-graph\">{\"@context\":\"https:\/\/schema.org\",\"@graph\":[{\"@type\":\"WebSite\",\"@id\":\"http:\/\/thisisnotagateway.net\/#website\",\"url\":\"http:\/\/thisisnotagateway.net\/\",\"name\":\"Avis sur Gateway\",\"description\":\"Blog sur les relations et les rencontres\",\"potentialAction\":[{\"@type\":\"SearchAction\",\"target\":{\"@type\":\"EntryPoint\",\"urlTemplate\":\"http:\/\/thisisnotagateway.net\/?s={search_term_string}\"},\"query-input\":\"required name=search_term_string\"}],\"inLanguage\":\"fr-FR\"},{\"@type\":\"ImageObject\",\"inLanguage\":\"fr-FR\",\"@id\":\"https:\/\/thisisnotagateway.net\/fr\/trouvez-une-relation-avec-facilite\/#primaryimage\",\"url\":\"https:\/\/thisisnotagateway.net\/wp-content\/uploads\/2022\/07\/reviews-for-dating.jpeg\",\"contentUrl\":\"https:\/\/thisisnotagateway.net\/wp-content\/uploads\/2022\/07\/reviews-for-dating.jpeg\",\"width\":2250,\"height\":1500},{\"@type\":\"WebPage\",\"@id\":\"https:\/\/thisisnotagateway.net\/fr\/trouvez-une-relation-avec-facilite\/#webpage\",\"url\":\"https:\/\/thisisnotagateway.net\/fr\/trouvez-une-relation-avec-facilite\/\",\"name\":\"Trouvez une relation avec facilit\u00e9 - Avis sur Gateway\",\"isPartOf\":{\"@id\":\"http:\/\/thisisnotagateway.net\/#website\"},\"primaryImageOfPage\":{\"@id\":\"https:\/\/thisisnotagateway.net\/fr\/trouvez-une-relation-avec-facilite\/#primaryimage\"},\"datePublished\":\"2022-07-03T14:06:46+00:00\",\"dateModified\":\"2022-07-03T14:06:46+00:00\",\"breadcrumb\":{\"@id\":\"https:\/\/thisisnotagateway.net\/fr\/trouvez-une-relation-avec-facilite\/#breadcrumb\"},\"inLanguage\":\"fr-FR\",\"potentialAction\":[{\"@type\":\"ReadAction\",\"target\":[\"https:\/\/thisisnotagateway.net\/fr\/trouvez-une-relation-avec-facilite\/\"]}]},{\"@type\":\"BreadcrumbList\",\"@id\":\"https:\/\/thisisnotagateway.net\/fr\/trouvez-une-relation-avec-facilite\/#breadcrumb\",\"itemListElement\":[{\"@type\":\"ListItem\",\"position\":1,\"name\":\"Domicile\",\"item\":\"https:\/\/thisisnotagateway.net\/fr\/\"},{\"@type\":\"ListItem\",\"position\":2,\"name\":\"Trouvez une relation avec facilit\u00e9\"}]}]}<\/script>\n<!-- \/ Yoast SEO plugin. -->","yoast_head_json":{"title":"Trouvez une relation avec facilit\u00e9 - Avis sur Gateway","robots":{"index":"index","follow":"follow","max-snippet":"max-snippet:-1","max-image-preview":"max-image-preview:large","max-video-preview":"max-video-preview:-1"},"canonical":"https:\/\/thisisnotagateway.net\/fr\/trouvez-une-relation-avec-facilite\/","og_locale":"fr_FR","og_type":"article","og_title":"Trouvez une relation avec facilit\u00e9 - Avis sur Gateway","og_description":"Les rencontres occasionnelles ne sont souvent que cela \u2013 d\u00e9contract\u00e9es. Donc, si vous n\u2019avez pas de chance, ne transpirez pas. Il suffit de passer \u00e0 l\u2019endroit suivant. Les rencontres sont des rencontres occasionnelles entre deux \u00e9trangers qui se rencontrent en ligne. Ils sont g\u00e9n\u00e9ralement de courte dur\u00e9e et ne sont pas destin\u00e9s \u00e0 mener \u00e0 une relation. Cependant, les rencontres peuvent \u00eatre amusantes et excitantes, surtout lorsqu\u2019il n\u2019y a pas d\u2019engagement impliqu\u00e9. Les rencontres sont souvent d\u00e9crites comme des \u00ab&nbsp;relations...Lire la suite Lire la suite","og_url":"https:\/\/thisisnotagateway.net\/fr\/trouvez-une-relation-avec-facilite\/","og_site_name":"Avis sur Gateway","og_image":[{"url":"http:\/\/thisisnotagateway.net\/wp-content\/uploads\/2022\/07\/reviews-for-dating-1024x683.jpeg"}],"author":"Gateway","twitter_card":"summary_large_image","twitter_misc":{"Dur\u00e9e de lecture estim\u00e9e":"3 minutes"},"schema":{"@context":"https:\/\/schema.org","@graph":[{"@type":"WebSite","@id":"http:\/\/thisisnotagateway.net\/#website","url":"http:\/\/thisisnotagateway.net\/","name":"Avis sur Gateway","description":"Blog sur les relations et les rencontres","potentialAction":[{"@type":"SearchAction","target":{"@type":"EntryPoint","urlTemplate":"http:\/\/thisisnotagateway.net\/?s={search_term_string}"},"query-input":"required name=search_term_string"}],"inLanguage":"fr-FR"},{"@type":"ImageObject","inLanguage":"fr-FR","@id":"https:\/\/thisisnotagateway.net\/fr\/trouvez-une-relation-avec-facilite\/#primaryimage","url":"https:\/\/thisisnotagateway.net\/wp-content\/uploads\/2022\/07\/reviews-for-dating.jpeg","contentUrl":"https:\/\/thisisnotagateway.net\/wp-content\/uploads\/2022\/07\/reviews-for-dating.jpeg","width":2250,"height":1500},{"@type":"WebPage","@id":"https:\/\/thisisnotagateway.net\/fr\/trouvez-une-relation-avec-facilite\/#webpage","url":"https:\/\/thisisnotagateway.net\/fr\/trouvez-une-relation-avec-facilite\/","name":"Trouvez une relation avec facilit\u00e9 - Avis sur Gateway","isPartOf":{"@id":"http:\/\/thisisnotagateway.net\/#website"},"primaryImageOfPage":{"@id":"https:\/\/thisisnotagateway.net\/fr\/trouvez-une-relation-avec-facilite\/#primaryimage"},"datePublished":"2022-07-03T14:06:46+00:00","dateModified":"2022-07-03T14:06:46+00:00","breadcrumb":{"@id":"https:\/\/thisisnotagateway.net\/fr\/trouvez-une-relation-avec-facilite\/#breadcrumb"},"inLanguage":"fr-FR","potentialAction":[{"@type":"ReadAction","target":["https:\/\/thisisnotagateway.net\/fr\/trouvez-une-relation-avec-facilite\/"]}]},{"@type":"BreadcrumbList","@id":"https:\/\/thisisnotagateway.net\/fr\/trouvez-une-relation-avec-facilite\/#breadcrumb","itemListElement":[{"@type":"ListItem","position":1,"name":"Domicile","item":"https:\/\/thisisnotagateway.net\/fr\/"},{"@type":"ListItem","position":2,"name":"Trouvez une relation avec facilit\u00e9"}]}]}},"_links":{"self":[{"href":"https:\/\/thisisnotagateway.net\/fr\/wp-json\/wp\/v2\/pages\/184"}],"collection":[{"href":"https:\/\/thisisnotagateway.net\/fr\/wp-json\/wp\/v2\/pages"}],"about":[{"href":"https:\/\/thisisnotagateway.net\/fr\/wp-json\/wp\/v2\/types\/page"}],"author":[{"embeddable":true,"href":"https:\/\/thisisnotagateway.net\/fr\/wp-json\/wp\/v2\/users\/1"}],"replies":[{"embeddable":true,"href":"https:\/\/thisisnotagateway.net\/fr\/wp-json\/wp\/v2\/comments?post=184"}],"version-history":[{"count":0,"href":"https:\/\/thisisnotagateway.net\/fr\/wp-json\/wp\/v2\/pages\/184\/revisions"}],"wp:attachment":[{"href":"https:\/\/thisisnotagateway.net\/fr\/wp-json\/wp\/v2\/media?parent=184"}],"curies":[{"name":"wp","href":"https:\/\/api.w.org\/{rel}","templated":true}]}}