{"id":192,"date":"2022-07-03T15:10:07","date_gmt":"2022-07-03T14:10:07","guid":{"rendered":"http:\/\/thisisnotagateway.net\/trouver-un-match\/"},"modified":"2022-07-03T15:10:07","modified_gmt":"2022-07-03T14:10:07","slug":"trouver-un-match","status":"publish","type":"page","link":"https:\/\/thisisnotagateway.net\/fr\/trouver-un-match\/","title":{"rendered":"Trouver un match?"},"content":{"rendered":"<p>Les rencontres sont des rencontres amusantes et occasionnelles entre deux personnes qui ne sont pas n\u00e9cessairement int\u00e9ress\u00e9es par quelque chose de s\u00e9rieux. Il est facile de rencontrer quelqu\u2019un gr\u00e2ce \u00e0 des rencontres, et si vous \u00eates ouvert \u00e0 essayer de nouvelles choses, cela pourrait conduire \u00e0 une relation \u00e0 long terme.<\/p>\n<p>Ils sont souvent utilis\u00e9s comme tremplin vers des relations plus s\u00e9rieuses. Les rencontres sont populaires parmi les c\u00e9libataires \u00e0 la recherche de relations sexuelles rapides, les couples \u00e0 la recherche d\u2019une aventure et les personnes \u00e2g\u00e9es \u00e0 la recherche de compagnie.<\/p>\n<p><img loading=\"lazy\" class=\"aligncenter size-large wp-image-111\" src=\"http:\/\/thisisnotagateway.net\/wp-content\/uploads\/2022\/07\/chat-apps-1024x660.jpg\" alt=\"\" width=\"640\" height=\"413\" srcset=\"https:\/\/thisisnotagateway.net\/wp-content\/uploads\/2022\/07\/chat-apps-1024x660.jpg 1024w, https:\/\/thisisnotagateway.net\/wp-content\/uploads\/2022\/07\/chat-apps-300x193.jpg 300w, https:\/\/thisisnotagateway.net\/wp-content\/uploads\/2022\/07\/chat-apps-768x495.jpg 768w, https:\/\/thisisnotagateway.net\/wp-content\/uploads\/2022\/07\/chat-apps-1536x990.jpg 1536w, https:\/\/thisisnotagateway.net\/wp-content\/uploads\/2022\/07\/chat-apps-2048x1320.jpg 2048w, https:\/\/thisisnotagateway.net\/wp-content\/uploads\/2022\/07\/chat-apps-419x270.jpg 419w\" sizes=\"(max-width: 640px) 100vw, 640px\" \/><\/p>\n<h2>Comment vous pouvez utiliser les rencontres en ligne pour trouver une correspondance<\/h2>\n<p>Une fois que vous <a href=\"http:\/\/thisisnotagateway.net\/fr\/applications-de-connexion-populaires-qui-fonctionnent-pour-le-sexe\/\">avez trouv\u00e9 une correspondance<\/a>, vous pouvez discuter en ligne ou envoyer des messages via l\u2019application. Certaines applications vous permettent de configurer une date, tandis que d\u2019autres vous permettent simplement d\u2019\u00e9changer des informations de contact. Si vous d\u00e9cidez d\u2019utiliser une application de rencontres, veillez \u00e0 ne pas donner trop d\u2019informations personnelles. Cela inclut des \u00e9l\u00e9ments tels que votre nom complet, votre adresse, votre num\u00e9ro de t\u00e9l\u00e9phone, votre adresse e-mail et vos profils de m\u00e9dias sociaux. Sachez \u00e9galement que certaines applications de rencontres peuvent vous demander de payer des frais d\u2019abonnement mensuels. Donc, si vous pr\u00e9voyez d\u2019utiliser une application de rencontres r\u00e9guli\u00e8rement, envisagez de vous inscrire \u00e0 un abonnement payant.<\/p>\n<p>Si vous trouvez un lieu de rencontre local qui r\u00e9pond \u00e0 vos besoins, assurez-vous de vous habiller de mani\u00e8re appropri\u00e9e. Ne portez pas de v\u00eatements trop r\u00e9v\u00e9lateurs, car vous ne savez jamais quand vous rencontrerez quelqu\u2019un que vous connaissez. \u00c9vitez \u00e9galement de porter des bijoux co\u00fbteux, car vous ne pourrez peut-\u00eatre pas vous le permettre plus tard. Lorsque vous rencontrez quelqu\u2019un dans un lieu de rencontre local pour la premi\u00e8re fois, posez-lui des questions. Renseignez-vous sur leur \u00e2ge, leur sexe, leur orientation sexuelle, leur statut relationnel et toute autre information dont vous avez besoin pour d\u00e9terminer si cette personne vous convient.<\/p>\n<p>N\u2019oubliez pas de prendre des photos de vous et de la personne que vous rencontrez. De cette fa\u00e7on, vous aurez la preuve de votre rencontre si les choses tournent au sud. Une fois que vous avez trouv\u00e9 quelqu\u2019un avec qui vous souhaitez vous connecter, envoyez-lui un message. Dites-leur o\u00f9 vous vous trouvez et demandez-leur s\u2019ils sont int\u00e9ress\u00e9s \u00e0 se rencontrer.<\/p>\n<p>S\u2019ils disent oui, fixez un moment et un lieu pour vous rencontrer. Ne vous attendez pas \u00e0 trop, cependant. Le sexe occasionnel consiste principalement \u00e0 s\u2019en sortir, pas \u00e0 construire une relation durable. Et rappelez-vous, le sexe occasionnel n\u2019est pas pour tout le monde. Soyez prudent et ne vous blessez pas.<\/p>\n<p>Les rencontres sont des rencontres occasionnelles entre deux \u00e9trangers qui se rencontrent en ligne. Ce sont g\u00e9n\u00e9ralement des relations \u00e0 court terme o\u00f9 il n\u2019y a pas d\u2019engagement ou d\u2019attachement \u00e9motionnel. Ils sont g\u00e9niaux parce qu\u2019ils sont rapides, gratuits et faciles \u00e0 trouver. Mais ils ne sont pas pour tout le monde. Les rencontres ne sont pas pour les personnes \u00e0 la recherche de relations \u00e0 long terme ou de mariage.<\/p>\n<h3>Si vous avez besoin de plus de conseils<\/h3>\n<p>Notre plus grand atout, ce sont nos utilisateurs. Nous \u00e9coutons attentivement ce que vous avez tous \u00e0 dire et nous nous effor\u00e7ons continuellement de garder vos besoins au premier plan de nos efforts de d\u00e9veloppement. Vous nous aidez \u00e0 fa\u00e7onner l\u2019avenir de notre site et nous l\u2019appr\u00e9cions vraiment! Voici donc quelques conseils pour ceux qui d\u00e9butent sur la sc\u00e8ne. Si vous avez des questions sur tout ce qui concerne <a href=\"http:\/\/thisisnotagateway.net\/fr\/trouvez-une-relation-avec-facilite\/\">la recherche d\u2019un copain de baise<\/a>, il suffit de demander et nous y r\u00e9pondrons rapidement.<\/p>\n","protected":false},"excerpt":{"rendered":"<p>Les rencontres sont des rencontres amusantes et occasionnelles entre deux personnes qui ne sont pas n\u00e9cessairement int\u00e9ress\u00e9es par quelque chose de s\u00e9rieux. Il est facile de rencontrer quelqu\u2019un gr\u00e2ce \u00e0 des rencontres, et si vous \u00eates ouvert \u00e0 essayer de nouvelles choses, cela pourrait conduire \u00e0 une relation \u00e0 long terme. Ils sont souvent utilis\u00e9s comme tremplin vers des relations plus s\u00e9rieuses. Les rencontres sont populaires parmi les c\u00e9libataires \u00e0 la recherche de relations sexuelles rapides, les couples \u00e0 la&#8230;<\/p>\n<p class=\"read-more\"><a class=\"btn btn-default\" href=\"https:\/\/thisisnotagateway.net\/fr\/trouver-un-match\/\">Lire la suite<span class=\"screen-reader-text\"> Lire la suite<\/span><\/a><\/p>\n","protected":false},"author":1,"featured_media":0,"parent":0,"menu_order":0,"comment_status":"closed","ping_status":"closed","template":"","meta":[],"yoast_head":"<!-- This site is optimized with the Yoast SEO plugin v19.2 - https:\/\/yoast.com\/wordpress\/plugins\/seo\/ -->\n<title>Trouver un match? - Avis sur Gateway<\/title>\n<meta name=\"robots\" content=\"index, follow, max-snippet:-1, max-image-preview:large, max-video-preview:-1\" \/>\n<link rel=\"canonical\" href=\"https:\/\/thisisnotagateway.net\/fr\/trouver-un-match\/\" \/>\n<meta property=\"og:locale\" content=\"fr_FR\" \/>\n<meta property=\"og:type\" content=\"article\" \/>\n<meta property=\"og:title\" content=\"Trouver un match? - Avis sur Gateway\" \/>\n<meta property=\"og:description\" content=\"Les rencontres sont des rencontres amusantes et occasionnelles entre deux personnes qui ne sont pas n\u00e9cessairement int\u00e9ress\u00e9es par quelque chose de s\u00e9rieux. Il est facile de rencontrer quelqu\u2019un gr\u00e2ce \u00e0 des rencontres, et si vous \u00eates ouvert \u00e0 essayer de nouvelles choses, cela pourrait conduire \u00e0 une relation \u00e0 long terme. Ils sont souvent utilis\u00e9s comme tremplin vers des relations plus s\u00e9rieuses. Les rencontres sont populaires parmi les c\u00e9libataires \u00e0 la recherche de relations sexuelles rapides, les couples \u00e0 la...Lire la suite Lire la suite\" \/>\n<meta property=\"og:url\" content=\"https:\/\/thisisnotagateway.net\/fr\/trouver-un-match\/\" \/>\n<meta property=\"og:site_name\" content=\"Avis sur Gateway\" \/>\n<meta property=\"og:image\" content=\"http:\/\/thisisnotagateway.net\/wp-content\/uploads\/2022\/07\/chat-apps-1024x660.jpg\" \/>\n<meta name=\"author\" content=\"Gateway\" \/>\n<meta name=\"twitter:card\" content=\"summary_large_image\" \/>\n<meta name=\"twitter:label1\" content=\"Dur\u00e9e de lecture estim\u00e9e\" \/>\n\t<meta name=\"twitter:data1\" content=\"3 minutes\" \/>\n<script type=\"application\/ld+json\" class=\"yoast-schema-graph\">{\"@context\":\"https:\/\/schema.org\",\"@graph\":[{\"@type\":\"WebSite\",\"@id\":\"http:\/\/thisisnotagateway.net\/#website\",\"url\":\"http:\/\/thisisnotagateway.net\/\",\"name\":\"Avis sur Gateway\",\"description\":\"Blog sur les relations et les rencontres\",\"potentialAction\":[{\"@type\":\"SearchAction\",\"target\":{\"@type\":\"EntryPoint\",\"urlTemplate\":\"http:\/\/thisisnotagateway.net\/?s={search_term_string}\"},\"query-input\":\"required name=search_term_string\"}],\"inLanguage\":\"fr-FR\"},{\"@type\":\"ImageObject\",\"inLanguage\":\"fr-FR\",\"@id\":\"https:\/\/thisisnotagateway.net\/fr\/trouver-un-match\/#primaryimage\",\"url\":\"https:\/\/thisisnotagateway.net\/wp-content\/uploads\/2022\/07\/chat-apps.jpg\",\"contentUrl\":\"https:\/\/thisisnotagateway.net\/wp-content\/uploads\/2022\/07\/chat-apps.jpg\",\"width\":2327,\"height\":1500},{\"@type\":\"WebPage\",\"@id\":\"https:\/\/thisisnotagateway.net\/fr\/trouver-un-match\/#webpage\",\"url\":\"https:\/\/thisisnotagateway.net\/fr\/trouver-un-match\/\",\"name\":\"Trouver un match? - Avis sur Gateway\",\"isPartOf\":{\"@id\":\"http:\/\/thisisnotagateway.net\/#website\"},\"primaryImageOfPage\":{\"@id\":\"https:\/\/thisisnotagateway.net\/fr\/trouver-un-match\/#primaryimage\"},\"datePublished\":\"2022-07-03T14:10:07+00:00\",\"dateModified\":\"2022-07-03T14:10:07+00:00\",\"breadcrumb\":{\"@id\":\"https:\/\/thisisnotagateway.net\/fr\/trouver-un-match\/#breadcrumb\"},\"inLanguage\":\"fr-FR\",\"potentialAction\":[{\"@type\":\"ReadAction\",\"target\":[\"https:\/\/thisisnotagateway.net\/fr\/trouver-un-match\/\"]}]},{\"@type\":\"BreadcrumbList\",\"@id\":\"https:\/\/thisisnotagateway.net\/fr\/trouver-un-match\/#breadcrumb\",\"itemListElement\":[{\"@type\":\"ListItem\",\"position\":1,\"name\":\"Domicile\",\"item\":\"http:\/\/thisisnotagateway.net\/fr\/\"},{\"@type\":\"ListItem\",\"position\":2,\"name\":\"Trouver un match?\"}]}]}<\/script>\n<!-- \/ Yoast SEO plugin. -->","yoast_head_json":{"title":"Trouver un match? - Avis sur Gateway","robots":{"index":"index","follow":"follow","max-snippet":"max-snippet:-1","max-image-preview":"max-image-preview:large","max-video-preview":"max-video-preview:-1"},"canonical":"https:\/\/thisisnotagateway.net\/fr\/trouver-un-match\/","og_locale":"fr_FR","og_type":"article","og_title":"Trouver un match? - Avis sur Gateway","og_description":"Les rencontres sont des rencontres amusantes et occasionnelles entre deux personnes qui ne sont pas n\u00e9cessairement int\u00e9ress\u00e9es par quelque chose de s\u00e9rieux. Il est facile de rencontrer quelqu\u2019un gr\u00e2ce \u00e0 des rencontres, et si vous \u00eates ouvert \u00e0 essayer de nouvelles choses, cela pourrait conduire \u00e0 une relation \u00e0 long terme. Ils sont souvent utilis\u00e9s comme tremplin vers des relations plus s\u00e9rieuses. Les rencontres sont populaires parmi les c\u00e9libataires \u00e0 la recherche de relations sexuelles rapides, les couples \u00e0 la...Lire la suite Lire la suite","og_url":"https:\/\/thisisnotagateway.net\/fr\/trouver-un-match\/","og_site_name":"Avis sur Gateway","og_image":[{"url":"http:\/\/thisisnotagateway.net\/wp-content\/uploads\/2022\/07\/chat-apps-1024x660.jpg"}],"author":"Gateway","twitter_card":"summary_large_image","twitter_misc":{"Dur\u00e9e de lecture estim\u00e9e":"3 minutes"},"schema":{"@context":"https:\/\/schema.org","@graph":[{"@type":"WebSite","@id":"http:\/\/thisisnotagateway.net\/#website","url":"http:\/\/thisisnotagateway.net\/","name":"Avis sur Gateway","description":"Blog sur les relations et les rencontres","potentialAction":[{"@type":"SearchAction","target":{"@type":"EntryPoint","urlTemplate":"http:\/\/thisisnotagateway.net\/?s={search_term_string}"},"query-input":"required name=search_term_string"}],"inLanguage":"fr-FR"},{"@type":"ImageObject","inLanguage":"fr-FR","@id":"https:\/\/thisisnotagateway.net\/fr\/trouver-un-match\/#primaryimage","url":"https:\/\/thisisnotagateway.net\/wp-content\/uploads\/2022\/07\/chat-apps.jpg","contentUrl":"https:\/\/thisisnotagateway.net\/wp-content\/uploads\/2022\/07\/chat-apps.jpg","width":2327,"height":1500},{"@type":"WebPage","@id":"https:\/\/thisisnotagateway.net\/fr\/trouver-un-match\/#webpage","url":"https:\/\/thisisnotagateway.net\/fr\/trouver-un-match\/","name":"Trouver un match? - Avis sur Gateway","isPartOf":{"@id":"http:\/\/thisisnotagateway.net\/#website"},"primaryImageOfPage":{"@id":"https:\/\/thisisnotagateway.net\/fr\/trouver-un-match\/#primaryimage"},"datePublished":"2022-07-03T14:10:07+00:00","dateModified":"2022-07-03T14:10:07+00:00","breadcrumb":{"@id":"https:\/\/thisisnotagateway.net\/fr\/trouver-un-match\/#breadcrumb"},"inLanguage":"fr-FR","potentialAction":[{"@type":"ReadAction","target":["https:\/\/thisisnotagateway.net\/fr\/trouver-un-match\/"]}]},{"@type":"BreadcrumbList","@id":"https:\/\/thisisnotagateway.net\/fr\/trouver-un-match\/#breadcrumb","itemListElement":[{"@type":"ListItem","position":1,"name":"Domicile","item":"http:\/\/thisisnotagateway.net\/fr\/"},{"@type":"ListItem","position":2,"name":"Trouver un match?"}]}]}},"_links":{"self":[{"href":"https:\/\/thisisnotagateway.net\/fr\/wp-json\/wp\/v2\/pages\/192"}],"collection":[{"href":"https:\/\/thisisnotagateway.net\/fr\/wp-json\/wp\/v2\/pages"}],"about":[{"href":"https:\/\/thisisnotagateway.net\/fr\/wp-json\/wp\/v2\/types\/page"}],"author":[{"embeddable":true,"href":"https:\/\/thisisnotagateway.net\/fr\/wp-json\/wp\/v2\/users\/1"}],"replies":[{"embeddable":true,"href":"https:\/\/thisisnotagateway.net\/fr\/wp-json\/wp\/v2\/comments?post=192"}],"version-history":[{"count":0,"href":"https:\/\/thisisnotagateway.net\/fr\/wp-json\/wp\/v2\/pages\/192\/revisions"}],"wp:attachment":[{"href":"https:\/\/thisisnotagateway.net\/fr\/wp-json\/wp\/v2\/media?parent=192"}],"curies":[{"name":"wp","href":"https:\/\/api.w.org\/{rel}","templated":true}]}}