{"id":193,"date":"2022-07-03T15:00:39","date_gmt":"2022-07-03T14:00:39","guid":{"rendered":"http:\/\/thisisnotagateway.net\/applications-de-connexion-populaires-qui-fonctionnent-pour-le-sexe\/"},"modified":"2022-07-03T15:00:39","modified_gmt":"2022-07-03T14:00:39","slug":"applications-de-connexion-populaires-qui-fonctionnent-pour-le-sexe","status":"publish","type":"page","link":"https:\/\/thisisnotagateway.net\/fr\/applications-de-connexion-populaires-qui-fonctionnent-pour-le-sexe\/","title":{"rendered":"Applications de connexion populaires qui fonctionnent pour le sexe"},"content":{"rendered":"<p>Si vous \u00eates int\u00e9ress\u00e9 par les rencontres, vous devez \u00eatre conscient de certains faits importants. Cela dit, les connexions sont un excellent moyen de savoir s\u2019il y a une chimie entre vous et une autre personne. Donc, si vous \u00eates c\u00e9libataire et que vous recherchez une aventure ou une relation \u00e0 long terme, envisagez de rencontrer quelqu\u2019un via un site de rencontre.<\/p>\n<p>Les connexions sont excellentes parce qu\u2019elles sont rapides, bon march\u00e9 et simples. Mais ils ne sont pas id\u00e9aux parce qu\u2019ils finissent g\u00e9n\u00e9ralement mal.<\/p>\n<p><img loading=\"lazy\" class=\"aligncenter size-large wp-image-104\" src=\"http:\/\/thisisnotagateway.net\/wp-content\/uploads\/2022\/07\/local-chat-apps-1024x683.jpeg\" alt=\"\" width=\"640\" height=\"427\" srcset=\"https:\/\/thisisnotagateway.net\/wp-content\/uploads\/2022\/07\/local-chat-apps-1024x683.jpeg 1024w, https:\/\/thisisnotagateway.net\/wp-content\/uploads\/2022\/07\/local-chat-apps-300x200.jpeg 300w, https:\/\/thisisnotagateway.net\/wp-content\/uploads\/2022\/07\/local-chat-apps-768x512.jpeg 768w, https:\/\/thisisnotagateway.net\/wp-content\/uploads\/2022\/07\/local-chat-apps-1536x1024.jpeg 1536w, https:\/\/thisisnotagateway.net\/wp-content\/uploads\/2022\/07\/local-chat-apps-2048x1365.jpeg 2048w, https:\/\/thisisnotagateway.net\/wp-content\/uploads\/2022\/07\/local-chat-apps-405x270.jpeg 405w\" sizes=\"(max-width: 640px) 100vw, 640px\" \/><\/p>\n<h3>Craigslist<\/h3>\n<p><a href=\"http:\/\/thisisnotagateway.net\/fr\/craigslist-personnels\/\">Craigslist est un site de petites annonces en ligne<\/a>. Vous pouvez rechercher des millions d\u2019annonces, publier une annonce vous-m\u00eame ou parcourir les listes d\u2019autres utilisateurs. Si vous \u00eates \u00e0 la recherche d\u2019un emploi, vous pouvez \u00e9galement publier une offre d\u2019emploi directement sur le site Web. Il est gratuit de mettre en vente des articles, et il n\u2019y a pas de frais pour r\u00e9pondre. La plupart des publicit\u00e9s sont affich\u00e9es au moins une fois par semaine. Les utilisateurs peuvent se contacter via une messagerie priv\u00e9e, un message instantan\u00e9, un appel t\u00e9l\u00e9phonique ou un chat vid\u00e9o.<\/p>\n<p>Beaucoup de ceux qui ont utilis\u00e9 le site Web ont d\u00e9clar\u00e9 qu\u2019ils se sont finalement retrouv\u00e9s dans des relations s\u00e9rieuses. Certains d\u2019entre eux n\u2019\u00e9taient jamais sortis avec quelqu\u2019un du m\u00eame sexe. De nombreux membres LGBTQ ont d\u00e9clar\u00e9 qu\u2019ils avaient l\u2019impression que c\u2019\u00e9tait une alternative \u00e0 la stigmatisation de rencontrer des gens dans la vie r\u00e9elle, car ils n\u2019avaient pas \u00e0 s\u2019inqui\u00e9ter du rejet. D\u2019autres l\u2019utilisaient pour rencontrer des personnes qui partageaient des int\u00e9r\u00eats similaires avec eux. Mais beaucoup ont \u00e9galement dit qu\u2019ils l\u2019utilisaient pour trouver des rencontres sexuelles occasionnelles.<\/p>\n<h3>Ashley Madison<\/h3>\n<p>Ashley Madison est un <a href=\"http:\/\/thisisnotagateway.net\/fr\/trouvez-une-relation-avec-facilite\/\">service de rencontres en ligne<\/a> qui permet aux utilisateurs de se connecter avec d\u2019autres c\u00e9libataires \u00e0 la recherche de relations discr\u00e8tes. Le site Web offre \u00e0 ses membres un environnement s\u00fbr o\u00f9 ils peuvent partager leurs informations personnelles tout en maintenant leur anonymat. Aucune question n\u2019est pos\u00e9e sur l\u2019orientation sexuelle, la religion, la race, l\u2019origine ethnique, l\u2019\u00e2ge ou le sexe lors de l\u2019inscription au site. Tant que vous n\u2019\u00eates pas actuellement mari\u00e9, il n\u2019y a aucune restriction sur le nombre de profils que vous pouvez cr\u00e9er. Bien qu\u2019il existe de nombreuses fa\u00e7ons de rechercher dans la base de donn\u00e9es, la meilleure m\u00e9thode d\u00e9pendra du type de correspondance que vous recherchez.<\/p>\n<h3>Doublelist<\/h3>\n<p>Doublelist est un endroit id\u00e9al pour rencontrer des gens de tous <a href=\"http:\/\/thisisnotagateway.net\/fr\/trouver-un-match\/\">types<\/a>. Vous trouverez beaucoup de gens h\u00e9t\u00e9ros, gays, bi, lesbiennes, trans, queer, kinky, polyamoureux, etc., ici. Si vous cherchez quelque chose de sp\u00e9cifique, recherchez simplement ce qui vous int\u00e9resse. Il y a aussi une section appel\u00e9e \u00ab&nbsp;Explorer&nbsp;\u00bb o\u00f9 vous pouvez parcourir les profils d\u2019autres utilisateurs.<\/p>\n<p>Le site offre un grand nombre de fonctionnalit\u00e9s de recherche et d\u2019options de chat. Vous pouvez filtrer vos recherches par emplacement, \u00e2ge, sexe, origine ethnique, int\u00e9r\u00eats, orientation sexuelle, religion, profession et revenu. Le site v\u00e9rifie les nouveaux membres par t\u00e9l\u00e9phone, mais vous devez \u00eatre situ\u00e9 au Canada, au Royaume-Uni, aux \u00c9tats-Unis ou en Australie pour pouvoir vous inscrire. Nous aimons la fa\u00e7on dont le site prot\u00e8ge les utilisateurs contre les escrocs et les faux profils. Cela signifie que vous n\u2019aurez pas \u00e0 perdre de temps \u00e0 vous soucier des escroqueries ou des faux profils lorsque vous utilisez Match.com.<\/p>\n<h3>Recherche d\u2019amis adultes<\/h3>\n<p>AFF est un site de rencontres pour adultes. Ce n\u2019est pas un site de rencontre en soi, mais plut\u00f4t un service de rencontres qui aide les utilisateurs \u00e0 se connecter avec d\u2019autres utilisateurs. Si vous cherchez \u00e0 rencontrer quelqu\u2019un discr\u00e8tement, alors AFF vaut vraiment le d\u00e9tour. Il existe de nombreuses fa\u00e7ons d\u2019utiliser les services offerts par AFF. Vous pouvez parcourir les profils, envoyer des messages, afficher des photos et m\u00eame discuter avec les membres. Toutes ces fonctionnalit\u00e9s sont enti\u00e8rement gratuites.<\/p>\n<p>Cependant, si vous souhaitez mettre \u00e0 niveau votre compte, plusieurs niveaux sont disponibles. Par exemple, les comptes premium vous permettent de voir les profils des membres sans publicit\u00e9, tandis que les comptes platinum offrent des avantages suppl\u00e9mentaires. Il s\u2019agit notamment de fonctionnalit\u00e9s de messagerie suppl\u00e9mentaires, d\u2019un acc\u00e8s \u00e0 du contenu exclusif et d\u2019une confidentialit\u00e9 accrue.<\/p>\n","protected":false},"excerpt":{"rendered":"<p>Si vous \u00eates int\u00e9ress\u00e9 par les rencontres, vous devez \u00eatre conscient de certains faits importants. Cela dit, les connexions sont un excellent moyen de savoir s\u2019il y a une chimie entre vous et une autre personne. Donc, si vous \u00eates c\u00e9libataire et que vous recherchez une aventure ou une relation \u00e0 long terme, envisagez de rencontrer quelqu\u2019un via un site de rencontre. Les connexions sont excellentes parce qu\u2019elles sont rapides, bon march\u00e9 et simples. Mais ils ne sont pas id\u00e9aux&#8230;<\/p>\n<p class=\"read-more\"><a class=\"btn btn-default\" href=\"https:\/\/thisisnotagateway.net\/fr\/applications-de-connexion-populaires-qui-fonctionnent-pour-le-sexe\/\">Lire la suite<span class=\"screen-reader-text\"> Lire la suite<\/span><\/a><\/p>\n","protected":false},"author":1,"featured_media":0,"parent":0,"menu_order":0,"comment_status":"closed","ping_status":"closed","template":"","meta":[],"yoast_head":"<!-- This site is optimized with the Yoast SEO plugin v19.2 - https:\/\/yoast.com\/wordpress\/plugins\/seo\/ -->\n<title>Applications de connexion populaires qui fonctionnent pour le sexe - Avis sur Gateway<\/title>\n<meta name=\"robots\" content=\"index, follow, max-snippet:-1, max-image-preview:large, max-video-preview:-1\" \/>\n<link rel=\"canonical\" href=\"https:\/\/thisisnotagateway.net\/fr\/applications-de-connexion-populaires-qui-fonctionnent-pour-le-sexe\/\" \/>\n<meta property=\"og:locale\" content=\"fr_FR\" \/>\n<meta property=\"og:type\" content=\"article\" \/>\n<meta property=\"og:title\" content=\"Applications de connexion populaires qui fonctionnent pour le sexe - Avis sur Gateway\" \/>\n<meta property=\"og:description\" content=\"Si vous \u00eates int\u00e9ress\u00e9 par les rencontres, vous devez \u00eatre conscient de certains faits importants. Cela dit, les connexions sont un excellent moyen de savoir s\u2019il y a une chimie entre vous et une autre personne. Donc, si vous \u00eates c\u00e9libataire et que vous recherchez une aventure ou une relation \u00e0 long terme, envisagez de rencontrer quelqu\u2019un via un site de rencontre. Les connexions sont excellentes parce qu\u2019elles sont rapides, bon march\u00e9 et simples. Mais ils ne sont pas id\u00e9aux...Lire la suite Lire la suite\" \/>\n<meta property=\"og:url\" content=\"https:\/\/thisisnotagateway.net\/fr\/applications-de-connexion-populaires-qui-fonctionnent-pour-le-sexe\/\" \/>\n<meta property=\"og:site_name\" content=\"Avis sur Gateway\" \/>\n<meta property=\"og:image\" content=\"http:\/\/thisisnotagateway.net\/wp-content\/uploads\/2022\/07\/local-chat-apps-1024x683.jpeg\" \/>\n<meta name=\"author\" content=\"Gateway\" \/>\n<meta name=\"twitter:card\" content=\"summary_large_image\" \/>\n<meta name=\"twitter:label1\" content=\"Dur\u00e9e de lecture estim\u00e9e\" \/>\n\t<meta name=\"twitter:data1\" content=\"4 minutes\" \/>\n<script type=\"application\/ld+json\" class=\"yoast-schema-graph\">{\"@context\":\"https:\/\/schema.org\",\"@graph\":[{\"@type\":\"WebSite\",\"@id\":\"http:\/\/thisisnotagateway.net\/#website\",\"url\":\"http:\/\/thisisnotagateway.net\/\",\"name\":\"Avis sur Gateway\",\"description\":\"Blog sur les relations et les rencontres\",\"potentialAction\":[{\"@type\":\"SearchAction\",\"target\":{\"@type\":\"EntryPoint\",\"urlTemplate\":\"http:\/\/thisisnotagateway.net\/?s={search_term_string}\"},\"query-input\":\"required name=search_term_string\"}],\"inLanguage\":\"fr-FR\"},{\"@type\":\"ImageObject\",\"inLanguage\":\"fr-FR\",\"@id\":\"https:\/\/thisisnotagateway.net\/fr\/applications-de-connexion-populaires-qui-fonctionnent-pour-le-sexe\/#primaryimage\",\"url\":\"https:\/\/thisisnotagateway.net\/wp-content\/uploads\/2022\/07\/local-chat-apps.jpeg\",\"contentUrl\":\"https:\/\/thisisnotagateway.net\/wp-content\/uploads\/2022\/07\/local-chat-apps.jpeg\",\"width\":2250,\"height\":1500},{\"@type\":\"WebPage\",\"@id\":\"https:\/\/thisisnotagateway.net\/fr\/applications-de-connexion-populaires-qui-fonctionnent-pour-le-sexe\/#webpage\",\"url\":\"https:\/\/thisisnotagateway.net\/fr\/applications-de-connexion-populaires-qui-fonctionnent-pour-le-sexe\/\",\"name\":\"Applications de connexion populaires qui fonctionnent pour le sexe - Avis sur Gateway\",\"isPartOf\":{\"@id\":\"http:\/\/thisisnotagateway.net\/#website\"},\"primaryImageOfPage\":{\"@id\":\"https:\/\/thisisnotagateway.net\/fr\/applications-de-connexion-populaires-qui-fonctionnent-pour-le-sexe\/#primaryimage\"},\"datePublished\":\"2022-07-03T14:00:39+00:00\",\"dateModified\":\"2022-07-03T14:00:39+00:00\",\"breadcrumb\":{\"@id\":\"https:\/\/thisisnotagateway.net\/fr\/applications-de-connexion-populaires-qui-fonctionnent-pour-le-sexe\/#breadcrumb\"},\"inLanguage\":\"fr-FR\",\"potentialAction\":[{\"@type\":\"ReadAction\",\"target\":[\"https:\/\/thisisnotagateway.net\/fr\/applications-de-connexion-populaires-qui-fonctionnent-pour-le-sexe\/\"]}]},{\"@type\":\"BreadcrumbList\",\"@id\":\"https:\/\/thisisnotagateway.net\/fr\/applications-de-connexion-populaires-qui-fonctionnent-pour-le-sexe\/#breadcrumb\",\"itemListElement\":[{\"@type\":\"ListItem\",\"position\":1,\"name\":\"Domicile\",\"item\":\"https:\/\/thisisnotagateway.net\/fr\/\"},{\"@type\":\"ListItem\",\"position\":2,\"name\":\"Applications de connexion populaires qui fonctionnent pour le sexe\"}]}]}<\/script>\n<!-- \/ Yoast SEO plugin. -->","yoast_head_json":{"title":"Applications de connexion populaires qui fonctionnent pour le sexe - Avis sur Gateway","robots":{"index":"index","follow":"follow","max-snippet":"max-snippet:-1","max-image-preview":"max-image-preview:large","max-video-preview":"max-video-preview:-1"},"canonical":"https:\/\/thisisnotagateway.net\/fr\/applications-de-connexion-populaires-qui-fonctionnent-pour-le-sexe\/","og_locale":"fr_FR","og_type":"article","og_title":"Applications de connexion populaires qui fonctionnent pour le sexe - Avis sur Gateway","og_description":"Si vous \u00eates int\u00e9ress\u00e9 par les rencontres, vous devez \u00eatre conscient de certains faits importants. Cela dit, les connexions sont un excellent moyen de savoir s\u2019il y a une chimie entre vous et une autre personne. Donc, si vous \u00eates c\u00e9libataire et que vous recherchez une aventure ou une relation \u00e0 long terme, envisagez de rencontrer quelqu\u2019un via un site de rencontre. Les connexions sont excellentes parce qu\u2019elles sont rapides, bon march\u00e9 et simples. Mais ils ne sont pas id\u00e9aux...Lire la suite Lire la suite","og_url":"https:\/\/thisisnotagateway.net\/fr\/applications-de-connexion-populaires-qui-fonctionnent-pour-le-sexe\/","og_site_name":"Avis sur Gateway","og_image":[{"url":"http:\/\/thisisnotagateway.net\/wp-content\/uploads\/2022\/07\/local-chat-apps-1024x683.jpeg"}],"author":"Gateway","twitter_card":"summary_large_image","twitter_misc":{"Dur\u00e9e de lecture estim\u00e9e":"4 minutes"},"schema":{"@context":"https:\/\/schema.org","@graph":[{"@type":"WebSite","@id":"http:\/\/thisisnotagateway.net\/#website","url":"http:\/\/thisisnotagateway.net\/","name":"Avis sur Gateway","description":"Blog sur les relations et les rencontres","potentialAction":[{"@type":"SearchAction","target":{"@type":"EntryPoint","urlTemplate":"http:\/\/thisisnotagateway.net\/?s={search_term_string}"},"query-input":"required name=search_term_string"}],"inLanguage":"fr-FR"},{"@type":"ImageObject","inLanguage":"fr-FR","@id":"https:\/\/thisisnotagateway.net\/fr\/applications-de-connexion-populaires-qui-fonctionnent-pour-le-sexe\/#primaryimage","url":"https:\/\/thisisnotagateway.net\/wp-content\/uploads\/2022\/07\/local-chat-apps.jpeg","contentUrl":"https:\/\/thisisnotagateway.net\/wp-content\/uploads\/2022\/07\/local-chat-apps.jpeg","width":2250,"height":1500},{"@type":"WebPage","@id":"https:\/\/thisisnotagateway.net\/fr\/applications-de-connexion-populaires-qui-fonctionnent-pour-le-sexe\/#webpage","url":"https:\/\/thisisnotagateway.net\/fr\/applications-de-connexion-populaires-qui-fonctionnent-pour-le-sexe\/","name":"Applications de connexion populaires qui fonctionnent pour le sexe - Avis sur Gateway","isPartOf":{"@id":"http:\/\/thisisnotagateway.net\/#website"},"primaryImageOfPage":{"@id":"https:\/\/thisisnotagateway.net\/fr\/applications-de-connexion-populaires-qui-fonctionnent-pour-le-sexe\/#primaryimage"},"datePublished":"2022-07-03T14:00:39+00:00","dateModified":"2022-07-03T14:00:39+00:00","breadcrumb":{"@id":"https:\/\/thisisnotagateway.net\/fr\/applications-de-connexion-populaires-qui-fonctionnent-pour-le-sexe\/#breadcrumb"},"inLanguage":"fr-FR","potentialAction":[{"@type":"ReadAction","target":["https:\/\/thisisnotagateway.net\/fr\/applications-de-connexion-populaires-qui-fonctionnent-pour-le-sexe\/"]}]},{"@type":"BreadcrumbList","@id":"https:\/\/thisisnotagateway.net\/fr\/applications-de-connexion-populaires-qui-fonctionnent-pour-le-sexe\/#breadcrumb","itemListElement":[{"@type":"ListItem","position":1,"name":"Domicile","item":"https:\/\/thisisnotagateway.net\/fr\/"},{"@type":"ListItem","position":2,"name":"Applications de connexion populaires qui fonctionnent pour le sexe"}]}]}},"_links":{"self":[{"href":"https:\/\/thisisnotagateway.net\/fr\/wp-json\/wp\/v2\/pages\/193"}],"collection":[{"href":"https:\/\/thisisnotagateway.net\/fr\/wp-json\/wp\/v2\/pages"}],"about":[{"href":"https:\/\/thisisnotagateway.net\/fr\/wp-json\/wp\/v2\/types\/page"}],"author":[{"embeddable":true,"href":"https:\/\/thisisnotagateway.net\/fr\/wp-json\/wp\/v2\/users\/1"}],"replies":[{"embeddable":true,"href":"https:\/\/thisisnotagateway.net\/fr\/wp-json\/wp\/v2\/comments?post=193"}],"version-history":[{"count":0,"href":"https:\/\/thisisnotagateway.net\/fr\/wp-json\/wp\/v2\/pages\/193\/revisions"}],"wp:attachment":[{"href":"https:\/\/thisisnotagateway.net\/fr\/wp-json\/wp\/v2\/media?parent=193"}],"curies":[{"name":"wp","href":"https:\/\/api.w.org\/{rel}","templated":true}]}}