{"id":207,"date":"2022-07-03T14:34:30","date_gmt":"2022-07-03T13:34:30","guid":{"rendered":"http:\/\/thisisnotagateway.net\/les-lignes-de-ramassage-fonctionnent-elles-reellement\/"},"modified":"2022-07-03T15:23:24","modified_gmt":"2022-07-03T14:23:24","slug":"les-lignes-de-ramassage-fonctionnent-elles-reellement","status":"publish","type":"page","link":"https:\/\/thisisnotagateway.net\/fr\/les-lignes-de-ramassage-fonctionnent-elles-reellement\/","title":{"rendered":"Les lignes de ramassage fonctionnent-elles r\u00e9ellement?"},"content":{"rendered":"\n<p>Les lignes de ramassage sont un excellent moyen de ramasser les femmes. Ils sont simples, directs et efficaces. Mais la plupart des gars ne sont pas tr\u00e8s bons avec eux. Voici donc quelques conseils pour vous aider \u00e0 am\u00e9liorer votre jeu.<\/p>\n\n<p>Tout d\u2019abord, la pratique. C\u2019est en forgeant qu\u2019on devient forgeron. Les lignes de ramassage sont une comp\u00e9tence, tout comme le golf ou le tennis. Plus vous pratiquez, mieux vous deviendrez. Deuxi\u00e8mement, soyez confiant. La confiance est sexy. Les femmes r\u00e9agissent \u00e0 la confiance. Et quand vous \u00eates confiant, vous \u00eates plus attrayant. Troisi\u00e8mement, utilisez l\u2019humour. L\u2019humour fonctionne bien parce qu\u2019il fait tomber les barri\u00e8res entre les hommes et les femmes. De plus, les femmes trouvent cela dr\u00f4le.<\/p>\n\n<p>Enfin, soyez bref. Ne perdez pas votre temps \u00e0 essayer de l\u2019impressionner avec de longues histoires. Gardez-le court et doux. Utilisez ces trois conseils pour am\u00e9liorer vos comp\u00e9tences en mati\u00e8re de ligne de ramassage. Alors allez l\u00e0-bas et ramassez des poussins!<\/p>\n\n<figure class=\"wp-block-image size-large\"><img loading=\"lazy\" width=\"1024\" height=\"683\" src=\"http:\/\/thisisnotagateway.net&#013;&#010;\/wp-content\/uploads\/2022\/07\/why-dating-apps-work-1024x683.jpeg\" alt=\"\" class=\"wp-image-61\" srcset=\"https:\/\/thisisnotagateway.net\/wp-content\/uploads\/2022\/07\/why-dating-apps-work-1024x683.jpeg 1024w, https:\/\/thisisnotagateway.net\/wp-content\/uploads\/2022\/07\/why-dating-apps-work-300x200.jpeg 300w, https:\/\/thisisnotagateway.net\/wp-content\/uploads\/2022\/07\/why-dating-apps-work-768x512.jpeg 768w, https:\/\/thisisnotagateway.net\/wp-content\/uploads\/2022\/07\/why-dating-apps-work-1536x1024.jpeg 1536w, https:\/\/thisisnotagateway.net\/wp-content\/uploads\/2022\/07\/why-dating-apps-work-2048x1365.jpeg 2048w\" sizes=\"(max-width: 1024px) 100vw, 1024px\" \/><\/figure>\n\n<h2>Comment commencer \u00e0 les utiliser sur les filles<\/h2>\n\n<p>Si vous avez d\u00e9j\u00e0 <a href=\"https:\/\/thisisnotagateway.net\/types-of-dating-apps\/\">eu un rendez-vous<\/a>, vous savez que la plupart des gars utilisent une version de ces lignes. Et si vous avez d\u00e9j\u00e0 \u00e9t\u00e9 \u00e0 la r\u00e9ception d\u2019une ligne de ramassage, vous savez qu\u2019ils fonctionnent rarement.<\/p>\n\n<p>C\u2019est parce que les lignes de ramassage sont bas\u00e9es sur une fausse pr\u00e9misse. L\u2019hypoth\u00e8se est que les femmes recherchent des hommes qui sont assez d\u00e9sesp\u00e9r\u00e9s pour dire des choses comme: \u00ab\u00a0Hey b\u00e9b\u00e9, tu veux sortir ce soir?\u00a0\u00bb<\/p>\n\n<p>Mais ce n\u2019est tout simplement pas vrai. Les femmes ne cherchent pas des hommes d\u00e9sesp\u00e9r\u00e9s. Ils recherchent des hommes confiants qui sont assez \u00e0 l\u2019aise pour \u00eatre eux-m\u00eames.<\/p>\n\n<p>Et voici le kicker: La plupart des femmes sont \u00e9teintes par les lignes de ramassage. Donc, si vous voulez essayer de ramasser des filles, vous devez arr\u00eater de penser comme un gars et commencer \u00e0 penser comme une femme.<\/p>\n\n<p>Au lieu d\u2019essayer de para\u00eetre d\u00e9sesp\u00e9r\u00e9, vous devriez \u00eatre confiant et accessible. Au lieu de penser comme un gars, vous devriez penser comme une fille.<\/p>\n","protected":false},"excerpt":{"rendered":"<p>Les lignes de ramassage sont un excellent moyen de ramasser les femmes. Ils sont simples, directs et efficaces. Mais la plupart des gars ne sont pas tr\u00e8s bons avec eux. Voici donc quelques conseils pour vous aider \u00e0 am\u00e9liorer votre jeu. Tout d\u2019abord, la pratique. C\u2019est en forgeant qu\u2019on devient forgeron. Les lignes de ramassage sont une comp\u00e9tence, tout comme le golf ou le tennis. Plus vous pratiquez, mieux vous deviendrez. Deuxi\u00e8mement, soyez confiant. La confiance est sexy. Les femmes&#8230;<\/p>\n<p class=\"read-more\"><a class=\"btn btn-default\" href=\"https:\/\/thisisnotagateway.net\/fr\/les-lignes-de-ramassage-fonctionnent-elles-reellement\/\">Lire la suite<span class=\"screen-reader-text\"> Lire la suite<\/span><\/a><\/p>\n","protected":false},"author":1,"featured_media":0,"parent":0,"menu_order":0,"comment_status":"closed","ping_status":"closed","template":"","meta":[],"yoast_head":"<!-- This site is optimized with the Yoast SEO plugin v19.2 - https:\/\/yoast.com\/wordpress\/plugins\/seo\/ -->\n<title>Les lignes de ramassage fonctionnent-elles r\u00e9ellement? - Avis sur Gateway<\/title>\n<meta name=\"robots\" content=\"index, follow, max-snippet:-1, max-image-preview:large, max-video-preview:-1\" \/>\n<link rel=\"canonical\" href=\"https:\/\/thisisnotagateway.net\/fr\/les-lignes-de-ramassage-fonctionnent-elles-reellement\/\" \/>\n<meta property=\"og:locale\" content=\"fr_FR\" \/>\n<meta property=\"og:type\" content=\"article\" \/>\n<meta property=\"og:title\" content=\"Les lignes de ramassage fonctionnent-elles r\u00e9ellement? - Avis sur Gateway\" \/>\n<meta property=\"og:description\" content=\"Les lignes de ramassage sont un excellent moyen de ramasser les femmes. Ils sont simples, directs et efficaces. Mais la plupart des gars ne sont pas tr\u00e8s bons avec eux. Voici donc quelques conseils pour vous aider \u00e0 am\u00e9liorer votre jeu. Tout d\u2019abord, la pratique. C\u2019est en forgeant qu\u2019on devient forgeron. Les lignes de ramassage sont une comp\u00e9tence, tout comme le golf ou le tennis. Plus vous pratiquez, mieux vous deviendrez. Deuxi\u00e8mement, soyez confiant. La confiance est sexy. Les femmes...Lire la suite Lire la suite\" \/>\n<meta property=\"og:url\" content=\"https:\/\/thisisnotagateway.net\/fr\/les-lignes-de-ramassage-fonctionnent-elles-reellement\/\" \/>\n<meta property=\"og:site_name\" content=\"Avis sur Gateway\" \/>\n<meta property=\"article:modified_time\" content=\"2022-07-03T14:23:24+00:00\" \/>\n<meta name=\"author\" content=\"Gateway\" \/>\n<meta name=\"twitter:card\" content=\"summary_large_image\" \/>\n<meta name=\"twitter:label1\" content=\"Dur\u00e9e de lecture estim\u00e9e\" \/>\n\t<meta name=\"twitter:data1\" content=\"2 minutes\" \/>\n<script type=\"application\/ld+json\" class=\"yoast-schema-graph\">{\"@context\":\"https:\/\/schema.org\",\"@graph\":[{\"@type\":\"WebSite\",\"@id\":\"http:\/\/thisisnotagateway.net\/#website\",\"url\":\"http:\/\/thisisnotagateway.net\/\",\"name\":\"Avis sur Gateway\",\"description\":\"Blog sur les relations et les rencontres\",\"potentialAction\":[{\"@type\":\"SearchAction\",\"target\":{\"@type\":\"EntryPoint\",\"urlTemplate\":\"http:\/\/thisisnotagateway.net\/?s={search_term_string}\"},\"query-input\":\"required name=search_term_string\"}],\"inLanguage\":\"fr-FR\"},{\"@type\":\"WebPage\",\"@id\":\"https:\/\/thisisnotagateway.net\/fr\/les-lignes-de-ramassage-fonctionnent-elles-reellement\/#webpage\",\"url\":\"https:\/\/thisisnotagateway.net\/fr\/les-lignes-de-ramassage-fonctionnent-elles-reellement\/\",\"name\":\"Les lignes de ramassage fonctionnent-elles r\u00e9ellement? - Avis sur Gateway\",\"isPartOf\":{\"@id\":\"http:\/\/thisisnotagateway.net\/#website\"},\"datePublished\":\"2022-07-03T13:34:30+00:00\",\"dateModified\":\"2022-07-03T14:23:24+00:00\",\"breadcrumb\":{\"@id\":\"https:\/\/thisisnotagateway.net\/fr\/les-lignes-de-ramassage-fonctionnent-elles-reellement\/#breadcrumb\"},\"inLanguage\":\"fr-FR\",\"potentialAction\":[{\"@type\":\"ReadAction\",\"target\":[\"https:\/\/thisisnotagateway.net\/fr\/les-lignes-de-ramassage-fonctionnent-elles-reellement\/\"]}]},{\"@type\":\"BreadcrumbList\",\"@id\":\"https:\/\/thisisnotagateway.net\/fr\/les-lignes-de-ramassage-fonctionnent-elles-reellement\/#breadcrumb\",\"itemListElement\":[{\"@type\":\"ListItem\",\"position\":1,\"name\":\"Domicile\",\"item\":\"https:\/\/thisisnotagateway.net\/fr\/\"},{\"@type\":\"ListItem\",\"position\":2,\"name\":\"Les lignes de ramassage fonctionnent-elles r\u00e9ellement?\"}]}]}<\/script>\n<!-- \/ Yoast SEO plugin. -->","yoast_head_json":{"title":"Les lignes de ramassage fonctionnent-elles r\u00e9ellement? - Avis sur Gateway","robots":{"index":"index","follow":"follow","max-snippet":"max-snippet:-1","max-image-preview":"max-image-preview:large","max-video-preview":"max-video-preview:-1"},"canonical":"https:\/\/thisisnotagateway.net\/fr\/les-lignes-de-ramassage-fonctionnent-elles-reellement\/","og_locale":"fr_FR","og_type":"article","og_title":"Les lignes de ramassage fonctionnent-elles r\u00e9ellement? - Avis sur Gateway","og_description":"Les lignes de ramassage sont un excellent moyen de ramasser les femmes. Ils sont simples, directs et efficaces. Mais la plupart des gars ne sont pas tr\u00e8s bons avec eux. Voici donc quelques conseils pour vous aider \u00e0 am\u00e9liorer votre jeu. Tout d\u2019abord, la pratique. C\u2019est en forgeant qu\u2019on devient forgeron. Les lignes de ramassage sont une comp\u00e9tence, tout comme le golf ou le tennis. Plus vous pratiquez, mieux vous deviendrez. Deuxi\u00e8mement, soyez confiant. La confiance est sexy. Les femmes...Lire la suite Lire la suite","og_url":"https:\/\/thisisnotagateway.net\/fr\/les-lignes-de-ramassage-fonctionnent-elles-reellement\/","og_site_name":"Avis sur Gateway","article_modified_time":"2022-07-03T14:23:24+00:00","author":"Gateway","twitter_card":"summary_large_image","twitter_misc":{"Dur\u00e9e de lecture estim\u00e9e":"2 minutes"},"schema":{"@context":"https:\/\/schema.org","@graph":[{"@type":"WebSite","@id":"http:\/\/thisisnotagateway.net\/#website","url":"http:\/\/thisisnotagateway.net\/","name":"Avis sur Gateway","description":"Blog sur les relations et les rencontres","potentialAction":[{"@type":"SearchAction","target":{"@type":"EntryPoint","urlTemplate":"http:\/\/thisisnotagateway.net\/?s={search_term_string}"},"query-input":"required name=search_term_string"}],"inLanguage":"fr-FR"},{"@type":"WebPage","@id":"https:\/\/thisisnotagateway.net\/fr\/les-lignes-de-ramassage-fonctionnent-elles-reellement\/#webpage","url":"https:\/\/thisisnotagateway.net\/fr\/les-lignes-de-ramassage-fonctionnent-elles-reellement\/","name":"Les lignes de ramassage fonctionnent-elles r\u00e9ellement? - Avis sur Gateway","isPartOf":{"@id":"http:\/\/thisisnotagateway.net\/#website"},"datePublished":"2022-07-03T13:34:30+00:00","dateModified":"2022-07-03T14:23:24+00:00","breadcrumb":{"@id":"https:\/\/thisisnotagateway.net\/fr\/les-lignes-de-ramassage-fonctionnent-elles-reellement\/#breadcrumb"},"inLanguage":"fr-FR","potentialAction":[{"@type":"ReadAction","target":["https:\/\/thisisnotagateway.net\/fr\/les-lignes-de-ramassage-fonctionnent-elles-reellement\/"]}]},{"@type":"BreadcrumbList","@id":"https:\/\/thisisnotagateway.net\/fr\/les-lignes-de-ramassage-fonctionnent-elles-reellement\/#breadcrumb","itemListElement":[{"@type":"ListItem","position":1,"name":"Domicile","item":"https:\/\/thisisnotagateway.net\/fr\/"},{"@type":"ListItem","position":2,"name":"Les lignes de ramassage fonctionnent-elles r\u00e9ellement?"}]}]}},"_links":{"self":[{"href":"https:\/\/thisisnotagateway.net\/fr\/wp-json\/wp\/v2\/pages\/207"}],"collection":[{"href":"https:\/\/thisisnotagateway.net\/fr\/wp-json\/wp\/v2\/pages"}],"about":[{"href":"https:\/\/thisisnotagateway.net\/fr\/wp-json\/wp\/v2\/types\/page"}],"author":[{"embeddable":true,"href":"https:\/\/thisisnotagateway.net\/fr\/wp-json\/wp\/v2\/users\/1"}],"replies":[{"embeddable":true,"href":"https:\/\/thisisnotagateway.net\/fr\/wp-json\/wp\/v2\/comments?post=207"}],"version-history":[{"count":2,"href":"https:\/\/thisisnotagateway.net\/fr\/wp-json\/wp\/v2\/pages\/207\/revisions"}],"predecessor-version":[{"id":224,"href":"https:\/\/thisisnotagateway.net\/fr\/wp-json\/wp\/v2\/pages\/207\/revisions\/224"}],"wp:attachment":[{"href":"https:\/\/thisisnotagateway.net\/fr\/wp-json\/wp\/v2\/media?parent=207"}],"curies":[{"name":"wp","href":"https:\/\/api.w.org\/{rel}","templated":true}]}}