{"id":210,"date":"2022-07-03T14:56:03","date_gmt":"2022-07-03T13:56:03","guid":{"rendered":"http:\/\/thisisnotagateway.net\/craigslist-personnels\/"},"modified":"2022-07-03T14:56:03","modified_gmt":"2022-07-03T13:56:03","slug":"craigslist-personnels","status":"publish","type":"page","link":"https:\/\/thisisnotagateway.net\/fr\/craigslist-personnels\/","title":{"rendered":"Craigslist Personnels"},"content":{"rendered":"<p>Cherchez-vous un moyen facile de rencontrer quelqu\u2019un de sp\u00e9cial? Avez-vous l\u2019impression qu\u2019il vous manque quelque chose dans votre vie? Peut-\u00eatre avez-vous juste besoin d\u2019un peu de plaisir et d\u2019excitation dans votre vie amoureuse. Les services de rencontres en ligne peuvent sembler une excellente id\u00e9e au d\u00e9but, mais tout le monde ne sait pas ce qu\u2019ils impliquent vraiment.<\/p>\n<p>Il existe de nombreux types de sites de rencontres en ligne, chacun r\u00e9pondant \u00e0 un type particulier de relation.<\/p>\n<p>Certains sites s\u2019adressent \u00e0 des relations \u00e0 long terme tandis que d\u2019autres se <a href=\"http:\/\/thisisnotagateway.net\/fr\/trouver-un-match\/\">concentrent sur des aventures \u00e0 court terme<\/a>. Une chose est certaine cependant: si vous recherchez une relation s\u00e9rieuse, vous devrez probablement rejoindre un site qui r\u00e9pond sp\u00e9cifiquement \u00e0 cet objectif.<\/p>\n<p><img loading=\"lazy\" class=\"aligncenter size-full wp-image-107\" src=\"http:\/\/thisisnotagateway.net\/wp-content\/uploads\/2022\/07\/craigslist-personals-sites-min.jpg\" alt=\"\" width=\"700\" height=\"330\" srcset=\"https:\/\/thisisnotagateway.net\/wp-content\/uploads\/2022\/07\/craigslist-personals-sites-min.jpg 700w, https:\/\/thisisnotagateway.net\/wp-content\/uploads\/2022\/07\/craigslist-personals-sites-min-300x141.jpg 300w, https:\/\/thisisnotagateway.net\/wp-content\/uploads\/2022\/07\/craigslist-personals-sites-min-573x270.jpg 573w\" sizes=\"(max-width: 700px) 100vw, 700px\" \/><\/p>\n<h2>Quelles sont les alternatives pour les petites annonces personnelles<\/h2>\n<p>Apr\u00e8s la fermeture de Craigslist Personals, beaucoup de gens ont perdu espoir de trouver l\u2019amour en ligne. Il existe de nombreux autres sites de rencontres disponibles, mais avoir de nombreuses options peut \u00eatre \u00e9crasant. Nous avons d\u00e9cid\u00e9 de prendre le temps et la libert\u00e9 de cr\u00e9er un guide complet des meilleurs \u00e9quivalents de Craigslist Personales que vous pouvez \u00e9galement utiliser lorsque vous recherchez des exp\u00e9riences de rencontres occasionnelles, des rencontres et tout ce qui se trouve entre les deux.<\/p>\n<p>Craigslist Personals \u00e9tait un site de petites annonces en ligne lanc\u00e9 en 1995. Il avait une \u00e9norme base d\u2019utilisateurs et \u00e9tait l\u2019un des premiers services \u00e0 permettre aux utilisateurs de publier des annonces gratuitement. Les utilisateurs pourraient r\u00e9pertorier des \u00e9l\u00e9ments tels que des meubles, des voitures, des emplois, des animaux domestiques, des biens immobiliers, etc. Il a eu beaucoup de succ\u00e8s jusqu\u2019\u00e0 sa fermeture en 2018. Maintenant, il existe de nombreux autres sites Web disponibles pour aider les utilisateurs \u00e0 trouver une date ou une connexion. <a href=\"http:\/\/thisisnotagateway.net\/fr\/trouvez-une-relation-avec-facilite\/\">Des sites Web comme Tinder<\/a>, Bumble, OkCupid, PlentyOfFish, Match et d\u2019autres offrent des fonctionnalit\u00e9s similaires \u00e0 Craigslist Personals, mais ils ne sont pas aussi grands.<\/p>\n<p>Craigslist est un site Web de petites annonces qui permet aux utilisateurs de publier des articles \u00e0 vendre ou \u00e0 louer. Alors que beaucoup de gens l\u2019utilisent pour vendre leurs vieux trucs, d\u2019autres l\u2019utilisent pour rencontrer des gens. Cependant, il y a quelques inconv\u00e9nients \u00e0 utiliser Craigslist. Par exemple, si vous recherchez du sexe occasionnel, Craigslist n\u2019est peut-\u00eatre pas le meilleur endroit o\u00f9 aller. De plus, Craigslist ne permet pas aux utilisateurs de rechercher des types sp\u00e9cifiques de partenaires. Si vous cherchez quelque chose de s\u00e9rieux, vous devrez chercher ailleurs.<\/p>\n<p>Si vous aimez les rencontres occasionnelles avec des personnes mari\u00e9es, AshleyMadison est le meilleur endroit o\u00f9 aller. C\u2019est un site de rencontres o\u00f9 les mari\u00e9s et les personnes engag\u00e9es peuvent se rencontrer pour des affaires discr\u00e8tes. Bien qu\u2019il existe de nombreux autres sites de rencontres dans le m\u00eame but, les personnes \u00e0 la recherche de rendez-vous occasionnels et de rencontres sont souvent stigmatis\u00e9es lorsqu\u2019elles essaient de sortir avec des partenaires mari\u00e9s et engag\u00e9s. Heureusement, Ashley Madison a compl\u00e8tement chang\u00e9 tout cela. Maintenant, si vous recherchez des rendez-vous occasionnels et des relations sexuelles avec des personnes mari\u00e9es, vous n\u2019aurez plus jamais de probl\u00e8mes.<\/p>\n","protected":false},"excerpt":{"rendered":"<p>Cherchez-vous un moyen facile de rencontrer quelqu\u2019un de sp\u00e9cial? Avez-vous l\u2019impression qu\u2019il vous manque quelque chose dans votre vie? Peut-\u00eatre avez-vous juste besoin d\u2019un peu de plaisir et d\u2019excitation dans votre vie amoureuse. Les services de rencontres en ligne peuvent sembler une excellente id\u00e9e au d\u00e9but, mais tout le monde ne sait pas ce qu\u2019ils impliquent vraiment. Il existe de nombreux types de sites de rencontres en ligne, chacun r\u00e9pondant \u00e0 un type particulier de relation. Certains sites s\u2019adressent \u00e0&#8230;<\/p>\n<p class=\"read-more\"><a class=\"btn btn-default\" href=\"https:\/\/thisisnotagateway.net\/fr\/craigslist-personnels\/\">Lire la suite<span class=\"screen-reader-text\"> Lire la suite<\/span><\/a><\/p>\n","protected":false},"author":1,"featured_media":0,"parent":0,"menu_order":0,"comment_status":"closed","ping_status":"closed","template":"","meta":[],"yoast_head":"<!-- This site is optimized with the Yoast SEO plugin v19.2 - https:\/\/yoast.com\/wordpress\/plugins\/seo\/ -->\n<title>Craigslist Personnels - Avis sur Gateway<\/title>\n<meta name=\"robots\" content=\"index, follow, max-snippet:-1, max-image-preview:large, max-video-preview:-1\" \/>\n<link rel=\"canonical\" href=\"https:\/\/thisisnotagateway.net\/fr\/craigslist-personnels\/\" \/>\n<meta property=\"og:locale\" content=\"fr_FR\" \/>\n<meta property=\"og:type\" content=\"article\" \/>\n<meta property=\"og:title\" content=\"Craigslist Personnels - Avis sur Gateway\" \/>\n<meta property=\"og:description\" content=\"Cherchez-vous un moyen facile de rencontrer quelqu\u2019un de sp\u00e9cial? Avez-vous l\u2019impression qu\u2019il vous manque quelque chose dans votre vie? Peut-\u00eatre avez-vous juste besoin d\u2019un peu de plaisir et d\u2019excitation dans votre vie amoureuse. Les services de rencontres en ligne peuvent sembler une excellente id\u00e9e au d\u00e9but, mais tout le monde ne sait pas ce qu\u2019ils impliquent vraiment. Il existe de nombreux types de sites de rencontres en ligne, chacun r\u00e9pondant \u00e0 un type particulier de relation. Certains sites s\u2019adressent \u00e0...Lire la suite Lire la suite\" \/>\n<meta property=\"og:url\" content=\"https:\/\/thisisnotagateway.net\/fr\/craigslist-personnels\/\" \/>\n<meta property=\"og:site_name\" content=\"Avis sur Gateway\" \/>\n<meta property=\"og:image\" content=\"http:\/\/thisisnotagateway.net\/wp-content\/uploads\/2022\/07\/craigslist-personals-sites-min.jpg\" \/>\n<meta name=\"author\" content=\"Gateway\" \/>\n<meta name=\"twitter:card\" content=\"summary_large_image\" \/>\n<meta name=\"twitter:label1\" content=\"Dur\u00e9e de lecture estim\u00e9e\" \/>\n\t<meta name=\"twitter:data1\" content=\"3 minutes\" \/>\n<script type=\"application\/ld+json\" class=\"yoast-schema-graph\">{\"@context\":\"https:\/\/schema.org\",\"@graph\":[{\"@type\":\"WebSite\",\"@id\":\"http:\/\/thisisnotagateway.net\/#website\",\"url\":\"http:\/\/thisisnotagateway.net\/\",\"name\":\"Avis sur Gateway\",\"description\":\"Blog sur les relations et les rencontres\",\"potentialAction\":[{\"@type\":\"SearchAction\",\"target\":{\"@type\":\"EntryPoint\",\"urlTemplate\":\"http:\/\/thisisnotagateway.net\/?s={search_term_string}\"},\"query-input\":\"required name=search_term_string\"}],\"inLanguage\":\"fr-FR\"},{\"@type\":\"ImageObject\",\"inLanguage\":\"fr-FR\",\"@id\":\"https:\/\/thisisnotagateway.net\/fr\/craigslist-personnels\/#primaryimage\",\"url\":\"https:\/\/thisisnotagateway.net\/wp-content\/uploads\/2022\/07\/craigslist-personals-sites-min.jpg\",\"contentUrl\":\"https:\/\/thisisnotagateway.net\/wp-content\/uploads\/2022\/07\/craigslist-personals-sites-min.jpg\",\"width\":700,\"height\":330},{\"@type\":\"WebPage\",\"@id\":\"https:\/\/thisisnotagateway.net\/fr\/craigslist-personnels\/#webpage\",\"url\":\"https:\/\/thisisnotagateway.net\/fr\/craigslist-personnels\/\",\"name\":\"Craigslist Personnels - Avis sur Gateway\",\"isPartOf\":{\"@id\":\"http:\/\/thisisnotagateway.net\/#website\"},\"primaryImageOfPage\":{\"@id\":\"https:\/\/thisisnotagateway.net\/fr\/craigslist-personnels\/#primaryimage\"},\"datePublished\":\"2022-07-03T13:56:03+00:00\",\"dateModified\":\"2022-07-03T13:56:03+00:00\",\"breadcrumb\":{\"@id\":\"https:\/\/thisisnotagateway.net\/fr\/craigslist-personnels\/#breadcrumb\"},\"inLanguage\":\"fr-FR\",\"potentialAction\":[{\"@type\":\"ReadAction\",\"target\":[\"https:\/\/thisisnotagateway.net\/fr\/craigslist-personnels\/\"]}]},{\"@type\":\"BreadcrumbList\",\"@id\":\"https:\/\/thisisnotagateway.net\/fr\/craigslist-personnels\/#breadcrumb\",\"itemListElement\":[{\"@type\":\"ListItem\",\"position\":1,\"name\":\"Domicile\",\"item\":\"https:\/\/thisisnotagateway.net\/fr\/\"},{\"@type\":\"ListItem\",\"position\":2,\"name\":\"Craigslist Personnels\"}]}]}<\/script>\n<!-- \/ Yoast SEO plugin. -->","yoast_head_json":{"title":"Craigslist Personnels - Avis sur Gateway","robots":{"index":"index","follow":"follow","max-snippet":"max-snippet:-1","max-image-preview":"max-image-preview:large","max-video-preview":"max-video-preview:-1"},"canonical":"https:\/\/thisisnotagateway.net\/fr\/craigslist-personnels\/","og_locale":"fr_FR","og_type":"article","og_title":"Craigslist Personnels - Avis sur Gateway","og_description":"Cherchez-vous un moyen facile de rencontrer quelqu\u2019un de sp\u00e9cial? Avez-vous l\u2019impression qu\u2019il vous manque quelque chose dans votre vie? Peut-\u00eatre avez-vous juste besoin d\u2019un peu de plaisir et d\u2019excitation dans votre vie amoureuse. Les services de rencontres en ligne peuvent sembler une excellente id\u00e9e au d\u00e9but, mais tout le monde ne sait pas ce qu\u2019ils impliquent vraiment. Il existe de nombreux types de sites de rencontres en ligne, chacun r\u00e9pondant \u00e0 un type particulier de relation. Certains sites s\u2019adressent \u00e0...Lire la suite Lire la suite","og_url":"https:\/\/thisisnotagateway.net\/fr\/craigslist-personnels\/","og_site_name":"Avis sur Gateway","og_image":[{"url":"http:\/\/thisisnotagateway.net\/wp-content\/uploads\/2022\/07\/craigslist-personals-sites-min.jpg"}],"author":"Gateway","twitter_card":"summary_large_image","twitter_misc":{"Dur\u00e9e de lecture estim\u00e9e":"3 minutes"},"schema":{"@context":"https:\/\/schema.org","@graph":[{"@type":"WebSite","@id":"http:\/\/thisisnotagateway.net\/#website","url":"http:\/\/thisisnotagateway.net\/","name":"Avis sur Gateway","description":"Blog sur les relations et les rencontres","potentialAction":[{"@type":"SearchAction","target":{"@type":"EntryPoint","urlTemplate":"http:\/\/thisisnotagateway.net\/?s={search_term_string}"},"query-input":"required name=search_term_string"}],"inLanguage":"fr-FR"},{"@type":"ImageObject","inLanguage":"fr-FR","@id":"https:\/\/thisisnotagateway.net\/fr\/craigslist-personnels\/#primaryimage","url":"https:\/\/thisisnotagateway.net\/wp-content\/uploads\/2022\/07\/craigslist-personals-sites-min.jpg","contentUrl":"https:\/\/thisisnotagateway.net\/wp-content\/uploads\/2022\/07\/craigslist-personals-sites-min.jpg","width":700,"height":330},{"@type":"WebPage","@id":"https:\/\/thisisnotagateway.net\/fr\/craigslist-personnels\/#webpage","url":"https:\/\/thisisnotagateway.net\/fr\/craigslist-personnels\/","name":"Craigslist Personnels - Avis sur Gateway","isPartOf":{"@id":"http:\/\/thisisnotagateway.net\/#website"},"primaryImageOfPage":{"@id":"https:\/\/thisisnotagateway.net\/fr\/craigslist-personnels\/#primaryimage"},"datePublished":"2022-07-03T13:56:03+00:00","dateModified":"2022-07-03T13:56:03+00:00","breadcrumb":{"@id":"https:\/\/thisisnotagateway.net\/fr\/craigslist-personnels\/#breadcrumb"},"inLanguage":"fr-FR","potentialAction":[{"@type":"ReadAction","target":["https:\/\/thisisnotagateway.net\/fr\/craigslist-personnels\/"]}]},{"@type":"BreadcrumbList","@id":"https:\/\/thisisnotagateway.net\/fr\/craigslist-personnels\/#breadcrumb","itemListElement":[{"@type":"ListItem","position":1,"name":"Domicile","item":"https:\/\/thisisnotagateway.net\/fr\/"},{"@type":"ListItem","position":2,"name":"Craigslist Personnels"}]}]}},"_links":{"self":[{"href":"https:\/\/thisisnotagateway.net\/fr\/wp-json\/wp\/v2\/pages\/210"}],"collection":[{"href":"https:\/\/thisisnotagateway.net\/fr\/wp-json\/wp\/v2\/pages"}],"about":[{"href":"https:\/\/thisisnotagateway.net\/fr\/wp-json\/wp\/v2\/types\/page"}],"author":[{"embeddable":true,"href":"https:\/\/thisisnotagateway.net\/fr\/wp-json\/wp\/v2\/users\/1"}],"replies":[{"embeddable":true,"href":"https:\/\/thisisnotagateway.net\/fr\/wp-json\/wp\/v2\/comments?post=210"}],"version-history":[{"count":0,"href":"https:\/\/thisisnotagateway.net\/fr\/wp-json\/wp\/v2\/pages\/210\/revisions"}],"wp:attachment":[{"href":"https:\/\/thisisnotagateway.net\/fr\/wp-json\/wp\/v2\/media?parent=210"}],"curies":[{"name":"wp","href":"https:\/\/api.w.org\/{rel}","templated":true}]}}