{"id":242,"date":"2022-07-03T14:33:27","date_gmt":"2022-07-03T13:33:27","guid":{"rendered":"http:\/\/thisisnotagateway.net\/types-dapplications-de-rencontres\/"},"modified":"2022-07-07T16:09:08","modified_gmt":"2022-07-07T15:09:08","slug":"types-dapplications-de-rencontres","status":"publish","type":"page","link":"https:\/\/thisisnotagateway.net\/fr\/types-dapplications-de-rencontres\/","title":{"rendered":"Types d\u2019applications de rencontres"},"content":{"rendered":"\r\n<p>Les sites de rencontres en ligne sont d\u2019excellents endroits pour rencontrer <a href=\"https:\/\/www.rencontresexuelle.net\/site-de-rencontre-sans-inscription\/\">site de rencontre sans inscription<\/a> des femmes qui recherchent des hommes comme vous. Ils sont gratuits, faciles \u00e0 utiliser et, surtout, s\u00fbrs.<\/p>\r\n\r\n<p>Il existe de nombreux types de sites de rencontres en ligne, y compris ceux ax\u00e9s sur des int\u00e9r\u00eats particuliers (p. ex., les c\u00e9libataires chr\u00e9tiens), les groupes d\u2019\u00e2ge (p. ex., les a\u00een\u00e9s), l\u2019emplacement (p. ex., le personnel militaire), l\u2019origine ethnique (p. ex., les c\u00e9libataires asiatiques), la religion (p. ex., les c\u00e9libataires juifs) et l\u2019orientation sexuelle (p. ex., les c\u00e9libataires gais).<\/p>\r\n\r\n<figure class=\"wp-block-image size-large\"><img loading=\"lazy\" width=\"1024\" height=\"734\" src=\"http:\/\/thisisnotagateway.net&#13;&#10;\/wp-content\/uploads\/2022\/07\/casual-dating-online-apps-1024x734.jpeg\" alt=\"\" class=\"wp-image-59\" srcset=\"https:\/\/thisisnotagateway.net\/wp-content\/uploads\/2022\/07\/casual-dating-online-apps-1024x734.jpeg 1024w, https:\/\/thisisnotagateway.net\/wp-content\/uploads\/2022\/07\/casual-dating-online-apps-300x215.jpeg 300w, https:\/\/thisisnotagateway.net\/wp-content\/uploads\/2022\/07\/casual-dating-online-apps-768x550.jpeg 768w, https:\/\/thisisnotagateway.net\/wp-content\/uploads\/2022\/07\/casual-dating-online-apps-1536x1100.jpeg 1536w, https:\/\/thisisnotagateway.net\/wp-content\/uploads\/2022\/07\/casual-dating-online-apps-2048x1467.jpeg 2048w\" sizes=\"(max-width: 1024px) 100vw, 1024px\" \/><\/figure>\r\n\r\n<h2>Comment cela fonctionne-t-il ?<\/h2>\r\n\r\n<p>Si vous souhaitez rencontrer des femmes en ligne, il y a plusieurs choses que vous devriez consid\u00e9rer <a href=\"http:\/\/www.rencontre-pour-sexe.com\/site-plan-cul-totalement-gratuit\/\">site de cul gratuit<\/a> avant de vous inscrire \u00e0 un site. Tout d\u2019abord, soyez honn\u00eate avec vous-m\u00eame. Ne mentez pas sur votre \u00e2ge, votre taille, votre poids, votre \u00e9tat matrimonial, vos croyances religieuses, vos opinions politiques, votre profession, votre niveau de revenu, vos passe-temps, etc.<\/p>\r\n\r\n<p>Deuxi\u00e8mement, prenez le temps de vous renseigner sur la politique de confidentialit\u00e9 du site. De nombreux sites permettent aux utilisateurs de rechercher des membres en fonction de crit\u00e8res tels que le sexe, l\u2019\u00e2ge, la zone g\u00e9ographique, le type de relation, etc. Cela signifie que vous pouvez non seulement trouver des correspondances en fonction de vos propres pr\u00e9f\u00e9rences, mais \u00e9galement en fonction des pr\u00e9f\u00e9rences des autres.<\/p>\r\n\r\n<p>Troisi\u00e8mement, passez en revue les conditions d\u2019utilisation du site. Certains sites exigent que les utilisateurs paient des frais mensuels pour acc\u00e9der \u00e0 certaines fonctionnalit\u00e9s, telles que la messagerie ou l\u2019envoi d\u2019e-mails \u00e0 d\u2019autres membres. D\u2019autres limitent le nombre de messages qu\u2019ils envoient par jour ou par semaine.<\/p>\r\n\r\n<p>Enfin, n\u2019oubliez pas de poser des questions lorsque vous vous inscrivez sur un <a href=\"http:\/\/www.site-de-rencontre-sexe.com\/site-de-rencontre-sans-inscription\/\">rencontre sans inscription<\/a> site. Vous voulez savoir si le site vous permet de communiquer en priv\u00e9 avec d\u2019autres membres, quel type d\u2019informations ils collectent aupr\u00e8s de leurs membres et s\u2019ils partagent ces informations avec des tiers.<\/p>\r\n\r\n<h2>Commencer<\/h2>\r\n\r\n<p>Une fois que vous vous \u00eates inscrit \u00e0 un site, essayez de l\u2019utiliser r\u00e9guli\u00e8rement. Assurez-vous d\u2019en tirer de la valeur en communiquant avec d\u2019autres membres, en leur envoyant des e-mails et en lisant leurs profils.<\/p>\r\n\r\n<p>Vous d\u00e9couvrirez bient\u00f4t que les rencontres en ligne peuvent \u00eatre tr\u00e8s amusantes et un excellent moyen de rencontrer des gens.<\/p>\r\n\r\n<p>Mais soyez prudent lorsque vous vous inscrivez \u00e0 ces sites Web. Certains sites sont gratuits, d\u2019autres co\u00fbtent de l\u2019argent et certains n\u00e9cessitent une carte de cr\u00e9dit. Assurez-vous de bien comprendre les r\u00e8gles avant de vous inscrire.<\/p>\r\n\r\n<p>De plus, gardez \u00e0 l\u2019esprit que la plupart des sites de rencontres en ligne ne vous permettent de voir que les profils des personnes qui ont pay\u00e9 pour l\u2019adh\u00e9sion. Vous ne pourrez donc pas voir les profils des membres gratuits.<\/p>\r\n","protected":false},"excerpt":{"rendered":"<p>Les sites de rencontres en ligne sont d\u2019excellents endroits pour rencontrer site de rencontre sans inscription des femmes qui recherchent des hommes comme vous. Ils sont gratuits, faciles \u00e0 utiliser et, surtout, s\u00fbrs. Il existe de nombreux types de sites de rencontres en ligne, y compris ceux ax\u00e9s sur des int\u00e9r\u00eats particuliers (p. ex., les c\u00e9libataires chr\u00e9tiens), les groupes d\u2019\u00e2ge (p. ex., les a\u00een\u00e9s), l\u2019emplacement (p. ex., le personnel militaire), l\u2019origine ethnique (p. ex., les c\u00e9libataires asiatiques), la religion (p&#8230;.<\/p>\n<p class=\"read-more\"><a class=\"btn btn-default\" href=\"https:\/\/thisisnotagateway.net\/fr\/types-dapplications-de-rencontres\/\">Lire la suite<span class=\"screen-reader-text\"> Lire la suite<\/span><\/a><\/p>\n","protected":false},"author":1,"featured_media":0,"parent":0,"menu_order":0,"comment_status":"closed","ping_status":"closed","template":"","meta":[],"yoast_head":"<!-- This site is optimized with the Yoast SEO plugin v19.2 - https:\/\/yoast.com\/wordpress\/plugins\/seo\/ -->\n<title>Types d\u2019applications de rencontres - Avis sur Gateway<\/title>\n<meta name=\"robots\" content=\"index, follow, max-snippet:-1, max-image-preview:large, max-video-preview:-1\" \/>\n<link rel=\"canonical\" href=\"https:\/\/thisisnotagateway.net\/fr\/types-dapplications-de-rencontres\/\" \/>\n<meta property=\"og:locale\" content=\"fr_FR\" \/>\n<meta property=\"og:type\" content=\"article\" \/>\n<meta property=\"og:title\" content=\"Types d\u2019applications de rencontres - Avis sur Gateway\" \/>\n<meta property=\"og:description\" content=\"Les sites de rencontres en ligne sont d\u2019excellents endroits pour rencontrer site de rencontre sans inscription des femmes qui recherchent des hommes comme vous. Ils sont gratuits, faciles \u00e0 utiliser et, surtout, s\u00fbrs. Il existe de nombreux types de sites de rencontres en ligne, y compris ceux ax\u00e9s sur des int\u00e9r\u00eats particuliers (p. ex., les c\u00e9libataires chr\u00e9tiens), les groupes d\u2019\u00e2ge (p. ex., les a\u00een\u00e9s), l\u2019emplacement (p. ex., le personnel militaire), l\u2019origine ethnique (p. ex., les c\u00e9libataires asiatiques), la religion (p....Lire la suite Lire la suite\" \/>\n<meta property=\"og:url\" content=\"https:\/\/thisisnotagateway.net\/fr\/types-dapplications-de-rencontres\/\" \/>\n<meta property=\"og:site_name\" content=\"Avis sur Gateway\" \/>\n<meta property=\"article:modified_time\" content=\"2022-07-07T15:09:08+00:00\" \/>\n<meta name=\"author\" content=\"Gateway\" \/>\n<meta name=\"twitter:card\" content=\"summary_large_image\" \/>\n<meta name=\"twitter:label1\" content=\"Dur\u00e9e de lecture estim\u00e9e\" \/>\n\t<meta name=\"twitter:data1\" content=\"3 minutes\" \/>\n<script type=\"application\/ld+json\" class=\"yoast-schema-graph\">{\"@context\":\"https:\/\/schema.org\",\"@graph\":[{\"@type\":\"WebSite\",\"@id\":\"http:\/\/thisisnotagateway.net\/#website\",\"url\":\"http:\/\/thisisnotagateway.net\/\",\"name\":\"Avis sur Gateway\",\"description\":\"Blog sur les relations et les rencontres\",\"potentialAction\":[{\"@type\":\"SearchAction\",\"target\":{\"@type\":\"EntryPoint\",\"urlTemplate\":\"http:\/\/thisisnotagateway.net\/?s={search_term_string}\"},\"query-input\":\"required name=search_term_string\"}],\"inLanguage\":\"fr-FR\"},{\"@type\":\"WebPage\",\"@id\":\"https:\/\/thisisnotagateway.net\/fr\/types-dapplications-de-rencontres\/#webpage\",\"url\":\"https:\/\/thisisnotagateway.net\/fr\/types-dapplications-de-rencontres\/\",\"name\":\"Types d\u2019applications de rencontres - Avis sur Gateway\",\"isPartOf\":{\"@id\":\"http:\/\/thisisnotagateway.net\/#website\"},\"datePublished\":\"2022-07-03T13:33:27+00:00\",\"dateModified\":\"2022-07-07T15:09:08+00:00\",\"breadcrumb\":{\"@id\":\"https:\/\/thisisnotagateway.net\/fr\/types-dapplications-de-rencontres\/#breadcrumb\"},\"inLanguage\":\"fr-FR\",\"potentialAction\":[{\"@type\":\"ReadAction\",\"target\":[\"https:\/\/thisisnotagateway.net\/fr\/types-dapplications-de-rencontres\/\"]}]},{\"@type\":\"BreadcrumbList\",\"@id\":\"https:\/\/thisisnotagateway.net\/fr\/types-dapplications-de-rencontres\/#breadcrumb\",\"itemListElement\":[{\"@type\":\"ListItem\",\"position\":1,\"name\":\"Domicile\",\"item\":\"https:\/\/thisisnotagateway.net\/fr\/\"},{\"@type\":\"ListItem\",\"position\":2,\"name\":\"Types d\u2019applications de rencontres\"}]}]}<\/script>\n<!-- \/ Yoast SEO plugin. -->","yoast_head_json":{"title":"Types d\u2019applications de rencontres - Avis sur Gateway","robots":{"index":"index","follow":"follow","max-snippet":"max-snippet:-1","max-image-preview":"max-image-preview:large","max-video-preview":"max-video-preview:-1"},"canonical":"https:\/\/thisisnotagateway.net\/fr\/types-dapplications-de-rencontres\/","og_locale":"fr_FR","og_type":"article","og_title":"Types d\u2019applications de rencontres - Avis sur Gateway","og_description":"Les sites de rencontres en ligne sont d\u2019excellents endroits pour rencontrer site de rencontre sans inscription des femmes qui recherchent des hommes comme vous. Ils sont gratuits, faciles \u00e0 utiliser et, surtout, s\u00fbrs. Il existe de nombreux types de sites de rencontres en ligne, y compris ceux ax\u00e9s sur des int\u00e9r\u00eats particuliers (p. ex., les c\u00e9libataires chr\u00e9tiens), les groupes d\u2019\u00e2ge (p. ex., les a\u00een\u00e9s), l\u2019emplacement (p. ex., le personnel militaire), l\u2019origine ethnique (p. ex., les c\u00e9libataires asiatiques), la religion (p....Lire la suite Lire la suite","og_url":"https:\/\/thisisnotagateway.net\/fr\/types-dapplications-de-rencontres\/","og_site_name":"Avis sur Gateway","article_modified_time":"2022-07-07T15:09:08+00:00","author":"Gateway","twitter_card":"summary_large_image","twitter_misc":{"Dur\u00e9e de lecture estim\u00e9e":"3 minutes"},"schema":{"@context":"https:\/\/schema.org","@graph":[{"@type":"WebSite","@id":"http:\/\/thisisnotagateway.net\/#website","url":"http:\/\/thisisnotagateway.net\/","name":"Avis sur Gateway","description":"Blog sur les relations et les rencontres","potentialAction":[{"@type":"SearchAction","target":{"@type":"EntryPoint","urlTemplate":"http:\/\/thisisnotagateway.net\/?s={search_term_string}"},"query-input":"required name=search_term_string"}],"inLanguage":"fr-FR"},{"@type":"WebPage","@id":"https:\/\/thisisnotagateway.net\/fr\/types-dapplications-de-rencontres\/#webpage","url":"https:\/\/thisisnotagateway.net\/fr\/types-dapplications-de-rencontres\/","name":"Types d\u2019applications de rencontres - Avis sur Gateway","isPartOf":{"@id":"http:\/\/thisisnotagateway.net\/#website"},"datePublished":"2022-07-03T13:33:27+00:00","dateModified":"2022-07-07T15:09:08+00:00","breadcrumb":{"@id":"https:\/\/thisisnotagateway.net\/fr\/types-dapplications-de-rencontres\/#breadcrumb"},"inLanguage":"fr-FR","potentialAction":[{"@type":"ReadAction","target":["https:\/\/thisisnotagateway.net\/fr\/types-dapplications-de-rencontres\/"]}]},{"@type":"BreadcrumbList","@id":"https:\/\/thisisnotagateway.net\/fr\/types-dapplications-de-rencontres\/#breadcrumb","itemListElement":[{"@type":"ListItem","position":1,"name":"Domicile","item":"https:\/\/thisisnotagateway.net\/fr\/"},{"@type":"ListItem","position":2,"name":"Types d\u2019applications de rencontres"}]}]}},"_links":{"self":[{"href":"https:\/\/thisisnotagateway.net\/fr\/wp-json\/wp\/v2\/pages\/242"}],"collection":[{"href":"https:\/\/thisisnotagateway.net\/fr\/wp-json\/wp\/v2\/pages"}],"about":[{"href":"https:\/\/thisisnotagateway.net\/fr\/wp-json\/wp\/v2\/types\/page"}],"author":[{"embeddable":true,"href":"https:\/\/thisisnotagateway.net\/fr\/wp-json\/wp\/v2\/users\/1"}],"replies":[{"embeddable":true,"href":"https:\/\/thisisnotagateway.net\/fr\/wp-json\/wp\/v2\/comments?post=242"}],"version-history":[{"count":2,"href":"https:\/\/thisisnotagateway.net\/fr\/wp-json\/wp\/v2\/pages\/242\/revisions"}],"predecessor-version":[{"id":360,"href":"https:\/\/thisisnotagateway.net\/fr\/wp-json\/wp\/v2\/pages\/242\/revisions\/360"}],"wp:attachment":[{"href":"https:\/\/thisisnotagateway.net\/fr\/wp-json\/wp\/v2\/media?parent=242"}],"curies":[{"name":"wp","href":"https:\/\/api.w.org\/{rel}","templated":true}]}}