{"id":266,"date":"2022-07-03T13:31:58","date_gmt":"2022-07-03T12:31:58","guid":{"rendered":"http:\/\/thisisnotagateway.net\/gateway-le-seul-blog-de-rencontres-dont-vous-avez-besoin\/"},"modified":"2022-07-18T16:28:10","modified_gmt":"2022-07-18T15:28:10","slug":"gateway-le-seul-blog-de-rencontres-dont-vous-avez-besoin","status":"publish","type":"page","link":"https:\/\/thisisnotagateway.net\/fr\/","title":{"rendered":"Gateway: Le seul blog de rencontres dont vous avez besoin!"},"content":{"rendered":"\r\n<h2>Trouver un nouveau partenaire<\/h2>\r\n\r\n<p>Si vous \u00eates c\u00e9libataire, vous avez beaucoup \u00e0 faire pour vous. Vous \u00eates jeune, attirant, intelligent, dr\u00f4le et vous avez un excellent travail. Mais il n\u2019est pas n\u00e9cessaire de se contenter de n\u2019importe quel gars. Au lieu de cela, trouvez un homme qui partage vos int\u00e9r\u00eats, vos valeurs et vos objectifs.<\/p>\r\n\r\n<p>Cela signifie trouver un homme qui aime le sport, la lecture, les voyages et le plaisir. Et il devrait \u00eatre pr\u00eat \u00e0 partager sa vie avec vous.<\/p>\r\n\r\n<p>Si vous \u00eates <a href=\"https:\/\/thisisnotagateway.net\/types-of-dating-apps\/\">\u00e0 la recherche d\u2019un nouveau partenaire<\/a>, vous devez \u00eatre ouvert \u00e0 rencontrer de nouvelles personnes. Mais vous devez \u00e9galement faire attention \u00e0 ne pas perdre trop de temps sur quelqu\u2019un qui ne vous convient pas. C\u2019est pourquoi il est important de rencontrer beaucoup de gens. Plus vous rencontrez de personnes, meilleures sont vos chances de trouver un partenaire compatible. Mais ne vous contentez pas d\u2019aller l\u00e0-bas et de rencontrer tout le monde. Au lieu de cela, utilisez des sites de rencontres en ligne pour trouver des personnes qui partagent des int\u00e9r\u00eats, des passe-temps <a href=\"http:\/\/www.rencontresexuelle.net\">site de rencontre sexuel<\/a> et des valeurs similaires. De cette fa\u00e7on, vous serez en mesure d\u2019affiner votre recherche et d\u2019\u00e9liminer toute personne qui ne correspond pas \u00e0 vos crit\u00e8res.<\/p>\r\n\r\n<p>Les sites de rencontres en ligne sont excellents car ils vous permettent de filtrer des milliers de profils en fonction de vos pr\u00e9f\u00e9rences. De plus, vous pouvez facilement communiquer avec d\u2019autres personnes par e-mail, chat et appels t\u00e9l\u00e9phoniques. Une fois que vous avez trouv\u00e9 une personne avec qui vous aimeriez sortir, posez-lui des questions sur elle-m\u00eame. Renseignez-vous sur leur famille, leur carri\u00e8re, leurs passe-temps et leurs valeurs, entre autres choses.<\/p>\r\n\r\n<p>Ensuite, lorsque vous vous sentez suffisamment \u00e0 l\u2019aise, vous pouvez aller de l\u2019avant avec votre relation <a href=\"http:\/\/www.rencontre-sexe-gratuit.com\">Rencontre-Sexe-Gratuit.com<\/a>. Les sites de rencontres en ligne sont d\u2019excellents endroits pour rencontrer des c\u00e9libataires qui partagent des int\u00e9r\u00eats similaires. Ils sont \u00e9galement gratuits, ce qui les rend parfaits pour les d\u00e9butants.<\/p>\r\n<div class=\"wp-block-image\">\r\n<figure class=\"aligncenter size-large is-resized\"><img loading=\"lazy\" src=\"http:\/\/thisisnotagateway.net&#10;\/wp-content\/uploads\/2022\/07\/casual-dating-online-apps-1024x734.jpeg\" alt=\"\" class=\"wp-image-59\" width=\"541\" height=\"387\" srcset=\"https:\/\/thisisnotagateway.net\/wp-content\/uploads\/2022\/07\/casual-dating-online-apps-1024x734.jpeg 1024w, https:\/\/thisisnotagateway.net\/wp-content\/uploads\/2022\/07\/casual-dating-online-apps-300x215.jpeg 300w, https:\/\/thisisnotagateway.net\/wp-content\/uploads\/2022\/07\/casual-dating-online-apps-768x550.jpeg 768w, https:\/\/thisisnotagateway.net\/wp-content\/uploads\/2022\/07\/casual-dating-online-apps-1536x1100.jpeg 1536w, https:\/\/thisisnotagateway.net\/wp-content\/uploads\/2022\/07\/casual-dating-online-apps-2048x1467.jpeg 2048w\" sizes=\"(max-width: 541px) 100vw, 541px\" \/><\/figure><\/div>\r\n<p>Si vous \u00eates s\u00e9rieux au sujet de trouver l\u2019amour, essayez un site qui offre des abonnements gratuits et payants. Si vous \u00eates \u00e0 la recherche d\u2019une relation, il existe de nombreuses fa\u00e7ons de rencontrer un nouveau partenaire. Une fa\u00e7on est \u00e0 travers les sites de rencontres en ligne. Une autre est par l\u2019interm\u00e9diaire d\u2019amis, de membres de la famille ou de coll\u00e8gues. Un autre encore est \u00e0 travers les sites de m\u00e9dias sociaux comme Facebook, Twitter, Instagram, LinkedIn, etc. Les sites de rencontres en ligne sont excellents car ils vous permettent de rechercher des partenaires potentiels en fonction des crit\u00e8res qui comptent le plus pour vous. Par exemple, vous recherchez peut-\u00eatre une relation \u00e0 long terme, une aventure \u00e0 court terme ou simplement une connexion.<\/p>\r\n\r\n<p>Lorsque vous recherchez un partenaire, gardez \u00e0 l\u2019esprit que vous ne devez utiliser que des sites de rencontres en ligne qui r\u00e9pondent sp\u00e9cifiquement \u00e0 vos besoins. Sinon, vous pourriez finir par perdre du temps et de l\u2019argent sur un mauvais match.<\/p>\r\n\r\n<h2>Devriez-vous commencer les rencontres en ligne?<\/h2>\r\n\r\n<p>Si vous cherchez l\u2019amour, alors vous devez vous mettre en avant. Commencez par rejoindre des sites de rencontres en ligne comme Match.com, eHarmony, PlentyOfFish, Zoosk, OkCupid et Tinder. Une fois que vous avez trouv\u00e9 un site qui fonctionne pour vous, inscrivez-vous et cr\u00e9ez un profil. Ensuite, utilisez votre profil pour rechercher des correspondances.<\/p>\r\n\r\n<p>Lorsque vous trouvez un match, envoyez-leur un e-mail amical vous pr\u00e9sentant et leur demandant <a href=\"http:\/\/www.chats-de-sexo.com\">sexo chat<\/a> de prendre un caf\u00e9 ou des boissons. S\u2019ils disent oui, sortez-les d\u00eener ou boire un verre. Ensuite, demandez-leur \u00e0 nouveau. R\u00e9p\u00e9tez ce processus jusqu\u2019\u00e0 ce que vous trouviez quelqu\u2019un qui vous rend heureux.<\/p>\r\n\r\n<p>Une fois que vous avez trouv\u00e9 une correspondance, posez-lui des questions sur lui-m\u00eame. sk sur ses passe-temps, ses films pr\u00e9f\u00e9r\u00e9s, ses livres, sa musique et les endroits qu\u2019il aimerait visiter. Ensuite, parlez-lui de vous. Parlez-lui de vos passions, de vos r\u00eaves et de vos objectifs. N\u2019oubliez pas d\u2019inclure des photos de vous-m\u00eame. Plus vous envoyez de photos, mieux c\u2019est.<\/p>\r\n\r\n<p>Et rappelez-vous, la plupart des gars recherchent une relation \u00e0 long terme, pas une connexion. Gardez donc les choses lentes et stables jusqu\u2019\u00e0 ce que vous trouviez la bonne personne. Les rencontres en ligne sont gratuites, mais pas n\u00e9cessairement faciles. Il faut de la patience, de la pers\u00e9v\u00e9rance et de la pratique pour trouver un partenaire compatible. Si vous recherchez une relation \u00e0 long terme, les rencontres en ligne peuvent vous convenir. Cependant, si vous voulez juste rencontrer des amis, les rencontres en ligne ne sont pas la voie \u00e0 suivre.<\/p>\r\n\r\n<p>Il existe de nombreux types de sites de rencontres en ligne, chacun avec ses propres caract\u00e9ristiques uniques. Certains sites permettent aux membres de discuter avec d\u2019autres, tandis que d\u2019autres ne leur permettent que d\u2019envoyer des messages. Certains sites exigent que les membres paient des frais mensuels, tandis que d\u2019autres offrent un abonnement gratuit. Certains sites exigent que les membres remplissent des profils d\u00e9taill\u00e9s, tandis que d\u2019autres demandent tr\u00e8s peu d\u2019informations. Certains sites sont strictement destin\u00e9s aux adultes, tandis que d\u2019autres s\u2019adressent aux adolescents.<\/p>\r\n<div class=\"wp-block-image\">\r\n<figure class=\"aligncenter size-large is-resized\"><img loading=\"lazy\" src=\"http:\/\/thisisnotagateway.net&#10;\/wp-content\/uploads\/2022\/07\/why-dating-apps-work-1024x683.jpeg\" alt=\"\" class=\"wp-image-61\" width=\"394\" height=\"262\" srcset=\"https:\/\/thisisnotagateway.net\/wp-content\/uploads\/2022\/07\/why-dating-apps-work-1024x683.jpeg 1024w, https:\/\/thisisnotagateway.net\/wp-content\/uploads\/2022\/07\/why-dating-apps-work-300x200.jpeg 300w, https:\/\/thisisnotagateway.net\/wp-content\/uploads\/2022\/07\/why-dating-apps-work-768x512.jpeg 768w, https:\/\/thisisnotagateway.net\/wp-content\/uploads\/2022\/07\/why-dating-apps-work-1536x1024.jpeg 1536w, https:\/\/thisisnotagateway.net\/wp-content\/uploads\/2022\/07\/why-dating-apps-work-2048x1365.jpeg 2048w\" sizes=\"(max-width: 394px) 100vw, 394px\" \/><\/figure><\/div>\r\n<p>Lorsque vous comparez des sites, tenez compte des facteurs suivants :<\/p>\r\n\r\n<h3>Co\u00fbt<\/h3>\r\n\r\n<p>Certains sites offrent un abonnement gratuit, tandis que d\u2019autres exigent des abonnements payants. Les sites gratuits peuvent ne pas vous permettre de rechercher des correspondances en fonction de crit\u00e8res sp\u00e9cifiques, tels que l\u2019\u00e2ge, l\u2019emplacement ou le niveau de revenu. Les sites payants incluent g\u00e9n\u00e9ralement ces options.<\/p>\r\n\r\n<h3>Fonctionnalit\u00e9s<\/h3>\r\n\r\n<p>Certains sites permettent uniquement aux utilisateurs d\u2019afficher les profils, tandis que d\u2019autres vous permettent d\u2019envoyer des messages et de discuter avec d\u2019autres membres. Certains sites vous permettent de t\u00e9l\u00e9charger des photos, tandis que d\u2019autres vous limitent \u00e0 l\u2019affichage des photos t\u00e9l\u00e9charg\u00e9es par d\u2019autres membres.<\/p>\r\n\r\n<h3>S\u00e9curit\u00e9<\/h3>\r\n\r\n<p>De nombreux sites utilisent des questions de s\u00e9curit\u00e9 pour v\u00e9rifier votre identit\u00e9 lorsque vous vous inscrivez. D\u2019autres vous demandent d\u2019entrer des informations personnelles, telles que votre date de naissance, votre adresse et votre num\u00e9ro de t\u00e9l\u00e9phone. Assurez-vous que le site utilise des serveurs s\u00e9curis\u00e9s et une technologie de cryptage pour prot\u00e9ger vos informations personnelles.<\/p>\r\n\r\n<h3>Exp\u00e9rience utilisateur<\/h3>\r\n\r\n<p>Certains sites sont con\u00e7us principalement pour les rencontres occasionnelles, tandis que d\u2019autres s\u2019adressent \u00e0 des relations s\u00e9rieuses. Examinez les avis et les commentaires des membres pour d\u00e9terminer si le site s\u2019adresse aux personnes \u00e0 la recherche de relations \u00e0 long terme ou simplement de connexions.<\/p>\r\n\r\n<h3>Int\u00e9gration des m\u00e9dias sociaux<\/h3>\r\n\r\n<p>Le site int\u00e8gre-t-il des outils de r\u00e9seautage social, tels que Facebook et Twitter, pour vous aider \u00e0 vous connecter avec d\u2019autres membres?<\/p>\r\n\r\n<h3>Compatibilit\u00e9 mobile<\/h3>\r\n\r\n<p>La plupart des sites fonctionnent bien sur les ordinateurs de bureau, mais certains ne prennent pas en charge les appareils mobiles. Vous pouvez toujours acc\u00e9der \u00e0 la plupart des sites \u00e0 partir de smartphones et de tablettes, cependant.<\/p>\r\n\r\n<h2>Que faire ensuite ?<\/h2>\r\n\r\n<p>Une fois que vous avez r\u00e9duit votre liste de <a href=\"https:\/\/thisisnotagateway.net\/do-pickup-lines-actually-work\/\">sites de rencontres en ligne<\/a>, visitez chaque site et prenez note de leurs avantages et inconv\u00e9nients. Ensuite, d\u00e9cidez quel site correspond le mieux \u00e0 vos besoins. Si vous \u00eates nouveau dans les rencontres en ligne, essayez d\u2019utiliser un site gratuit pendant un mois ou deux pour avoir une id\u00e9e de ce qui fonctionne et ne fonctionne pas pour vous. Une fois que vous avez trouv\u00e9 un site qui r\u00e9pond \u00e0 vos besoins, payez pour un abonnement premium pour d\u00e9bloquer des fonctionnalit\u00e9s suppl\u00e9mentaires. Vous voudrez garder un \u0153il sur votre relev\u00e9 de carte de cr\u00e9dit apr\u00e8s avoir pay\u00e9 pour un abonnement premium. Assurez-vous d\u2019annuler tout abonnement r\u00e9current si vous n\u2019en avez plus besoin.<\/p>\r\n","protected":false},"excerpt":{"rendered":"<p>Trouver un nouveau partenaire Si vous \u00eates c\u00e9libataire, vous avez beaucoup \u00e0 faire pour vous. Vous \u00eates jeune, attirant, intelligent, dr\u00f4le et vous avez un excellent travail. Mais il n\u2019est pas n\u00e9cessaire de se contenter de n\u2019importe quel gars. Au lieu de cela, trouvez un homme qui partage vos int\u00e9r\u00eats, vos valeurs et vos objectifs. Cela signifie trouver un homme qui aime le sport, la lecture, les voyages et le plaisir. Et il devrait \u00eatre pr\u00eat \u00e0 partager sa vie&#8230;<\/p>\n<p class=\"read-more\"><a class=\"btn btn-default\" href=\"https:\/\/thisisnotagateway.net\/fr\/\">Lire la suite<span class=\"screen-reader-text\"> Lire la suite<\/span><\/a><\/p>\n","protected":false},"author":1,"featured_media":76,"parent":0,"menu_order":0,"comment_status":"closed","ping_status":"closed","template":"","meta":[],"yoast_head":"<!-- This site is optimized with the Yoast SEO plugin v19.2 - https:\/\/yoast.com\/wordpress\/plugins\/seo\/ -->\n<title>Gateway: Le seul blog de rencontres dont vous avez besoin! - Avis sur Gateway<\/title>\n<meta name=\"robots\" content=\"index, follow, max-snippet:-1, max-image-preview:large, max-video-preview:-1\" \/>\n<link rel=\"canonical\" href=\"https:\/\/thisisnotagateway.net\/fr\/\" \/>\n<meta property=\"og:locale\" content=\"fr_FR\" \/>\n<meta property=\"og:type\" content=\"article\" \/>\n<meta property=\"og:title\" content=\"Gateway: Le seul blog de rencontres dont vous avez besoin! - Avis sur Gateway\" \/>\n<meta property=\"og:description\" content=\"Trouver un nouveau partenaire Si vous \u00eates c\u00e9libataire, vous avez beaucoup \u00e0 faire pour vous. Vous \u00eates jeune, attirant, intelligent, dr\u00f4le et vous avez un excellent travail. Mais il n\u2019est pas n\u00e9cessaire de se contenter de n\u2019importe quel gars. Au lieu de cela, trouvez un homme qui partage vos int\u00e9r\u00eats, vos valeurs et vos objectifs. Cela signifie trouver un homme qui aime le sport, la lecture, les voyages et le plaisir. Et il devrait \u00eatre pr\u00eat \u00e0 partager sa vie...Lire la suite Lire la suite\" \/>\n<meta property=\"og:url\" content=\"https:\/\/thisisnotagateway.net\/fr\/\" \/>\n<meta property=\"og:site_name\" content=\"Avis sur Gateway\" \/>\n<meta property=\"article:modified_time\" content=\"2022-07-18T15:28:10+00:00\" \/>\n<meta property=\"og:image\" content=\"https:\/\/thisisnotagateway.net\/wp-content\/uploads\/2022\/07\/online-hooup-apps-our-advice.jpeg\" \/>\n\t<meta property=\"og:image:width\" content=\"1125\" \/>\n\t<meta property=\"og:image:height\" content=\"750\" \/>\n\t<meta property=\"og:image:type\" content=\"image\/jpeg\" \/>\n<meta name=\"author\" content=\"Gateway\" \/>\n<meta name=\"twitter:card\" content=\"summary_large_image\" \/>\n<meta name=\"twitter:label1\" content=\"Dur\u00e9e de lecture estim\u00e9e\" \/>\n\t<meta name=\"twitter:data1\" content=\"7 minutes\" \/>\n<script type=\"application\/ld+json\" class=\"yoast-schema-graph\">{\"@context\":\"https:\/\/schema.org\",\"@graph\":[{\"@type\":\"WebSite\",\"@id\":\"http:\/\/thisisnotagateway.net\/#website\",\"url\":\"http:\/\/thisisnotagateway.net\/\",\"name\":\"Avis sur Gateway\",\"description\":\"Blog sur les relations et les rencontres\",\"potentialAction\":[{\"@type\":\"SearchAction\",\"target\":{\"@type\":\"EntryPoint\",\"urlTemplate\":\"http:\/\/thisisnotagateway.net\/?s={search_term_string}\"},\"query-input\":\"required name=search_term_string\"}],\"inLanguage\":\"fr-FR\"},{\"@type\":\"ImageObject\",\"inLanguage\":\"fr-FR\",\"@id\":\"https:\/\/thisisnotagateway.net\/fr\/#primaryimage\",\"url\":\"https:\/\/thisisnotagateway.net\/wp-content\/uploads\/2022\/07\/online-hooup-apps-our-advice.jpeg\",\"contentUrl\":\"https:\/\/thisisnotagateway.net\/wp-content\/uploads\/2022\/07\/online-hooup-apps-our-advice.jpeg\",\"width\":1125,\"height\":750},{\"@type\":\"WebPage\",\"@id\":\"https:\/\/thisisnotagateway.net\/fr\/#webpage\",\"url\":\"https:\/\/thisisnotagateway.net\/fr\/\",\"name\":\"Gateway: Le seul blog de rencontres dont vous avez besoin! - Avis sur Gateway\",\"isPartOf\":{\"@id\":\"http:\/\/thisisnotagateway.net\/#website\"},\"primaryImageOfPage\":{\"@id\":\"https:\/\/thisisnotagateway.net\/fr\/#primaryimage\"},\"datePublished\":\"2022-07-03T12:31:58+00:00\",\"dateModified\":\"2022-07-18T15:28:10+00:00\",\"breadcrumb\":{\"@id\":\"https:\/\/thisisnotagateway.net\/fr\/#breadcrumb\"},\"inLanguage\":\"fr-FR\",\"potentialAction\":[{\"@type\":\"ReadAction\",\"target\":[\"https:\/\/thisisnotagateway.net\/fr\/\"]}]},{\"@type\":\"BreadcrumbList\",\"@id\":\"https:\/\/thisisnotagateway.net\/fr\/#breadcrumb\",\"itemListElement\":[{\"@type\":\"ListItem\",\"position\":1,\"name\":\"Domicile\",\"item\":\"https:\/\/thisisnotagateway.net\/fr\/\"},{\"@type\":\"ListItem\",\"position\":2,\"name\":\"Gateway: Le seul blog de rencontres dont vous avez besoin!\"}]}]}<\/script>\n<!-- \/ Yoast SEO plugin. -->","yoast_head_json":{"title":"Gateway: Le seul blog de rencontres dont vous avez besoin! - Avis sur Gateway","robots":{"index":"index","follow":"follow","max-snippet":"max-snippet:-1","max-image-preview":"max-image-preview:large","max-video-preview":"max-video-preview:-1"},"canonical":"https:\/\/thisisnotagateway.net\/fr\/","og_locale":"fr_FR","og_type":"article","og_title":"Gateway: Le seul blog de rencontres dont vous avez besoin! - Avis sur Gateway","og_description":"Trouver un nouveau partenaire Si vous \u00eates c\u00e9libataire, vous avez beaucoup \u00e0 faire pour vous. Vous \u00eates jeune, attirant, intelligent, dr\u00f4le et vous avez un excellent travail. Mais il n\u2019est pas n\u00e9cessaire de se contenter de n\u2019importe quel gars. Au lieu de cela, trouvez un homme qui partage vos int\u00e9r\u00eats, vos valeurs et vos objectifs. Cela signifie trouver un homme qui aime le sport, la lecture, les voyages et le plaisir. Et il devrait \u00eatre pr\u00eat \u00e0 partager sa vie...Lire la suite Lire la suite","og_url":"https:\/\/thisisnotagateway.net\/fr\/","og_site_name":"Avis sur Gateway","article_modified_time":"2022-07-18T15:28:10+00:00","og_image":[{"width":1125,"height":750,"url":"https:\/\/thisisnotagateway.net\/wp-content\/uploads\/2022\/07\/online-hooup-apps-our-advice.jpeg","type":"image\/jpeg"}],"author":"Gateway","twitter_card":"summary_large_image","twitter_misc":{"Dur\u00e9e de lecture estim\u00e9e":"7 minutes"},"schema":{"@context":"https:\/\/schema.org","@graph":[{"@type":"WebSite","@id":"http:\/\/thisisnotagateway.net\/#website","url":"http:\/\/thisisnotagateway.net\/","name":"Avis sur Gateway","description":"Blog sur les relations et les rencontres","potentialAction":[{"@type":"SearchAction","target":{"@type":"EntryPoint","urlTemplate":"http:\/\/thisisnotagateway.net\/?s={search_term_string}"},"query-input":"required name=search_term_string"}],"inLanguage":"fr-FR"},{"@type":"ImageObject","inLanguage":"fr-FR","@id":"https:\/\/thisisnotagateway.net\/fr\/#primaryimage","url":"https:\/\/thisisnotagateway.net\/wp-content\/uploads\/2022\/07\/online-hooup-apps-our-advice.jpeg","contentUrl":"https:\/\/thisisnotagateway.net\/wp-content\/uploads\/2022\/07\/online-hooup-apps-our-advice.jpeg","width":1125,"height":750},{"@type":"WebPage","@id":"https:\/\/thisisnotagateway.net\/fr\/#webpage","url":"https:\/\/thisisnotagateway.net\/fr\/","name":"Gateway: Le seul blog de rencontres dont vous avez besoin! - Avis sur Gateway","isPartOf":{"@id":"http:\/\/thisisnotagateway.net\/#website"},"primaryImageOfPage":{"@id":"https:\/\/thisisnotagateway.net\/fr\/#primaryimage"},"datePublished":"2022-07-03T12:31:58+00:00","dateModified":"2022-07-18T15:28:10+00:00","breadcrumb":{"@id":"https:\/\/thisisnotagateway.net\/fr\/#breadcrumb"},"inLanguage":"fr-FR","potentialAction":[{"@type":"ReadAction","target":["https:\/\/thisisnotagateway.net\/fr\/"]}]},{"@type":"BreadcrumbList","@id":"https:\/\/thisisnotagateway.net\/fr\/#breadcrumb","itemListElement":[{"@type":"ListItem","position":1,"name":"Domicile","item":"https:\/\/thisisnotagateway.net\/fr\/"},{"@type":"ListItem","position":2,"name":"Gateway: Le seul blog de rencontres dont vous avez besoin!"}]}]}},"_links":{"self":[{"href":"https:\/\/thisisnotagateway.net\/fr\/wp-json\/wp\/v2\/pages\/266"}],"collection":[{"href":"https:\/\/thisisnotagateway.net\/fr\/wp-json\/wp\/v2\/pages"}],"about":[{"href":"https:\/\/thisisnotagateway.net\/fr\/wp-json\/wp\/v2\/types\/page"}],"author":[{"embeddable":true,"href":"https:\/\/thisisnotagateway.net\/fr\/wp-json\/wp\/v2\/users\/1"}],"replies":[{"embeddable":true,"href":"https:\/\/thisisnotagateway.net\/fr\/wp-json\/wp\/v2\/comments?post=266"}],"version-history":[{"count":3,"href":"https:\/\/thisisnotagateway.net\/fr\/wp-json\/wp\/v2\/pages\/266\/revisions"}],"predecessor-version":[{"id":369,"href":"https:\/\/thisisnotagateway.net\/fr\/wp-json\/wp\/v2\/pages\/266\/revisions\/369"}],"wp:featuredmedia":[{"embeddable":true,"href":"https:\/\/thisisnotagateway.net\/fr\/wp-json\/wp\/v2\/media\/76"}],"wp:attachment":[{"href":"https:\/\/thisisnotagateway.net\/fr\/wp-json\/wp\/v2\/media?parent=266"}],"curies":[{"name":"wp","href":"https:\/\/api.w.org\/{rel}","templated":true}]}}