{"id":203,"date":"2022-07-03T15:00:39","date_gmt":"2022-07-03T14:00:39","guid":{"rendered":"http:\/\/thisisnotagateway.net\/app-di-collegamento-popolari-che-funzionano-per-il-sesso\/"},"modified":"2022-07-03T15:00:39","modified_gmt":"2022-07-03T14:00:39","slug":"app-di-collegamento-popolari-che-funzionano-per-il-sesso","status":"publish","type":"page","link":"https:\/\/thisisnotagateway.net\/it\/app-di-collegamento-popolari-che-funzionano-per-il-sesso\/","title":{"rendered":"App di collegamento popolari che funzionano per il sesso"},"content":{"rendered":"<p>Se sei interessato ai collegamenti, dovresti essere a conoscenza di alcuni fatti importanti. Detto questo, i collegamenti sono un ottimo modo per scoprire se c&#8217;\u00e8 chimica tra te e un&#8217;altra persona. Quindi, se sei single e stai cercando un&#8217;avventura o una relazione a lungo termine, considera di incontrare qualcuno attraverso un sito di collegamento.<\/p>\n<p>I collegamenti sono fantastici perch\u00e9 sono veloci, economici e semplici. Ma non sono l&#8217;ideale perch\u00e9 di solito finiscono male.<\/p>\n<p><img loading=\"lazy\" class=\"aligncenter size-large wp-image-104\" src=\"http:\/\/thisisnotagateway.net\/wp-content\/uploads\/2022\/07\/local-chat-apps-1024x683.jpeg\" alt=\"\" width=\"640\" height=\"427\" srcset=\"https:\/\/thisisnotagateway.net\/wp-content\/uploads\/2022\/07\/local-chat-apps-1024x683.jpeg 1024w, https:\/\/thisisnotagateway.net\/wp-content\/uploads\/2022\/07\/local-chat-apps-300x200.jpeg 300w, https:\/\/thisisnotagateway.net\/wp-content\/uploads\/2022\/07\/local-chat-apps-768x512.jpeg 768w, https:\/\/thisisnotagateway.net\/wp-content\/uploads\/2022\/07\/local-chat-apps-1536x1024.jpeg 1536w, https:\/\/thisisnotagateway.net\/wp-content\/uploads\/2022\/07\/local-chat-apps-2048x1365.jpeg 2048w, https:\/\/thisisnotagateway.net\/wp-content\/uploads\/2022\/07\/local-chat-apps-405x270.jpeg 405w\" sizes=\"(max-width: 640px) 100vw, 640px\" \/><\/p>\n<h3>Craigslist<\/h3>\n<p><a href=\"http:\/\/thisisnotagateway.net\/it\/craigslist-personali\/\">Craigslist \u00e8 un sito di annunci online<\/a>. Puoi cercare tra milioni di inserzioni, pubblicare tu stesso un&#8217;inserzione o sfogliare le inserzioni di altri utenti. Se stai cercando un lavoro, puoi anche pubblicare una posizione di apertura direttamente sul sito web. \u00c8 gratuito elencare gli elementi e non ci sono commissioni per rispondere. La maggior parte degli annunci pubblicitari viene pubblicata almeno una volta alla settimana. Gli utenti possono contattarsi tramite messaggistica privata, messaggistica istantanea, telefonata o chat video.<\/p>\n<p>Molti di coloro che hanno utilizzato il sito Web hanno affermato di essersi trovati in relazioni serie. Alcuni di loro non avevano mai frequentato prima qualcuno dello stesso sesso. Molti membri LGBTQ hanno detto che sentivano che questa era un&#8217;alternativa allo stigma di incontrare persone nella vita reale, perch\u00e9 non avevano bisogno di preoccuparsi del rifiuto. Altri lo usavano per incontrare persone che condividevano interessi simili con loro. Ma molti hanno anche detto che lo usavano per trovare incontri sessuali casuali.<\/p>\n<h3>Ashley Madison<\/h3>\n<p>Ashley Madison \u00e8 un <a href=\"http:\/\/thisisnotagateway.net\/it\/trova-una-relazione-con-facilita\/\">servizio di appuntamenti online<\/a> che consente agli utenti di connettersi con altri single in cerca di relazioni discrete. Il sito Web offre ai suoi membri un ambiente sicuro in cui possono condividere le loro informazioni personali pur mantenendo il loro anonimato. Non ci sono domande poste su orientamento sessuale, religione, razza, etnia, et\u00e0 o preferenza di genere quando ci si iscrive al sito. Finch\u00e9 non sei attualmente sposato, non ci sono restrizioni sul numero di profili che puoi creare. Mentre ci sono molti modi per cercare nel database, il metodo migliore dipender\u00e0 dal tipo di corrispondenza che stai cercando.<\/p>\n<h3>Doppia lista<\/h3>\n<p>Doublelist \u00e8 un ottimo posto per incontrare persone di tutti i <a href=\"http:\/\/thisisnotagateway.net\/it\/trova-una-corrispondenza\/\">tipi diversi<\/a>. Troverai un sacco di persone etero, gay, bisessuali, lesbiche, trans, queer, stravaganti, poliamorose, ecc., Qui. Se stai cercando qualcosa di specifico, cerca solo ci\u00f2 che ti interessa. C&#8217;\u00e8 anche una sezione chiamata &#8220;Esplora&#8221; in cui puoi sfogliare i profili di altri utenti.<\/p>\n<p>Il sito offre un gran numero di funzionalit\u00e0 di ricerca e opzioni di chat. Puoi filtrare le tue ricerche per localit\u00e0, et\u00e0, sesso, etnia, interessi, orientamento sessuale, religione, occupazione e reddito. Il sito verifica i nuovi membri tramite telefono, ma \u00e8 necessario che tu ti trovi in Canada, Regno Unito, Stati Uniti o Australia per poterti iscrivere. Amiamo il modo in cui il sito protegge gli utenti da truffatori e profili falsi. Ci\u00f2 significa che non dovrai perdere tempo a preoccuparti di truffe o profili falsi quando usi Match.com.<\/p>\n<h3>Cercatore di amici adulti<\/h3>\n<p>AFF \u00e8 un sito di incontri per adulti. Non \u00e8 un sito di incontri di per s\u00e9, ma piuttosto un servizio di appuntamenti che aiuta gli utenti a connettersi con altri utenti. Se stai cercando di incontrare qualcuno in modo discreto, allora AFF vale sicuramente la pena dare un&#8217;occhiata. Esistono molti modi diversi per utilizzare i servizi offerti da AFF. Puoi sfogliare i profili, inviare messaggi, visualizzare foto e persino chattare con i membri. Tutte queste funzionalit\u00e0 sono completamente gratuite.<\/p>\n<p>Tuttavia, se desideri aggiornare il tuo account, ci sono diversi livelli disponibili. Ad esempio, gli account premium ti consentono di vedere i profili dei membri senza pubblicit\u00e0, mentre gli account platinum offrono ulteriori vantaggi. Questi includono funzionalit\u00e0 di messaggistica extra, accesso a contenuti esclusivi e maggiore privacy.<\/p>\n","protected":false},"excerpt":{"rendered":"<p>Se sei interessato ai collegamenti, dovresti essere a conoscenza di alcuni fatti importanti. Detto questo, i collegamenti sono un ottimo modo per scoprire se c&#8217;\u00e8 chimica tra te e un&#8217;altra persona. Quindi, se sei single e stai cercando un&#8217;avventura o una relazione a lungo termine, considera di incontrare qualcuno attraverso un sito di collegamento. I collegamenti sono fantastici perch\u00e9 sono veloci, economici e semplici. Ma non sono l&#8217;ideale perch\u00e9 di solito finiscono male. Craigslist Craigslist \u00e8 un sito di annunci&#8230;<\/p>\n<p class=\"read-more\"><a class=\"btn btn-default\" href=\"https:\/\/thisisnotagateway.net\/it\/app-di-collegamento-popolari-che-funzionano-per-il-sesso\/\">Leggi tutto<span class=\"screen-reader-text\"> Leggi tutto<\/span><\/a><\/p>\n","protected":false},"author":1,"featured_media":0,"parent":0,"menu_order":0,"comment_status":"closed","ping_status":"closed","template":"","meta":[],"yoast_head":"<!-- This site is optimized with the Yoast SEO plugin v19.2 - https:\/\/yoast.com\/wordpress\/plugins\/seo\/ -->\n<title>App di collegamento popolari che funzionano per il sesso - Recensioni su Gateway<\/title>\n<meta name=\"robots\" content=\"index, follow, max-snippet:-1, max-image-preview:large, max-video-preview:-1\" \/>\n<link rel=\"canonical\" href=\"https:\/\/thisisnotagateway.net\/it\/app-di-collegamento-popolari-che-funzionano-per-il-sesso\/\" \/>\n<meta property=\"og:locale\" content=\"it_IT\" \/>\n<meta property=\"og:type\" content=\"article\" \/>\n<meta property=\"og:title\" content=\"App di collegamento popolari che funzionano per il sesso - Recensioni su Gateway\" \/>\n<meta property=\"og:description\" content=\"Se sei interessato ai collegamenti, dovresti essere a conoscenza di alcuni fatti importanti. Detto questo, i collegamenti sono un ottimo modo per scoprire se c&#8217;\u00e8 chimica tra te e un&#8217;altra persona. Quindi, se sei single e stai cercando un&#8217;avventura o una relazione a lungo termine, considera di incontrare qualcuno attraverso un sito di collegamento. I collegamenti sono fantastici perch\u00e9 sono veloci, economici e semplici. Ma non sono l&#8217;ideale perch\u00e9 di solito finiscono male. Craigslist Craigslist \u00e8 un sito di annunci...Leggi tutto Leggi tutto\" \/>\n<meta property=\"og:url\" content=\"https:\/\/thisisnotagateway.net\/it\/app-di-collegamento-popolari-che-funzionano-per-il-sesso\/\" \/>\n<meta property=\"og:site_name\" content=\"Recensioni su Gateway\" \/>\n<meta property=\"og:image\" content=\"http:\/\/thisisnotagateway.net\/wp-content\/uploads\/2022\/07\/local-chat-apps-1024x683.jpeg\" \/>\n<meta name=\"author\" content=\"Gateway\" \/>\n<meta name=\"twitter:card\" content=\"summary_large_image\" \/>\n<meta name=\"twitter:label1\" content=\"Tempo di lettura stimato\" \/>\n\t<meta name=\"twitter:data1\" content=\"3 minuti\" \/>\n<script type=\"application\/ld+json\" class=\"yoast-schema-graph\">{\"@context\":\"https:\/\/schema.org\",\"@graph\":[{\"@type\":\"WebSite\",\"@id\":\"http:\/\/thisisnotagateway.net\/#website\",\"url\":\"http:\/\/thisisnotagateway.net\/\",\"name\":\"Recensioni su Gateway\",\"description\":\"Blog di relazioni e appuntamenti\",\"potentialAction\":[{\"@type\":\"SearchAction\",\"target\":{\"@type\":\"EntryPoint\",\"urlTemplate\":\"http:\/\/thisisnotagateway.net\/?s={search_term_string}\"},\"query-input\":\"required name=search_term_string\"}],\"inLanguage\":\"it-IT\"},{\"@type\":\"ImageObject\",\"inLanguage\":\"it-IT\",\"@id\":\"https:\/\/thisisnotagateway.net\/it\/app-di-collegamento-popolari-che-funzionano-per-il-sesso\/#primaryimage\",\"url\":\"https:\/\/thisisnotagateway.net\/wp-content\/uploads\/2022\/07\/local-chat-apps.jpeg\",\"contentUrl\":\"https:\/\/thisisnotagateway.net\/wp-content\/uploads\/2022\/07\/local-chat-apps.jpeg\",\"width\":2250,\"height\":1500},{\"@type\":\"WebPage\",\"@id\":\"https:\/\/thisisnotagateway.net\/it\/app-di-collegamento-popolari-che-funzionano-per-il-sesso\/#webpage\",\"url\":\"https:\/\/thisisnotagateway.net\/it\/app-di-collegamento-popolari-che-funzionano-per-il-sesso\/\",\"name\":\"App di collegamento popolari che funzionano per il sesso - Recensioni su Gateway\",\"isPartOf\":{\"@id\":\"http:\/\/thisisnotagateway.net\/#website\"},\"primaryImageOfPage\":{\"@id\":\"https:\/\/thisisnotagateway.net\/it\/app-di-collegamento-popolari-che-funzionano-per-il-sesso\/#primaryimage\"},\"datePublished\":\"2022-07-03T14:00:39+00:00\",\"dateModified\":\"2022-07-03T14:00:39+00:00\",\"breadcrumb\":{\"@id\":\"https:\/\/thisisnotagateway.net\/it\/app-di-collegamento-popolari-che-funzionano-per-il-sesso\/#breadcrumb\"},\"inLanguage\":\"it-IT\",\"potentialAction\":[{\"@type\":\"ReadAction\",\"target\":[\"https:\/\/thisisnotagateway.net\/it\/app-di-collegamento-popolari-che-funzionano-per-il-sesso\/\"]}]},{\"@type\":\"BreadcrumbList\",\"@id\":\"https:\/\/thisisnotagateway.net\/it\/app-di-collegamento-popolari-che-funzionano-per-il-sesso\/#breadcrumb\",\"itemListElement\":[{\"@type\":\"ListItem\",\"position\":1,\"name\":\"Casa\",\"item\":\"http:\/\/thisisnotagateway.net\/it\/\"},{\"@type\":\"ListItem\",\"position\":2,\"name\":\"App di collegamento popolari che funzionano per il sesso\"}]}]}<\/script>\n<!-- \/ Yoast SEO plugin. -->","yoast_head_json":{"title":"App di collegamento popolari che funzionano per il sesso - Recensioni su Gateway","robots":{"index":"index","follow":"follow","max-snippet":"max-snippet:-1","max-image-preview":"max-image-preview:large","max-video-preview":"max-video-preview:-1"},"canonical":"https:\/\/thisisnotagateway.net\/it\/app-di-collegamento-popolari-che-funzionano-per-il-sesso\/","og_locale":"it_IT","og_type":"article","og_title":"App di collegamento popolari che funzionano per il sesso - Recensioni su Gateway","og_description":"Se sei interessato ai collegamenti, dovresti essere a conoscenza di alcuni fatti importanti. Detto questo, i collegamenti sono un ottimo modo per scoprire se c&#8217;\u00e8 chimica tra te e un&#8217;altra persona. Quindi, se sei single e stai cercando un&#8217;avventura o una relazione a lungo termine, considera di incontrare qualcuno attraverso un sito di collegamento. I collegamenti sono fantastici perch\u00e9 sono veloci, economici e semplici. Ma non sono l&#8217;ideale perch\u00e9 di solito finiscono male. Craigslist Craigslist \u00e8 un sito di annunci...Leggi tutto Leggi tutto","og_url":"https:\/\/thisisnotagateway.net\/it\/app-di-collegamento-popolari-che-funzionano-per-il-sesso\/","og_site_name":"Recensioni su Gateway","og_image":[{"url":"http:\/\/thisisnotagateway.net\/wp-content\/uploads\/2022\/07\/local-chat-apps-1024x683.jpeg"}],"author":"Gateway","twitter_card":"summary_large_image","twitter_misc":{"Tempo di lettura stimato":"3 minuti"},"schema":{"@context":"https:\/\/schema.org","@graph":[{"@type":"WebSite","@id":"http:\/\/thisisnotagateway.net\/#website","url":"http:\/\/thisisnotagateway.net\/","name":"Recensioni su Gateway","description":"Blog di relazioni e appuntamenti","potentialAction":[{"@type":"SearchAction","target":{"@type":"EntryPoint","urlTemplate":"http:\/\/thisisnotagateway.net\/?s={search_term_string}"},"query-input":"required name=search_term_string"}],"inLanguage":"it-IT"},{"@type":"ImageObject","inLanguage":"it-IT","@id":"https:\/\/thisisnotagateway.net\/it\/app-di-collegamento-popolari-che-funzionano-per-il-sesso\/#primaryimage","url":"https:\/\/thisisnotagateway.net\/wp-content\/uploads\/2022\/07\/local-chat-apps.jpeg","contentUrl":"https:\/\/thisisnotagateway.net\/wp-content\/uploads\/2022\/07\/local-chat-apps.jpeg","width":2250,"height":1500},{"@type":"WebPage","@id":"https:\/\/thisisnotagateway.net\/it\/app-di-collegamento-popolari-che-funzionano-per-il-sesso\/#webpage","url":"https:\/\/thisisnotagateway.net\/it\/app-di-collegamento-popolari-che-funzionano-per-il-sesso\/","name":"App di collegamento popolari che funzionano per il sesso - Recensioni su Gateway","isPartOf":{"@id":"http:\/\/thisisnotagateway.net\/#website"},"primaryImageOfPage":{"@id":"https:\/\/thisisnotagateway.net\/it\/app-di-collegamento-popolari-che-funzionano-per-il-sesso\/#primaryimage"},"datePublished":"2022-07-03T14:00:39+00:00","dateModified":"2022-07-03T14:00:39+00:00","breadcrumb":{"@id":"https:\/\/thisisnotagateway.net\/it\/app-di-collegamento-popolari-che-funzionano-per-il-sesso\/#breadcrumb"},"inLanguage":"it-IT","potentialAction":[{"@type":"ReadAction","target":["https:\/\/thisisnotagateway.net\/it\/app-di-collegamento-popolari-che-funzionano-per-il-sesso\/"]}]},{"@type":"BreadcrumbList","@id":"https:\/\/thisisnotagateway.net\/it\/app-di-collegamento-popolari-che-funzionano-per-il-sesso\/#breadcrumb","itemListElement":[{"@type":"ListItem","position":1,"name":"Casa","item":"http:\/\/thisisnotagateway.net\/it\/"},{"@type":"ListItem","position":2,"name":"App di collegamento popolari che funzionano per il sesso"}]}]}},"_links":{"self":[{"href":"https:\/\/thisisnotagateway.net\/it\/wp-json\/wp\/v2\/pages\/203"}],"collection":[{"href":"https:\/\/thisisnotagateway.net\/it\/wp-json\/wp\/v2\/pages"}],"about":[{"href":"https:\/\/thisisnotagateway.net\/it\/wp-json\/wp\/v2\/types\/page"}],"author":[{"embeddable":true,"href":"https:\/\/thisisnotagateway.net\/it\/wp-json\/wp\/v2\/users\/1"}],"replies":[{"embeddable":true,"href":"https:\/\/thisisnotagateway.net\/it\/wp-json\/wp\/v2\/comments?post=203"}],"version-history":[{"count":0,"href":"https:\/\/thisisnotagateway.net\/it\/wp-json\/wp\/v2\/pages\/203\/revisions"}],"wp:attachment":[{"href":"https:\/\/thisisnotagateway.net\/it\/wp-json\/wp\/v2\/media?parent=203"}],"curies":[{"name":"wp","href":"https:\/\/api.w.org\/{rel}","templated":true}]}}