{"id":215,"date":"2022-07-03T14:34:30","date_gmt":"2022-07-03T13:34:30","guid":{"rendered":"http:\/\/thisisnotagateway.net\/le-linee-di-pick-up-funzionano-davvero\/"},"modified":"2022-07-20T16:32:58","modified_gmt":"2022-07-20T15:32:58","slug":"le-linee-di-pick-up-funzionano-davvero","status":"publish","type":"page","link":"https:\/\/thisisnotagateway.net\/it\/le-linee-di-pick-up-funzionano-davvero\/","title":{"rendered":"Le linee di pick-up funzionano davvero?"},"content":{"rendered":"\r\n<p>Le linee di pick-up sono un ottimo modo per raccogliere le donne. Sono semplici, diretti ed efficaci. Ma la maggior parte dei ragazzi non sono molto bravi in loro. Quindi ecco alcuni suggerimenti per aiutarti a migliorare il tuo gioco.<\/p>\r\n\r\n<p>In primo luogo, pratica. La pratica rende perfetti. Le linee di raccolta sono un&#8217;abilit\u00e0, proprio come il golf o il tennis. Pi\u00f9 pratichi, meglio diventerai. In secondo luogo <a href=\"https:\/\/www.no-strings-attached-sex.com\/it\/la-migliore-app-per-trovare-il-sesso\/\">app per sesso gratis<\/a>, sii fiducioso. La fiducia \u00e8 sexy. Le donne rispondono alla fiducia. E quando sei sicuro, sei pi\u00f9 attraente. Terzo, usa l&#8217;umorismo. L&#8217;umorismo funziona bene perch\u00e9 abbatte le barriere tra uomini e donne. Inoltre, le donne lo trovano divertente.<\/p>\r\n\r\n<p>Infine, tienilo breve. Non sprecare il tuo tempo cercando di impressionarla con storie lunghe. Tienilo breve e dolce. Usa questi tre suggerimenti per migliorare le tue abilit\u00e0 di linea di ritiro. Poi vai l\u00e0 fuori e prendi dei pulcini!<\/p>\r\n\r\n<figure class=\"wp-block-image size-large\"><img loading=\"lazy\" width=\"1024\" height=\"683\" src=\"http:\/\/thisisnotagateway.net&#013;&#010;\/wp-content\/uploads\/2022\/07\/why-dating-apps-work-1024x683.jpeg\" alt=\"\" class=\"wp-image-61\" srcset=\"https:\/\/thisisnotagateway.net\/wp-content\/uploads\/2022\/07\/why-dating-apps-work-1024x683.jpeg 1024w, https:\/\/thisisnotagateway.net\/wp-content\/uploads\/2022\/07\/why-dating-apps-work-300x200.jpeg 300w, https:\/\/thisisnotagateway.net\/wp-content\/uploads\/2022\/07\/why-dating-apps-work-768x512.jpeg 768w, https:\/\/thisisnotagateway.net\/wp-content\/uploads\/2022\/07\/why-dating-apps-work-1536x1024.jpeg 1536w, https:\/\/thisisnotagateway.net\/wp-content\/uploads\/2022\/07\/why-dating-apps-work-2048x1365.jpeg 2048w\" sizes=\"(max-width: 1024px) 100vw, 1024px\" \/><\/figure>\r\n\r\n<h2>Come iniziare a usarli sulle ragazze<\/h2>\r\n\r\n<p>Se sei mai stato ad <a href=\"https:\/\/thisisnotagateway.net\/types-of-dating-apps\/\">un appuntamento<\/a>, sai che la maggior parte dei ragazzi usa una versione di queste righe. E se sei mai stato sul lato ricevente di una linea di pick-up, sai che raramente funzionano.<\/p>\r\n\r\n<p>Questo perch\u00e9 le linee di ritiro si basano su una falsa premessa. Il presupposto \u00e8 che le <a href=\"https:\/\/www.fuck-buddies.net\/it\/ragazze-che-vogliono-scopare\/\">ragazze che vogliono scopare<\/a> stiano cercando uomini che siano abbastanza disperati da dire cose come: &#8220;Ehi piccola, vuoi uscire stasera?&#8221;<\/p>\r\n\r\n<p>Ma questo non \u00e8 vero. Le donne non cercano uomini disperati. Stanno cercando uomini sicuri di s\u00e9 che siano abbastanza a loro agio da essere se stessi.<\/p>\r\n\r\n<p>Ed ecco il kicker: la maggior parte delle donne sono spente <a href=\"https:\/\/www.fucklocals.org\/it\/siti-di-sexting-per-adulti-gratuiti\/\">sito per sexting<\/a> dalle linee di pick-up. Quindi, se hai intenzione di provare a prendere le ragazze, devi smettere di pensare come un ragazzo e iniziare a pensare come una donna.<\/p>\r\n\r\n<p>Invece di cercare di apparire disperato, dovresti essere sicuro e accessibile. Invece di pensare come un ragazzo, dovresti pensare come una ragazza.<\/p>\r\n","protected":false},"excerpt":{"rendered":"<p>Le linee di pick-up sono un ottimo modo per raccogliere le donne. Sono semplici, diretti ed efficaci. Ma la maggior parte dei ragazzi non sono molto bravi in loro. Quindi ecco alcuni suggerimenti per aiutarti a migliorare il tuo gioco. In primo luogo, pratica. La pratica rende perfetti. Le linee di raccolta sono un&#8217;abilit\u00e0, proprio come il golf o il tennis. Pi\u00f9 pratichi, meglio diventerai. In secondo luogo app per sesso gratis, sii fiducioso. La fiducia \u00e8 sexy. Le donne&#8230;<\/p>\n<p class=\"read-more\"><a class=\"btn btn-default\" href=\"https:\/\/thisisnotagateway.net\/it\/le-linee-di-pick-up-funzionano-davvero\/\">Leggi tutto<span class=\"screen-reader-text\"> Leggi tutto<\/span><\/a><\/p>\n","protected":false},"author":1,"featured_media":0,"parent":0,"menu_order":0,"comment_status":"closed","ping_status":"closed","template":"","meta":[],"yoast_head":"<!-- This site is optimized with the Yoast SEO plugin v19.2 - https:\/\/yoast.com\/wordpress\/plugins\/seo\/ -->\n<title>Le linee di pick-up funzionano davvero? - Recensioni su Gateway<\/title>\n<meta name=\"robots\" content=\"index, follow, max-snippet:-1, max-image-preview:large, max-video-preview:-1\" \/>\n<link rel=\"canonical\" href=\"https:\/\/thisisnotagateway.net\/it\/le-linee-di-pick-up-funzionano-davvero\/\" \/>\n<meta property=\"og:locale\" content=\"it_IT\" \/>\n<meta property=\"og:type\" content=\"article\" \/>\n<meta property=\"og:title\" content=\"Le linee di pick-up funzionano davvero? - Recensioni su Gateway\" \/>\n<meta property=\"og:description\" content=\"Le linee di pick-up sono un ottimo modo per raccogliere le donne. Sono semplici, diretti ed efficaci. Ma la maggior parte dei ragazzi non sono molto bravi in loro. Quindi ecco alcuni suggerimenti per aiutarti a migliorare il tuo gioco. In primo luogo, pratica. La pratica rende perfetti. Le linee di raccolta sono un&#8217;abilit\u00e0, proprio come il golf o il tennis. Pi\u00f9 pratichi, meglio diventerai. In secondo luogo app per sesso gratis, sii fiducioso. La fiducia \u00e8 sexy. Le donne...Leggi tutto Leggi tutto\" \/>\n<meta property=\"og:url\" content=\"https:\/\/thisisnotagateway.net\/it\/le-linee-di-pick-up-funzionano-davvero\/\" \/>\n<meta property=\"og:site_name\" content=\"Recensioni su Gateway\" \/>\n<meta property=\"article:modified_time\" content=\"2022-07-20T15:32:58+00:00\" \/>\n<meta name=\"author\" content=\"Gateway\" \/>\n<meta name=\"twitter:card\" content=\"summary_large_image\" \/>\n<meta name=\"twitter:label1\" content=\"Tempo di lettura stimato\" \/>\n\t<meta name=\"twitter:data1\" content=\"2 minuti\" \/>\n<script type=\"application\/ld+json\" class=\"yoast-schema-graph\">{\"@context\":\"https:\/\/schema.org\",\"@graph\":[{\"@type\":\"WebSite\",\"@id\":\"http:\/\/thisisnotagateway.net\/#website\",\"url\":\"http:\/\/thisisnotagateway.net\/\",\"name\":\"Recensioni su Gateway\",\"description\":\"Blog di relazioni e appuntamenti\",\"potentialAction\":[{\"@type\":\"SearchAction\",\"target\":{\"@type\":\"EntryPoint\",\"urlTemplate\":\"http:\/\/thisisnotagateway.net\/?s={search_term_string}\"},\"query-input\":\"required name=search_term_string\"}],\"inLanguage\":\"it-IT\"},{\"@type\":\"WebPage\",\"@id\":\"https:\/\/thisisnotagateway.net\/it\/le-linee-di-pick-up-funzionano-davvero\/#webpage\",\"url\":\"https:\/\/thisisnotagateway.net\/it\/le-linee-di-pick-up-funzionano-davvero\/\",\"name\":\"Le linee di pick-up funzionano davvero? - Recensioni su Gateway\",\"isPartOf\":{\"@id\":\"http:\/\/thisisnotagateway.net\/#website\"},\"datePublished\":\"2022-07-03T13:34:30+00:00\",\"dateModified\":\"2022-07-20T15:32:58+00:00\",\"breadcrumb\":{\"@id\":\"https:\/\/thisisnotagateway.net\/it\/le-linee-di-pick-up-funzionano-davvero\/#breadcrumb\"},\"inLanguage\":\"it-IT\",\"potentialAction\":[{\"@type\":\"ReadAction\",\"target\":[\"https:\/\/thisisnotagateway.net\/it\/le-linee-di-pick-up-funzionano-davvero\/\"]}]},{\"@type\":\"BreadcrumbList\",\"@id\":\"https:\/\/thisisnotagateway.net\/it\/le-linee-di-pick-up-funzionano-davvero\/#breadcrumb\",\"itemListElement\":[{\"@type\":\"ListItem\",\"position\":1,\"name\":\"Casa\",\"item\":\"http:\/\/thisisnotagateway.net\/it\/\"},{\"@type\":\"ListItem\",\"position\":2,\"name\":\"Le linee di pick-up funzionano davvero?\"}]}]}<\/script>\n<!-- \/ Yoast SEO plugin. -->","yoast_head_json":{"title":"Le linee di pick-up funzionano davvero? - Recensioni su Gateway","robots":{"index":"index","follow":"follow","max-snippet":"max-snippet:-1","max-image-preview":"max-image-preview:large","max-video-preview":"max-video-preview:-1"},"canonical":"https:\/\/thisisnotagateway.net\/it\/le-linee-di-pick-up-funzionano-davvero\/","og_locale":"it_IT","og_type":"article","og_title":"Le linee di pick-up funzionano davvero? - Recensioni su Gateway","og_description":"Le linee di pick-up sono un ottimo modo per raccogliere le donne. Sono semplici, diretti ed efficaci. Ma la maggior parte dei ragazzi non sono molto bravi in loro. Quindi ecco alcuni suggerimenti per aiutarti a migliorare il tuo gioco. In primo luogo, pratica. La pratica rende perfetti. Le linee di raccolta sono un&#8217;abilit\u00e0, proprio come il golf o il tennis. Pi\u00f9 pratichi, meglio diventerai. In secondo luogo app per sesso gratis, sii fiducioso. La fiducia \u00e8 sexy. Le donne...Leggi tutto Leggi tutto","og_url":"https:\/\/thisisnotagateway.net\/it\/le-linee-di-pick-up-funzionano-davvero\/","og_site_name":"Recensioni su Gateway","article_modified_time":"2022-07-20T15:32:58+00:00","author":"Gateway","twitter_card":"summary_large_image","twitter_misc":{"Tempo di lettura stimato":"2 minuti"},"schema":{"@context":"https:\/\/schema.org","@graph":[{"@type":"WebSite","@id":"http:\/\/thisisnotagateway.net\/#website","url":"http:\/\/thisisnotagateway.net\/","name":"Recensioni su Gateway","description":"Blog di relazioni e appuntamenti","potentialAction":[{"@type":"SearchAction","target":{"@type":"EntryPoint","urlTemplate":"http:\/\/thisisnotagateway.net\/?s={search_term_string}"},"query-input":"required name=search_term_string"}],"inLanguage":"it-IT"},{"@type":"WebPage","@id":"https:\/\/thisisnotagateway.net\/it\/le-linee-di-pick-up-funzionano-davvero\/#webpage","url":"https:\/\/thisisnotagateway.net\/it\/le-linee-di-pick-up-funzionano-davvero\/","name":"Le linee di pick-up funzionano davvero? - Recensioni su Gateway","isPartOf":{"@id":"http:\/\/thisisnotagateway.net\/#website"},"datePublished":"2022-07-03T13:34:30+00:00","dateModified":"2022-07-20T15:32:58+00:00","breadcrumb":{"@id":"https:\/\/thisisnotagateway.net\/it\/le-linee-di-pick-up-funzionano-davvero\/#breadcrumb"},"inLanguage":"it-IT","potentialAction":[{"@type":"ReadAction","target":["https:\/\/thisisnotagateway.net\/it\/le-linee-di-pick-up-funzionano-davvero\/"]}]},{"@type":"BreadcrumbList","@id":"https:\/\/thisisnotagateway.net\/it\/le-linee-di-pick-up-funzionano-davvero\/#breadcrumb","itemListElement":[{"@type":"ListItem","position":1,"name":"Casa","item":"http:\/\/thisisnotagateway.net\/it\/"},{"@type":"ListItem","position":2,"name":"Le linee di pick-up funzionano davvero?"}]}]}},"_links":{"self":[{"href":"https:\/\/thisisnotagateway.net\/it\/wp-json\/wp\/v2\/pages\/215"}],"collection":[{"href":"https:\/\/thisisnotagateway.net\/it\/wp-json\/wp\/v2\/pages"}],"about":[{"href":"https:\/\/thisisnotagateway.net\/it\/wp-json\/wp\/v2\/types\/page"}],"author":[{"embeddable":true,"href":"https:\/\/thisisnotagateway.net\/it\/wp-json\/wp\/v2\/users\/1"}],"replies":[{"embeddable":true,"href":"https:\/\/thisisnotagateway.net\/it\/wp-json\/wp\/v2\/comments?post=215"}],"version-history":[{"count":4,"href":"https:\/\/thisisnotagateway.net\/it\/wp-json\/wp\/v2\/pages\/215\/revisions"}],"predecessor-version":[{"id":379,"href":"https:\/\/thisisnotagateway.net\/it\/wp-json\/wp\/v2\/pages\/215\/revisions\/379"}],"wp:attachment":[{"href":"https:\/\/thisisnotagateway.net\/it\/wp-json\/wp\/v2\/media?parent=215"}],"curies":[{"name":"wp","href":"https:\/\/api.w.org\/{rel}","templated":true}]}}