{"id":148,"date":"2022-07-03T15:10:07","date_gmt":"2022-07-03T14:10:07","guid":{"rendered":"http:\/\/thisisnotagateway.net\/znajdz-dopasowanie\/"},"modified":"2022-07-07T15:31:06","modified_gmt":"2022-07-07T14:31:06","slug":"znajdz-dopasowanie","status":"publish","type":"page","link":"https:\/\/thisisnotagateway.net\/pl\/znajdz-dopasowanie\/","title":{"rendered":"Znajd\u017a dopasowanie?"},"content":{"rendered":"<p>Hookupy to zabawne, przypadkowe spotkania mi\u0119dzy dwojgiem ludzi, kt\u00f3rzy niekoniecznie s\u0105 zainteresowani niczym powa\u017cnym. \u0141atwo jest spotka\u0107 kogo\u015b poprzez po\u0142\u0105czenia, a je\u015bli jeste\u015b otwarty na pr\u00f3bowanie nowych rzeczy, mo\u017ce to prowadzi\u0107 do d\u0142ugotrwa\u0142ego zwi\u0105zku.<\/p>\n<p>S\u0105 one cz\u0119sto wykorzystywane jako odskocznia do powa\u017cniejszych relacji. Hookupy s\u0105 popularne w\u015br\u00f3d singli szukaj\u0105cych szybkiego seksu, par szukaj\u0105cych flingu i starszych os\u00f3b szukaj\u0105cych towarzystwa.<\/p>\n<p><img loading=\"lazy\" class=\"aligncenter size-large wp-image-111\" src=\"http:\/\/thisisnotagateway.net\/wp-content\/uploads\/2022\/07\/chat-apps-1024x660.jpg\" alt=\"\" width=\"640\" height=\"413\" srcset=\"https:\/\/thisisnotagateway.net\/wp-content\/uploads\/2022\/07\/chat-apps-1024x660.jpg 1024w, https:\/\/thisisnotagateway.net\/wp-content\/uploads\/2022\/07\/chat-apps-300x193.jpg 300w, https:\/\/thisisnotagateway.net\/wp-content\/uploads\/2022\/07\/chat-apps-768x495.jpg 768w, https:\/\/thisisnotagateway.net\/wp-content\/uploads\/2022\/07\/chat-apps-1536x990.jpg 1536w, https:\/\/thisisnotagateway.net\/wp-content\/uploads\/2022\/07\/chat-apps-2048x1320.jpg 2048w, https:\/\/thisisnotagateway.net\/wp-content\/uploads\/2022\/07\/chat-apps-419x270.jpg 419w\" sizes=\"(max-width: 640px) 100vw, 640px\" \/><\/p>\n<h2>Jak mo\u017cesz korzysta\u0107 z randek online, aby znale\u017a\u0107 dopasowanie<\/h2>\n<p>Po <a href=\"http:\/\/thisisnotagateway.net\/pl\/popularne-aplikacje-do-podlaczania-ktore-dzialaja-na-seks\/\">znalezieniu dopasowania<\/a> mo\u017cesz czatowa\u0107 online lub wysy\u0142a\u0107 wiadomo\u015bci za po\u015brednictwem aplikacji. Niekt\u00f3re aplikacje umo\u017cliwiaj\u0105 ustawienie daty, podczas gdy inne umo\u017cliwiaj\u0105 wymian\u0119 informacji kontaktowych. Je\u015bli zdecydujesz si\u0119 skorzysta\u0107 z aplikacji randkowej, uwa\u017caj, aby nie podawa\u0107 zbyt wielu danych osobowych. Obejmuje to takie rzeczy, jak imi\u0119 i nazwisko, adres, numer telefonu, adres e-mail i profile w mediach spo\u0142eczno\u015bciowych. Pami\u0119taj te\u017c, \u017ce niekt\u00f3re aplikacje randkowe mog\u0105 poprosi\u0107 Ci\u0119 o uiszczenie miesi\u0119cznej op\u0142aty subskrypcyjnej. Je\u015bli wi\u0119c planujesz regularnie korzysta\u0107 z aplikacji randkowej, rozwa\u017c zarejestrowanie si\u0119 w p\u0142atnym cz\u0142onkostwie.<\/p>\n<p>Je\u015bli znajdziesz lokalne miejsce do pod\u0142\u0105czenia, kt\u00f3re odpowiada Twoim potrzebom <a href=\"http:\/\/www.darmowe-sex-randki.com\/darmowy-seks-w-twojej-okolicy\/\">darmowy sex z okolicy<\/a>, pami\u0119taj, aby odpowiednio si\u0119 ubra\u0107. Nie no\u015b zbyt ods\u0142aniaj\u0105cych ubra\u0144, poniewa\u017c nigdy nie wiesz, kiedy natkniesz si\u0119 na kogo\u015b, kogo znasz. Unikaj r\u00f3wnie\u017c noszenia drogiej bi\u017cuterii, poniewa\u017c mo\u017cesz nie by\u0107 w stanie sobie na to pozwoli\u0107 p\u00f3\u017aniej. Kiedy po raz pierwszy spotykasz kogo\u015b w lokalnym miejscu pod\u0142\u0105czenia, zadaj mu kilka pyta\u0144. Zapytaj o ich wiek, p\u0142e\u0107, orientacj\u0119 seksualn\u0105, status zwi\u0105zku i wszelkie inne informacje potrzebne do ustalenia, czy ta osoba jest dla Ciebie odpowiednia.<\/p>\n<p>Nie zapomnij zrobi\u0107 zdj\u0119\u0107 sobie i osobie, kt\u00f3r\u0105 spotykasz. W ten spos\u00f3b b\u0119dziesz mie\u0107 dow\u00f3d swojego spotkania, je\u015bli sprawy p\u00f3jd\u0105 na po\u0142udnie. Gdy znajdziesz kogo\u015b, z kim chcesz si\u0119 po\u0142\u0105czy\u0107, wy\u015blij mu wiadomo\u015b\u0107. Powiedz im, gdzie si\u0119 znajdujesz i zapytaj, czy s\u0105 zainteresowani spotkaniem.<\/p>\n<p>Je\u015bli powiedz\u0105 &#8222;tak&#8221;, ustal czas i miejsce spotkania. Nie oczekuj jednak zbyt wiele. Przypadkowy seks polega g\u0142\u00f3wnie na wysiadaniu, a nie na budowaniu trwa\u0142ego zwi\u0105zku. I pami\u0119taj, \u017ce przygodny seks nie jest dla wszystkich. B\u0105d\u017a ostro\u017cny i nie daj si\u0119 zrani\u0107.<\/p>\n<p>Hookupy to przypadkowe spotkania mi\u0119dzy dwojgiem nieznajomych, kt\u00f3rzy spotykaj\u0105 si\u0119 online. Zazwyczaj s\u0105 to kr\u00f3tkotrwa\u0142e relacje, w kt\u00f3rych nie ma zaanga\u017cowania ani emocjonalnego przywi\u0105zania. S\u0105 \u015bwietne, poniewa\u017c s\u0105 szybkie, bezp\u0142atne i \u0142atwe do znalezienia. Ale nie s\u0105 dla wszystkich. Po\u0142\u0105czenia nie s\u0105 przeznaczone <a href=\"http:\/\/www.sexrandki.org\/darmowe-randki-bez-oplat\/\">randki bez rejestracji<\/a> dla os\u00f3b szukaj\u0105cych d\u0142ugoterminowych zwi\u0105zk\u00f3w lub ma\u0142\u017ce\u0144stwa.<\/p>\n<h3>Je\u015bli potrzebujesz wi\u0119cej porad<\/h3>\n<p>Naszym najwi\u0119kszym atutem s\u0105 nasi u\u017cytkownicy. Uwa\u017cnie s\u0142uchamy tego, co wszyscy macie do powiedzenia i nieustannie staramy si\u0119, aby Wasze potrzeby by\u0142y na czele naszych wysi\u0142k\u00f3w rozwojowych. Pomagacie nam kszta\u0142towa\u0107 przysz\u0142o\u015b\u0107 naszej strony i naprawd\u0119 to doceniamy! Oto kilka wskaz\u00f3wek dla tych, kt\u00f3rzy dopiero zaczynaj\u0105 przygod\u0119 ze scen\u0105. Je\u015bli masz jakie\u015b pytania dotycz\u0105ce czegokolwiek zwi\u0105zanego ze <a href=\"http:\/\/thisisnotagateway.net\/pl\/znajdz-zwiazek-z-latwoscia\/\">znalezieniem pieprzonego kumpla<\/a>, po prostu zapytaj, a my szybko na nie odpowiemy.<\/p>\n","protected":false},"excerpt":{"rendered":"<p>Hookupy to zabawne, przypadkowe spotkania mi\u0119dzy dwojgiem ludzi, kt\u00f3rzy niekoniecznie s\u0105 zainteresowani niczym powa\u017cnym. \u0141atwo jest spotka\u0107 kogo\u015b poprzez po\u0142\u0105czenia, a je\u015bli jeste\u015b otwarty na pr\u00f3bowanie nowych rzeczy, mo\u017ce to prowadzi\u0107 do d\u0142ugotrwa\u0142ego zwi\u0105zku. S\u0105 one cz\u0119sto wykorzystywane jako odskocznia do powa\u017cniejszych relacji. Hookupy s\u0105 popularne w\u015br\u00f3d singli szukaj\u0105cych szybkiego seksu, par szukaj\u0105cych flingu i starszych os\u00f3b szukaj\u0105cych towarzystwa. Jak mo\u017cesz korzysta\u0107 z randek online, aby znale\u017a\u0107 dopasowanie Po znalezieniu dopasowania mo\u017cesz czatowa\u0107 online lub wysy\u0142a\u0107 wiadomo\u015bci za po\u015brednictwem aplikacji&#8230;.<\/p>\n<p class=\"read-more\"><a class=\"btn btn-default\" href=\"https:\/\/thisisnotagateway.net\/pl\/znajdz-dopasowanie\/\"> Read More<span class=\"screen-reader-text\">  Read More<\/span><\/a><\/p>\n","protected":false},"author":1,"featured_media":0,"parent":0,"menu_order":0,"comment_status":"closed","ping_status":"closed","template":"","meta":[],"yoast_head":"<!-- This site is optimized with the Yoast SEO plugin v19.2 - https:\/\/yoast.com\/wordpress\/plugins\/seo\/ -->\n<title>- Recenzje Gateway Znajd\u017a dopasowanie?<\/title>\n<meta name=\"robots\" content=\"index, follow, max-snippet:-1, max-image-preview:large, max-video-preview:-1\" \/>\n<link rel=\"canonical\" href=\"https:\/\/thisisnotagateway.net\/pl\/znajdz-dopasowanie\/\" \/>\n<meta property=\"og:locale\" content=\"pl_PL\" \/>\n<meta property=\"og:type\" content=\"article\" \/>\n<meta property=\"og:title\" content=\"- Recenzje Gateway Znajd\u017a dopasowanie?\" \/>\n<meta property=\"og:description\" content=\"Hookupy to zabawne, przypadkowe spotkania mi\u0119dzy dwojgiem ludzi, kt\u00f3rzy niekoniecznie s\u0105 zainteresowani niczym powa\u017cnym. \u0141atwo jest spotka\u0107 kogo\u015b poprzez po\u0142\u0105czenia, a je\u015bli jeste\u015b otwarty na pr\u00f3bowanie nowych rzeczy, mo\u017ce to prowadzi\u0107 do d\u0142ugotrwa\u0142ego zwi\u0105zku. S\u0105 one cz\u0119sto wykorzystywane jako odskocznia do powa\u017cniejszych relacji. Hookupy s\u0105 popularne w\u015br\u00f3d singli szukaj\u0105cych szybkiego seksu, par szukaj\u0105cych flingu i starszych os\u00f3b szukaj\u0105cych towarzystwa. Jak mo\u017cesz korzysta\u0107 z randek online, aby znale\u017a\u0107 dopasowanie Po znalezieniu dopasowania mo\u017cesz czatowa\u0107 online lub wysy\u0142a\u0107 wiadomo\u015bci za po\u015brednictwem aplikacji.... Read More Read More\" \/>\n<meta property=\"og:url\" content=\"https:\/\/thisisnotagateway.net\/pl\/znajdz-dopasowanie\/\" \/>\n<meta property=\"og:site_name\" content=\"Recenzje Gateway\" \/>\n<meta property=\"article:modified_time\" content=\"2022-07-07T14:31:06+00:00\" \/>\n<meta property=\"og:image\" content=\"http:\/\/thisisnotagateway.net\/wp-content\/uploads\/2022\/07\/chat-apps-1024x660.jpg\" \/>\n<meta name=\"author\" content=\"Gateway\" \/>\n<meta name=\"twitter:card\" content=\"summary_large_image\" \/>\n<meta name=\"twitter:label1\" content=\"Szacowany czas czytania\" \/>\n\t<meta name=\"twitter:data1\" content=\"3 minuty\" \/>\n<script type=\"application\/ld+json\" class=\"yoast-schema-graph\">{\"@context\":\"https:\/\/schema.org\",\"@graph\":[{\"@type\":\"WebSite\",\"@id\":\"http:\/\/thisisnotagateway.net\/#website\",\"url\":\"http:\/\/thisisnotagateway.net\/\",\"name\":\"Recenzje Gateway\",\"description\":\"Relacje i randki Blog\",\"potentialAction\":[{\"@type\":\"SearchAction\",\"target\":{\"@type\":\"EntryPoint\",\"urlTemplate\":\"http:\/\/thisisnotagateway.net\/?s={search_term_string}\"},\"query-input\":\"required name=search_term_string\"}],\"inLanguage\":\"pl-PL\"},{\"@type\":\"ImageObject\",\"inLanguage\":\"pl-PL\",\"@id\":\"https:\/\/thisisnotagateway.net\/pl\/znajdz-dopasowanie\/#primaryimage\",\"url\":\"https:\/\/thisisnotagateway.net\/wp-content\/uploads\/2022\/07\/chat-apps.jpg\",\"contentUrl\":\"https:\/\/thisisnotagateway.net\/wp-content\/uploads\/2022\/07\/chat-apps.jpg\",\"width\":2327,\"height\":1500},{\"@type\":\"WebPage\",\"@id\":\"https:\/\/thisisnotagateway.net\/pl\/znajdz-dopasowanie\/#webpage\",\"url\":\"https:\/\/thisisnotagateway.net\/pl\/znajdz-dopasowanie\/\",\"name\":\"- Recenzje Gateway Znajd\u017a dopasowanie?\",\"isPartOf\":{\"@id\":\"http:\/\/thisisnotagateway.net\/#website\"},\"primaryImageOfPage\":{\"@id\":\"https:\/\/thisisnotagateway.net\/pl\/znajdz-dopasowanie\/#primaryimage\"},\"datePublished\":\"2022-07-03T14:10:07+00:00\",\"dateModified\":\"2022-07-07T14:31:06+00:00\",\"breadcrumb\":{\"@id\":\"https:\/\/thisisnotagateway.net\/pl\/znajdz-dopasowanie\/#breadcrumb\"},\"inLanguage\":\"pl-PL\",\"potentialAction\":[{\"@type\":\"ReadAction\",\"target\":[\"https:\/\/thisisnotagateway.net\/pl\/znajdz-dopasowanie\/\"]}]},{\"@type\":\"BreadcrumbList\",\"@id\":\"https:\/\/thisisnotagateway.net\/pl\/znajdz-dopasowanie\/#breadcrumb\",\"itemListElement\":[{\"@type\":\"ListItem\",\"position\":1,\"name\":\"Dom\",\"item\":\"http:\/\/thisisnotagateway.net\/pl\/\"},{\"@type\":\"ListItem\",\"position\":2,\"name\":\"Znajd\u017a dopasowanie?\"}]}]}<\/script>\n<!-- \/ Yoast SEO plugin. -->","yoast_head_json":{"title":"- Recenzje Gateway Znajd\u017a dopasowanie?","robots":{"index":"index","follow":"follow","max-snippet":"max-snippet:-1","max-image-preview":"max-image-preview:large","max-video-preview":"max-video-preview:-1"},"canonical":"https:\/\/thisisnotagateway.net\/pl\/znajdz-dopasowanie\/","og_locale":"pl_PL","og_type":"article","og_title":"- Recenzje Gateway Znajd\u017a dopasowanie?","og_description":"Hookupy to zabawne, przypadkowe spotkania mi\u0119dzy dwojgiem ludzi, kt\u00f3rzy niekoniecznie s\u0105 zainteresowani niczym powa\u017cnym. \u0141atwo jest spotka\u0107 kogo\u015b poprzez po\u0142\u0105czenia, a je\u015bli jeste\u015b otwarty na pr\u00f3bowanie nowych rzeczy, mo\u017ce to prowadzi\u0107 do d\u0142ugotrwa\u0142ego zwi\u0105zku. S\u0105 one cz\u0119sto wykorzystywane jako odskocznia do powa\u017cniejszych relacji. Hookupy s\u0105 popularne w\u015br\u00f3d singli szukaj\u0105cych szybkiego seksu, par szukaj\u0105cych flingu i starszych os\u00f3b szukaj\u0105cych towarzystwa. Jak mo\u017cesz korzysta\u0107 z randek online, aby znale\u017a\u0107 dopasowanie Po znalezieniu dopasowania mo\u017cesz czatowa\u0107 online lub wysy\u0142a\u0107 wiadomo\u015bci za po\u015brednictwem aplikacji.... Read More Read More","og_url":"https:\/\/thisisnotagateway.net\/pl\/znajdz-dopasowanie\/","og_site_name":"Recenzje Gateway","article_modified_time":"2022-07-07T14:31:06+00:00","og_image":[{"url":"http:\/\/thisisnotagateway.net\/wp-content\/uploads\/2022\/07\/chat-apps-1024x660.jpg"}],"author":"Gateway","twitter_card":"summary_large_image","twitter_misc":{"Szacowany czas czytania":"3 minuty"},"schema":{"@context":"https:\/\/schema.org","@graph":[{"@type":"WebSite","@id":"http:\/\/thisisnotagateway.net\/#website","url":"http:\/\/thisisnotagateway.net\/","name":"Recenzje Gateway","description":"Relacje i randki Blog","potentialAction":[{"@type":"SearchAction","target":{"@type":"EntryPoint","urlTemplate":"http:\/\/thisisnotagateway.net\/?s={search_term_string}"},"query-input":"required name=search_term_string"}],"inLanguage":"pl-PL"},{"@type":"ImageObject","inLanguage":"pl-PL","@id":"https:\/\/thisisnotagateway.net\/pl\/znajdz-dopasowanie\/#primaryimage","url":"https:\/\/thisisnotagateway.net\/wp-content\/uploads\/2022\/07\/chat-apps.jpg","contentUrl":"https:\/\/thisisnotagateway.net\/wp-content\/uploads\/2022\/07\/chat-apps.jpg","width":2327,"height":1500},{"@type":"WebPage","@id":"https:\/\/thisisnotagateway.net\/pl\/znajdz-dopasowanie\/#webpage","url":"https:\/\/thisisnotagateway.net\/pl\/znajdz-dopasowanie\/","name":"- Recenzje Gateway Znajd\u017a dopasowanie?","isPartOf":{"@id":"http:\/\/thisisnotagateway.net\/#website"},"primaryImageOfPage":{"@id":"https:\/\/thisisnotagateway.net\/pl\/znajdz-dopasowanie\/#primaryimage"},"datePublished":"2022-07-03T14:10:07+00:00","dateModified":"2022-07-07T14:31:06+00:00","breadcrumb":{"@id":"https:\/\/thisisnotagateway.net\/pl\/znajdz-dopasowanie\/#breadcrumb"},"inLanguage":"pl-PL","potentialAction":[{"@type":"ReadAction","target":["https:\/\/thisisnotagateway.net\/pl\/znajdz-dopasowanie\/"]}]},{"@type":"BreadcrumbList","@id":"https:\/\/thisisnotagateway.net\/pl\/znajdz-dopasowanie\/#breadcrumb","itemListElement":[{"@type":"ListItem","position":1,"name":"Dom","item":"http:\/\/thisisnotagateway.net\/pl\/"},{"@type":"ListItem","position":2,"name":"Znajd\u017a dopasowanie?"}]}]}},"_links":{"self":[{"href":"https:\/\/thisisnotagateway.net\/pl\/wp-json\/wp\/v2\/pages\/148"}],"collection":[{"href":"https:\/\/thisisnotagateway.net\/pl\/wp-json\/wp\/v2\/pages"}],"about":[{"href":"https:\/\/thisisnotagateway.net\/pl\/wp-json\/wp\/v2\/types\/page"}],"author":[{"embeddable":true,"href":"https:\/\/thisisnotagateway.net\/pl\/wp-json\/wp\/v2\/users\/1"}],"replies":[{"embeddable":true,"href":"https:\/\/thisisnotagateway.net\/pl\/wp-json\/wp\/v2\/comments?post=148"}],"version-history":[{"count":2,"href":"https:\/\/thisisnotagateway.net\/pl\/wp-json\/wp\/v2\/pages\/148\/revisions"}],"predecessor-version":[{"id":357,"href":"https:\/\/thisisnotagateway.net\/pl\/wp-json\/wp\/v2\/pages\/148\/revisions\/357"}],"wp:attachment":[{"href":"https:\/\/thisisnotagateway.net\/pl\/wp-json\/wp\/v2\/media?parent=148"}],"curies":[{"name":"wp","href":"https:\/\/api.w.org\/{rel}","templated":true}]}}