{"id":179,"date":"2022-07-03T15:06:46","date_gmt":"2022-07-03T14:06:46","guid":{"rendered":"http:\/\/thisisnotagateway.net\/znajdz-zwiazek-z-latwoscia\/"},"modified":"2022-07-03T15:06:46","modified_gmt":"2022-07-03T14:06:46","slug":"znajdz-zwiazek-z-latwoscia","status":"publish","type":"page","link":"https:\/\/thisisnotagateway.net\/pl\/znajdz-zwiazek-z-latwoscia\/","title":{"rendered":"Znajd\u017a zwi\u0105zek z \u0142atwo\u015bci\u0105"},"content":{"rendered":"<p>Przypadkowe pod\u0142\u0105czenia s\u0105 cz\u0119sto w\u0142a\u015bnie takie &#8211; przypadkowe. Wi\u0119c je\u015bli nie masz szcz\u0119\u015bcia, nie pocij si\u0119. Po prostu przejd\u017a do nast\u0119pnego miejsca.<\/p>\n<p>Hookupy to przypadkowe spotkania mi\u0119dzy dwojgiem nieznajomych, kt\u00f3rzy spotykaj\u0105 si\u0119 online. Zazwyczaj s\u0105 kr\u00f3tkotrwa\u0142e i nie maj\u0105 prowadzi\u0107 do zwi\u0105zku. Jednak pod\u0142\u0105czenia mog\u0105 by\u0107 zabawne i ekscytuj\u0105ce, zw\u0142aszcza gdy nie ma w tym \u017cadnego zaanga\u017cowania. Pod\u0142\u0105czenia s\u0105 cz\u0119sto opisywane jako &#8222;przypadkowy seks&#8221;.<\/p>\n<p>Je\u015bli chcesz znale\u017a\u0107 zwi\u0105zek, powiniene\u015b rozwa\u017cy\u0107 \u015bledzenie naszego bloga, je\u015bli chcesz pozna\u0107 dziewczyn\u0119 z mi\u0142o\u015bci, a nie z czego\u015b przypadkowego.<\/p>\n<p><img loading=\"lazy\" class=\"aligncenter size-large wp-image-109\" src=\"http:\/\/thisisnotagateway.net\/wp-content\/uploads\/2022\/07\/reviews-for-dating-1024x683.jpeg\" alt=\"\" width=\"640\" height=\"427\" srcset=\"https:\/\/thisisnotagateway.net\/wp-content\/uploads\/2022\/07\/reviews-for-dating-1024x683.jpeg 1024w, https:\/\/thisisnotagateway.net\/wp-content\/uploads\/2022\/07\/reviews-for-dating-300x200.jpeg 300w, https:\/\/thisisnotagateway.net\/wp-content\/uploads\/2022\/07\/reviews-for-dating-768x512.jpeg 768w, https:\/\/thisisnotagateway.net\/wp-content\/uploads\/2022\/07\/reviews-for-dating-1536x1024.jpeg 1536w, https:\/\/thisisnotagateway.net\/wp-content\/uploads\/2022\/07\/reviews-for-dating-2048x1365.jpeg 2048w, https:\/\/thisisnotagateway.net\/wp-content\/uploads\/2022\/07\/reviews-for-dating-405x270.jpeg 405w\" sizes=\"(max-width: 640px) 100vw, 640px\" \/><\/p>\n<p>Aplikacje randkowe to us\u0142ugi online, kt\u00f3re pomagaj\u0105 <a href=\"http:\/\/thisisnotagateway.net\/pl\/popularne-aplikacje-do-podlaczania-ktore-dzialaja-na-seks\/\">dopasowa\u0107 singli na podstawie lokalizacji<\/a>, zainteresowa\u0144, wieku, p\u0142ci i innych czynnik\u00f3w. \u015awietnie nadaj\u0105 si\u0119 do znajdowania randek, przyjaci\u00f3\u0142 i <a href=\"http:\/\/thisisnotagateway.net\/pl\/craigslist-personals\/\">przypadkowych partner\u00f3w seksualnych<\/a>. Obecnie dost\u0119pnych jest wiele aplikacji randkowych, w tym Tinder, Bumble, Happn, OkCupid, Grindr i inne. Ka\u017cda aplikacja ma swoje unikalne funkcje, ale wszystkie dzia\u0142aj\u0105 podobnie. Aby dowiedzie\u0107 si\u0119, kt\u00f3ra aplikacja randkowa dzia\u0142a najlepiej dla Ciebie, wypr\u00f3buj je i zobacz, kt\u00f3ry z nich czuje si\u0119 najbardziej komfortowo. Nast\u0119pnie wykorzystaj informacje, kt\u00f3rych si\u0119 nauczysz, aby zwi\u0119kszy\u0107 swoje szanse na spotkanie kogo\u015b wyj\u0105tkowego.<\/p>\n<h2>Jak znale\u017a\u0107 partnera<\/h2>\n<p>Je\u015bli szukasz zwi\u0105zku, powiniene\u015b szuka\u0107 partnera. Partnerstwo wymaga zaufania, komunikacji i kompatybilno\u015bci. Aby znale\u017a\u0107 partnera, musisz si\u0119 tam postawi\u0107 i aktywnie go szuka\u0107. Oznacza to nawi\u0105zywanie kontakt\u00f3w, spotykanie si\u0119 z lud\u017ami na wydarzeniach, do\u0142\u0105czanie do grup itp.<\/p>\n<p>Kiedy znajdziesz kompatybiln\u0105 osob\u0119, musisz komunikowa\u0107 si\u0119 wystarczaj\u0105co dobrze, aby zbudowa\u0107 silne po\u0142\u0105czenie. Nast\u0119pnie musisz by\u0107 got\u00f3w na kompromis i wsp\u00f3\u0142pracowa\u0107, aby stworzy\u0107 zdrowy zwi\u0105zek. Je\u015bli jeste\u015b zainteresowany znalezieniem partnera, powiniene\u015b rozwa\u017cy\u0107 zostanie cz\u0142onkiem lokalnej grupy singli. Grupy te s\u0105 cz\u0119sto organizowane przez ko\u015bcio\u0142y, domy kultury lub kluby towarzyskie.<\/p>\n<p>Istnieje wiele korzy\u015bci z bycia cz\u0142onkiem grupy singli. Po pierwsze, b\u0119dziesz m\u00f3g\u0142 \u0142\u0105czy\u0107 si\u0119 z innymi, kt\u00f3rzy maj\u0105 podobne zainteresowania i warto\u015bci. Po drugie, b\u0119dziesz w stanie znale\u017a\u0107 partnera szybciej ni\u017c gdyby\u015b by\u0142 sam. Po trzecie, b\u0119dziesz m\u00f3g\u0142 uzyska\u0107 porady od innych cz\u0142onk\u00f3w, kt\u00f3rzy byli na tej samej drodze. Wreszcie b\u0119dziesz m\u00f3g\u0142 do\u0142\u0105czy\u0107 do spo\u0142eczno\u015bci ludzi, kt\u00f3rzy wspieraj\u0105 si\u0119 nawzajem i zach\u0119caj\u0105 si\u0119 nawzajem. Wi\u0119c je\u015bli chcesz znale\u017a\u0107 partnera, do\u0142\u0105cz do grupy singli ju\u017c dzi\u015b!<\/p>\n<h3>Jaki jest najlepszy spos\u00f3b na poznanie ludzi online?<\/h3>\n<p>Aplikacje randkowe to strony internetowe, na kt\u00f3rych spotykaj\u0105 si\u0119 single. Zazwyczaj s\u0105 one bezp\u0142atne, ale niekt\u00f3re wymagaj\u0105 op\u0142aty za ich u\u017cycie.<\/p>\n<p>Obecnie dost\u0119pnych jest wiele aplikacji randkowych, w tym Tinder, Hinge, 2Fuck i XXXHookups. Ka\u017cda aplikacja dzia\u0142a inaczej, ale wi\u0119kszo\u015b\u0107 z nich umo\u017cliwia u\u017cytkownikom wyszukiwanie dopasowa\u0144 na podstawie lokalizacji, wieku, p\u0142ci, zainteresowa\u0144 i innych kryteri\u00f3w.<\/p>\n<p>Dlatego zamiast tego polecam znalezienie d\u0142ugoterminowego zwi\u0105zku. D\u0142ugoterminowe relacje wymagaj\u0105 czasu i wysi\u0142ku, ale s\u0105 tego warte. S\u0105 zabawne, satysfakcjonuj\u0105ce i satysfakcjonuj\u0105ce. I prowadz\u0105 do ma\u0142\u017ce\u0144stwa i dzieci. Aby znale\u017a\u0107 d\u0142ugoterminowego partnera, musisz by\u0107 selektywny. Nie zadowalaj si\u0119 nikim, kto nie jest dla ciebie odpowiedni. Zamiast tego szukaj dalej, a\u017c znajdziesz kogo\u015b, kto sprawi, \u017ce poczujesz si\u0119 podekscytowany i szcz\u0119\u015bliwy. Nast\u0119pnie szukaj dalej.<\/p>\n<p>Teraz id\u017a tam i znajd\u017a j\u0105!<\/p>\n","protected":false},"excerpt":{"rendered":"<p>Przypadkowe pod\u0142\u0105czenia s\u0105 cz\u0119sto w\u0142a\u015bnie takie &#8211; przypadkowe. Wi\u0119c je\u015bli nie masz szcz\u0119\u015bcia, nie pocij si\u0119. Po prostu przejd\u017a do nast\u0119pnego miejsca. Hookupy to przypadkowe spotkania mi\u0119dzy dwojgiem nieznajomych, kt\u00f3rzy spotykaj\u0105 si\u0119 online. Zazwyczaj s\u0105 kr\u00f3tkotrwa\u0142e i nie maj\u0105 prowadzi\u0107 do zwi\u0105zku. Jednak pod\u0142\u0105czenia mog\u0105 by\u0107 zabawne i ekscytuj\u0105ce, zw\u0142aszcza gdy nie ma w tym \u017cadnego zaanga\u017cowania. Pod\u0142\u0105czenia s\u0105 cz\u0119sto opisywane jako &#8222;przypadkowy seks&#8221;. Je\u015bli chcesz znale\u017a\u0107 zwi\u0105zek, powiniene\u015b rozwa\u017cy\u0107 \u015bledzenie naszego bloga, je\u015bli chcesz pozna\u0107 dziewczyn\u0119 z mi\u0142o\u015bci, a&#8230;<\/p>\n<p class=\"read-more\"><a class=\"btn btn-default\" href=\"https:\/\/thisisnotagateway.net\/pl\/znajdz-zwiazek-z-latwoscia\/\"> Read More<span class=\"screen-reader-text\">  Read More<\/span><\/a><\/p>\n","protected":false},"author":1,"featured_media":0,"parent":0,"menu_order":0,"comment_status":"closed","ping_status":"closed","template":"","meta":[],"yoast_head":"<!-- This site is optimized with the Yoast SEO plugin v19.2 - https:\/\/yoast.com\/wordpress\/plugins\/seo\/ -->\n<title>- Recenzje Gateway Znajd\u017a zwi\u0105zek z \u0142atwo\u015bci\u0105<\/title>\n<meta name=\"robots\" content=\"index, follow, max-snippet:-1, max-image-preview:large, max-video-preview:-1\" \/>\n<link rel=\"canonical\" href=\"https:\/\/thisisnotagateway.net\/pl\/znajdz-zwiazek-z-latwoscia\/\" \/>\n<meta property=\"og:locale\" content=\"pl_PL\" \/>\n<meta property=\"og:type\" content=\"article\" \/>\n<meta property=\"og:title\" content=\"- Recenzje Gateway Znajd\u017a zwi\u0105zek z \u0142atwo\u015bci\u0105\" \/>\n<meta property=\"og:description\" content=\"Przypadkowe pod\u0142\u0105czenia s\u0105 cz\u0119sto w\u0142a\u015bnie takie &#8211; przypadkowe. Wi\u0119c je\u015bli nie masz szcz\u0119\u015bcia, nie pocij si\u0119. Po prostu przejd\u017a do nast\u0119pnego miejsca. Hookupy to przypadkowe spotkania mi\u0119dzy dwojgiem nieznajomych, kt\u00f3rzy spotykaj\u0105 si\u0119 online. Zazwyczaj s\u0105 kr\u00f3tkotrwa\u0142e i nie maj\u0105 prowadzi\u0107 do zwi\u0105zku. Jednak pod\u0142\u0105czenia mog\u0105 by\u0107 zabawne i ekscytuj\u0105ce, zw\u0142aszcza gdy nie ma w tym \u017cadnego zaanga\u017cowania. Pod\u0142\u0105czenia s\u0105 cz\u0119sto opisywane jako &#8222;przypadkowy seks&#8221;. Je\u015bli chcesz znale\u017a\u0107 zwi\u0105zek, powiniene\u015b rozwa\u017cy\u0107 \u015bledzenie naszego bloga, je\u015bli chcesz pozna\u0107 dziewczyn\u0119 z mi\u0142o\u015bci, a... Read More Read More\" \/>\n<meta property=\"og:url\" content=\"https:\/\/thisisnotagateway.net\/pl\/znajdz-zwiazek-z-latwoscia\/\" \/>\n<meta property=\"og:site_name\" content=\"Recenzje Gateway\" \/>\n<meta property=\"og:image\" content=\"http:\/\/thisisnotagateway.net\/wp-content\/uploads\/2022\/07\/reviews-for-dating-1024x683.jpeg\" \/>\n<meta name=\"author\" content=\"Gateway\" \/>\n<meta name=\"twitter:card\" content=\"summary_large_image\" \/>\n<meta name=\"twitter:label1\" content=\"Szacowany czas czytania\" \/>\n\t<meta name=\"twitter:data1\" content=\"3 minuty\" \/>\n<script type=\"application\/ld+json\" class=\"yoast-schema-graph\">{\"@context\":\"https:\/\/schema.org\",\"@graph\":[{\"@type\":\"WebSite\",\"@id\":\"http:\/\/thisisnotagateway.net\/#website\",\"url\":\"http:\/\/thisisnotagateway.net\/\",\"name\":\"Recenzje Gateway\",\"description\":\"Relacje i randki Blog\",\"potentialAction\":[{\"@type\":\"SearchAction\",\"target\":{\"@type\":\"EntryPoint\",\"urlTemplate\":\"http:\/\/thisisnotagateway.net\/?s={search_term_string}\"},\"query-input\":\"required name=search_term_string\"}],\"inLanguage\":\"pl-PL\"},{\"@type\":\"ImageObject\",\"inLanguage\":\"pl-PL\",\"@id\":\"https:\/\/thisisnotagateway.net\/pl\/znajdz-zwiazek-z-latwoscia\/#primaryimage\",\"url\":\"https:\/\/thisisnotagateway.net\/wp-content\/uploads\/2022\/07\/reviews-for-dating.jpeg\",\"contentUrl\":\"https:\/\/thisisnotagateway.net\/wp-content\/uploads\/2022\/07\/reviews-for-dating.jpeg\",\"width\":2250,\"height\":1500},{\"@type\":\"WebPage\",\"@id\":\"https:\/\/thisisnotagateway.net\/pl\/znajdz-zwiazek-z-latwoscia\/#webpage\",\"url\":\"https:\/\/thisisnotagateway.net\/pl\/znajdz-zwiazek-z-latwoscia\/\",\"name\":\"- Recenzje Gateway Znajd\u017a zwi\u0105zek z \u0142atwo\u015bci\u0105\",\"isPartOf\":{\"@id\":\"http:\/\/thisisnotagateway.net\/#website\"},\"primaryImageOfPage\":{\"@id\":\"https:\/\/thisisnotagateway.net\/pl\/znajdz-zwiazek-z-latwoscia\/#primaryimage\"},\"datePublished\":\"2022-07-03T14:06:46+00:00\",\"dateModified\":\"2022-07-03T14:06:46+00:00\",\"breadcrumb\":{\"@id\":\"https:\/\/thisisnotagateway.net\/pl\/znajdz-zwiazek-z-latwoscia\/#breadcrumb\"},\"inLanguage\":\"pl-PL\",\"potentialAction\":[{\"@type\":\"ReadAction\",\"target\":[\"https:\/\/thisisnotagateway.net\/pl\/znajdz-zwiazek-z-latwoscia\/\"]}]},{\"@type\":\"BreadcrumbList\",\"@id\":\"https:\/\/thisisnotagateway.net\/pl\/znajdz-zwiazek-z-latwoscia\/#breadcrumb\",\"itemListElement\":[{\"@type\":\"ListItem\",\"position\":1,\"name\":\"Dom\",\"item\":\"http:\/\/thisisnotagateway.net\/pl\/\"},{\"@type\":\"ListItem\",\"position\":2,\"name\":\"Znajd\u017a zwi\u0105zek z \u0142atwo\u015bci\u0105\"}]}]}<\/script>\n<!-- \/ Yoast SEO plugin. -->","yoast_head_json":{"title":"- Recenzje Gateway Znajd\u017a zwi\u0105zek z \u0142atwo\u015bci\u0105","robots":{"index":"index","follow":"follow","max-snippet":"max-snippet:-1","max-image-preview":"max-image-preview:large","max-video-preview":"max-video-preview:-1"},"canonical":"https:\/\/thisisnotagateway.net\/pl\/znajdz-zwiazek-z-latwoscia\/","og_locale":"pl_PL","og_type":"article","og_title":"- Recenzje Gateway Znajd\u017a zwi\u0105zek z \u0142atwo\u015bci\u0105","og_description":"Przypadkowe pod\u0142\u0105czenia s\u0105 cz\u0119sto w\u0142a\u015bnie takie &#8211; przypadkowe. Wi\u0119c je\u015bli nie masz szcz\u0119\u015bcia, nie pocij si\u0119. Po prostu przejd\u017a do nast\u0119pnego miejsca. Hookupy to przypadkowe spotkania mi\u0119dzy dwojgiem nieznajomych, kt\u00f3rzy spotykaj\u0105 si\u0119 online. Zazwyczaj s\u0105 kr\u00f3tkotrwa\u0142e i nie maj\u0105 prowadzi\u0107 do zwi\u0105zku. Jednak pod\u0142\u0105czenia mog\u0105 by\u0107 zabawne i ekscytuj\u0105ce, zw\u0142aszcza gdy nie ma w tym \u017cadnego zaanga\u017cowania. Pod\u0142\u0105czenia s\u0105 cz\u0119sto opisywane jako &#8222;przypadkowy seks&#8221;. Je\u015bli chcesz znale\u017a\u0107 zwi\u0105zek, powiniene\u015b rozwa\u017cy\u0107 \u015bledzenie naszego bloga, je\u015bli chcesz pozna\u0107 dziewczyn\u0119 z mi\u0142o\u015bci, a... Read More Read More","og_url":"https:\/\/thisisnotagateway.net\/pl\/znajdz-zwiazek-z-latwoscia\/","og_site_name":"Recenzje Gateway","og_image":[{"url":"http:\/\/thisisnotagateway.net\/wp-content\/uploads\/2022\/07\/reviews-for-dating-1024x683.jpeg"}],"author":"Gateway","twitter_card":"summary_large_image","twitter_misc":{"Szacowany czas czytania":"3 minuty"},"schema":{"@context":"https:\/\/schema.org","@graph":[{"@type":"WebSite","@id":"http:\/\/thisisnotagateway.net\/#website","url":"http:\/\/thisisnotagateway.net\/","name":"Recenzje Gateway","description":"Relacje i randki Blog","potentialAction":[{"@type":"SearchAction","target":{"@type":"EntryPoint","urlTemplate":"http:\/\/thisisnotagateway.net\/?s={search_term_string}"},"query-input":"required name=search_term_string"}],"inLanguage":"pl-PL"},{"@type":"ImageObject","inLanguage":"pl-PL","@id":"https:\/\/thisisnotagateway.net\/pl\/znajdz-zwiazek-z-latwoscia\/#primaryimage","url":"https:\/\/thisisnotagateway.net\/wp-content\/uploads\/2022\/07\/reviews-for-dating.jpeg","contentUrl":"https:\/\/thisisnotagateway.net\/wp-content\/uploads\/2022\/07\/reviews-for-dating.jpeg","width":2250,"height":1500},{"@type":"WebPage","@id":"https:\/\/thisisnotagateway.net\/pl\/znajdz-zwiazek-z-latwoscia\/#webpage","url":"https:\/\/thisisnotagateway.net\/pl\/znajdz-zwiazek-z-latwoscia\/","name":"- Recenzje Gateway Znajd\u017a zwi\u0105zek z \u0142atwo\u015bci\u0105","isPartOf":{"@id":"http:\/\/thisisnotagateway.net\/#website"},"primaryImageOfPage":{"@id":"https:\/\/thisisnotagateway.net\/pl\/znajdz-zwiazek-z-latwoscia\/#primaryimage"},"datePublished":"2022-07-03T14:06:46+00:00","dateModified":"2022-07-03T14:06:46+00:00","breadcrumb":{"@id":"https:\/\/thisisnotagateway.net\/pl\/znajdz-zwiazek-z-latwoscia\/#breadcrumb"},"inLanguage":"pl-PL","potentialAction":[{"@type":"ReadAction","target":["https:\/\/thisisnotagateway.net\/pl\/znajdz-zwiazek-z-latwoscia\/"]}]},{"@type":"BreadcrumbList","@id":"https:\/\/thisisnotagateway.net\/pl\/znajdz-zwiazek-z-latwoscia\/#breadcrumb","itemListElement":[{"@type":"ListItem","position":1,"name":"Dom","item":"http:\/\/thisisnotagateway.net\/pl\/"},{"@type":"ListItem","position":2,"name":"Znajd\u017a zwi\u0105zek z \u0142atwo\u015bci\u0105"}]}]}},"_links":{"self":[{"href":"https:\/\/thisisnotagateway.net\/pl\/wp-json\/wp\/v2\/pages\/179"}],"collection":[{"href":"https:\/\/thisisnotagateway.net\/pl\/wp-json\/wp\/v2\/pages"}],"about":[{"href":"https:\/\/thisisnotagateway.net\/pl\/wp-json\/wp\/v2\/types\/page"}],"author":[{"embeddable":true,"href":"https:\/\/thisisnotagateway.net\/pl\/wp-json\/wp\/v2\/users\/1"}],"replies":[{"embeddable":true,"href":"https:\/\/thisisnotagateway.net\/pl\/wp-json\/wp\/v2\/comments?post=179"}],"version-history":[{"count":0,"href":"https:\/\/thisisnotagateway.net\/pl\/wp-json\/wp\/v2\/pages\/179\/revisions"}],"wp:attachment":[{"href":"https:\/\/thisisnotagateway.net\/pl\/wp-json\/wp\/v2\/media?parent=179"}],"curies":[{"name":"wp","href":"https:\/\/api.w.org\/{rel}","templated":true}]}}