{"id":197,"date":"2022-07-03T15:00:39","date_gmt":"2022-07-03T14:00:39","guid":{"rendered":"http:\/\/thisisnotagateway.net\/popularne-aplikacje-do-podlaczania-ktore-dzialaja-na-seks\/"},"modified":"2022-07-03T15:00:39","modified_gmt":"2022-07-03T14:00:39","slug":"popularne-aplikacje-do-podlaczania-ktore-dzialaja-na-seks","status":"publish","type":"page","link":"https:\/\/thisisnotagateway.net\/pl\/popularne-aplikacje-do-podlaczania-ktore-dzialaja-na-seks\/","title":{"rendered":"Popularne aplikacje do pod\u0142\u0105czania, kt\u00f3re dzia\u0142aj\u0105 na seks"},"content":{"rendered":"<p>Je\u015bli jeste\u015b zainteresowany pod\u0142\u0105czeniami, powiniene\u015b zdawa\u0107 sobie spraw\u0119 z kilku wa\u017cnych fakt\u00f3w. To powiedziawszy, pod\u0142\u0105czenia to \u015bwietny spos\u00f3b, aby dowiedzie\u0107 si\u0119, czy istnieje chemia mi\u0119dzy tob\u0105 a inn\u0105 osob\u0105. Wi\u0119c je\u015bli jeste\u015b singlem i szukasz flingu lub d\u0142ugoterminowego zwi\u0105zku, rozwa\u017c spotkanie z kim\u015b za po\u015brednictwem strony z pod\u0142\u0105czeniem.<\/p>\n<p>Pod\u0142\u0105czenia s\u0105 \u015bwietne, poniewa\u017c s\u0105 szybkie, tanie i nieskomplikowane. Ale nie s\u0105 idealne, poniewa\u017c zwykle ko\u0144cz\u0105 si\u0119 \u017ale.<\/p>\n<p><img loading=\"lazy\" class=\"aligncenter size-large wp-image-104\" src=\"http:\/\/thisisnotagateway.net\/wp-content\/uploads\/2022\/07\/local-chat-apps-1024x683.jpeg\" alt=\"\" width=\"640\" height=\"427\" srcset=\"https:\/\/thisisnotagateway.net\/wp-content\/uploads\/2022\/07\/local-chat-apps-1024x683.jpeg 1024w, https:\/\/thisisnotagateway.net\/wp-content\/uploads\/2022\/07\/local-chat-apps-300x200.jpeg 300w, https:\/\/thisisnotagateway.net\/wp-content\/uploads\/2022\/07\/local-chat-apps-768x512.jpeg 768w, https:\/\/thisisnotagateway.net\/wp-content\/uploads\/2022\/07\/local-chat-apps-1536x1024.jpeg 1536w, https:\/\/thisisnotagateway.net\/wp-content\/uploads\/2022\/07\/local-chat-apps-2048x1365.jpeg 2048w, https:\/\/thisisnotagateway.net\/wp-content\/uploads\/2022\/07\/local-chat-apps-405x270.jpeg 405w\" sizes=\"(max-width: 640px) 100vw, 640px\" \/><\/p>\n<h3>Craigslist<\/h3>\n<p><a href=\"http:\/\/thisisnotagateway.net\/pl\/craigslist-personals\/\">Craigslist to internetowa strona z og\u0142oszeniami<\/a>. Mo\u017cesz przeszukiwa\u0107 miliony aukcji, publikowa\u0107 je samodzielnie lub przegl\u0105da\u0107 oferty innych u\u017cytkownik\u00f3w. Je\u015bli szukasz pracy, mo\u017cesz r\u00f3wnie\u017c opublikowa\u0107 ofert\u0119 pracy bezpo\u015brednio na stronie internetowej. Wystawianie przedmiot\u00f3w jest bezp\u0142atne i nie ma \u017cadnych op\u0142at za odpowied\u017a. Wi\u0119kszo\u015b\u0107 og\u0142osze\u0144 jest publikowana co najmniej raz w tygodniu. U\u017cytkownicy mog\u0105 kontaktowa\u0107 si\u0119 ze sob\u0105 za po\u015brednictwem prywatnych wiadomo\u015bci, wiadomo\u015bci b\u0142yskawicznych, po\u0142\u0105cze\u0144 telefonicznych lub czatu wideo.<\/p>\n<p>Wielu z tych, kt\u00f3rzy korzystali ze strony internetowej, powiedzia\u0142o, \u017ce w ko\u0144cu znale\u017ali si\u0119 w powa\u017cnych zwi\u0105zkach. Niekt\u00f3re z nich nigdy wcze\u015bniej nie spotyka\u0142y si\u0119 z kim\u015b tej samej p\u0142ci. Wielu cz\u0142onk\u00f3w LGBTQ powiedzia\u0142o, \u017ce czuj\u0105, \u017ce jest to alternatywa dla stygmatyzacji spotykania ludzi w prawdziwym \u017cyciu, poniewa\u017c nie musz\u0105 si\u0119 martwi\u0107 o odrzucenie. Inni u\u017cywali go do poznawania ludzi, kt\u00f3rzy mieli z nimi podobne zainteresowania. Ale wielu powiedzia\u0142o r\u00f3wnie\u017c, \u017ce u\u017cywali go do znajdowania przypadkowych kontakt\u00f3w seksualnych.<\/p>\n<h3>Ashley Madison<\/h3>\n<p>Ashley Madison to <a href=\"http:\/\/thisisnotagateway.net\/pl\/znajdz-zwiazek-z-latwoscia\/\">internetowy serwis randkowy<\/a> , kt\u00f3ry pozwala u\u017cytkownikom \u0142\u0105czy\u0107 si\u0119 z innymi singlami szukaj\u0105cymi dyskretnych zwi\u0105zk\u00f3w. Witryna oferuje swoim cz\u0142onkom bezpieczne \u015brodowisko, w kt\u00f3rym mog\u0105 udost\u0119pnia\u0107 swoje dane osobowe, zachowuj\u0105c jednocze\u015bnie anonimowo\u015b\u0107. Podczas rejestracji na stronie nie ma pyta\u0144 dotycz\u0105cych orientacji seksualnej, religii, rasy, pochodzenia etnicznego, wieku lub preferencji p\u0142ciowych. Dop\u00f3ki nie jeste\u015b obecnie w zwi\u0105zku ma\u0142\u017ce\u0144skim, nie ma ogranicze\u0144 co do liczby profili, kt\u00f3re mo\u017cesz utworzy\u0107. Chocia\u017c istnieje wiele sposob\u00f3w przeszukiwania bazy danych, najlepsza metoda zale\u017cy od rodzaju dopasowania, kt\u00f3rego szukasz.<\/p>\n<h3>Podw\u00f3jna lista<\/h3>\n<p>Doublelist to \u015bwietne miejsce na poznanie ludzi <a href=\"http:\/\/thisisnotagateway.net\/pl\/znajdz-dopasowanie\/\">r\u00f3\u017cnych typ\u00f3w<\/a>. Znajdziesz tu mn\u00f3stwo heteroseksualnych, gejowskich, bi, lesbijek, trans, queer, perwersyjnych, poliamorycznych itp. Je\u015bli szukasz czego\u015b konkretnego, po prostu wyszukaj to, co Ci\u0119 interesuje. Istnieje r\u00f3wnie\u017c sekcja o nazwie &#8222;Eksploruj&#8221;, w kt\u00f3rej mo\u017cesz przegl\u0105da\u0107 profile innych u\u017cytkownik\u00f3w.<\/p>\n<p>Witryna oferuje wiele funkcji wyszukiwania i opcji czatu. Mo\u017cesz filtrowa\u0107 wyszukiwania wed\u0142ug lokalizacji, wieku, p\u0142ci, pochodzenia etnicznego, zainteresowa\u0144, orientacji seksualnej, religii, zawodu i dochod\u00f3w. Witryna weryfikuje nowych cz\u0142onk\u00f3w przez telefon, ale musisz znajdowa\u0107 si\u0119 w Kanadzie, Wielkiej Brytanii, Stanach Zjednoczonych lub Australii, aby m\u00f3c si\u0119 zarejestrowa\u0107. Uwielbiamy to, jak strona chroni u\u017cytkownik\u00f3w przed oszustami i fa\u0142szywymi profilami. Oznacza to, \u017ce nie b\u0119dziesz musia\u0142 traci\u0107 czasu na martwienie si\u0119 o oszustwa lub fa\u0142szywe profile podczas korzystania z Match.com.<\/p>\n<h3>Wyszukiwarka znajomych dla doros\u0142ych<\/h3>\n<p>AFF to serwis randkowy dla doros\u0142ych. Nie jest to serwis randkowy per se, ale raczej serwis randkowy, kt\u00f3ry pomaga u\u017cytkownikom \u0142\u0105czy\u0107 si\u0119 z innymi u\u017cytkownikami. Je\u015bli chcesz pozna\u0107 kogo\u015b dyskretnie, to AFF jest zdecydowanie warte sprawdzenia. Istnieje wiele r\u00f3\u017cnych sposob\u00f3w korzystania z us\u0142ug oferowanych przez AFF. Mo\u017cesz przegl\u0105da\u0107 profile, wysy\u0142a\u0107 wiadomo\u015bci, przegl\u0105da\u0107 zdj\u0119cia, a nawet rozmawia\u0107 z cz\u0142onkami. Wszystkie te funkcje s\u0105 ca\u0142kowicie bezp\u0142atne.<\/p>\n<p>Je\u015bli jednak chcesz uaktualni\u0107 swoje konto, dost\u0119pnych jest kilka poziom\u00f3w. Na przyk\u0142ad konta premium umo\u017cliwiaj\u0105 wy\u015bwietlanie profili cz\u0142onk\u00f3w bez reklam, a konta platinum oferuj\u0105 dodatkowe korzy\u015bci. Obejmuj\u0105 one dodatkowe mo\u017cliwo\u015bci przesy\u0142ania wiadomo\u015bci, dost\u0119p do ekskluzywnych tre\u015bci i zwi\u0119kszon\u0105 prywatno\u015b\u0107.<\/p>\n","protected":false},"excerpt":{"rendered":"<p>Je\u015bli jeste\u015b zainteresowany pod\u0142\u0105czeniami, powiniene\u015b zdawa\u0107 sobie spraw\u0119 z kilku wa\u017cnych fakt\u00f3w. To powiedziawszy, pod\u0142\u0105czenia to \u015bwietny spos\u00f3b, aby dowiedzie\u0107 si\u0119, czy istnieje chemia mi\u0119dzy tob\u0105 a inn\u0105 osob\u0105. Wi\u0119c je\u015bli jeste\u015b singlem i szukasz flingu lub d\u0142ugoterminowego zwi\u0105zku, rozwa\u017c spotkanie z kim\u015b za po\u015brednictwem strony z pod\u0142\u0105czeniem. Pod\u0142\u0105czenia s\u0105 \u015bwietne, poniewa\u017c s\u0105 szybkie, tanie i nieskomplikowane. Ale nie s\u0105 idealne, poniewa\u017c zwykle ko\u0144cz\u0105 si\u0119 \u017ale. Craigslist Craigslist to internetowa strona z og\u0142oszeniami. Mo\u017cesz przeszukiwa\u0107 miliony aukcji, publikowa\u0107 je samodzielnie&#8230;<\/p>\n<p class=\"read-more\"><a class=\"btn btn-default\" href=\"https:\/\/thisisnotagateway.net\/pl\/popularne-aplikacje-do-podlaczania-ktore-dzialaja-na-seks\/\"> Read More<span class=\"screen-reader-text\">  Read More<\/span><\/a><\/p>\n","protected":false},"author":1,"featured_media":0,"parent":0,"menu_order":0,"comment_status":"closed","ping_status":"closed","template":"","meta":[],"yoast_head":"<!-- This site is optimized with the Yoast SEO plugin v19.2 - https:\/\/yoast.com\/wordpress\/plugins\/seo\/ -->\n<title>- Recenzje Gateway Popularne aplikacje do pod\u0142\u0105czania, kt\u00f3re dzia\u0142aj\u0105 na seks<\/title>\n<meta name=\"robots\" content=\"index, follow, max-snippet:-1, max-image-preview:large, max-video-preview:-1\" \/>\n<link rel=\"canonical\" href=\"https:\/\/thisisnotagateway.net\/pl\/popularne-aplikacje-do-podlaczania-ktore-dzialaja-na-seks\/\" \/>\n<meta property=\"og:locale\" content=\"pl_PL\" \/>\n<meta property=\"og:type\" content=\"article\" \/>\n<meta property=\"og:title\" content=\"- Recenzje Gateway Popularne aplikacje do pod\u0142\u0105czania, kt\u00f3re dzia\u0142aj\u0105 na seks\" \/>\n<meta property=\"og:description\" content=\"Je\u015bli jeste\u015b zainteresowany pod\u0142\u0105czeniami, powiniene\u015b zdawa\u0107 sobie spraw\u0119 z kilku wa\u017cnych fakt\u00f3w. To powiedziawszy, pod\u0142\u0105czenia to \u015bwietny spos\u00f3b, aby dowiedzie\u0107 si\u0119, czy istnieje chemia mi\u0119dzy tob\u0105 a inn\u0105 osob\u0105. Wi\u0119c je\u015bli jeste\u015b singlem i szukasz flingu lub d\u0142ugoterminowego zwi\u0105zku, rozwa\u017c spotkanie z kim\u015b za po\u015brednictwem strony z pod\u0142\u0105czeniem. Pod\u0142\u0105czenia s\u0105 \u015bwietne, poniewa\u017c s\u0105 szybkie, tanie i nieskomplikowane. Ale nie s\u0105 idealne, poniewa\u017c zwykle ko\u0144cz\u0105 si\u0119 \u017ale. Craigslist Craigslist to internetowa strona z og\u0142oszeniami. Mo\u017cesz przeszukiwa\u0107 miliony aukcji, publikowa\u0107 je samodzielnie... Read More Read More\" \/>\n<meta property=\"og:url\" content=\"https:\/\/thisisnotagateway.net\/pl\/popularne-aplikacje-do-podlaczania-ktore-dzialaja-na-seks\/\" \/>\n<meta property=\"og:site_name\" content=\"Recenzje Gateway\" \/>\n<meta property=\"og:image\" content=\"http:\/\/thisisnotagateway.net\/wp-content\/uploads\/2022\/07\/local-chat-apps-1024x683.jpeg\" \/>\n<meta name=\"author\" content=\"Gateway\" \/>\n<meta name=\"twitter:card\" content=\"summary_large_image\" \/>\n<meta name=\"twitter:label1\" content=\"Szacowany czas czytania\" \/>\n\t<meta name=\"twitter:data1\" content=\"3 minuty\" \/>\n<script type=\"application\/ld+json\" class=\"yoast-schema-graph\">{\"@context\":\"https:\/\/schema.org\",\"@graph\":[{\"@type\":\"WebSite\",\"@id\":\"http:\/\/thisisnotagateway.net\/#website\",\"url\":\"http:\/\/thisisnotagateway.net\/\",\"name\":\"Recenzje Gateway\",\"description\":\"Relacje i randki Blog\",\"potentialAction\":[{\"@type\":\"SearchAction\",\"target\":{\"@type\":\"EntryPoint\",\"urlTemplate\":\"http:\/\/thisisnotagateway.net\/?s={search_term_string}\"},\"query-input\":\"required name=search_term_string\"}],\"inLanguage\":\"pl-PL\"},{\"@type\":\"ImageObject\",\"inLanguage\":\"pl-PL\",\"@id\":\"https:\/\/thisisnotagateway.net\/pl\/popularne-aplikacje-do-podlaczania-ktore-dzialaja-na-seks\/#primaryimage\",\"url\":\"https:\/\/thisisnotagateway.net\/wp-content\/uploads\/2022\/07\/local-chat-apps.jpeg\",\"contentUrl\":\"https:\/\/thisisnotagateway.net\/wp-content\/uploads\/2022\/07\/local-chat-apps.jpeg\",\"width\":2250,\"height\":1500},{\"@type\":\"WebPage\",\"@id\":\"https:\/\/thisisnotagateway.net\/pl\/popularne-aplikacje-do-podlaczania-ktore-dzialaja-na-seks\/#webpage\",\"url\":\"https:\/\/thisisnotagateway.net\/pl\/popularne-aplikacje-do-podlaczania-ktore-dzialaja-na-seks\/\",\"name\":\"- Recenzje Gateway Popularne aplikacje do pod\u0142\u0105czania, kt\u00f3re dzia\u0142aj\u0105 na seks\",\"isPartOf\":{\"@id\":\"http:\/\/thisisnotagateway.net\/#website\"},\"primaryImageOfPage\":{\"@id\":\"https:\/\/thisisnotagateway.net\/pl\/popularne-aplikacje-do-podlaczania-ktore-dzialaja-na-seks\/#primaryimage\"},\"datePublished\":\"2022-07-03T14:00:39+00:00\",\"dateModified\":\"2022-07-03T14:00:39+00:00\",\"breadcrumb\":{\"@id\":\"https:\/\/thisisnotagateway.net\/pl\/popularne-aplikacje-do-podlaczania-ktore-dzialaja-na-seks\/#breadcrumb\"},\"inLanguage\":\"pl-PL\",\"potentialAction\":[{\"@type\":\"ReadAction\",\"target\":[\"https:\/\/thisisnotagateway.net\/pl\/popularne-aplikacje-do-podlaczania-ktore-dzialaja-na-seks\/\"]}]},{\"@type\":\"BreadcrumbList\",\"@id\":\"https:\/\/thisisnotagateway.net\/pl\/popularne-aplikacje-do-podlaczania-ktore-dzialaja-na-seks\/#breadcrumb\",\"itemListElement\":[{\"@type\":\"ListItem\",\"position\":1,\"name\":\"Dom\",\"item\":\"http:\/\/thisisnotagateway.net\/pl\/\"},{\"@type\":\"ListItem\",\"position\":2,\"name\":\"Popularne aplikacje do pod\u0142\u0105czania, kt\u00f3re dzia\u0142aj\u0105 na seks\"}]}]}<\/script>\n<!-- \/ Yoast SEO plugin. -->","yoast_head_json":{"title":"- Recenzje Gateway Popularne aplikacje do pod\u0142\u0105czania, kt\u00f3re dzia\u0142aj\u0105 na seks","robots":{"index":"index","follow":"follow","max-snippet":"max-snippet:-1","max-image-preview":"max-image-preview:large","max-video-preview":"max-video-preview:-1"},"canonical":"https:\/\/thisisnotagateway.net\/pl\/popularne-aplikacje-do-podlaczania-ktore-dzialaja-na-seks\/","og_locale":"pl_PL","og_type":"article","og_title":"- Recenzje Gateway Popularne aplikacje do pod\u0142\u0105czania, kt\u00f3re dzia\u0142aj\u0105 na seks","og_description":"Je\u015bli jeste\u015b zainteresowany pod\u0142\u0105czeniami, powiniene\u015b zdawa\u0107 sobie spraw\u0119 z kilku wa\u017cnych fakt\u00f3w. To powiedziawszy, pod\u0142\u0105czenia to \u015bwietny spos\u00f3b, aby dowiedzie\u0107 si\u0119, czy istnieje chemia mi\u0119dzy tob\u0105 a inn\u0105 osob\u0105. Wi\u0119c je\u015bli jeste\u015b singlem i szukasz flingu lub d\u0142ugoterminowego zwi\u0105zku, rozwa\u017c spotkanie z kim\u015b za po\u015brednictwem strony z pod\u0142\u0105czeniem. Pod\u0142\u0105czenia s\u0105 \u015bwietne, poniewa\u017c s\u0105 szybkie, tanie i nieskomplikowane. Ale nie s\u0105 idealne, poniewa\u017c zwykle ko\u0144cz\u0105 si\u0119 \u017ale. Craigslist Craigslist to internetowa strona z og\u0142oszeniami. Mo\u017cesz przeszukiwa\u0107 miliony aukcji, publikowa\u0107 je samodzielnie... Read More Read More","og_url":"https:\/\/thisisnotagateway.net\/pl\/popularne-aplikacje-do-podlaczania-ktore-dzialaja-na-seks\/","og_site_name":"Recenzje Gateway","og_image":[{"url":"http:\/\/thisisnotagateway.net\/wp-content\/uploads\/2022\/07\/local-chat-apps-1024x683.jpeg"}],"author":"Gateway","twitter_card":"summary_large_image","twitter_misc":{"Szacowany czas czytania":"3 minuty"},"schema":{"@context":"https:\/\/schema.org","@graph":[{"@type":"WebSite","@id":"http:\/\/thisisnotagateway.net\/#website","url":"http:\/\/thisisnotagateway.net\/","name":"Recenzje Gateway","description":"Relacje i randki Blog","potentialAction":[{"@type":"SearchAction","target":{"@type":"EntryPoint","urlTemplate":"http:\/\/thisisnotagateway.net\/?s={search_term_string}"},"query-input":"required name=search_term_string"}],"inLanguage":"pl-PL"},{"@type":"ImageObject","inLanguage":"pl-PL","@id":"https:\/\/thisisnotagateway.net\/pl\/popularne-aplikacje-do-podlaczania-ktore-dzialaja-na-seks\/#primaryimage","url":"https:\/\/thisisnotagateway.net\/wp-content\/uploads\/2022\/07\/local-chat-apps.jpeg","contentUrl":"https:\/\/thisisnotagateway.net\/wp-content\/uploads\/2022\/07\/local-chat-apps.jpeg","width":2250,"height":1500},{"@type":"WebPage","@id":"https:\/\/thisisnotagateway.net\/pl\/popularne-aplikacje-do-podlaczania-ktore-dzialaja-na-seks\/#webpage","url":"https:\/\/thisisnotagateway.net\/pl\/popularne-aplikacje-do-podlaczania-ktore-dzialaja-na-seks\/","name":"- Recenzje Gateway Popularne aplikacje do pod\u0142\u0105czania, kt\u00f3re dzia\u0142aj\u0105 na seks","isPartOf":{"@id":"http:\/\/thisisnotagateway.net\/#website"},"primaryImageOfPage":{"@id":"https:\/\/thisisnotagateway.net\/pl\/popularne-aplikacje-do-podlaczania-ktore-dzialaja-na-seks\/#primaryimage"},"datePublished":"2022-07-03T14:00:39+00:00","dateModified":"2022-07-03T14:00:39+00:00","breadcrumb":{"@id":"https:\/\/thisisnotagateway.net\/pl\/popularne-aplikacje-do-podlaczania-ktore-dzialaja-na-seks\/#breadcrumb"},"inLanguage":"pl-PL","potentialAction":[{"@type":"ReadAction","target":["https:\/\/thisisnotagateway.net\/pl\/popularne-aplikacje-do-podlaczania-ktore-dzialaja-na-seks\/"]}]},{"@type":"BreadcrumbList","@id":"https:\/\/thisisnotagateway.net\/pl\/popularne-aplikacje-do-podlaczania-ktore-dzialaja-na-seks\/#breadcrumb","itemListElement":[{"@type":"ListItem","position":1,"name":"Dom","item":"http:\/\/thisisnotagateway.net\/pl\/"},{"@type":"ListItem","position":2,"name":"Popularne aplikacje do pod\u0142\u0105czania, kt\u00f3re dzia\u0142aj\u0105 na seks"}]}]}},"_links":{"self":[{"href":"https:\/\/thisisnotagateway.net\/pl\/wp-json\/wp\/v2\/pages\/197"}],"collection":[{"href":"https:\/\/thisisnotagateway.net\/pl\/wp-json\/wp\/v2\/pages"}],"about":[{"href":"https:\/\/thisisnotagateway.net\/pl\/wp-json\/wp\/v2\/types\/page"}],"author":[{"embeddable":true,"href":"https:\/\/thisisnotagateway.net\/pl\/wp-json\/wp\/v2\/users\/1"}],"replies":[{"embeddable":true,"href":"https:\/\/thisisnotagateway.net\/pl\/wp-json\/wp\/v2\/comments?post=197"}],"version-history":[{"count":0,"href":"https:\/\/thisisnotagateway.net\/pl\/wp-json\/wp\/v2\/pages\/197\/revisions"}],"wp:attachment":[{"href":"https:\/\/thisisnotagateway.net\/pl\/wp-json\/wp\/v2\/media?parent=197"}],"curies":[{"name":"wp","href":"https:\/\/api.w.org\/{rel}","templated":true}]}}