{"id":222,"date":"2022-07-03T14:56:03","date_gmt":"2022-07-03T13:56:03","guid":{"rendered":"http:\/\/thisisnotagateway.net\/craigslist-personals\/"},"modified":"2022-07-07T15:30:46","modified_gmt":"2022-07-07T14:30:46","slug":"craigslist-personals","status":"publish","type":"page","link":"https:\/\/thisisnotagateway.net\/pl\/craigslist-personals\/","title":{"rendered":"Craigslist Personals"},"content":{"rendered":"<p>Szukasz \u0142atwego sposobu na poznanie kogo\u015b wyj\u0105tkowego? Czy czujesz, \u017ce czego\u015b ci brakuje w twoim \u017cyciu? Mo\u017ce po prostu potrzebujesz odrobiny zabawy i emocji w swoim \u017cyciu mi\u0142osnym. Internetowe serwisy randkowe mog\u0105 pocz\u0105tkowo wydawa\u0107 si\u0119 \u015bwietnym pomys\u0142em, ale nie wszyscy wiedz\u0105, co tak naprawd\u0119 poci\u0105gaj\u0105 za sob\u0105.<\/p>\n<p>Istnieje wiele r\u00f3\u017cnych rodzaj\u00f3w internetowych serwis\u00f3w randkowych <a href=\"http:\/\/www.darmowe-sex-randki.com\/darmowe-sex-czaty\/\">sex chaty<\/a>, z kt\u00f3rych ka\u017cdy obs\u0142uguje okre\u015blony rodzaj relacji.<\/p>\n<p>Niekt\u00f3re witryny zaspokajaj\u0105 d\u0142ugoterminowe relacje, podczas gdy inne koncentruj\u0105 si\u0119 na <a href=\"http:\/\/thisisnotagateway.net\/pl\/znajdz-dopasowanie\/\">kr\u00f3tkoterminowych flingach<\/a>. Jedno jest jednak pewne &#8211; je\u015bli szukasz powa\u017cnego zwi\u0105zku, prawdopodobnie b\u0119dziesz musia\u0142 do\u0142\u0105czy\u0107 do witryny, kt\u00f3ra s\u0142u\u017cy specjalnie temu celowi.<\/p>\n<p><img loading=\"lazy\" class=\"aligncenter size-full wp-image-107\" src=\"http:\/\/thisisnotagateway.net\/wp-content\/uploads\/2022\/07\/craigslist-personals-sites-min.jpg\" alt=\"\" width=\"700\" height=\"330\" srcset=\"https:\/\/thisisnotagateway.net\/wp-content\/uploads\/2022\/07\/craigslist-personals-sites-min.jpg 700w, https:\/\/thisisnotagateway.net\/wp-content\/uploads\/2022\/07\/craigslist-personals-sites-min-300x141.jpg 300w, https:\/\/thisisnotagateway.net\/wp-content\/uploads\/2022\/07\/craigslist-personals-sites-min-573x270.jpg 573w\" sizes=\"(max-width: 700px) 100vw, 700px\" \/><\/p>\n<h2>Jakie s\u0105 alternatywy dla og\u0142osze\u0144 osobistych<\/h2>\n<p>Po zamkni\u0119ciu Craigslist Personals wiele os\u00f3b straci\u0142o nadziej\u0119 na znalezienie mi\u0142o\u015bci w Internecie. Dost\u0119pnych jest wiele innych serwis\u00f3w randkowych, ale posiadanie wielu opcji mo\u017ce by\u0107 przyt\u0142aczaj\u0105ce. Postanowili\u015bmy po\u015bwi\u0119ci\u0107 czas i swobod\u0119 stworzenia kompletnego przewodnika po najlepszych odpowiednikach Craigslist Personales, z kt\u00f3rych mo\u017cesz skorzysta\u0107, szukaj\u0105c przypadkowych do\u015bwiadcze\u0144 randkowych, pod\u0142\u0105cze\u0144 i wszystkiego pomi\u0119dzy.<\/p>\n<p>Craigslist Personals to internetowa strona z og\u0142oszeniami za\u0142o\u017cona w 1995 roku. Mia\u0142 ogromn\u0105 baz\u0119 u\u017cytkownik\u00f3w i by\u0142 jedn\u0105 z pierwszych us\u0142ug, kt\u00f3re umo\u017cliwi\u0142y u\u017cytkownikom publikowanie reklam za darmo. U\u017cytkownicy mog\u0105 wymienia\u0107 przedmioty, takie jak meble, samochody, praca, zwierz\u0119ta domowe, nieruchomo\u015bci itp. By\u0142 bardzo udany, dop\u00f3ki nie zosta\u0142 zamkni\u0119ty w 2018 roku. Obecnie dost\u0119pnych jest wiele innych stron internetowych, kt\u00f3re pomagaj\u0105 u\u017cytkownikom znale\u017a\u0107 dat\u0119 lub po\u0142\u0105czenie. <a href=\"http:\/\/thisisnotagateway.net\/pl\/znajdz-zwiazek-z-latwoscia\/\">Strony internetowe takie jak Tinder<\/a>, Bumble, OkCupid, PlentyOfFish, Match i inne oferuj\u0105 podobne funkcje do Craigslist Personals, ale nie s\u0105 tak du\u017ce.<\/p>\n<p>Craigslist to strona z og\u0142oszeniami, kt\u00f3ra pozwala u\u017cytkownikom publikowa\u0107 przedmioty na sprzeda\u017c lub wynajem. Podczas gdy wiele os\u00f3b u\u017cywa go do sprzeda\u017cy swoich starych rzeczy, inni u\u017cywaj\u0105 go do poznawania ludzi. Istniej\u0105 jednak pewne wady korzystania z Craigslist. Na przyk\u0142ad, je\u015bli szukasz przypadkowego seksu, Craigslist mo\u017ce nie by\u0107 najlepszym miejscem. Ponadto Craigslist nie pozwala u\u017cytkownikom na wyszukiwanie okre\u015blonych typ\u00f3w partner\u00f3w. Je\u015bli szukasz czego\u015b powa\u017cnego, musisz poszuka\u0107 gdzie indziej.<\/p>\n<p>Je\u015bli lubisz przypadkowe kontakty z \u017conatymi lud\u017ami, AshleyMadison jest najlepszym miejscem. Jest to serwis randkowy, w kt\u00f3rym ma\u0142\u017ce\u0144stwo i osoby w zaanga\u017cowanych zwi\u0105zkach mog\u0105 spotyka\u0107 si\u0119 w dyskretnych romansach. Chocia\u017c istnieje wiele innych serwis\u00f3w randkowych w tym samym celu, ludzie szukaj\u0105cy przypadkowych randek <a href=\"http:\/\/www.sexrandki.org\/kobiety-szukajace-mezczyzn\/\">kobiety w twojej okolicy<\/a> i po\u0142\u0105cze\u0144 cz\u0119sto spotykaj\u0105 si\u0119 ze stygmatyzacj\u0105, gdy pr\u00f3buj\u0105 umawia\u0107 si\u0119 na randki z \u017conatymi i zaanga\u017cowanymi partnerami. Na szcz\u0119\u015bcie Ashley Madison ca\u0142kowicie to zmieni\u0142a. Teraz, je\u015bli szukasz przypadkowych randek i seksu z \u017conatymi lud\u017ami, nigdy wi\u0119cej nie wpadniesz w k\u0142opoty.<\/p>\n","protected":false},"excerpt":{"rendered":"<p>Szukasz \u0142atwego sposobu na poznanie kogo\u015b wyj\u0105tkowego? Czy czujesz, \u017ce czego\u015b ci brakuje w twoim \u017cyciu? Mo\u017ce po prostu potrzebujesz odrobiny zabawy i emocji w swoim \u017cyciu mi\u0142osnym. Internetowe serwisy randkowe mog\u0105 pocz\u0105tkowo wydawa\u0107 si\u0119 \u015bwietnym pomys\u0142em, ale nie wszyscy wiedz\u0105, co tak naprawd\u0119 poci\u0105gaj\u0105 za sob\u0105. Istnieje wiele r\u00f3\u017cnych rodzaj\u00f3w internetowych serwis\u00f3w randkowych sex chaty, z kt\u00f3rych ka\u017cdy obs\u0142uguje okre\u015blony rodzaj relacji. Niekt\u00f3re witryny zaspokajaj\u0105 d\u0142ugoterminowe relacje, podczas gdy inne koncentruj\u0105 si\u0119 na kr\u00f3tkoterminowych flingach. Jedno jest jednak pewne&#8230;<\/p>\n<p class=\"read-more\"><a class=\"btn btn-default\" href=\"https:\/\/thisisnotagateway.net\/pl\/craigslist-personals\/\"> Read More<span class=\"screen-reader-text\">  Read More<\/span><\/a><\/p>\n","protected":false},"author":1,"featured_media":0,"parent":0,"menu_order":0,"comment_status":"closed","ping_status":"closed","template":"","meta":[],"yoast_head":"<!-- This site is optimized with the Yoast SEO plugin v19.2 - https:\/\/yoast.com\/wordpress\/plugins\/seo\/ -->\n<title>- Recenzje Gateway Craigslist Personals<\/title>\n<meta name=\"robots\" content=\"index, follow, max-snippet:-1, max-image-preview:large, max-video-preview:-1\" \/>\n<link rel=\"canonical\" href=\"https:\/\/thisisnotagateway.net\/pl\/craigslist-personals\/\" \/>\n<meta property=\"og:locale\" content=\"pl_PL\" \/>\n<meta property=\"og:type\" content=\"article\" \/>\n<meta property=\"og:title\" content=\"- Recenzje Gateway Craigslist Personals\" \/>\n<meta property=\"og:description\" content=\"Szukasz \u0142atwego sposobu na poznanie kogo\u015b wyj\u0105tkowego? Czy czujesz, \u017ce czego\u015b ci brakuje w twoim \u017cyciu? Mo\u017ce po prostu potrzebujesz odrobiny zabawy i emocji w swoim \u017cyciu mi\u0142osnym. Internetowe serwisy randkowe mog\u0105 pocz\u0105tkowo wydawa\u0107 si\u0119 \u015bwietnym pomys\u0142em, ale nie wszyscy wiedz\u0105, co tak naprawd\u0119 poci\u0105gaj\u0105 za sob\u0105. Istnieje wiele r\u00f3\u017cnych rodzaj\u00f3w internetowych serwis\u00f3w randkowych sex chaty, z kt\u00f3rych ka\u017cdy obs\u0142uguje okre\u015blony rodzaj relacji. Niekt\u00f3re witryny zaspokajaj\u0105 d\u0142ugoterminowe relacje, podczas gdy inne koncentruj\u0105 si\u0119 na kr\u00f3tkoterminowych flingach. Jedno jest jednak pewne... Read More Read More\" \/>\n<meta property=\"og:url\" content=\"https:\/\/thisisnotagateway.net\/pl\/craigslist-personals\/\" \/>\n<meta property=\"og:site_name\" content=\"Recenzje Gateway\" \/>\n<meta property=\"article:modified_time\" content=\"2022-07-07T14:30:46+00:00\" \/>\n<meta property=\"og:image\" content=\"http:\/\/thisisnotagateway.net\/wp-content\/uploads\/2022\/07\/craigslist-personals-sites-min.jpg\" \/>\n<meta name=\"author\" content=\"Gateway\" \/>\n<meta name=\"twitter:card\" content=\"summary_large_image\" \/>\n<meta name=\"twitter:label1\" content=\"Szacowany czas czytania\" \/>\n\t<meta name=\"twitter:data1\" content=\"2 minuty\" \/>\n<script type=\"application\/ld+json\" class=\"yoast-schema-graph\">{\"@context\":\"https:\/\/schema.org\",\"@graph\":[{\"@type\":\"WebSite\",\"@id\":\"http:\/\/thisisnotagateway.net\/#website\",\"url\":\"http:\/\/thisisnotagateway.net\/\",\"name\":\"Recenzje Gateway\",\"description\":\"Relacje i randki Blog\",\"potentialAction\":[{\"@type\":\"SearchAction\",\"target\":{\"@type\":\"EntryPoint\",\"urlTemplate\":\"http:\/\/thisisnotagateway.net\/?s={search_term_string}\"},\"query-input\":\"required name=search_term_string\"}],\"inLanguage\":\"pl-PL\"},{\"@type\":\"ImageObject\",\"inLanguage\":\"pl-PL\",\"@id\":\"https:\/\/thisisnotagateway.net\/pl\/craigslist-personals\/#primaryimage\",\"url\":\"https:\/\/thisisnotagateway.net\/wp-content\/uploads\/2022\/07\/craigslist-personals-sites-min.jpg\",\"contentUrl\":\"https:\/\/thisisnotagateway.net\/wp-content\/uploads\/2022\/07\/craigslist-personals-sites-min.jpg\",\"width\":700,\"height\":330},{\"@type\":\"WebPage\",\"@id\":\"https:\/\/thisisnotagateway.net\/pl\/craigslist-personals\/#webpage\",\"url\":\"https:\/\/thisisnotagateway.net\/pl\/craigslist-personals\/\",\"name\":\"- Recenzje Gateway Craigslist Personals\",\"isPartOf\":{\"@id\":\"http:\/\/thisisnotagateway.net\/#website\"},\"primaryImageOfPage\":{\"@id\":\"https:\/\/thisisnotagateway.net\/pl\/craigslist-personals\/#primaryimage\"},\"datePublished\":\"2022-07-03T13:56:03+00:00\",\"dateModified\":\"2022-07-07T14:30:46+00:00\",\"breadcrumb\":{\"@id\":\"https:\/\/thisisnotagateway.net\/pl\/craigslist-personals\/#breadcrumb\"},\"inLanguage\":\"pl-PL\",\"potentialAction\":[{\"@type\":\"ReadAction\",\"target\":[\"https:\/\/thisisnotagateway.net\/pl\/craigslist-personals\/\"]}]},{\"@type\":\"BreadcrumbList\",\"@id\":\"https:\/\/thisisnotagateway.net\/pl\/craigslist-personals\/#breadcrumb\",\"itemListElement\":[{\"@type\":\"ListItem\",\"position\":1,\"name\":\"Dom\",\"item\":\"http:\/\/thisisnotagateway.net\/pl\/\"},{\"@type\":\"ListItem\",\"position\":2,\"name\":\"Craigslist Personals\"}]}]}<\/script>\n<!-- \/ Yoast SEO plugin. -->","yoast_head_json":{"title":"- Recenzje Gateway Craigslist Personals","robots":{"index":"index","follow":"follow","max-snippet":"max-snippet:-1","max-image-preview":"max-image-preview:large","max-video-preview":"max-video-preview:-1"},"canonical":"https:\/\/thisisnotagateway.net\/pl\/craigslist-personals\/","og_locale":"pl_PL","og_type":"article","og_title":"- Recenzje Gateway Craigslist Personals","og_description":"Szukasz \u0142atwego sposobu na poznanie kogo\u015b wyj\u0105tkowego? Czy czujesz, \u017ce czego\u015b ci brakuje w twoim \u017cyciu? Mo\u017ce po prostu potrzebujesz odrobiny zabawy i emocji w swoim \u017cyciu mi\u0142osnym. Internetowe serwisy randkowe mog\u0105 pocz\u0105tkowo wydawa\u0107 si\u0119 \u015bwietnym pomys\u0142em, ale nie wszyscy wiedz\u0105, co tak naprawd\u0119 poci\u0105gaj\u0105 za sob\u0105. Istnieje wiele r\u00f3\u017cnych rodzaj\u00f3w internetowych serwis\u00f3w randkowych sex chaty, z kt\u00f3rych ka\u017cdy obs\u0142uguje okre\u015blony rodzaj relacji. Niekt\u00f3re witryny zaspokajaj\u0105 d\u0142ugoterminowe relacje, podczas gdy inne koncentruj\u0105 si\u0119 na kr\u00f3tkoterminowych flingach. Jedno jest jednak pewne... Read More Read More","og_url":"https:\/\/thisisnotagateway.net\/pl\/craigslist-personals\/","og_site_name":"Recenzje Gateway","article_modified_time":"2022-07-07T14:30:46+00:00","og_image":[{"url":"http:\/\/thisisnotagateway.net\/wp-content\/uploads\/2022\/07\/craigslist-personals-sites-min.jpg"}],"author":"Gateway","twitter_card":"summary_large_image","twitter_misc":{"Szacowany czas czytania":"2 minuty"},"schema":{"@context":"https:\/\/schema.org","@graph":[{"@type":"WebSite","@id":"http:\/\/thisisnotagateway.net\/#website","url":"http:\/\/thisisnotagateway.net\/","name":"Recenzje Gateway","description":"Relacje i randki Blog","potentialAction":[{"@type":"SearchAction","target":{"@type":"EntryPoint","urlTemplate":"http:\/\/thisisnotagateway.net\/?s={search_term_string}"},"query-input":"required name=search_term_string"}],"inLanguage":"pl-PL"},{"@type":"ImageObject","inLanguage":"pl-PL","@id":"https:\/\/thisisnotagateway.net\/pl\/craigslist-personals\/#primaryimage","url":"https:\/\/thisisnotagateway.net\/wp-content\/uploads\/2022\/07\/craigslist-personals-sites-min.jpg","contentUrl":"https:\/\/thisisnotagateway.net\/wp-content\/uploads\/2022\/07\/craigslist-personals-sites-min.jpg","width":700,"height":330},{"@type":"WebPage","@id":"https:\/\/thisisnotagateway.net\/pl\/craigslist-personals\/#webpage","url":"https:\/\/thisisnotagateway.net\/pl\/craigslist-personals\/","name":"- Recenzje Gateway Craigslist Personals","isPartOf":{"@id":"http:\/\/thisisnotagateway.net\/#website"},"primaryImageOfPage":{"@id":"https:\/\/thisisnotagateway.net\/pl\/craigslist-personals\/#primaryimage"},"datePublished":"2022-07-03T13:56:03+00:00","dateModified":"2022-07-07T14:30:46+00:00","breadcrumb":{"@id":"https:\/\/thisisnotagateway.net\/pl\/craigslist-personals\/#breadcrumb"},"inLanguage":"pl-PL","potentialAction":[{"@type":"ReadAction","target":["https:\/\/thisisnotagateway.net\/pl\/craigslist-personals\/"]}]},{"@type":"BreadcrumbList","@id":"https:\/\/thisisnotagateway.net\/pl\/craigslist-personals\/#breadcrumb","itemListElement":[{"@type":"ListItem","position":1,"name":"Dom","item":"http:\/\/thisisnotagateway.net\/pl\/"},{"@type":"ListItem","position":2,"name":"Craigslist Personals"}]}]}},"_links":{"self":[{"href":"https:\/\/thisisnotagateway.net\/pl\/wp-json\/wp\/v2\/pages\/222"}],"collection":[{"href":"https:\/\/thisisnotagateway.net\/pl\/wp-json\/wp\/v2\/pages"}],"about":[{"href":"https:\/\/thisisnotagateway.net\/pl\/wp-json\/wp\/v2\/types\/page"}],"author":[{"embeddable":true,"href":"https:\/\/thisisnotagateway.net\/pl\/wp-json\/wp\/v2\/users\/1"}],"replies":[{"embeddable":true,"href":"https:\/\/thisisnotagateway.net\/pl\/wp-json\/wp\/v2\/comments?post=222"}],"version-history":[{"count":1,"href":"https:\/\/thisisnotagateway.net\/pl\/wp-json\/wp\/v2\/pages\/222\/revisions"}],"predecessor-version":[{"id":356,"href":"https:\/\/thisisnotagateway.net\/pl\/wp-json\/wp\/v2\/pages\/222\/revisions\/356"}],"wp:attachment":[{"href":"https:\/\/thisisnotagateway.net\/pl\/wp-json\/wp\/v2\/media?parent=222"}],"curies":[{"name":"wp","href":"https:\/\/api.w.org\/{rel}","templated":true}]}}