{"id":239,"date":"2022-07-03T14:34:30","date_gmt":"2022-07-03T13:34:30","guid":{"rendered":"http:\/\/thisisnotagateway.net\/czy-linie-odbioru-faktycznie-dzialaja\/"},"modified":"2022-07-03T15:23:26","modified_gmt":"2022-07-03T14:23:26","slug":"czy-linie-odbioru-faktycznie-dzialaja","status":"publish","type":"page","link":"https:\/\/thisisnotagateway.net\/pl\/czy-linie-odbioru-faktycznie-dzialaja\/","title":{"rendered":"Czy linie odbioru faktycznie dzia\u0142aj\u0105?"},"content":{"rendered":"\n<p>Linie pickup to \u015bwietny spos\u00f3b na odebranie kobiet. S\u0105 proste, bezpo\u015brednie i skuteczne. Ale wi\u0119kszo\u015b\u0107 facet\u00f3w nie jest w nich zbyt dobra. Oto kilka wskaz\u00f3wek, kt\u00f3re pomog\u0105 Ci ulepszy\u0107 gr\u0119.<\/p>\n\n<p>Po pierwsze, praktyka. Praktyka czyni mistrza. Linie pick-up to umiej\u0119tno\u015b\u0107, podobnie jak golf czy tenis. Im wi\u0119cej \u0107wiczysz, tym lepszy si\u0119 staniesz. Po drugie, b\u0105d\u017a pewny siebie. Pewno\u015b\u0107 siebie jest seksowna. Kobiety reaguj\u0105 na zaufanie. A kiedy jeste\u015b pewny siebie, jeste\u015b bardziej atrakcyjny. Po trzecie, u\u017cywaj humoru. Humor dzia\u0142a dobrze, poniewa\u017c prze\u0142amuje bariery mi\u0119dzy m\u0119\u017cczyznami i kobietami. Dodatkowo kobiety uwa\u017caj\u0105 to za zabawne.<\/p>\n\n<p>Na koniec trzymaj to kr\u00f3tko. Nie tra\u0107 czasu, pr\u00f3buj\u0105c zaimponowa\u0107 jej d\u0142ugimi historiami. Trzymaj go kr\u00f3tko i s\u0142odko. Skorzystaj z tych trzech wskaz\u00f3wek, aby poprawi\u0107 swoje umiej\u0119tno\u015bci w zakresie linii odbioru. Nast\u0119pnie id\u017a tam i podnie\u015b piskl\u0119ta!<\/p>\n\n<figure class=\"wp-block-image size-large\"><img loading=\"lazy\" width=\"1024\" height=\"683\" src=\"http:\/\/thisisnotagateway.net&#13;&#10;\/wp-content\/uploads\/2022\/07\/why-dating-apps-work-1024x683.jpeg\" alt=\"\" class=\"wp-image-61\" srcset=\"https:\/\/thisisnotagateway.net\/wp-content\/uploads\/2022\/07\/why-dating-apps-work-1024x683.jpeg 1024w, https:\/\/thisisnotagateway.net\/wp-content\/uploads\/2022\/07\/why-dating-apps-work-300x200.jpeg 300w, https:\/\/thisisnotagateway.net\/wp-content\/uploads\/2022\/07\/why-dating-apps-work-768x512.jpeg 768w, https:\/\/thisisnotagateway.net\/wp-content\/uploads\/2022\/07\/why-dating-apps-work-1536x1024.jpeg 1536w, https:\/\/thisisnotagateway.net\/wp-content\/uploads\/2022\/07\/why-dating-apps-work-2048x1365.jpeg 2048w\" sizes=\"(max-width: 1024px) 100vw, 1024px\" \/><\/figure>\n\n<h2>Jak zacz\u0105\u0107 u\u017cywa\u0107 ich na dziewczynach<\/h2>\n\n<p>Je\u015bli kiedykolwiek <a href=\"https:\/\/thisisnotagateway.net\/types-of-dating-apps\/\">by\u0142e\u015b na randce<\/a>, wiesz, \u017ce wi\u0119kszo\u015b\u0107 facet\u00f3w u\u017cywa jakiej\u015b wersji tych linii. A je\u015bli kiedykolwiek by\u0142e\u015b na ko\u0144cu odbieraj\u0105cym lini\u0119 odbioru, wiesz, \u017ce rzadko dzia\u0142aj\u0105.<\/p>\n\n<p>To dlatego, \u017ce linie odbioru s\u0105 oparte na fa\u0142szywej przes\u0142ance. Za\u0142o\u017cenie jest takie, \u017ce kobiety szukaj\u0105 m\u0119\u017cczyzn, kt\u00f3rzy s\u0105 na tyle zdesperowani, by powiedzie\u0107 takie rzeczy jak: &#8222;Hej, kochanie, chcesz wyj\u015b\u0107 dzi\u015b wieczorem?&#8221;<\/p>\n\n<p>Ale to po prostu nieprawda. Kobiety nie szukaj\u0105 zdesperowanych m\u0119\u017cczyzn. Szukaj\u0105 pewnych siebie m\u0119\u017cczyzn, kt\u00f3rzy czuj\u0105 si\u0119 wystarczaj\u0105co komfortowo, aby by\u0107 sob\u0105.<\/p>\n\n<p>A oto kicker: Wi\u0119kszo\u015b\u0107 kobiet jest wy\u0142\u0105czona przez linie odbioru. Wi\u0119c je\u015bli zamierzasz spr\u00f3bowa\u0107 podnie\u015b\u0107 dziewczyny, musisz przesta\u0107 my\u015ble\u0107 jak facet i zacz\u0105\u0107 my\u015ble\u0107 jak kobieta.<\/p>\n\n<p>Zamiast pr\u00f3bowa\u0107 wydawa\u0107 si\u0119 zdesperowanym, powiniene\u015b by\u0107 pewny siebie i przyst\u0119pny. Zamiast my\u015ble\u0107 jak facet, powinna\u015b my\u015ble\u0107 jak dziewczyna.<\/p>\n","protected":false},"excerpt":{"rendered":"<p>Linie pickup to \u015bwietny spos\u00f3b na odebranie kobiet. S\u0105 proste, bezpo\u015brednie i skuteczne. Ale wi\u0119kszo\u015b\u0107 facet\u00f3w nie jest w nich zbyt dobra. Oto kilka wskaz\u00f3wek, kt\u00f3re pomog\u0105 Ci ulepszy\u0107 gr\u0119. Po pierwsze, praktyka. Praktyka czyni mistrza. Linie pick-up to umiej\u0119tno\u015b\u0107, podobnie jak golf czy tenis. Im wi\u0119cej \u0107wiczysz, tym lepszy si\u0119 staniesz. Po drugie, b\u0105d\u017a pewny siebie. Pewno\u015b\u0107 siebie jest seksowna. Kobiety reaguj\u0105 na zaufanie. A kiedy jeste\u015b pewny siebie, jeste\u015b bardziej atrakcyjny. Po trzecie, u\u017cywaj humoru. Humor dzia\u0142a dobrze,&#8230;<\/p>\n<p class=\"read-more\"><a class=\"btn btn-default\" href=\"https:\/\/thisisnotagateway.net\/pl\/czy-linie-odbioru-faktycznie-dzialaja\/\"> Read More<span class=\"screen-reader-text\">  Read More<\/span><\/a><\/p>\n","protected":false},"author":1,"featured_media":0,"parent":0,"menu_order":0,"comment_status":"closed","ping_status":"closed","template":"","meta":[],"yoast_head":"<!-- This site is optimized with the Yoast SEO plugin v19.2 - https:\/\/yoast.com\/wordpress\/plugins\/seo\/ -->\n<title>- Recenzje Gateway Czy linie odbioru faktycznie dzia\u0142aj\u0105?<\/title>\n<meta name=\"robots\" content=\"index, follow, max-snippet:-1, max-image-preview:large, max-video-preview:-1\" \/>\n<link rel=\"canonical\" href=\"https:\/\/thisisnotagateway.net\/pl\/czy-linie-odbioru-faktycznie-dzialaja\/\" \/>\n<meta property=\"og:locale\" content=\"pl_PL\" \/>\n<meta property=\"og:type\" content=\"article\" \/>\n<meta property=\"og:title\" content=\"- Recenzje Gateway Czy linie odbioru faktycznie dzia\u0142aj\u0105?\" \/>\n<meta property=\"og:description\" content=\"Linie pickup to \u015bwietny spos\u00f3b na odebranie kobiet. S\u0105 proste, bezpo\u015brednie i skuteczne. Ale wi\u0119kszo\u015b\u0107 facet\u00f3w nie jest w nich zbyt dobra. Oto kilka wskaz\u00f3wek, kt\u00f3re pomog\u0105 Ci ulepszy\u0107 gr\u0119. Po pierwsze, praktyka. Praktyka czyni mistrza. Linie pick-up to umiej\u0119tno\u015b\u0107, podobnie jak golf czy tenis. Im wi\u0119cej \u0107wiczysz, tym lepszy si\u0119 staniesz. Po drugie, b\u0105d\u017a pewny siebie. Pewno\u015b\u0107 siebie jest seksowna. Kobiety reaguj\u0105 na zaufanie. A kiedy jeste\u015b pewny siebie, jeste\u015b bardziej atrakcyjny. Po trzecie, u\u017cywaj humoru. Humor dzia\u0142a dobrze,... Read More Read More\" \/>\n<meta property=\"og:url\" content=\"https:\/\/thisisnotagateway.net\/pl\/czy-linie-odbioru-faktycznie-dzialaja\/\" \/>\n<meta property=\"og:site_name\" content=\"Recenzje Gateway\" \/>\n<meta property=\"article:modified_time\" content=\"2022-07-03T14:23:26+00:00\" \/>\n<meta name=\"author\" content=\"Gateway\" \/>\n<meta name=\"twitter:card\" content=\"summary_large_image\" \/>\n<meta name=\"twitter:label1\" content=\"Szacowany czas czytania\" \/>\n\t<meta name=\"twitter:data1\" content=\"2 minuty\" \/>\n<script type=\"application\/ld+json\" class=\"yoast-schema-graph\">{\"@context\":\"https:\/\/schema.org\",\"@graph\":[{\"@type\":\"WebSite\",\"@id\":\"http:\/\/thisisnotagateway.net\/#website\",\"url\":\"http:\/\/thisisnotagateway.net\/\",\"name\":\"Recenzje Gateway\",\"description\":\"Relacje i randki Blog\",\"potentialAction\":[{\"@type\":\"SearchAction\",\"target\":{\"@type\":\"EntryPoint\",\"urlTemplate\":\"http:\/\/thisisnotagateway.net\/?s={search_term_string}\"},\"query-input\":\"required name=search_term_string\"}],\"inLanguage\":\"pl-PL\"},{\"@type\":\"WebPage\",\"@id\":\"https:\/\/thisisnotagateway.net\/pl\/czy-linie-odbioru-faktycznie-dzialaja\/#webpage\",\"url\":\"https:\/\/thisisnotagateway.net\/pl\/czy-linie-odbioru-faktycznie-dzialaja\/\",\"name\":\"- Recenzje Gateway Czy linie odbioru faktycznie dzia\u0142aj\u0105?\",\"isPartOf\":{\"@id\":\"http:\/\/thisisnotagateway.net\/#website\"},\"datePublished\":\"2022-07-03T13:34:30+00:00\",\"dateModified\":\"2022-07-03T14:23:26+00:00\",\"breadcrumb\":{\"@id\":\"https:\/\/thisisnotagateway.net\/pl\/czy-linie-odbioru-faktycznie-dzialaja\/#breadcrumb\"},\"inLanguage\":\"pl-PL\",\"potentialAction\":[{\"@type\":\"ReadAction\",\"target\":[\"https:\/\/thisisnotagateway.net\/pl\/czy-linie-odbioru-faktycznie-dzialaja\/\"]}]},{\"@type\":\"BreadcrumbList\",\"@id\":\"https:\/\/thisisnotagateway.net\/pl\/czy-linie-odbioru-faktycznie-dzialaja\/#breadcrumb\",\"itemListElement\":[{\"@type\":\"ListItem\",\"position\":1,\"name\":\"Dom\",\"item\":\"http:\/\/thisisnotagateway.net\/pl\/\"},{\"@type\":\"ListItem\",\"position\":2,\"name\":\"Czy linie odbioru faktycznie dzia\u0142aj\u0105?\"}]}]}<\/script>\n<!-- \/ Yoast SEO plugin. -->","yoast_head_json":{"title":"- Recenzje Gateway Czy linie odbioru faktycznie dzia\u0142aj\u0105?","robots":{"index":"index","follow":"follow","max-snippet":"max-snippet:-1","max-image-preview":"max-image-preview:large","max-video-preview":"max-video-preview:-1"},"canonical":"https:\/\/thisisnotagateway.net\/pl\/czy-linie-odbioru-faktycznie-dzialaja\/","og_locale":"pl_PL","og_type":"article","og_title":"- Recenzje Gateway Czy linie odbioru faktycznie dzia\u0142aj\u0105?","og_description":"Linie pickup to \u015bwietny spos\u00f3b na odebranie kobiet. S\u0105 proste, bezpo\u015brednie i skuteczne. Ale wi\u0119kszo\u015b\u0107 facet\u00f3w nie jest w nich zbyt dobra. Oto kilka wskaz\u00f3wek, kt\u00f3re pomog\u0105 Ci ulepszy\u0107 gr\u0119. Po pierwsze, praktyka. Praktyka czyni mistrza. Linie pick-up to umiej\u0119tno\u015b\u0107, podobnie jak golf czy tenis. Im wi\u0119cej \u0107wiczysz, tym lepszy si\u0119 staniesz. Po drugie, b\u0105d\u017a pewny siebie. Pewno\u015b\u0107 siebie jest seksowna. Kobiety reaguj\u0105 na zaufanie. A kiedy jeste\u015b pewny siebie, jeste\u015b bardziej atrakcyjny. Po trzecie, u\u017cywaj humoru. Humor dzia\u0142a dobrze,... Read More Read More","og_url":"https:\/\/thisisnotagateway.net\/pl\/czy-linie-odbioru-faktycznie-dzialaja\/","og_site_name":"Recenzje Gateway","article_modified_time":"2022-07-03T14:23:26+00:00","author":"Gateway","twitter_card":"summary_large_image","twitter_misc":{"Szacowany czas czytania":"2 minuty"},"schema":{"@context":"https:\/\/schema.org","@graph":[{"@type":"WebSite","@id":"http:\/\/thisisnotagateway.net\/#website","url":"http:\/\/thisisnotagateway.net\/","name":"Recenzje Gateway","description":"Relacje i randki Blog","potentialAction":[{"@type":"SearchAction","target":{"@type":"EntryPoint","urlTemplate":"http:\/\/thisisnotagateway.net\/?s={search_term_string}"},"query-input":"required name=search_term_string"}],"inLanguage":"pl-PL"},{"@type":"WebPage","@id":"https:\/\/thisisnotagateway.net\/pl\/czy-linie-odbioru-faktycznie-dzialaja\/#webpage","url":"https:\/\/thisisnotagateway.net\/pl\/czy-linie-odbioru-faktycznie-dzialaja\/","name":"- Recenzje Gateway Czy linie odbioru faktycznie dzia\u0142aj\u0105?","isPartOf":{"@id":"http:\/\/thisisnotagateway.net\/#website"},"datePublished":"2022-07-03T13:34:30+00:00","dateModified":"2022-07-03T14:23:26+00:00","breadcrumb":{"@id":"https:\/\/thisisnotagateway.net\/pl\/czy-linie-odbioru-faktycznie-dzialaja\/#breadcrumb"},"inLanguage":"pl-PL","potentialAction":[{"@type":"ReadAction","target":["https:\/\/thisisnotagateway.net\/pl\/czy-linie-odbioru-faktycznie-dzialaja\/"]}]},{"@type":"BreadcrumbList","@id":"https:\/\/thisisnotagateway.net\/pl\/czy-linie-odbioru-faktycznie-dzialaja\/#breadcrumb","itemListElement":[{"@type":"ListItem","position":1,"name":"Dom","item":"http:\/\/thisisnotagateway.net\/pl\/"},{"@type":"ListItem","position":2,"name":"Czy linie odbioru faktycznie dzia\u0142aj\u0105?"}]}]}},"_links":{"self":[{"href":"https:\/\/thisisnotagateway.net\/pl\/wp-json\/wp\/v2\/pages\/239"}],"collection":[{"href":"https:\/\/thisisnotagateway.net\/pl\/wp-json\/wp\/v2\/pages"}],"about":[{"href":"https:\/\/thisisnotagateway.net\/pl\/wp-json\/wp\/v2\/types\/page"}],"author":[{"embeddable":true,"href":"https:\/\/thisisnotagateway.net\/pl\/wp-json\/wp\/v2\/users\/1"}],"replies":[{"embeddable":true,"href":"https:\/\/thisisnotagateway.net\/pl\/wp-json\/wp\/v2\/comments?post=239"}],"version-history":[{"count":1,"href":"https:\/\/thisisnotagateway.net\/pl\/wp-json\/wp\/v2\/pages\/239\/revisions"}],"predecessor-version":[{"id":246,"href":"https:\/\/thisisnotagateway.net\/pl\/wp-json\/wp\/v2\/pages\/239\/revisions\/246"}],"wp:attachment":[{"href":"https:\/\/thisisnotagateway.net\/pl\/wp-json\/wp\/v2\/media?parent=239"}],"curies":[{"name":"wp","href":"https:\/\/api.w.org\/{rel}","templated":true}]}}