{"id":254,"date":"2022-07-03T14:33:27","date_gmt":"2022-07-03T13:33:27","guid":{"rendered":"http:\/\/thisisnotagateway.net\/rodzaje-aplikacji-randkowych\/"},"modified":"2022-07-07T15:31:27","modified_gmt":"2022-07-07T14:31:27","slug":"rodzaje-aplikacji-randkowych","status":"publish","type":"page","link":"https:\/\/thisisnotagateway.net\/pl\/rodzaje-aplikacji-randkowych\/","title":{"rendered":"Rodzaje aplikacji randkowych"},"content":{"rendered":"\r\n<p>Internetowe serwisy randkowe to \u015bwietne miejsca na poznanie kobiet, kt\u00f3re szukaj\u0105 m\u0119\u017cczyzn takich jak Ty. S\u0105 bezp\u0142atne, \u0142atwe w u\u017cyciu, a co najwa\u017cniejsze, bezpieczne.<\/p>\r\n\r\n<p>Istnieje wiele r\u00f3\u017cnych rodzaj\u00f3w internetowych serwis\u00f3w randkowych, w tym te koncentruj\u0105ce si\u0119 na konkretnych zainteresowaniach (np. Singli chrze\u015bcija\u0144skich), grupach wiekowych (np. Seniorzy), lokalizacji (np. Personel wojskowy), pochodzeniu etnicznym (np. Singli azjatyckich), religii (np. Singli \u017cydowskich) i orientacji seksualnej (np. Single homoseksualni).<\/p>\r\n\r\n<figure class=\"wp-block-image size-large\"><img loading=\"lazy\" width=\"1024\" height=\"734\" src=\"http:\/\/thisisnotagateway.net&#13;&#10;\/wp-content\/uploads\/2022\/07\/casual-dating-online-apps-1024x734.jpeg\" alt=\"\" class=\"wp-image-59\" srcset=\"https:\/\/thisisnotagateway.net\/wp-content\/uploads\/2022\/07\/casual-dating-online-apps-1024x734.jpeg 1024w, https:\/\/thisisnotagateway.net\/wp-content\/uploads\/2022\/07\/casual-dating-online-apps-300x215.jpeg 300w, https:\/\/thisisnotagateway.net\/wp-content\/uploads\/2022\/07\/casual-dating-online-apps-768x550.jpeg 768w, https:\/\/thisisnotagateway.net\/wp-content\/uploads\/2022\/07\/casual-dating-online-apps-1536x1100.jpeg 1536w, https:\/\/thisisnotagateway.net\/wp-content\/uploads\/2022\/07\/casual-dating-online-apps-2048x1467.jpeg 2048w\" sizes=\"(max-width: 1024px) 100vw, 1024px\" \/><\/figure>\r\n\r\n<h2>Jak to dzia\u0142a?<\/h2>\r\n\r\n<p>Je\u015bli jeste\u015b zainteresowany spotkaniem z kobietami online, jest kilka rzeczy, kt\u00f3re powiniene\u015b rozwa\u017cy\u0107 <a href=\"http:\/\/www.treffisivusto.com\/ilmainen-seksitreffi\/\">ilmainen seksitreffi<\/a> przed zarejestrowaniem si\u0119 na jakiejkolwiek stronie. Po pierwsze, b\u0105d\u017a szczery wobec siebie. Nie k\u0142am na temat swojego wieku, wzrostu, wagi, stanu cywilnego, przekona\u0144 religijnych, pogl\u0105d\u00f3w politycznych, zawodu, poziomu dochod\u00f3w, hobby itp.<\/p>\r\n\r\n<p>Po drugie, po\u015bwi\u0119\u0107 troch\u0119 czasu, aby dowiedzie\u0107 si\u0119 o polityce prywatno\u015bci witryny. Wiele witryn umo\u017cliwia u\u017cytkownikom wyszukiwanie cz\u0142onk\u00f3w na podstawie kryteri\u00f3w takich jak p\u0142e\u0107, wiek, obszar geograficzny, typ relacji itp. Oznacza to, \u017ce mo\u017cesz nie tylko znale\u017a\u0107 dopasowania na podstawie w\u0142asnych preferencji, ale tak\u017ce na podstawie preferencji innych.<\/p>\r\n\r\n<p>Po trzecie, zapoznaj si\u0119 z umow\u0105 u\u017cytkownika witryny. Niekt\u00f3re witryny wymagaj\u0105 od u\u017cytkownik\u00f3w uiszczenia miesi\u0119cznej op\u0142aty w celu uzyskania dost\u0119pu do niekt\u00f3rych funkcji, takich jak wysy\u0142anie wiadomo\u015bci lub wysy\u0142anie wiadomo\u015bci e-mail do innych cz\u0142onk\u00f3w. Inni ograniczaj\u0105 liczb\u0119 wiadomo\u015bci wysy\u0142anych dziennie lub tygodniowo.<\/p>\r\n\r\n<p>Na koniec nie zapomnij zadawa\u0107 pyta\u0144 podczas rejestracji w witrynie. Chcesz wiedzie\u0107, czy witryna umo\u017cliwia prywatn\u0105 komunikacj\u0119 z innymi cz\u0142onkami, jakiego rodzaju informacje zbieraj\u0105 od swoich cz\u0142onk\u00f3w i czy udost\u0119pniaj\u0105 te informacje stronom trzecim.<\/p>\r\n\r\n<h2>Wprowadzenie<\/h2>\r\n\r\n<p>Po zarejestrowaniu si\u0119 w witrynie spr\u00f3buj regularnie z niej korzysta\u0107. Upewnij si\u0119 <a href=\"http:\/\/www.paginas-de-sexo.com\/pagina-swingers\/\">swingers web<\/a>, \u017ce czerpiesz z tego korzy\u015bci, komunikuj\u0105c si\u0119 z innymi cz\u0142onkami, wysy\u0142aj\u0105c im e-maile i czytaj\u0105c ich profile.<\/p>\r\n\r\n<p>Wkr\u00f3tce odkryjesz, \u017ce randki online mog\u0105 by\u0107 \u015bwietn\u0105 zabaw\u0105 i \u015bwietnym sposobem na poznanie ludzi.<\/p>\r\n\r\n<p>Ale b\u0105d\u017a ostro\u017cny podczas rejestracji na tych stronach. Niekt\u00f3re witryny s\u0105 bezp\u0142atne, inne kosztuj\u0105, a niekt\u00f3re wymagaj\u0105 karty kredytowej. Upewnij si\u0119, \u017ce rozumiesz zasady przed rejestracj\u0105.<\/p>\r\n\r\n<p>Pami\u0119taj te\u017c, \u017ce wi\u0119kszo\u015b\u0107 internetowych serwis\u00f3w randkowych umo\u017cliwia przegl\u0105danie tylko profili os\u00f3b, kt\u00f3re zap\u0142aci\u0142y za cz\u0142onkostwo. Nie b\u0119dziesz wi\u0119c m\u00f3g\u0142 zobaczy\u0107 \u017cadnych bezp\u0142atnych profili cz\u0142onk\u00f3w.<\/p>\r\n","protected":false},"excerpt":{"rendered":"<p>Internetowe serwisy randkowe to \u015bwietne miejsca na poznanie kobiet, kt\u00f3re szukaj\u0105 m\u0119\u017cczyzn takich jak Ty. S\u0105 bezp\u0142atne, \u0142atwe w u\u017cyciu, a co najwa\u017cniejsze, bezpieczne. Istnieje wiele r\u00f3\u017cnych rodzaj\u00f3w internetowych serwis\u00f3w randkowych, w tym te koncentruj\u0105ce si\u0119 na konkretnych zainteresowaniach (np. Singli chrze\u015bcija\u0144skich), grupach wiekowych (np. Seniorzy), lokalizacji (np. Personel wojskowy), pochodzeniu etnicznym (np. Singli azjatyckich), religii (np. Singli \u017cydowskich) i orientacji seksualnej (np. Single homoseksualni). Jak to dzia\u0142a? Je\u015bli jeste\u015b zainteresowany spotkaniem z kobietami online, jest kilka rzeczy, kt\u00f3re powiniene\u015b&#8230;<\/p>\n<p class=\"read-more\"><a class=\"btn btn-default\" href=\"https:\/\/thisisnotagateway.net\/pl\/rodzaje-aplikacji-randkowych\/\"> Read More<span class=\"screen-reader-text\">  Read More<\/span><\/a><\/p>\n","protected":false},"author":1,"featured_media":0,"parent":0,"menu_order":0,"comment_status":"closed","ping_status":"closed","template":"","meta":[],"yoast_head":"<!-- This site is optimized with the Yoast SEO plugin v19.2 - https:\/\/yoast.com\/wordpress\/plugins\/seo\/ -->\n<title>- Recenzje Gateway Rodzaje aplikacji randkowych<\/title>\n<meta name=\"robots\" content=\"index, follow, max-snippet:-1, max-image-preview:large, max-video-preview:-1\" \/>\n<link rel=\"canonical\" href=\"https:\/\/thisisnotagateway.net\/pl\/rodzaje-aplikacji-randkowych\/\" \/>\n<meta property=\"og:locale\" content=\"pl_PL\" \/>\n<meta property=\"og:type\" content=\"article\" \/>\n<meta property=\"og:title\" content=\"- Recenzje Gateway Rodzaje aplikacji randkowych\" \/>\n<meta property=\"og:description\" content=\"Internetowe serwisy randkowe to \u015bwietne miejsca na poznanie kobiet, kt\u00f3re szukaj\u0105 m\u0119\u017cczyzn takich jak Ty. S\u0105 bezp\u0142atne, \u0142atwe w u\u017cyciu, a co najwa\u017cniejsze, bezpieczne. Istnieje wiele r\u00f3\u017cnych rodzaj\u00f3w internetowych serwis\u00f3w randkowych, w tym te koncentruj\u0105ce si\u0119 na konkretnych zainteresowaniach (np. Singli chrze\u015bcija\u0144skich), grupach wiekowych (np. Seniorzy), lokalizacji (np. Personel wojskowy), pochodzeniu etnicznym (np. Singli azjatyckich), religii (np. Singli \u017cydowskich) i orientacji seksualnej (np. Single homoseksualni). Jak to dzia\u0142a? Je\u015bli jeste\u015b zainteresowany spotkaniem z kobietami online, jest kilka rzeczy, kt\u00f3re powiniene\u015b... Read More Read More\" \/>\n<meta property=\"og:url\" content=\"https:\/\/thisisnotagateway.net\/pl\/rodzaje-aplikacji-randkowych\/\" \/>\n<meta property=\"og:site_name\" content=\"Recenzje Gateway\" \/>\n<meta property=\"article:modified_time\" content=\"2022-07-07T14:31:27+00:00\" \/>\n<meta name=\"author\" content=\"Gateway\" \/>\n<meta name=\"twitter:card\" content=\"summary_large_image\" \/>\n<meta name=\"twitter:label1\" content=\"Szacowany czas czytania\" \/>\n\t<meta name=\"twitter:data1\" content=\"2 minuty\" \/>\n<script type=\"application\/ld+json\" class=\"yoast-schema-graph\">{\"@context\":\"https:\/\/schema.org\",\"@graph\":[{\"@type\":\"WebSite\",\"@id\":\"http:\/\/thisisnotagateway.net\/#website\",\"url\":\"http:\/\/thisisnotagateway.net\/\",\"name\":\"Recenzje Gateway\",\"description\":\"Relacje i randki Blog\",\"potentialAction\":[{\"@type\":\"SearchAction\",\"target\":{\"@type\":\"EntryPoint\",\"urlTemplate\":\"http:\/\/thisisnotagateway.net\/?s={search_term_string}\"},\"query-input\":\"required name=search_term_string\"}],\"inLanguage\":\"pl-PL\"},{\"@type\":\"WebPage\",\"@id\":\"https:\/\/thisisnotagateway.net\/pl\/rodzaje-aplikacji-randkowych\/#webpage\",\"url\":\"https:\/\/thisisnotagateway.net\/pl\/rodzaje-aplikacji-randkowych\/\",\"name\":\"- Recenzje Gateway Rodzaje aplikacji randkowych\",\"isPartOf\":{\"@id\":\"http:\/\/thisisnotagateway.net\/#website\"},\"datePublished\":\"2022-07-03T13:33:27+00:00\",\"dateModified\":\"2022-07-07T14:31:27+00:00\",\"breadcrumb\":{\"@id\":\"https:\/\/thisisnotagateway.net\/pl\/rodzaje-aplikacji-randkowych\/#breadcrumb\"},\"inLanguage\":\"pl-PL\",\"potentialAction\":[{\"@type\":\"ReadAction\",\"target\":[\"https:\/\/thisisnotagateway.net\/pl\/rodzaje-aplikacji-randkowych\/\"]}]},{\"@type\":\"BreadcrumbList\",\"@id\":\"https:\/\/thisisnotagateway.net\/pl\/rodzaje-aplikacji-randkowych\/#breadcrumb\",\"itemListElement\":[{\"@type\":\"ListItem\",\"position\":1,\"name\":\"Dom\",\"item\":\"http:\/\/thisisnotagateway.net\/pl\/\"},{\"@type\":\"ListItem\",\"position\":2,\"name\":\"Rodzaje aplikacji randkowych\"}]}]}<\/script>\n<!-- \/ Yoast SEO plugin. -->","yoast_head_json":{"title":"- Recenzje Gateway Rodzaje aplikacji randkowych","robots":{"index":"index","follow":"follow","max-snippet":"max-snippet:-1","max-image-preview":"max-image-preview:large","max-video-preview":"max-video-preview:-1"},"canonical":"https:\/\/thisisnotagateway.net\/pl\/rodzaje-aplikacji-randkowych\/","og_locale":"pl_PL","og_type":"article","og_title":"- Recenzje Gateway Rodzaje aplikacji randkowych","og_description":"Internetowe serwisy randkowe to \u015bwietne miejsca na poznanie kobiet, kt\u00f3re szukaj\u0105 m\u0119\u017cczyzn takich jak Ty. S\u0105 bezp\u0142atne, \u0142atwe w u\u017cyciu, a co najwa\u017cniejsze, bezpieczne. Istnieje wiele r\u00f3\u017cnych rodzaj\u00f3w internetowych serwis\u00f3w randkowych, w tym te koncentruj\u0105ce si\u0119 na konkretnych zainteresowaniach (np. Singli chrze\u015bcija\u0144skich), grupach wiekowych (np. Seniorzy), lokalizacji (np. Personel wojskowy), pochodzeniu etnicznym (np. Singli azjatyckich), religii (np. Singli \u017cydowskich) i orientacji seksualnej (np. Single homoseksualni). Jak to dzia\u0142a? Je\u015bli jeste\u015b zainteresowany spotkaniem z kobietami online, jest kilka rzeczy, kt\u00f3re powiniene\u015b... Read More Read More","og_url":"https:\/\/thisisnotagateway.net\/pl\/rodzaje-aplikacji-randkowych\/","og_site_name":"Recenzje Gateway","article_modified_time":"2022-07-07T14:31:27+00:00","author":"Gateway","twitter_card":"summary_large_image","twitter_misc":{"Szacowany czas czytania":"2 minuty"},"schema":{"@context":"https:\/\/schema.org","@graph":[{"@type":"WebSite","@id":"http:\/\/thisisnotagateway.net\/#website","url":"http:\/\/thisisnotagateway.net\/","name":"Recenzje Gateway","description":"Relacje i randki Blog","potentialAction":[{"@type":"SearchAction","target":{"@type":"EntryPoint","urlTemplate":"http:\/\/thisisnotagateway.net\/?s={search_term_string}"},"query-input":"required name=search_term_string"}],"inLanguage":"pl-PL"},{"@type":"WebPage","@id":"https:\/\/thisisnotagateway.net\/pl\/rodzaje-aplikacji-randkowych\/#webpage","url":"https:\/\/thisisnotagateway.net\/pl\/rodzaje-aplikacji-randkowych\/","name":"- Recenzje Gateway Rodzaje aplikacji randkowych","isPartOf":{"@id":"http:\/\/thisisnotagateway.net\/#website"},"datePublished":"2022-07-03T13:33:27+00:00","dateModified":"2022-07-07T14:31:27+00:00","breadcrumb":{"@id":"https:\/\/thisisnotagateway.net\/pl\/rodzaje-aplikacji-randkowych\/#breadcrumb"},"inLanguage":"pl-PL","potentialAction":[{"@type":"ReadAction","target":["https:\/\/thisisnotagateway.net\/pl\/rodzaje-aplikacji-randkowych\/"]}]},{"@type":"BreadcrumbList","@id":"https:\/\/thisisnotagateway.net\/pl\/rodzaje-aplikacji-randkowych\/#breadcrumb","itemListElement":[{"@type":"ListItem","position":1,"name":"Dom","item":"http:\/\/thisisnotagateway.net\/pl\/"},{"@type":"ListItem","position":2,"name":"Rodzaje aplikacji randkowych"}]}]}},"_links":{"self":[{"href":"https:\/\/thisisnotagateway.net\/pl\/wp-json\/wp\/v2\/pages\/254"}],"collection":[{"href":"https:\/\/thisisnotagateway.net\/pl\/wp-json\/wp\/v2\/pages"}],"about":[{"href":"https:\/\/thisisnotagateway.net\/pl\/wp-json\/wp\/v2\/types\/page"}],"author":[{"embeddable":true,"href":"https:\/\/thisisnotagateway.net\/pl\/wp-json\/wp\/v2\/users\/1"}],"replies":[{"embeddable":true,"href":"https:\/\/thisisnotagateway.net\/pl\/wp-json\/wp\/v2\/comments?post=254"}],"version-history":[{"count":2,"href":"https:\/\/thisisnotagateway.net\/pl\/wp-json\/wp\/v2\/pages\/254\/revisions"}],"predecessor-version":[{"id":358,"href":"https:\/\/thisisnotagateway.net\/pl\/wp-json\/wp\/v2\/pages\/254\/revisions\/358"}],"wp:attachment":[{"href":"https:\/\/thisisnotagateway.net\/pl\/wp-json\/wp\/v2\/media?parent=254"}],"curies":[{"name":"wp","href":"https:\/\/api.w.org\/{rel}","templated":true}]}}