{"id":275,"date":"2022-07-03T13:31:58","date_gmt":"2022-07-03T12:31:58","guid":{"rendered":"http:\/\/thisisnotagateway.net\/gateway-jedyny-blog-randkowy-ktorego-potrzebujesz\/"},"modified":"2022-07-18T16:29:26","modified_gmt":"2022-07-18T15:29:26","slug":"gateway-jedyny-blog-randkowy-ktorego-potrzebujesz","status":"publish","type":"page","link":"https:\/\/thisisnotagateway.net\/pl\/","title":{"rendered":"Gateway: Jedyny blog randkowy, kt\u00f3rego potrzebujesz!"},"content":{"rendered":"\r\n<h2>Znalezienie nowego partnera<\/h2>\r\n\r\n<p>Je\u015bli jeste\u015b singlem, masz wiele do zrobienia. Jeste\u015b m\u0142ody, atrakcyjny, inteligentny, zabawny i masz \u015bwietn\u0105 prac\u0119. Ale nie ma potrzeby zadowala\u0107 si\u0119 byle jakim facetem. Zamiast tego znajd\u017a m\u0119\u017cczyzn\u0119, kt\u00f3ry podziela twoje zainteresowania, warto\u015bci i cele.<\/p>\r\n\r\n<p>Oznacza to znalezienie m\u0119\u017cczyzny, kt\u00f3ry lubi sport, czytanie, podr\u00f3\u017cowanie i zabaw\u0119. I powinien by\u0107 got\u00f3w podzieli\u0107 si\u0119 z tob\u0105 swoim \u017cyciem.<\/p>\r\n\r\n<p>Je\u015bli szukasz <a href=\"https:\/\/thisisnotagateway.net\/types-of-dating-apps\/\">nowego partnera<\/a>, musisz by\u0107 otwarty na poznawanie nowych ludzi. Ale musisz tak\u017ce uwa\u017ca\u0107, aby nie marnowa\u0107 zbyt wiele czasu na kogo\u015b, kto nie jest dla ciebie odpowiedni. Dlatego wa\u017cne jest, aby pozna\u0107 wielu ludzi. Im wi\u0119cej os\u00f3b spotkasz, tym wi\u0119ksze masz szanse na znalezienie kompatybilnego partnera. Ale nie id\u017a tam i nie spotykaj si\u0119 ze wszystkimi. Zamiast tego skorzystaj z internetowych serwis\u00f3w randkowych, aby znale\u017a\u0107 ludzi, kt\u00f3rzy maj\u0105 podobne zainteresowania, hobby i warto\u015bci. W ten spos\u00f3b b\u0119dziesz w stanie zaw\u0119zi\u0107 wyszukiwanie i wyeliminowa\u0107 ka\u017cdego, kto nie spe\u0142nia Twoich kryteri\u00f3w.<\/p>\r\n\r\n<p>Internetowe serwisy randkowe s\u0105 \u015bwietne, poniewa\u017c pozwalaj\u0105 filtrowa\u0107 tysi\u0105ce profili na podstawie preferencji. Ponadto mo\u017cesz \u0142atwo komunikowa\u0107 si\u0119 z innymi za po\u015brednictwem poczty e-mail, czatu i po\u0142\u0105cze\u0144 telefonicznych. Po znalezieniu osoby, z kt\u00f3r\u0105 chcesz si\u0119 um\u00f3wi\u0107, zadaj jej pytania na sw\u00f3j temat. Zapytaj mi\u0119dzy innymi o ich rodzin\u0119, karier\u0119, hobby i warto\u015bci.<\/p>\r\n\r\n<p>Nast\u0119pnie, gdy poczujesz si\u0119 wystarczaj\u0105co komfortowo, mo\u017cesz i\u015b\u0107 naprz\u00f3d ze swoim zwi\u0105zkiem. Internetowe serwisy randkowe to \u015bwietne miejsca na spotkania singli, kt\u00f3rzy maj\u0105 podobne zainteresowania. S\u0105 r\u00f3wnie\u017c bezp\u0142atne, co czyni je idealnymi dla pocz\u0105tkuj\u0105cych.<\/p>\r\n<div class=\"wp-block-image\">\r\n<figure class=\"aligncenter size-large is-resized\"><img loading=\"lazy\" src=\"http:\/\/thisisnotagateway.net&#10;\/wp-content\/uploads\/2022\/07\/casual-dating-online-apps-1024x734.jpeg\" alt=\"\" class=\"wp-image-59\" width=\"541\" height=\"387\" srcset=\"https:\/\/thisisnotagateway.net\/wp-content\/uploads\/2022\/07\/casual-dating-online-apps-1024x734.jpeg 1024w, https:\/\/thisisnotagateway.net\/wp-content\/uploads\/2022\/07\/casual-dating-online-apps-300x215.jpeg 300w, https:\/\/thisisnotagateway.net\/wp-content\/uploads\/2022\/07\/casual-dating-online-apps-768x550.jpeg 768w, https:\/\/thisisnotagateway.net\/wp-content\/uploads\/2022\/07\/casual-dating-online-apps-1536x1100.jpeg 1536w, https:\/\/thisisnotagateway.net\/wp-content\/uploads\/2022\/07\/casual-dating-online-apps-2048x1467.jpeg 2048w\" sizes=\"(max-width: 541px) 100vw, 541px\" \/><\/figure><\/div>\r\n<p>Je\u015bli powa\u017cnie my\u015blisz o znalezieniu mi\u0142o\u015bci, wypr\u00f3buj witryn\u0119, kt\u00f3ra oferuje zar\u00f3wno bezp\u0142atne, jak i p\u0142atne cz\u0142onkostwo. Je\u015bli szukasz zwi\u0105zku, istnieje wiele sposob\u00f3w na poznanie nowego partnera. Jednym ze sposob\u00f3w s\u0105 internetowe serwisy randkowe. Innym s\u0105 przyjaciele, rodzina lub wsp\u00f3\u0142pracownicy. Jeszcze innym s\u0105 serwisy spo\u0142eczno\u015bciowe, takie jak Facebook, Twitter, Instagram, LinkedIn itp. Internetowe <a href=\"http:\/\/www.sexrandki.org\">najlepsze portale randkowe<\/a> s\u0105 \u015bwietne, poniewa\u017c pozwalaj\u0105 wyszukiwa\u0107 potencjalnych partner\u00f3w na podstawie kryteri\u00f3w, kt\u00f3re s\u0105 dla Ciebie najwa\u017cniejsze. Na przyk\u0142ad mo\u017cesz szuka\u0107 d\u0142ugoterminowego zwi\u0105zku, kr\u00f3tkoterminowego flirtu lub po prostu pod\u0142\u0105czenia.<\/p>\r\n\r\n<p>Szukaj\u0105c partnera, pami\u0119taj, \u017ce powiniene\u015b korzysta\u0107 tylko z internetowych serwis\u00f3w randkowych, kt\u00f3re zaspokajaj\u0105 Twoje potrzeby. W przeciwnym razie mo\u017cesz sko\u0144czy\u0107 marnuj\u0105c czas i pieni\u0105dze na z\u0142y mecz.<\/p>\r\n\r\n<h2>Czy powiniene\u015b zacz\u0105\u0107 randki online?<\/h2>\r\n\r\n<p>Je\u015bli szukasz mi\u0142o\u015bci, musisz si\u0119 tam postawi\u0107. Zacznij od do\u0142\u0105czenia do internetowych serwis\u00f3w randkowych, takich jak Match.com, eHarmony, PlentyOfFish, Zoosk, OkCupid i Tinder. Po znalezieniu witryny, kt\u00f3ra dzia\u0142a dla Ciebie, zarejestruj si\u0119 i utw\u00f3rz profil. Nast\u0119pnie u\u017cyj swojego profilu, aby wyszuka\u0107 dopasowania.<\/p>\r\n\r\n<p>Kiedy znajdziesz dopasowanie, wy\u015blij im przyjazny e-mail przedstawiaj\u0105cy si\u0119 i prosz\u0105cy o kaw\u0119 lub napoje. Je\u015bli powiedz\u0105 &#8222;tak&#8221;, zabierz je na kolacj\u0119 lub drinka. Nast\u0119pnie wypro\u015b ich ponownie. Powtarzaj ten proces, a\u017c znajdziesz kogo\u015b, kto ci\u0119 uszcz\u0119\u015bliwi.<\/p>\r\n\r\n<p>Gdy znajdziesz dopasowanie, zadaj mu pytania o siebie. sk o swoich hobby, ulubionych filmach, ksi\u0105\u017ckach, muzyce i miejscach, kt\u00f3re chcia\u0142by odwiedzi\u0107. Nast\u0119pnie opowiedz mu o sobie. Opowiedz mu o swoich pasjach, marzeniach i celach. Nie zapomnij do\u0142\u0105czy\u0107 swoich zdj\u0119\u0107. Im wi\u0119cej zdj\u0119\u0107 wy\u015blesz, tym lepiej.<\/p>\r\n\r\n<p>I pami\u0119taj, \u017ce wi\u0119kszo\u015b\u0107 facet\u00f3w szuka d\u0142ugoterminowego zwi\u0105zku, a nie po\u0142\u0105czenia. Wi\u0119c utrzymuj rzeczy powolne i stabilne <a href=\"http:\/\/www.darmowe-sex-randki.com\">Darmowe-Sex-Randki.com<\/a>, dop\u00f3ki nie znajdziesz w\u0142a\u015bciwej osoby. Randki online s\u0105 bezp\u0142atne, ale niekoniecznie \u0142atwe. Potrzeba cierpliwo\u015bci, wytrwa\u0142o\u015bci i praktyki, aby znale\u017a\u0107 kompatybilnego partnera. Je\u015bli szukasz d\u0142ugoterminowego zwi\u0105zku, randki online mog\u0105 by\u0107 w\u0142a\u015bnie dla Ciebie. Je\u015bli jednak chcesz tylko spotka\u0107 si\u0119 z przyjaci\u00f3\u0142mi, randki online nie s\u0105 w\u0142a\u015bciw\u0105 drog\u0105.<\/p>\r\n\r\n<p>Istnieje wiele r\u00f3\u017cnych rodzaj\u00f3w internetowych serwis\u00f3w randkowych, z kt\u00f3rych ka\u017cdy ma swoje unikalne funkcje. Niekt\u00f3re witryny umo\u017cliwiaj\u0105 cz\u0142onkom czatowanie z innymi, podczas gdy inne pozwalaj\u0105 im tylko wysy\u0142a\u0107 wiadomo\u015bci. Niekt\u00f3re witryny wymagaj\u0105 od cz\u0142onk\u00f3w uiszczania miesi\u0119cznych op\u0142at, podczas gdy inne oferuj\u0105 bezp\u0142atne cz\u0142onkostwo. Niekt\u00f3re witryny wymagaj\u0105 od cz\u0142onk\u00f3w wype\u0142niania szczeg\u00f3\u0142owych profili, podczas gdy inne prosz\u0105 o bardzo ma\u0142o informacji. Niekt\u00f3re witryny s\u0105 przeznaczone wy\u0142\u0105cznie dla doros\u0142ych, podczas gdy inne s\u0105 przeznaczone dla nastolatk\u00f3w.<\/p>\r\n<div class=\"wp-block-image\">\r\n<figure class=\"aligncenter size-large is-resized\"><img loading=\"lazy\" src=\"http:\/\/thisisnotagateway.net&#10;\/wp-content\/uploads\/2022\/07\/why-dating-apps-work-1024x683.jpeg\" alt=\"\" class=\"wp-image-61\" width=\"394\" height=\"262\" srcset=\"https:\/\/thisisnotagateway.net\/wp-content\/uploads\/2022\/07\/why-dating-apps-work-1024x683.jpeg 1024w, https:\/\/thisisnotagateway.net\/wp-content\/uploads\/2022\/07\/why-dating-apps-work-300x200.jpeg 300w, https:\/\/thisisnotagateway.net\/wp-content\/uploads\/2022\/07\/why-dating-apps-work-768x512.jpeg 768w, https:\/\/thisisnotagateway.net\/wp-content\/uploads\/2022\/07\/why-dating-apps-work-1536x1024.jpeg 1536w, https:\/\/thisisnotagateway.net\/wp-content\/uploads\/2022\/07\/why-dating-apps-work-2048x1365.jpeg 2048w\" sizes=\"(max-width: 394px) 100vw, 394px\" \/><\/figure><\/div>\r\n<p>Por\u00f3wnuj\u0105c witryny, we\u017a pod uwag\u0119 nast\u0119puj\u0105ce czynniki:<\/p>\r\n\r\n<h3>Koszt<\/h3>\r\n\r\n<p>Niekt\u00f3re witryny oferuj\u0105 bezp\u0142atne cz\u0142onkostwo, podczas gdy inne wymagaj\u0105 p\u0142atnego cz\u0142onkostwa. Bezp\u0142atne witryny mog\u0105 nie zezwala\u0107 na wyszukiwanie dopasowa\u0144 na podstawie okre\u015blonych kryteri\u00f3w, takich jak wiek, lokalizacja lub poziom dochod\u00f3w. P\u0142atne witryny zwykle zawieraj\u0105 te opcje.<\/p>\r\n\r\n<h3>Funkcje<\/h3>\r\n\r\n<p>Niekt\u00f3re witryny umo\u017cliwiaj\u0105 u\u017cytkownikom tylko wy\u015bwietlanie profili, podczas gdy inne umo\u017cliwiaj\u0105 wysy\u0142anie wiadomo\u015bci i czatowanie z innymi cz\u0142onkami. Niekt\u00f3re witryny umo\u017cliwiaj\u0105 przesy\u0142anie zdj\u0119\u0107, podczas gdy inne ograniczaj\u0105 wy\u015bwietlanie zdj\u0119\u0107 przes\u0142anych przez innych cz\u0142onk\u00f3w.<\/p>\r\n\r\n<h3>Bezpiecze\u0144stwo<\/h3>\r\n\r\n<p>Wiele witryn u\u017cywa pyta\u0144 zabezpieczaj\u0105cych do weryfikacji To\u017csamo\u015bci podczas rejestracji. Inne osoby prosz\u0105 o podanie danych osobowych, takich jak data urodzenia, adres i numer telefonu. Upewnij si\u0119, \u017ce witryna korzysta z bezpiecznych serwer\u00f3w i technologii szyfrowania w celu ochrony Twoich danych osobowych.<\/p>\r\n\r\n<h3>Wra\u017cenia u\u017cytkownika<\/h3>\r\n\r\n<p>Niekt\u00f3re witryny s\u0105 przeznaczone g\u0142\u00f3wnie do przypadkowych randek, podczas gdy inne zaspokajaj\u0105 powa\u017cne relacje. Sp\u00f3jrz na recenzje cz\u0142onk\u00f3w i opinie, aby ustali\u0107, czy witryna jest przeznaczona dla os\u00f3b szukaj\u0105cych d\u0142ugoterminowych relacji, czy tylko pod\u0142\u0105cze\u0144.<\/p>\r\n\r\n<h3>Integracja z mediami spo\u0142eczno\u015bciowymi<\/h3>\r\n\r\n<p>Czy witryna integruje narz\u0119dzia sieci spo\u0142eczno\u015bciowych, takie jak Facebook i Twitter, aby pom\u00f3c Ci nawi\u0105za\u0107 kontakt z innymi cz\u0142onkami?<\/p>\r\n\r\n<h3>Kompatybilno\u015b\u0107 z urz\u0105dzeniami mobilnymi<\/h3>\r\n\r\n<p>Wi\u0119kszo\u015b\u0107 witryn dzia\u0142a dobrze na komputerach stacjonarnych, ale niekt\u00f3re nie obs\u0142uguj\u0105 urz\u0105dze\u0144 mobilnych. Nadal jednak mo\u017cesz uzyska\u0107 dost\u0119p do wi\u0119kszo\u015bci witryn ze smartfon\u00f3w i tablet\u00f3w.<\/p>\r\n\r\n<h2>Co dalej?<\/h2>\r\n\r\n<p>Po zaw\u0119\u017ceniu listy <a href=\"https:\/\/thisisnotagateway.net\/do-pickup-lines-actually-work\/\">internetowych serwis\u00f3w randkowych<\/a> odwied\u017a ka\u017cd\u0105 witryn\u0119 i zwr\u00f3\u0107 uwag\u0119 na ich zalety i wady. Nast\u0119pnie zdecyduj, kt\u00f3ra strona najlepiej odpowiada Twoim potrzebom. Je\u015bli dopiero zaczynasz randki online, spr\u00f3buj skorzysta\u0107 z bezp\u0142atnej witryny przez miesi\u0105c lub dwa, aby poczu\u0107, co dzia\u0142a, a co nie dzia\u0142a dla Ciebie. Po znalezieniu witryny, kt\u00f3ra odpowiada Twoim potrzebom, zap\u0142a\u0107 za cz\u0142onkostwo premium, aby odblokowa\u0107 dodatkowe funkcje. B\u0119dziesz chcia\u0142 mie\u0107 oko na wyci\u0105g z karty kredytowej po zap\u0142aceniu za cz\u0142onkostwo premium. Pami\u0119taj, aby anulowa\u0107 ka\u017cd\u0105 subskrypcj\u0119 cykliczn\u0105, je\u015bli ju\u017c jej nie potrzebujesz.<\/p>\r\n","protected":false},"excerpt":{"rendered":"<p>Znalezienie nowego partnera Je\u015bli jeste\u015b singlem, masz wiele do zrobienia. Jeste\u015b m\u0142ody, atrakcyjny, inteligentny, zabawny i masz \u015bwietn\u0105 prac\u0119. Ale nie ma potrzeby zadowala\u0107 si\u0119 byle jakim facetem. Zamiast tego znajd\u017a m\u0119\u017cczyzn\u0119, kt\u00f3ry podziela twoje zainteresowania, warto\u015bci i cele. Oznacza to znalezienie m\u0119\u017cczyzny, kt\u00f3ry lubi sport, czytanie, podr\u00f3\u017cowanie i zabaw\u0119. I powinien by\u0107 got\u00f3w podzieli\u0107 si\u0119 z tob\u0105 swoim \u017cyciem. Je\u015bli szukasz nowego partnera, musisz by\u0107 otwarty na poznawanie nowych ludzi. Ale musisz tak\u017ce uwa\u017ca\u0107, aby nie marnowa\u0107 zbyt wiele&#8230;<\/p>\n<p class=\"read-more\"><a class=\"btn btn-default\" href=\"https:\/\/thisisnotagateway.net\/pl\/\"> Read More<span class=\"screen-reader-text\">  Read More<\/span><\/a><\/p>\n","protected":false},"author":1,"featured_media":79,"parent":0,"menu_order":0,"comment_status":"closed","ping_status":"closed","template":"","meta":[],"yoast_head":"<!-- This site is optimized with the Yoast SEO plugin v19.2 - https:\/\/yoast.com\/wordpress\/plugins\/seo\/ -->\n<title>- Recenzje Gateway Gateway: Jedyny blog randkowy, kt\u00f3rego potrzebujesz!<\/title>\n<meta name=\"robots\" content=\"index, follow, max-snippet:-1, max-image-preview:large, max-video-preview:-1\" \/>\n<link rel=\"canonical\" href=\"https:\/\/thisisnotagateway.net\/pl\/\" \/>\n<meta property=\"og:locale\" content=\"pl_PL\" \/>\n<meta property=\"og:type\" content=\"article\" \/>\n<meta property=\"og:title\" content=\"- Recenzje Gateway Gateway: Jedyny blog randkowy, kt\u00f3rego potrzebujesz!\" \/>\n<meta property=\"og:description\" content=\"Znalezienie nowego partnera Je\u015bli jeste\u015b singlem, masz wiele do zrobienia. Jeste\u015b m\u0142ody, atrakcyjny, inteligentny, zabawny i masz \u015bwietn\u0105 prac\u0119. Ale nie ma potrzeby zadowala\u0107 si\u0119 byle jakim facetem. Zamiast tego znajd\u017a m\u0119\u017cczyzn\u0119, kt\u00f3ry podziela twoje zainteresowania, warto\u015bci i cele. Oznacza to znalezienie m\u0119\u017cczyzny, kt\u00f3ry lubi sport, czytanie, podr\u00f3\u017cowanie i zabaw\u0119. I powinien by\u0107 got\u00f3w podzieli\u0107 si\u0119 z tob\u0105 swoim \u017cyciem. Je\u015bli szukasz nowego partnera, musisz by\u0107 otwarty na poznawanie nowych ludzi. Ale musisz tak\u017ce uwa\u017ca\u0107, aby nie marnowa\u0107 zbyt wiele... Read More Read More\" \/>\n<meta property=\"og:url\" content=\"https:\/\/thisisnotagateway.net\/pl\/\" \/>\n<meta property=\"og:site_name\" content=\"Recenzje Gateway\" \/>\n<meta property=\"article:modified_time\" content=\"2022-07-18T15:29:26+00:00\" \/>\n<meta property=\"og:image\" content=\"http:\/\/thisisnotagateway.net\/wp-content\/uploads\/2022\/07\/online-hooup-apps-our-advice.jpeg\" \/>\n\t<meta property=\"og:image:width\" content=\"1125\" \/>\n\t<meta property=\"og:image:height\" content=\"750\" \/>\n\t<meta property=\"og:image:type\" content=\"image\/jpeg\" \/>\n<meta name=\"author\" content=\"Gateway\" \/>\n<meta name=\"twitter:card\" content=\"summary_large_image\" \/>\n<meta name=\"twitter:label1\" content=\"Szacowany czas czytania\" \/>\n\t<meta name=\"twitter:data1\" content=\"6 minut\" \/>\n<script type=\"application\/ld+json\" class=\"yoast-schema-graph\">{\"@context\":\"https:\/\/schema.org\",\"@graph\":[{\"@type\":\"WebSite\",\"@id\":\"http:\/\/thisisnotagateway.net\/#website\",\"url\":\"http:\/\/thisisnotagateway.net\/\",\"name\":\"Recenzje Gateway\",\"description\":\"Relacje i randki Blog\",\"potentialAction\":[{\"@type\":\"SearchAction\",\"target\":{\"@type\":\"EntryPoint\",\"urlTemplate\":\"http:\/\/thisisnotagateway.net\/?s={search_term_string}\"},\"query-input\":\"required name=search_term_string\"}],\"inLanguage\":\"pl-PL\"},{\"@type\":\"ImageObject\",\"inLanguage\":\"pl-PL\",\"@id\":\"https:\/\/thisisnotagateway.net\/pl\/#primaryimage\",\"url\":\"https:\/\/thisisnotagateway.net\/wp-content\/uploads\/2022\/07\/online-hooup-apps-our-advice.jpeg\",\"contentUrl\":\"https:\/\/thisisnotagateway.net\/wp-content\/uploads\/2022\/07\/online-hooup-apps-our-advice.jpeg\",\"width\":1125,\"height\":750},{\"@type\":\"WebPage\",\"@id\":\"https:\/\/thisisnotagateway.net\/pl\/#webpage\",\"url\":\"https:\/\/thisisnotagateway.net\/pl\/\",\"name\":\"- Recenzje Gateway Gateway: Jedyny blog randkowy, kt\u00f3rego potrzebujesz!\",\"isPartOf\":{\"@id\":\"http:\/\/thisisnotagateway.net\/#website\"},\"primaryImageOfPage\":{\"@id\":\"https:\/\/thisisnotagateway.net\/pl\/#primaryimage\"},\"datePublished\":\"2022-07-03T12:31:58+00:00\",\"dateModified\":\"2022-07-18T15:29:26+00:00\",\"breadcrumb\":{\"@id\":\"https:\/\/thisisnotagateway.net\/pl\/#breadcrumb\"},\"inLanguage\":\"pl-PL\",\"potentialAction\":[{\"@type\":\"ReadAction\",\"target\":[\"https:\/\/thisisnotagateway.net\/pl\/\"]}]},{\"@type\":\"BreadcrumbList\",\"@id\":\"https:\/\/thisisnotagateway.net\/pl\/#breadcrumb\",\"itemListElement\":[{\"@type\":\"ListItem\",\"position\":1,\"name\":\"Dom\",\"item\":\"http:\/\/thisisnotagateway.net\/pl\/\"},{\"@type\":\"ListItem\",\"position\":2,\"name\":\"Gateway: Jedyny blog randkowy, kt\u00f3rego potrzebujesz!\"}]}]}<\/script>\n<!-- \/ Yoast SEO plugin. -->","yoast_head_json":{"title":"- Recenzje Gateway Gateway: Jedyny blog randkowy, kt\u00f3rego potrzebujesz!","robots":{"index":"index","follow":"follow","max-snippet":"max-snippet:-1","max-image-preview":"max-image-preview:large","max-video-preview":"max-video-preview:-1"},"canonical":"https:\/\/thisisnotagateway.net\/pl\/","og_locale":"pl_PL","og_type":"article","og_title":"- Recenzje Gateway Gateway: Jedyny blog randkowy, kt\u00f3rego potrzebujesz!","og_description":"Znalezienie nowego partnera Je\u015bli jeste\u015b singlem, masz wiele do zrobienia. Jeste\u015b m\u0142ody, atrakcyjny, inteligentny, zabawny i masz \u015bwietn\u0105 prac\u0119. Ale nie ma potrzeby zadowala\u0107 si\u0119 byle jakim facetem. Zamiast tego znajd\u017a m\u0119\u017cczyzn\u0119, kt\u00f3ry podziela twoje zainteresowania, warto\u015bci i cele. Oznacza to znalezienie m\u0119\u017cczyzny, kt\u00f3ry lubi sport, czytanie, podr\u00f3\u017cowanie i zabaw\u0119. I powinien by\u0107 got\u00f3w podzieli\u0107 si\u0119 z tob\u0105 swoim \u017cyciem. Je\u015bli szukasz nowego partnera, musisz by\u0107 otwarty na poznawanie nowych ludzi. Ale musisz tak\u017ce uwa\u017ca\u0107, aby nie marnowa\u0107 zbyt wiele... Read More Read More","og_url":"https:\/\/thisisnotagateway.net\/pl\/","og_site_name":"Recenzje Gateway","article_modified_time":"2022-07-18T15:29:26+00:00","og_image":[{"width":1125,"height":750,"url":"http:\/\/thisisnotagateway.net\/wp-content\/uploads\/2022\/07\/online-hooup-apps-our-advice.jpeg","type":"image\/jpeg"}],"author":"Gateway","twitter_card":"summary_large_image","twitter_misc":{"Szacowany czas czytania":"6 minut"},"schema":{"@context":"https:\/\/schema.org","@graph":[{"@type":"WebSite","@id":"http:\/\/thisisnotagateway.net\/#website","url":"http:\/\/thisisnotagateway.net\/","name":"Recenzje Gateway","description":"Relacje i randki Blog","potentialAction":[{"@type":"SearchAction","target":{"@type":"EntryPoint","urlTemplate":"http:\/\/thisisnotagateway.net\/?s={search_term_string}"},"query-input":"required name=search_term_string"}],"inLanguage":"pl-PL"},{"@type":"ImageObject","inLanguage":"pl-PL","@id":"https:\/\/thisisnotagateway.net\/pl\/#primaryimage","url":"https:\/\/thisisnotagateway.net\/wp-content\/uploads\/2022\/07\/online-hooup-apps-our-advice.jpeg","contentUrl":"https:\/\/thisisnotagateway.net\/wp-content\/uploads\/2022\/07\/online-hooup-apps-our-advice.jpeg","width":1125,"height":750},{"@type":"WebPage","@id":"https:\/\/thisisnotagateway.net\/pl\/#webpage","url":"https:\/\/thisisnotagateway.net\/pl\/","name":"- Recenzje Gateway Gateway: Jedyny blog randkowy, kt\u00f3rego potrzebujesz!","isPartOf":{"@id":"http:\/\/thisisnotagateway.net\/#website"},"primaryImageOfPage":{"@id":"https:\/\/thisisnotagateway.net\/pl\/#primaryimage"},"datePublished":"2022-07-03T12:31:58+00:00","dateModified":"2022-07-18T15:29:26+00:00","breadcrumb":{"@id":"https:\/\/thisisnotagateway.net\/pl\/#breadcrumb"},"inLanguage":"pl-PL","potentialAction":[{"@type":"ReadAction","target":["https:\/\/thisisnotagateway.net\/pl\/"]}]},{"@type":"BreadcrumbList","@id":"https:\/\/thisisnotagateway.net\/pl\/#breadcrumb","itemListElement":[{"@type":"ListItem","position":1,"name":"Dom","item":"http:\/\/thisisnotagateway.net\/pl\/"},{"@type":"ListItem","position":2,"name":"Gateway: Jedyny blog randkowy, kt\u00f3rego potrzebujesz!"}]}]}},"_links":{"self":[{"href":"https:\/\/thisisnotagateway.net\/pl\/wp-json\/wp\/v2\/pages\/275"}],"collection":[{"href":"https:\/\/thisisnotagateway.net\/pl\/wp-json\/wp\/v2\/pages"}],"about":[{"href":"https:\/\/thisisnotagateway.net\/pl\/wp-json\/wp\/v2\/types\/page"}],"author":[{"embeddable":true,"href":"https:\/\/thisisnotagateway.net\/pl\/wp-json\/wp\/v2\/users\/1"}],"replies":[{"embeddable":true,"href":"https:\/\/thisisnotagateway.net\/pl\/wp-json\/wp\/v2\/comments?post=275"}],"version-history":[{"count":2,"href":"https:\/\/thisisnotagateway.net\/pl\/wp-json\/wp\/v2\/pages\/275\/revisions"}],"predecessor-version":[{"id":370,"href":"https:\/\/thisisnotagateway.net\/pl\/wp-json\/wp\/v2\/pages\/275\/revisions\/370"}],"wp:featuredmedia":[{"embeddable":true,"href":"https:\/\/thisisnotagateway.net\/pl\/wp-json\/wp\/v2\/media\/79"}],"wp:attachment":[{"href":"https:\/\/thisisnotagateway.net\/pl\/wp-json\/wp\/v2\/media?parent=275"}],"curies":[{"name":"wp","href":"https:\/\/api.w.org\/{rel}","templated":true}]}}