{"id":145,"date":"2022-07-03T15:10:07","date_gmt":"2022-07-03T14:10:07","guid":{"rendered":"http:\/\/thisisnotagateway.net\/hitta-en-match\/"},"modified":"2022-07-03T15:22:57","modified_gmt":"2022-07-03T14:22:57","slug":"hitta-en-match","status":"publish","type":"page","link":"https:\/\/thisisnotagateway.net\/sv\/hitta-en-match\/","title":{"rendered":"Hitta en match?"},"content":{"rendered":"<p>Anslutningar \u00e4r roliga, avslappnade m\u00f6ten mellan tv\u00e5 personer som inte n\u00f6dv\u00e4ndigtvis \u00e4r intresserade av n\u00e5got allvarligt. Det \u00e4r l\u00e4tt att tr\u00e4ffa n\u00e5gon genom anslutningar, och om du \u00e4r \u00f6ppen f\u00f6r att prova nya saker kan det leda till ett l\u00e5ngsiktigt f\u00f6rh\u00e5llande.<\/p>\n<p>De anv\u00e4nds ofta som en spr\u00e5ngbr\u00e4da till mer seri\u00f6sa relationer. Hookups \u00e4r popul\u00e4ra bland singlar som letar efter snabbt sex, par som letar efter en fling och \u00e4ldre vuxna som letar efter s\u00e4llskap.<\/p>\n<p><img loading=\"lazy\" class=\"aligncenter size-large wp-image-111\" src=\"http:\/\/thisisnotagateway.net\/wp-content\/uploads\/2022\/07\/chat-apps-1024x660.jpg\" alt=\"\" width=\"640\" height=\"413\" srcset=\"https:\/\/thisisnotagateway.net\/wp-content\/uploads\/2022\/07\/chat-apps-1024x660.jpg 1024w, https:\/\/thisisnotagateway.net\/wp-content\/uploads\/2022\/07\/chat-apps-300x193.jpg 300w, https:\/\/thisisnotagateway.net\/wp-content\/uploads\/2022\/07\/chat-apps-768x495.jpg 768w, https:\/\/thisisnotagateway.net\/wp-content\/uploads\/2022\/07\/chat-apps-1536x990.jpg 1536w, https:\/\/thisisnotagateway.net\/wp-content\/uploads\/2022\/07\/chat-apps-2048x1320.jpg 2048w, https:\/\/thisisnotagateway.net\/wp-content\/uploads\/2022\/07\/chat-apps-419x270.jpg 419w\" sizes=\"(max-width: 640px) 100vw, 640px\" \/><\/p>\n<h2>Hur du kan anv\u00e4nda online dating f\u00f6r att hitta en match<\/h2>\n<p>N\u00e4r du har <a href=\"http:\/\/thisisnotagateway.net\/sv\/populara-anslutningsappar-som-fungerar-for-sex\/\">hittat en matchning<\/a> kan du chatta online eller skicka meddelanden via appen. Vissa appar l\u00e5ter dig st\u00e4lla in ett datum, medan andra bara l\u00e5ter dig utbyta kontaktinformation. Om du best\u00e4mmer dig f\u00f6r att anv\u00e4nda en dejtingsapp, var f\u00f6rsiktig s\u00e5 att du inte ger ut f\u00f6r mycket personlig information. Detta inkluderar saker som ditt fullst\u00e4ndiga namn, adress, telefonnummer, e-postadress och sociala medieprofiler. T\u00e4nk ocks\u00e5 p\u00e5 att vissa dejtingsappar kan be dig att betala en m\u00e5natlig prenumerationsavgift. S\u00e5 om du planerar att anv\u00e4nda en dejtingsapp regelbundet, \u00f6verv\u00e4g att registrera dig f\u00f6r ett betalt medlemskap.<\/p>\n<p>Om du hittar en lokal anslutningsplats som passar dina behov, var noga med att kl\u00e4 dig p\u00e5 l\u00e4mpligt s\u00e4tt. B\u00e4r inte f\u00f6r avsl\u00f6jande kl\u00e4der, f\u00f6r du vet aldrig n\u00e4r du kommer att st\u00f6ta p\u00e5 n\u00e5gon du k\u00e4nner. Undvik ocks\u00e5 att b\u00e4ra dyra smycken, eftersom du kanske inte har r\u00e5d med det senare. N\u00e4r du tr\u00e4ffar n\u00e5gon p\u00e5 en lokal anslutningsplats f\u00f6r f\u00f6rsta g\u00e5ngen, fr\u00e5ga dem n\u00e5gra fr\u00e5gor. Fr\u00e5ga om deras \u00e5lder, k\u00f6n, sexuell l\u00e4ggning, relationsstatus och annan information du beh\u00f6ver f\u00f6r att avg\u00f6ra om den h\u00e4r personen \u00e4r r\u00e4tt f\u00f6r dig.<\/p>\n<p>Gl\u00f6m inte att ta bilder av dig sj\u00e4lv och personen du tr\u00e4ffar. P\u00e5 s\u00e5 s\u00e4tt f\u00e5r du bevis p\u00e5 ditt m\u00f6te om saker och ting skulle g\u00e5 s\u00f6derut. N\u00e4r du har hittat n\u00e5gon du vill ansluta dig till skickar du ett meddelande till dem. Ber\u00e4tta f\u00f6r dem var du befinner dig och fr\u00e5ga om de \u00e4r intresserade av att tr\u00e4ffas.<\/p>\n<p>Om de s\u00e4ger ja, ordna en tid och plats att tr\u00e4ffas. F\u00f6rv\u00e4nta dig dock inte f\u00f6r mycket. Tillf\u00e4lligt sex handlar mest om att g\u00e5 av, inte om att bygga ett varaktigt f\u00f6rh\u00e5llande. Och kom ih\u00e5g att avslappnad sex inte \u00e4r f\u00f6r alla. Var f\u00f6rsiktig och bli inte skadad.<\/p>\n<p>Anslutningar \u00e4r avslappnade m\u00f6ten mellan tv\u00e5 fr\u00e4mlingar som tr\u00e4ffas online. De \u00e4r vanligtvis kortvariga relationer d\u00e4r det inte finns n\u00e5got engagemang eller k\u00e4nslom\u00e4ssig anknytning. De \u00e4r fantastiska eftersom de \u00e4r snabba, gratis och l\u00e4tta att hitta. Men de \u00e4r inte f\u00f6r alla. Anslutningar \u00e4r inte f\u00f6r personer som letar efter l\u00e5ngsiktiga relationer eller \u00e4ktenskap.<\/p>\n<h3>Om du beh\u00f6ver mer r\u00e5d<\/h3>\n<p>V\u00e5r st\u00f6rsta tillg\u00e5ng \u00e4r v\u00e5ra anv\u00e4ndare. Vi lyssnar noga p\u00e5 vad ni alla har att s\u00e4ga och str\u00e4var st\u00e4ndigt efter att h\u00e5lla era behov i framkant av v\u00e5rt utvecklingsarbete. Ni hj\u00e4lper oss att forma framtiden f\u00f6r v\u00e5r webbplats och vi uppskattar det verkligen! S\u00e5 h\u00e4r \u00e4r n\u00e5gra tips f\u00f6r dem som \u00e4r nya p\u00e5 scenen. Om du har n\u00e5gra fr\u00e5gor om n\u00e5got relaterat till att <a href=\"http:\/\/thisisnotagateway.net\/sv\/hitta-en-relation-med-latthet\/\">hitta en knullkompis<\/a>, fr\u00e5ga bara s\u00e5 svarar vi dem snabbt.<\/p>\n","protected":false},"excerpt":{"rendered":"<p>Anslutningar \u00e4r roliga, avslappnade m\u00f6ten mellan tv\u00e5 personer som inte n\u00f6dv\u00e4ndigtvis \u00e4r intresserade av n\u00e5got allvarligt. Det \u00e4r l\u00e4tt att tr\u00e4ffa n\u00e5gon genom anslutningar, och om du \u00e4r \u00f6ppen f\u00f6r att prova nya saker kan det leda till ett l\u00e5ngsiktigt f\u00f6rh\u00e5llande. De anv\u00e4nds ofta som en spr\u00e5ngbr\u00e4da till mer seri\u00f6sa relationer. Hookups \u00e4r popul\u00e4ra bland singlar som letar efter snabbt sex, par som letar efter en fling och \u00e4ldre vuxna som letar efter s\u00e4llskap. Hur du kan anv\u00e4nda online dating&#8230;<\/p>\n<p class=\"read-more\"><a class=\"btn btn-default\" href=\"https:\/\/thisisnotagateway.net\/sv\/hitta-en-match\/\">L\u00e4s mer<span class=\"screen-reader-text\"> L\u00e4s mer<\/span><\/a><\/p>\n","protected":false},"author":1,"featured_media":0,"parent":0,"menu_order":0,"comment_status":"closed","ping_status":"closed","template":"","meta":[],"yoast_head":"<!-- This site is optimized with the Yoast SEO plugin v19.2 - https:\/\/yoast.com\/wordpress\/plugins\/seo\/ -->\n<title>Hitta en match? - Gateway Recensioner<\/title>\n<meta name=\"robots\" content=\"index, follow, max-snippet:-1, max-image-preview:large, max-video-preview:-1\" \/>\n<link rel=\"canonical\" href=\"https:\/\/thisisnotagateway.net\/sv\/hitta-en-match\/\" \/>\n<meta property=\"og:locale\" content=\"sv_SE\" \/>\n<meta property=\"og:type\" content=\"article\" \/>\n<meta property=\"og:title\" content=\"Hitta en match? - Gateway Recensioner\" \/>\n<meta property=\"og:description\" content=\"Anslutningar \u00e4r roliga, avslappnade m\u00f6ten mellan tv\u00e5 personer som inte n\u00f6dv\u00e4ndigtvis \u00e4r intresserade av n\u00e5got allvarligt. Det \u00e4r l\u00e4tt att tr\u00e4ffa n\u00e5gon genom anslutningar, och om du \u00e4r \u00f6ppen f\u00f6r att prova nya saker kan det leda till ett l\u00e5ngsiktigt f\u00f6rh\u00e5llande. De anv\u00e4nds ofta som en spr\u00e5ngbr\u00e4da till mer seri\u00f6sa relationer. Hookups \u00e4r popul\u00e4ra bland singlar som letar efter snabbt sex, par som letar efter en fling och \u00e4ldre vuxna som letar efter s\u00e4llskap. Hur du kan anv\u00e4nda online dating...L\u00e4s mer L\u00e4s mer\" \/>\n<meta property=\"og:url\" content=\"https:\/\/thisisnotagateway.net\/sv\/hitta-en-match\/\" \/>\n<meta property=\"og:site_name\" content=\"Gateway Recensioner\" \/>\n<meta property=\"article:modified_time\" content=\"2022-07-03T14:22:57+00:00\" \/>\n<meta property=\"og:image\" content=\"http:\/\/thisisnotagateway.net\/wp-content\/uploads\/2022\/07\/chat-apps-1024x660.jpg\" \/>\n<meta name=\"author\" content=\"Gateway\" \/>\n<meta name=\"twitter:card\" content=\"summary_large_image\" \/>\n<meta name=\"twitter:label1\" content=\"Ber\u00e4knad l\u00e4stid\" \/>\n\t<meta name=\"twitter:data1\" content=\"3 minuter\" \/>\n<script type=\"application\/ld+json\" class=\"yoast-schema-graph\">{\"@context\":\"https:\/\/schema.org\",\"@graph\":[{\"@type\":\"WebSite\",\"@id\":\"http:\/\/thisisnotagateway.net\/#website\",\"url\":\"http:\/\/thisisnotagateway.net\/\",\"name\":\"Gateway Recensioner\",\"description\":\"Relations- och dejtingblogg\",\"potentialAction\":[{\"@type\":\"SearchAction\",\"target\":{\"@type\":\"EntryPoint\",\"urlTemplate\":\"http:\/\/thisisnotagateway.net\/?s={search_term_string}\"},\"query-input\":\"required name=search_term_string\"}],\"inLanguage\":\"sv-SE\"},{\"@type\":\"ImageObject\",\"inLanguage\":\"sv-SE\",\"@id\":\"https:\/\/thisisnotagateway.net\/sv\/hitta-en-match\/#primaryimage\",\"url\":\"https:\/\/thisisnotagateway.net\/wp-content\/uploads\/2022\/07\/chat-apps.jpg\",\"contentUrl\":\"https:\/\/thisisnotagateway.net\/wp-content\/uploads\/2022\/07\/chat-apps.jpg\",\"width\":2327,\"height\":1500},{\"@type\":\"WebPage\",\"@id\":\"https:\/\/thisisnotagateway.net\/sv\/hitta-en-match\/#webpage\",\"url\":\"https:\/\/thisisnotagateway.net\/sv\/hitta-en-match\/\",\"name\":\"Hitta en match? - Gateway Recensioner\",\"isPartOf\":{\"@id\":\"http:\/\/thisisnotagateway.net\/#website\"},\"primaryImageOfPage\":{\"@id\":\"https:\/\/thisisnotagateway.net\/sv\/hitta-en-match\/#primaryimage\"},\"datePublished\":\"2022-07-03T14:10:07+00:00\",\"dateModified\":\"2022-07-03T14:22:57+00:00\",\"breadcrumb\":{\"@id\":\"https:\/\/thisisnotagateway.net\/sv\/hitta-en-match\/#breadcrumb\"},\"inLanguage\":\"sv-SE\",\"potentialAction\":[{\"@type\":\"ReadAction\",\"target\":[\"https:\/\/thisisnotagateway.net\/sv\/hitta-en-match\/\"]}]},{\"@type\":\"BreadcrumbList\",\"@id\":\"https:\/\/thisisnotagateway.net\/sv\/hitta-en-match\/#breadcrumb\",\"itemListElement\":[{\"@type\":\"ListItem\",\"position\":1,\"name\":\"Hem\",\"item\":\"http:\/\/thisisnotagateway.net\/sv\/\"},{\"@type\":\"ListItem\",\"position\":2,\"name\":\"Hitta en match?\"}]}]}<\/script>\n<!-- \/ Yoast SEO plugin. -->","yoast_head_json":{"title":"Hitta en match? - Gateway Recensioner","robots":{"index":"index","follow":"follow","max-snippet":"max-snippet:-1","max-image-preview":"max-image-preview:large","max-video-preview":"max-video-preview:-1"},"canonical":"https:\/\/thisisnotagateway.net\/sv\/hitta-en-match\/","og_locale":"sv_SE","og_type":"article","og_title":"Hitta en match? - Gateway Recensioner","og_description":"Anslutningar \u00e4r roliga, avslappnade m\u00f6ten mellan tv\u00e5 personer som inte n\u00f6dv\u00e4ndigtvis \u00e4r intresserade av n\u00e5got allvarligt. Det \u00e4r l\u00e4tt att tr\u00e4ffa n\u00e5gon genom anslutningar, och om du \u00e4r \u00f6ppen f\u00f6r att prova nya saker kan det leda till ett l\u00e5ngsiktigt f\u00f6rh\u00e5llande. De anv\u00e4nds ofta som en spr\u00e5ngbr\u00e4da till mer seri\u00f6sa relationer. Hookups \u00e4r popul\u00e4ra bland singlar som letar efter snabbt sex, par som letar efter en fling och \u00e4ldre vuxna som letar efter s\u00e4llskap. Hur du kan anv\u00e4nda online dating...L\u00e4s mer L\u00e4s mer","og_url":"https:\/\/thisisnotagateway.net\/sv\/hitta-en-match\/","og_site_name":"Gateway Recensioner","article_modified_time":"2022-07-03T14:22:57+00:00","og_image":[{"url":"http:\/\/thisisnotagateway.net\/wp-content\/uploads\/2022\/07\/chat-apps-1024x660.jpg"}],"author":"Gateway","twitter_card":"summary_large_image","twitter_misc":{"Ber\u00e4knad l\u00e4stid":"3 minuter"},"schema":{"@context":"https:\/\/schema.org","@graph":[{"@type":"WebSite","@id":"http:\/\/thisisnotagateway.net\/#website","url":"http:\/\/thisisnotagateway.net\/","name":"Gateway Recensioner","description":"Relations- och dejtingblogg","potentialAction":[{"@type":"SearchAction","target":{"@type":"EntryPoint","urlTemplate":"http:\/\/thisisnotagateway.net\/?s={search_term_string}"},"query-input":"required name=search_term_string"}],"inLanguage":"sv-SE"},{"@type":"ImageObject","inLanguage":"sv-SE","@id":"https:\/\/thisisnotagateway.net\/sv\/hitta-en-match\/#primaryimage","url":"https:\/\/thisisnotagateway.net\/wp-content\/uploads\/2022\/07\/chat-apps.jpg","contentUrl":"https:\/\/thisisnotagateway.net\/wp-content\/uploads\/2022\/07\/chat-apps.jpg","width":2327,"height":1500},{"@type":"WebPage","@id":"https:\/\/thisisnotagateway.net\/sv\/hitta-en-match\/#webpage","url":"https:\/\/thisisnotagateway.net\/sv\/hitta-en-match\/","name":"Hitta en match? - Gateway Recensioner","isPartOf":{"@id":"http:\/\/thisisnotagateway.net\/#website"},"primaryImageOfPage":{"@id":"https:\/\/thisisnotagateway.net\/sv\/hitta-en-match\/#primaryimage"},"datePublished":"2022-07-03T14:10:07+00:00","dateModified":"2022-07-03T14:22:57+00:00","breadcrumb":{"@id":"https:\/\/thisisnotagateway.net\/sv\/hitta-en-match\/#breadcrumb"},"inLanguage":"sv-SE","potentialAction":[{"@type":"ReadAction","target":["https:\/\/thisisnotagateway.net\/sv\/hitta-en-match\/"]}]},{"@type":"BreadcrumbList","@id":"https:\/\/thisisnotagateway.net\/sv\/hitta-en-match\/#breadcrumb","itemListElement":[{"@type":"ListItem","position":1,"name":"Hem","item":"http:\/\/thisisnotagateway.net\/sv\/"},{"@type":"ListItem","position":2,"name":"Hitta en match?"}]}]}},"_links":{"self":[{"href":"https:\/\/thisisnotagateway.net\/sv\/wp-json\/wp\/v2\/pages\/145"}],"collection":[{"href":"https:\/\/thisisnotagateway.net\/sv\/wp-json\/wp\/v2\/pages"}],"about":[{"href":"https:\/\/thisisnotagateway.net\/sv\/wp-json\/wp\/v2\/types\/page"}],"author":[{"embeddable":true,"href":"https:\/\/thisisnotagateway.net\/sv\/wp-json\/wp\/v2\/users\/1"}],"replies":[{"embeddable":true,"href":"https:\/\/thisisnotagateway.net\/sv\/wp-json\/wp\/v2\/comments?post=145"}],"version-history":[{"count":1,"href":"https:\/\/thisisnotagateway.net\/sv\/wp-json\/wp\/v2\/pages\/145\/revisions"}],"predecessor-version":[{"id":168,"href":"https:\/\/thisisnotagateway.net\/sv\/wp-json\/wp\/v2\/pages\/145\/revisions\/168"}],"wp:attachment":[{"href":"https:\/\/thisisnotagateway.net\/sv\/wp-json\/wp\/v2\/media?parent=145"}],"curies":[{"name":"wp","href":"https:\/\/api.w.org\/{rel}","templated":true}]}}