{"id":180,"date":"2022-07-03T15:06:46","date_gmt":"2022-07-03T14:06:46","guid":{"rendered":"http:\/\/thisisnotagateway.net\/hitta-en-relation-med-latthet\/"},"modified":"2022-07-20T19:06:04","modified_gmt":"2022-07-20T18:06:04","slug":"hitta-en-relation-med-latthet","status":"publish","type":"page","link":"https:\/\/thisisnotagateway.net\/sv\/hitta-en-relation-med-latthet\/","title":{"rendered":"Hitta en relation med l\u00e4tthet"},"content":{"rendered":"<p>Casual hookups \u00e4r ofta just det &#8211; avslappnade. S\u00e5 om du inte har tur, svettas inte det. G\u00e5 bara vidare till n\u00e4sta plats.<\/p>\n<p>Anslutningar \u00e4r avslappnade m\u00f6ten mellan <a href=\"https:\/\/www.fucksites.net\/sv\/\">knull sajt<\/a> tv\u00e5 fr\u00e4mlingar som tr\u00e4ffas online. De \u00e4r vanligtvis kortlivade och inte avsedda att leda till ett f\u00f6rh\u00e5llande. Anslutningar kan dock vara roliga och sp\u00e4nnande, s\u00e4rskilt n\u00e4r det inte finns n\u00e5got engagemang inblandat. Anslutningar beskrivs ofta som &#8221;avslappnad sex&#8221;.<\/p>\n<p>Om du vill hitta ett f\u00f6rh\u00e5llande b\u00f6r du \u00f6verv\u00e4ga att f\u00f6lja v\u00e5r blogg om du vill tr\u00e4ffa en tjej f\u00f6r k\u00e4rlek snarare \u00e4n n\u00e5got bara avslappnat.<\/p>\n<p><img loading=\"lazy\" class=\"aligncenter size-large wp-image-109\" src=\"http:\/\/thisisnotagateway.net\/wp-content\/uploads\/2022\/07\/reviews-for-dating-1024x683.jpeg\" alt=\"\" width=\"640\" height=\"427\" srcset=\"https:\/\/thisisnotagateway.net\/wp-content\/uploads\/2022\/07\/reviews-for-dating-1024x683.jpeg 1024w, https:\/\/thisisnotagateway.net\/wp-content\/uploads\/2022\/07\/reviews-for-dating-300x200.jpeg 300w, https:\/\/thisisnotagateway.net\/wp-content\/uploads\/2022\/07\/reviews-for-dating-768x512.jpeg 768w, https:\/\/thisisnotagateway.net\/wp-content\/uploads\/2022\/07\/reviews-for-dating-1536x1024.jpeg 1536w, https:\/\/thisisnotagateway.net\/wp-content\/uploads\/2022\/07\/reviews-for-dating-2048x1365.jpeg 2048w, https:\/\/thisisnotagateway.net\/wp-content\/uploads\/2022\/07\/reviews-for-dating-405x270.jpeg 405w\" sizes=\"(max-width: 640px) 100vw, 640px\" \/><\/p>\n<p>Dejtingappar \u00e4r onlinetj\u00e4nster som hj\u00e4lper till att <a href=\"http:\/\/thisisnotagateway.net\/sv\/populara-anslutningsappar-som-fungerar-for-sex\/\">matcha singlar baserat p\u00e5 plats<\/a>, intressen, \u00e5lder, k\u00f6n och andra faktorer. De \u00e4r bra f\u00f6r att hitta datum, v\u00e4nner och <a href=\"http:\/\/thisisnotagateway.net\/sv\/craigslist-kontaktyttringar\/\">avslappnade sexpartners<\/a>. Det finns m\u00e5nga dejtingsappar tillg\u00e4ngliga idag, inklusive Tinder, Bumble, Happn, OkCupid, Grindr och andra. Varje app har sina egna unika funktioner, men de fungerar alla p\u00e5 samma s\u00e4tt. F\u00f6r att ta reda p\u00e5 vilken dejtingapp som fungerar b\u00e4st f\u00f6r dig, prova dem och se vilken som k\u00e4nns mest bekv\u00e4m. Anv\u00e4nd sedan den information du l\u00e4r dig f\u00f6r att f\u00f6rb\u00e4ttra dina chanser att tr\u00e4ffa n\u00e5gon speciell.<\/p>\n<h2>Hur du kan hitta en partner<\/h2>\n<p>Om du letar efter ett f\u00f6rh\u00e5llande b\u00f6r du leta efter en <a href=\"http:\/\/www.fucklocals.org\/sv\/porrchatt-webbplatser\/\">porrchat<\/a> partner. Partnering kr\u00e4ver f\u00f6rtroende, kommunikation och kompatibilitet. F\u00f6r att hitta en partner m\u00e5ste du s\u00e4tta dig sj\u00e4lv d\u00e4r ute och aktivt s\u00f6ka efter dem. Detta inneb\u00e4r att n\u00e4tverka, tr\u00e4ffa m\u00e4nniskor vid evenemang, g\u00e5 med i grupper etc.<\/p>\n<p>N\u00e4r du hittar en kompatibel person m\u00e5ste du kommunicera tillr\u00e4ckligt bra f\u00f6r att bygga en stark anslutning. D\u00e5 m\u00e5ste du vara villig att kompromissa och arbeta tillsammans f\u00f6r att skapa en h\u00e4lsosam relation. Om du \u00e4r intresserad av att hitta en partner b\u00f6r du \u00f6verv\u00e4ga att bli medlem i en lokal singelgrupp. Dessa grupper organiseras ofta genom kyrkor, samh\u00e4llscentra eller sociala klubbar.<\/p>\n<p>Det finns m\u00e5nga f\u00f6rdelar med att vara medlem <a href=\"http:\/\/www.free-sex-games-no-credit-card.com\/ro\/\">jocuri porno<\/a> i en singelgrupp. F\u00f6rst kommer du att kunna ansluta till andra som delar liknande intressen och v\u00e4rderingar. F\u00f6r det andra kommer du att kunna hitta en partner snabbare \u00e4n om du var ensam. F\u00f6r det tredje kommer du att kunna f\u00e5 r\u00e5d fr\u00e5n andra medlemmar som har varit p\u00e5 samma v\u00e4g. Slutligen kommer du att kunna g\u00e5 med i en gemenskap av m\u00e4nniskor som st\u00f6der varandra och uppmuntrar varandra. S\u00e5 om du vill hitta en partner, g\u00e5 med i en singelgrupp idag!<\/p>\n<h3>Vad \u00e4r det b\u00e4sta s\u00e4ttet att tr\u00e4ffa m\u00e4nniskor online?<\/h3>\n<p>Dejtingappar \u00e4r webbplatser d\u00e4r singlar m\u00f6ter varandra. De \u00e4r vanligtvis gratis, men vissa kr\u00e4ver en avgift f\u00f6r att anv\u00e4nda dem.<\/p>\n<p>Det finns m\u00e5nga dejtingsappar tillg\u00e4ngliga idag, inklusive Tinder, Hinge, 2Fuck och XXXHookups. Varje app fungerar annorlunda, men de flesta till\u00e5ter anv\u00e4ndare att s\u00f6ka efter matchningar baserat p\u00e5 plats, \u00e5lder, k\u00f6n, intressen och andra kriterier.<\/p>\n<p>D\u00e4rf\u00f6r rekommenderar jag att hitta en l\u00e5ngsiktig relation ist\u00e4llet. L\u00e5ngsiktiga relationer tar tid och anstr\u00e4ngning, men de \u00e4r v\u00e4rda det. De \u00e4r roliga, givande och tillfredsst\u00e4llande. Och de leder till \u00e4ktenskap och barn. F\u00f6r att hitta en l\u00e5ngsiktig partner m\u00e5ste du vara selektiv. N\u00f6j dig inte med n\u00e5gon som inte \u00e4r r\u00e4tt f\u00f6r dig. Forts\u00e4tt ist\u00e4llet leta tills du hittar n\u00e5gon som f\u00e5r dig att k\u00e4nna dig upphetsad och glad. Forts\u00e4tt sedan titta igen.<\/p>\n<p>G\u00e5 nu ut och hitta henne!<\/p>\n","protected":false},"excerpt":{"rendered":"<p>Casual hookups \u00e4r ofta just det &#8211; avslappnade. S\u00e5 om du inte har tur, svettas inte det. G\u00e5 bara vidare till n\u00e4sta plats. Anslutningar \u00e4r avslappnade m\u00f6ten mellan knull sajt tv\u00e5 fr\u00e4mlingar som tr\u00e4ffas online. De \u00e4r vanligtvis kortlivade och inte avsedda att leda till ett f\u00f6rh\u00e5llande. Anslutningar kan dock vara roliga och sp\u00e4nnande, s\u00e4rskilt n\u00e4r det inte finns n\u00e5got engagemang inblandat. Anslutningar beskrivs ofta som &#8221;avslappnad sex&#8221;. Om du vill hitta ett f\u00f6rh\u00e5llande b\u00f6r du \u00f6verv\u00e4ga att f\u00f6lja v\u00e5r&#8230;<\/p>\n<p class=\"read-more\"><a class=\"btn btn-default\" href=\"https:\/\/thisisnotagateway.net\/sv\/hitta-en-relation-med-latthet\/\">L\u00e4s mer<span class=\"screen-reader-text\"> L\u00e4s mer<\/span><\/a><\/p>\n","protected":false},"author":1,"featured_media":0,"parent":0,"menu_order":0,"comment_status":"closed","ping_status":"closed","template":"","meta":[],"yoast_head":"<!-- This site is optimized with the Yoast SEO plugin v19.2 - https:\/\/yoast.com\/wordpress\/plugins\/seo\/ -->\n<title>Hitta en relation med l\u00e4tthet - Gateway Recensioner<\/title>\n<meta name=\"robots\" content=\"index, follow, max-snippet:-1, max-image-preview:large, max-video-preview:-1\" \/>\n<link rel=\"canonical\" href=\"https:\/\/thisisnotagateway.net\/sv\/hitta-en-relation-med-latthet\/\" \/>\n<meta property=\"og:locale\" content=\"sv_SE\" \/>\n<meta property=\"og:type\" content=\"article\" \/>\n<meta property=\"og:title\" content=\"Hitta en relation med l\u00e4tthet - Gateway Recensioner\" \/>\n<meta property=\"og:description\" content=\"Casual hookups \u00e4r ofta just det &#8211; avslappnade. S\u00e5 om du inte har tur, svettas inte det. G\u00e5 bara vidare till n\u00e4sta plats. Anslutningar \u00e4r avslappnade m\u00f6ten mellan knull sajt tv\u00e5 fr\u00e4mlingar som tr\u00e4ffas online. De \u00e4r vanligtvis kortlivade och inte avsedda att leda till ett f\u00f6rh\u00e5llande. Anslutningar kan dock vara roliga och sp\u00e4nnande, s\u00e4rskilt n\u00e4r det inte finns n\u00e5got engagemang inblandat. Anslutningar beskrivs ofta som &#8221;avslappnad sex&#8221;. Om du vill hitta ett f\u00f6rh\u00e5llande b\u00f6r du \u00f6verv\u00e4ga att f\u00f6lja v\u00e5r...L\u00e4s mer L\u00e4s mer\" \/>\n<meta property=\"og:url\" content=\"https:\/\/thisisnotagateway.net\/sv\/hitta-en-relation-med-latthet\/\" \/>\n<meta property=\"og:site_name\" content=\"Gateway Recensioner\" \/>\n<meta property=\"article:modified_time\" content=\"2022-07-20T18:06:04+00:00\" \/>\n<meta property=\"og:image\" content=\"http:\/\/thisisnotagateway.net\/wp-content\/uploads\/2022\/07\/reviews-for-dating-1024x683.jpeg\" \/>\n<meta name=\"author\" content=\"Gateway\" \/>\n<meta name=\"twitter:card\" content=\"summary_large_image\" \/>\n<meta name=\"twitter:label1\" content=\"Ber\u00e4knad l\u00e4stid\" \/>\n\t<meta name=\"twitter:data1\" content=\"3 minuter\" \/>\n<script type=\"application\/ld+json\" class=\"yoast-schema-graph\">{\"@context\":\"https:\/\/schema.org\",\"@graph\":[{\"@type\":\"WebSite\",\"@id\":\"http:\/\/thisisnotagateway.net\/#website\",\"url\":\"http:\/\/thisisnotagateway.net\/\",\"name\":\"Gateway Recensioner\",\"description\":\"Relations- och dejtingblogg\",\"potentialAction\":[{\"@type\":\"SearchAction\",\"target\":{\"@type\":\"EntryPoint\",\"urlTemplate\":\"http:\/\/thisisnotagateway.net\/?s={search_term_string}\"},\"query-input\":\"required name=search_term_string\"}],\"inLanguage\":\"sv-SE\"},{\"@type\":\"ImageObject\",\"inLanguage\":\"sv-SE\",\"@id\":\"https:\/\/thisisnotagateway.net\/sv\/hitta-en-relation-med-latthet\/#primaryimage\",\"url\":\"https:\/\/thisisnotagateway.net\/wp-content\/uploads\/2022\/07\/reviews-for-dating.jpeg\",\"contentUrl\":\"https:\/\/thisisnotagateway.net\/wp-content\/uploads\/2022\/07\/reviews-for-dating.jpeg\",\"width\":2250,\"height\":1500},{\"@type\":\"WebPage\",\"@id\":\"https:\/\/thisisnotagateway.net\/sv\/hitta-en-relation-med-latthet\/#webpage\",\"url\":\"https:\/\/thisisnotagateway.net\/sv\/hitta-en-relation-med-latthet\/\",\"name\":\"Hitta en relation med l\u00e4tthet - Gateway Recensioner\",\"isPartOf\":{\"@id\":\"http:\/\/thisisnotagateway.net\/#website\"},\"primaryImageOfPage\":{\"@id\":\"https:\/\/thisisnotagateway.net\/sv\/hitta-en-relation-med-latthet\/#primaryimage\"},\"datePublished\":\"2022-07-03T14:06:46+00:00\",\"dateModified\":\"2022-07-20T18:06:04+00:00\",\"breadcrumb\":{\"@id\":\"https:\/\/thisisnotagateway.net\/sv\/hitta-en-relation-med-latthet\/#breadcrumb\"},\"inLanguage\":\"sv-SE\",\"potentialAction\":[{\"@type\":\"ReadAction\",\"target\":[\"https:\/\/thisisnotagateway.net\/sv\/hitta-en-relation-med-latthet\/\"]}]},{\"@type\":\"BreadcrumbList\",\"@id\":\"https:\/\/thisisnotagateway.net\/sv\/hitta-en-relation-med-latthet\/#breadcrumb\",\"itemListElement\":[{\"@type\":\"ListItem\",\"position\":1,\"name\":\"Hem\",\"item\":\"http:\/\/thisisnotagateway.net\/sv\/\"},{\"@type\":\"ListItem\",\"position\":2,\"name\":\"Hitta en relation med l\u00e4tthet\"}]}]}<\/script>\n<!-- \/ Yoast SEO plugin. -->","yoast_head_json":{"title":"Hitta en relation med l\u00e4tthet - Gateway Recensioner","robots":{"index":"index","follow":"follow","max-snippet":"max-snippet:-1","max-image-preview":"max-image-preview:large","max-video-preview":"max-video-preview:-1"},"canonical":"https:\/\/thisisnotagateway.net\/sv\/hitta-en-relation-med-latthet\/","og_locale":"sv_SE","og_type":"article","og_title":"Hitta en relation med l\u00e4tthet - Gateway Recensioner","og_description":"Casual hookups \u00e4r ofta just det &#8211; avslappnade. S\u00e5 om du inte har tur, svettas inte det. G\u00e5 bara vidare till n\u00e4sta plats. Anslutningar \u00e4r avslappnade m\u00f6ten mellan knull sajt tv\u00e5 fr\u00e4mlingar som tr\u00e4ffas online. De \u00e4r vanligtvis kortlivade och inte avsedda att leda till ett f\u00f6rh\u00e5llande. Anslutningar kan dock vara roliga och sp\u00e4nnande, s\u00e4rskilt n\u00e4r det inte finns n\u00e5got engagemang inblandat. Anslutningar beskrivs ofta som &#8221;avslappnad sex&#8221;. Om du vill hitta ett f\u00f6rh\u00e5llande b\u00f6r du \u00f6verv\u00e4ga att f\u00f6lja v\u00e5r...L\u00e4s mer L\u00e4s mer","og_url":"https:\/\/thisisnotagateway.net\/sv\/hitta-en-relation-med-latthet\/","og_site_name":"Gateway Recensioner","article_modified_time":"2022-07-20T18:06:04+00:00","og_image":[{"url":"http:\/\/thisisnotagateway.net\/wp-content\/uploads\/2022\/07\/reviews-for-dating-1024x683.jpeg"}],"author":"Gateway","twitter_card":"summary_large_image","twitter_misc":{"Ber\u00e4knad l\u00e4stid":"3 minuter"},"schema":{"@context":"https:\/\/schema.org","@graph":[{"@type":"WebSite","@id":"http:\/\/thisisnotagateway.net\/#website","url":"http:\/\/thisisnotagateway.net\/","name":"Gateway Recensioner","description":"Relations- och dejtingblogg","potentialAction":[{"@type":"SearchAction","target":{"@type":"EntryPoint","urlTemplate":"http:\/\/thisisnotagateway.net\/?s={search_term_string}"},"query-input":"required name=search_term_string"}],"inLanguage":"sv-SE"},{"@type":"ImageObject","inLanguage":"sv-SE","@id":"https:\/\/thisisnotagateway.net\/sv\/hitta-en-relation-med-latthet\/#primaryimage","url":"https:\/\/thisisnotagateway.net\/wp-content\/uploads\/2022\/07\/reviews-for-dating.jpeg","contentUrl":"https:\/\/thisisnotagateway.net\/wp-content\/uploads\/2022\/07\/reviews-for-dating.jpeg","width":2250,"height":1500},{"@type":"WebPage","@id":"https:\/\/thisisnotagateway.net\/sv\/hitta-en-relation-med-latthet\/#webpage","url":"https:\/\/thisisnotagateway.net\/sv\/hitta-en-relation-med-latthet\/","name":"Hitta en relation med l\u00e4tthet - Gateway Recensioner","isPartOf":{"@id":"http:\/\/thisisnotagateway.net\/#website"},"primaryImageOfPage":{"@id":"https:\/\/thisisnotagateway.net\/sv\/hitta-en-relation-med-latthet\/#primaryimage"},"datePublished":"2022-07-03T14:06:46+00:00","dateModified":"2022-07-20T18:06:04+00:00","breadcrumb":{"@id":"https:\/\/thisisnotagateway.net\/sv\/hitta-en-relation-med-latthet\/#breadcrumb"},"inLanguage":"sv-SE","potentialAction":[{"@type":"ReadAction","target":["https:\/\/thisisnotagateway.net\/sv\/hitta-en-relation-med-latthet\/"]}]},{"@type":"BreadcrumbList","@id":"https:\/\/thisisnotagateway.net\/sv\/hitta-en-relation-med-latthet\/#breadcrumb","itemListElement":[{"@type":"ListItem","position":1,"name":"Hem","item":"http:\/\/thisisnotagateway.net\/sv\/"},{"@type":"ListItem","position":2,"name":"Hitta en relation med l\u00e4tthet"}]}]}},"_links":{"self":[{"href":"https:\/\/thisisnotagateway.net\/sv\/wp-json\/wp\/v2\/pages\/180"}],"collection":[{"href":"https:\/\/thisisnotagateway.net\/sv\/wp-json\/wp\/v2\/pages"}],"about":[{"href":"https:\/\/thisisnotagateway.net\/sv\/wp-json\/wp\/v2\/types\/page"}],"author":[{"embeddable":true,"href":"https:\/\/thisisnotagateway.net\/sv\/wp-json\/wp\/v2\/users\/1"}],"replies":[{"embeddable":true,"href":"https:\/\/thisisnotagateway.net\/sv\/wp-json\/wp\/v2\/comments?post=180"}],"version-history":[{"count":1,"href":"https:\/\/thisisnotagateway.net\/sv\/wp-json\/wp\/v2\/pages\/180\/revisions"}],"predecessor-version":[{"id":388,"href":"https:\/\/thisisnotagateway.net\/sv\/wp-json\/wp\/v2\/pages\/180\/revisions\/388"}],"wp:attachment":[{"href":"https:\/\/thisisnotagateway.net\/sv\/wp-json\/wp\/v2\/media?parent=180"}],"curies":[{"name":"wp","href":"https:\/\/api.w.org\/{rel}","templated":true}]}}