{"id":198,"date":"2022-07-03T15:00:39","date_gmt":"2022-07-03T14:00:39","guid":{"rendered":"http:\/\/thisisnotagateway.net\/populara-anslutningsappar-som-fungerar-for-sex\/"},"modified":"2022-07-20T19:05:35","modified_gmt":"2022-07-20T18:05:35","slug":"populara-anslutningsappar-som-fungerar-for-sex","status":"publish","type":"page","link":"https:\/\/thisisnotagateway.net\/sv\/populara-anslutningsappar-som-fungerar-for-sex\/","title":{"rendered":"Popul\u00e4ra anslutningsappar som fungerar f\u00f6r sex"},"content":{"rendered":"<p>Om du \u00e4r intresserad av anslutningar b\u00f6r du vara medveten om n\u00e5gra viktiga fakta. Som sagt, anslutningar \u00e4r ett bra s\u00e4tt att ta reda p\u00e5 om det finns kemi mellan dig och en annan person. S\u00e5 om du \u00e4r singel och letar efter en fling eller ett l\u00e5ngsiktigt f\u00f6rh\u00e5llande, \u00f6verv\u00e4g att tr\u00e4ffa n\u00e5gon via en anslutningssida.<\/p>\n<p>Anslutningar \u00e4r bra eftersom de \u00e4r snabba, billiga och okomplicerade <a href=\"https:\/\/www.singles-in-my-area.com\/sv\/aldre-kvinnor-som-vill-ha-man\/\">\u00e4ldre kvinnor som vill ha yngre m\u00e4n<\/a>. Men de \u00e4r inte idealiska eftersom de vanligtvis slutar d\u00e5ligt.<\/p>\n<p><img loading=\"lazy\" class=\"aligncenter size-large wp-image-104\" src=\"http:\/\/thisisnotagateway.net\/wp-content\/uploads\/2022\/07\/local-chat-apps-1024x683.jpeg\" alt=\"\" width=\"640\" height=\"427\" srcset=\"https:\/\/thisisnotagateway.net\/wp-content\/uploads\/2022\/07\/local-chat-apps-1024x683.jpeg 1024w, https:\/\/thisisnotagateway.net\/wp-content\/uploads\/2022\/07\/local-chat-apps-300x200.jpeg 300w, https:\/\/thisisnotagateway.net\/wp-content\/uploads\/2022\/07\/local-chat-apps-768x512.jpeg 768w, https:\/\/thisisnotagateway.net\/wp-content\/uploads\/2022\/07\/local-chat-apps-1536x1024.jpeg 1536w, https:\/\/thisisnotagateway.net\/wp-content\/uploads\/2022\/07\/local-chat-apps-2048x1365.jpeg 2048w, https:\/\/thisisnotagateway.net\/wp-content\/uploads\/2022\/07\/local-chat-apps-405x270.jpeg 405w\" sizes=\"(max-width: 640px) 100vw, 640px\" \/><\/p>\n<h3>Craigslist<\/h3>\n<p><a href=\"http:\/\/thisisnotagateway.net\/sv\/craigslist-kontaktyttringar\/\">Craigslist \u00e4r en webbplats f\u00f6r annonser online<\/a>. Du kan s\u00f6ka igenom miljontals listor, l\u00e4gga upp en lista sj\u00e4lv eller bl\u00e4ddra bland andra anv\u00e4ndares listor. Om du letar efter ett jobb kan du ocks\u00e5 l\u00e4gga upp en position som \u00f6ppnas direkt p\u00e5 webbplatsen. Det \u00e4r gratis att lista objekt, och det finns inga avgifter f\u00f6r att svara. De flesta annonser publiceras minst en g\u00e5ng i veckan. Anv\u00e4ndare kan kontakta varandra via privata meddelanden, snabbmeddelanden, telefonsamtal eller videochatt.<\/p>\n<p>M\u00e5nga av dem som anv\u00e4nde webbplatsen sa att de s\u00e5 sm\u00e5ningom befann sig i seri\u00f6sa relationer. N\u00e5gra av dem hade aldrig tidigare tr\u00e4ffat n\u00e5gon av samma k\u00f6n. M\u00e5nga hbtq-medlemmar sa att de k\u00e4nde att detta var ett alternativ till stigmatiseringen av att tr\u00e4ffa m\u00e4nniskor i verkliga livet, eftersom de inte beh\u00f6vde oroa sig f\u00f6r avslag. Andra anv\u00e4nde den f\u00f6r att tr\u00e4ffa m\u00e4nniskor som delade liknande intressen med dem. Men m\u00e5nga sa ocks\u00e5 att de anv\u00e4nde det f\u00f6r att hitta avslappnade sexuella m\u00f6ten.<\/p>\n<h3>Ashley Madison<\/h3>\n<p>Ashley Madison \u00e4r en <a href=\"http:\/\/thisisnotagateway.net\/sv\/hitta-en-relation-med-latthet\/\">online dating tj\u00e4nst<\/a> som till\u00e5ter anv\u00e4ndare att ansluta till andra singlar som letar efter diskreta relationer. Webbplatsen erbjuder sina medlemmar en s\u00e4ker milj\u00f6 d\u00e4r de kan dela sin personliga information samtidigt som de beh\u00e5ller sin anonymitet. Det st\u00e4lls inga fr\u00e5gor om sexuell l\u00e4ggning, religion, ras, etnicitet, \u00e5lder eller k\u00f6n n\u00e4r du registrerar dig f\u00f6r webbplatsen. S\u00e5 l\u00e4nge du f\u00f6r n\u00e4rvarande inte \u00e4r gift finns det inga begr\u00e4nsningar f\u00f6r antalet profiler du kan skapa. \u00c4ven om det finns m\u00e5nga <a href=\"https:\/\/www.fuck-app.net\/sv\/basta-fleshjack-recension\/\">fleshjacks<\/a> s\u00e4tt att s\u00f6ka igenom databasen beror den b\u00e4sta metoden p\u00e5 vilken typ av matchning du letar efter.<\/p>\n<h3>Dubbellista<\/h3>\n<p>Doublelist \u00e4r ett bra st\u00e4lle att tr\u00e4ffa m\u00e4nniskor av alla <a href=\"http:\/\/thisisnotagateway.net\/sv\/hitta-en-match\/\">olika slag<\/a>. Du hittar massor av raka, homosexuella, bi, lesbiska, trans, queer, kinky, polyamor\u00f6sa, etc., m\u00e4nniskor h\u00e4r. Om du letar efter n\u00e5got specifikt, s\u00f6k bara efter det du \u00e4r intresserad av. Det finns ocks\u00e5 ett avsnitt som heter &#8221;Utforska&#8221; d\u00e4r du kan bl\u00e4ddra bland andra anv\u00e4ndares profiler.<\/p>\n<p>Webbplatsen erbjuder ett stort antal s\u00f6kfunktioner och chattalternativ. Du kan filtrera dina s\u00f6kningar efter plats, \u00e5lder, k\u00f6n, etnicitet, intressen, sexuell l\u00e4ggning, religion, yrke och inkomst. Webbplatsen verifierar nya medlemmar via telefon, men du m\u00e5ste vara bel\u00e4gen i Kanada, Storbritannien, USA eller Australien f\u00f6r att kunna registrera dig. Vi \u00e4lskar hur webbplatsen skyddar anv\u00e4ndare mot bedragare och falska profiler. Det betyder att du inte beh\u00f6ver sl\u00f6sa tid p\u00e5 att oroa dig f\u00f6r bedr\u00e4gerier eller falska profiler n\u00e4r du anv\u00e4nder Match.com.<\/p>\n<h3>Vuxen v\u00e4n Finder<\/h3>\n<p>AFF \u00e4r en dejtingsajt f\u00f6r vuxna. Det \u00e4r inte en dejtingsajt <a href=\"http:\/\/www.hookup-now.com\/sv\/hitta-heta-milfs-nara-mig\/\">k\u00e5ta milfs<\/a> i sig, utan snarare en dejtingstj\u00e4nst som hj\u00e4lper anv\u00e4ndare att f\u00e5 kontakt med andra anv\u00e4ndare. Om du vill tr\u00e4ffa n\u00e5gon diskret \u00e4r AFF definitivt v\u00e4rt att kolla in. Det finns m\u00e5nga olika s\u00e4tt att anv\u00e4nda de tj\u00e4nster som erbjuds av AFF. Du kan bl\u00e4ddra igenom profiler, skicka meddelanden, visa foton och till och med chatta med medlemmar. Alla dessa funktioner \u00e4r helt gratis.<\/p>\n<p>Men om du vill uppgradera ditt konto finns det flera niv\u00e5er tillg\u00e4ngliga. Med premiumkonton kan du till exempel se medlemsprofiler utan annonser, medan platinakonton erbjuder ytterligare f\u00f6rdelar. Dessa inkluderar extra meddelandefunktioner, tillg\u00e5ng till exklusivt inneh\u00e5ll och \u00f6kad integritet.<\/p>\n","protected":false},"excerpt":{"rendered":"<p>Om du \u00e4r intresserad av anslutningar b\u00f6r du vara medveten om n\u00e5gra viktiga fakta. Som sagt, anslutningar \u00e4r ett bra s\u00e4tt att ta reda p\u00e5 om det finns kemi mellan dig och en annan person. S\u00e5 om du \u00e4r singel och letar efter en fling eller ett l\u00e5ngsiktigt f\u00f6rh\u00e5llande, \u00f6verv\u00e4g att tr\u00e4ffa n\u00e5gon via en anslutningssida. Anslutningar \u00e4r bra eftersom de \u00e4r snabba, billiga och okomplicerade \u00e4ldre kvinnor som vill ha yngre m\u00e4n. Men de \u00e4r inte idealiska eftersom de&#8230;<\/p>\n<p class=\"read-more\"><a class=\"btn btn-default\" href=\"https:\/\/thisisnotagateway.net\/sv\/populara-anslutningsappar-som-fungerar-for-sex\/\">L\u00e4s mer<span class=\"screen-reader-text\"> L\u00e4s mer<\/span><\/a><\/p>\n","protected":false},"author":1,"featured_media":0,"parent":0,"menu_order":0,"comment_status":"closed","ping_status":"closed","template":"","meta":[],"yoast_head":"<!-- This site is optimized with the Yoast SEO plugin v19.2 - https:\/\/yoast.com\/wordpress\/plugins\/seo\/ -->\n<title>Popul\u00e4ra anslutningsappar som fungerar f\u00f6r sex - Gateway Recensioner<\/title>\n<meta name=\"robots\" content=\"index, follow, max-snippet:-1, max-image-preview:large, max-video-preview:-1\" \/>\n<link rel=\"canonical\" href=\"https:\/\/thisisnotagateway.net\/sv\/populara-anslutningsappar-som-fungerar-for-sex\/\" \/>\n<meta property=\"og:locale\" content=\"sv_SE\" \/>\n<meta property=\"og:type\" content=\"article\" \/>\n<meta property=\"og:title\" content=\"Popul\u00e4ra anslutningsappar som fungerar f\u00f6r sex - Gateway Recensioner\" \/>\n<meta property=\"og:description\" content=\"Om du \u00e4r intresserad av anslutningar b\u00f6r du vara medveten om n\u00e5gra viktiga fakta. Som sagt, anslutningar \u00e4r ett bra s\u00e4tt att ta reda p\u00e5 om det finns kemi mellan dig och en annan person. S\u00e5 om du \u00e4r singel och letar efter en fling eller ett l\u00e5ngsiktigt f\u00f6rh\u00e5llande, \u00f6verv\u00e4g att tr\u00e4ffa n\u00e5gon via en anslutningssida. Anslutningar \u00e4r bra eftersom de \u00e4r snabba, billiga och okomplicerade \u00e4ldre kvinnor som vill ha yngre m\u00e4n. Men de \u00e4r inte idealiska eftersom de...L\u00e4s mer L\u00e4s mer\" \/>\n<meta property=\"og:url\" content=\"https:\/\/thisisnotagateway.net\/sv\/populara-anslutningsappar-som-fungerar-for-sex\/\" \/>\n<meta property=\"og:site_name\" content=\"Gateway Recensioner\" \/>\n<meta property=\"article:modified_time\" content=\"2022-07-20T18:05:35+00:00\" \/>\n<meta property=\"og:image\" content=\"http:\/\/thisisnotagateway.net\/wp-content\/uploads\/2022\/07\/local-chat-apps-1024x683.jpeg\" \/>\n<meta name=\"author\" content=\"Gateway\" \/>\n<meta name=\"twitter:card\" content=\"summary_large_image\" \/>\n<meta name=\"twitter:label1\" content=\"Ber\u00e4knad l\u00e4stid\" \/>\n\t<meta name=\"twitter:data1\" content=\"4 minuter\" \/>\n<script type=\"application\/ld+json\" class=\"yoast-schema-graph\">{\"@context\":\"https:\/\/schema.org\",\"@graph\":[{\"@type\":\"WebSite\",\"@id\":\"http:\/\/thisisnotagateway.net\/#website\",\"url\":\"http:\/\/thisisnotagateway.net\/\",\"name\":\"Gateway Recensioner\",\"description\":\"Relations- och dejtingblogg\",\"potentialAction\":[{\"@type\":\"SearchAction\",\"target\":{\"@type\":\"EntryPoint\",\"urlTemplate\":\"http:\/\/thisisnotagateway.net\/?s={search_term_string}\"},\"query-input\":\"required name=search_term_string\"}],\"inLanguage\":\"sv-SE\"},{\"@type\":\"ImageObject\",\"inLanguage\":\"sv-SE\",\"@id\":\"https:\/\/thisisnotagateway.net\/sv\/populara-anslutningsappar-som-fungerar-for-sex\/#primaryimage\",\"url\":\"https:\/\/thisisnotagateway.net\/wp-content\/uploads\/2022\/07\/local-chat-apps.jpeg\",\"contentUrl\":\"https:\/\/thisisnotagateway.net\/wp-content\/uploads\/2022\/07\/local-chat-apps.jpeg\",\"width\":2250,\"height\":1500},{\"@type\":\"WebPage\",\"@id\":\"https:\/\/thisisnotagateway.net\/sv\/populara-anslutningsappar-som-fungerar-for-sex\/#webpage\",\"url\":\"https:\/\/thisisnotagateway.net\/sv\/populara-anslutningsappar-som-fungerar-for-sex\/\",\"name\":\"Popul\u00e4ra anslutningsappar som fungerar f\u00f6r sex - Gateway Recensioner\",\"isPartOf\":{\"@id\":\"http:\/\/thisisnotagateway.net\/#website\"},\"primaryImageOfPage\":{\"@id\":\"https:\/\/thisisnotagateway.net\/sv\/populara-anslutningsappar-som-fungerar-for-sex\/#primaryimage\"},\"datePublished\":\"2022-07-03T14:00:39+00:00\",\"dateModified\":\"2022-07-20T18:05:35+00:00\",\"breadcrumb\":{\"@id\":\"https:\/\/thisisnotagateway.net\/sv\/populara-anslutningsappar-som-fungerar-for-sex\/#breadcrumb\"},\"inLanguage\":\"sv-SE\",\"potentialAction\":[{\"@type\":\"ReadAction\",\"target\":[\"https:\/\/thisisnotagateway.net\/sv\/populara-anslutningsappar-som-fungerar-for-sex\/\"]}]},{\"@type\":\"BreadcrumbList\",\"@id\":\"https:\/\/thisisnotagateway.net\/sv\/populara-anslutningsappar-som-fungerar-for-sex\/#breadcrumb\",\"itemListElement\":[{\"@type\":\"ListItem\",\"position\":1,\"name\":\"Hem\",\"item\":\"http:\/\/thisisnotagateway.net\/sv\/\"},{\"@type\":\"ListItem\",\"position\":2,\"name\":\"Popul\u00e4ra anslutningsappar som fungerar f\u00f6r sex\"}]}]}<\/script>\n<!-- \/ Yoast SEO plugin. -->","yoast_head_json":{"title":"Popul\u00e4ra anslutningsappar som fungerar f\u00f6r sex - Gateway Recensioner","robots":{"index":"index","follow":"follow","max-snippet":"max-snippet:-1","max-image-preview":"max-image-preview:large","max-video-preview":"max-video-preview:-1"},"canonical":"https:\/\/thisisnotagateway.net\/sv\/populara-anslutningsappar-som-fungerar-for-sex\/","og_locale":"sv_SE","og_type":"article","og_title":"Popul\u00e4ra anslutningsappar som fungerar f\u00f6r sex - Gateway Recensioner","og_description":"Om du \u00e4r intresserad av anslutningar b\u00f6r du vara medveten om n\u00e5gra viktiga fakta. Som sagt, anslutningar \u00e4r ett bra s\u00e4tt att ta reda p\u00e5 om det finns kemi mellan dig och en annan person. S\u00e5 om du \u00e4r singel och letar efter en fling eller ett l\u00e5ngsiktigt f\u00f6rh\u00e5llande, \u00f6verv\u00e4g att tr\u00e4ffa n\u00e5gon via en anslutningssida. Anslutningar \u00e4r bra eftersom de \u00e4r snabba, billiga och okomplicerade \u00e4ldre kvinnor som vill ha yngre m\u00e4n. Men de \u00e4r inte idealiska eftersom de...L\u00e4s mer L\u00e4s mer","og_url":"https:\/\/thisisnotagateway.net\/sv\/populara-anslutningsappar-som-fungerar-for-sex\/","og_site_name":"Gateway Recensioner","article_modified_time":"2022-07-20T18:05:35+00:00","og_image":[{"url":"http:\/\/thisisnotagateway.net\/wp-content\/uploads\/2022\/07\/local-chat-apps-1024x683.jpeg"}],"author":"Gateway","twitter_card":"summary_large_image","twitter_misc":{"Ber\u00e4knad l\u00e4stid":"4 minuter"},"schema":{"@context":"https:\/\/schema.org","@graph":[{"@type":"WebSite","@id":"http:\/\/thisisnotagateway.net\/#website","url":"http:\/\/thisisnotagateway.net\/","name":"Gateway Recensioner","description":"Relations- och dejtingblogg","potentialAction":[{"@type":"SearchAction","target":{"@type":"EntryPoint","urlTemplate":"http:\/\/thisisnotagateway.net\/?s={search_term_string}"},"query-input":"required name=search_term_string"}],"inLanguage":"sv-SE"},{"@type":"ImageObject","inLanguage":"sv-SE","@id":"https:\/\/thisisnotagateway.net\/sv\/populara-anslutningsappar-som-fungerar-for-sex\/#primaryimage","url":"https:\/\/thisisnotagateway.net\/wp-content\/uploads\/2022\/07\/local-chat-apps.jpeg","contentUrl":"https:\/\/thisisnotagateway.net\/wp-content\/uploads\/2022\/07\/local-chat-apps.jpeg","width":2250,"height":1500},{"@type":"WebPage","@id":"https:\/\/thisisnotagateway.net\/sv\/populara-anslutningsappar-som-fungerar-for-sex\/#webpage","url":"https:\/\/thisisnotagateway.net\/sv\/populara-anslutningsappar-som-fungerar-for-sex\/","name":"Popul\u00e4ra anslutningsappar som fungerar f\u00f6r sex - Gateway Recensioner","isPartOf":{"@id":"http:\/\/thisisnotagateway.net\/#website"},"primaryImageOfPage":{"@id":"https:\/\/thisisnotagateway.net\/sv\/populara-anslutningsappar-som-fungerar-for-sex\/#primaryimage"},"datePublished":"2022-07-03T14:00:39+00:00","dateModified":"2022-07-20T18:05:35+00:00","breadcrumb":{"@id":"https:\/\/thisisnotagateway.net\/sv\/populara-anslutningsappar-som-fungerar-for-sex\/#breadcrumb"},"inLanguage":"sv-SE","potentialAction":[{"@type":"ReadAction","target":["https:\/\/thisisnotagateway.net\/sv\/populara-anslutningsappar-som-fungerar-for-sex\/"]}]},{"@type":"BreadcrumbList","@id":"https:\/\/thisisnotagateway.net\/sv\/populara-anslutningsappar-som-fungerar-for-sex\/#breadcrumb","itemListElement":[{"@type":"ListItem","position":1,"name":"Hem","item":"http:\/\/thisisnotagateway.net\/sv\/"},{"@type":"ListItem","position":2,"name":"Popul\u00e4ra anslutningsappar som fungerar f\u00f6r sex"}]}]}},"_links":{"self":[{"href":"https:\/\/thisisnotagateway.net\/sv\/wp-json\/wp\/v2\/pages\/198"}],"collection":[{"href":"https:\/\/thisisnotagateway.net\/sv\/wp-json\/wp\/v2\/pages"}],"about":[{"href":"https:\/\/thisisnotagateway.net\/sv\/wp-json\/wp\/v2\/types\/page"}],"author":[{"embeddable":true,"href":"https:\/\/thisisnotagateway.net\/sv\/wp-json\/wp\/v2\/users\/1"}],"replies":[{"embeddable":true,"href":"https:\/\/thisisnotagateway.net\/sv\/wp-json\/wp\/v2\/comments?post=198"}],"version-history":[{"count":1,"href":"https:\/\/thisisnotagateway.net\/sv\/wp-json\/wp\/v2\/pages\/198\/revisions"}],"predecessor-version":[{"id":387,"href":"https:\/\/thisisnotagateway.net\/sv\/wp-json\/wp\/v2\/pages\/198\/revisions\/387"}],"wp:attachment":[{"href":"https:\/\/thisisnotagateway.net\/sv\/wp-json\/wp\/v2\/media?parent=198"}],"curies":[{"name":"wp","href":"https:\/\/api.w.org\/{rel}","templated":true}]}}