{"id":200,"date":"2022-07-03T14:56:03","date_gmt":"2022-07-03T13:56:03","guid":{"rendered":"http:\/\/thisisnotagateway.net\/craigslist-kontaktyttringar\/"},"modified":"2022-07-03T14:56:03","modified_gmt":"2022-07-03T13:56:03","slug":"craigslist-kontaktyttringar","status":"publish","type":"page","link":"https:\/\/thisisnotagateway.net\/sv\/craigslist-kontaktyttringar\/","title":{"rendered":"Craigslist kontaktyttringar"},"content":{"rendered":"<p>Letar du efter ett enkelt s\u00e4tt att tr\u00e4ffa n\u00e5gon speciell? K\u00e4nner du att du saknar n\u00e5got i ditt liv? Kanske beh\u00f6ver du bara lite kul och sp\u00e4nning i ditt k\u00e4rleksliv. Online dating tj\u00e4nster kan verka som en bra id\u00e9 f\u00f6rst, men inte alla vet vad de verkligen inneb\u00e4r.<\/p>\n<p>Det finns m\u00e5nga olika typer av online dating webbplatser d\u00e4r ute, var och en catering till en viss typ av relation.<\/p>\n<p>Vissa webbplatser tillgodoser l\u00e5ngsiktiga relationer medan andra fokuserar p\u00e5 <a href=\"http:\/\/thisisnotagateway.net\/sv\/hitta-en-match\/\">kortsiktiga flings<\/a>. En sak \u00e4r dock s\u00e4ker &#8211; om du letar efter ett seri\u00f6st f\u00f6rh\u00e5llande m\u00e5ste du f\u00f6rmodligen g\u00e5 med p\u00e5 en webbplats som riktar sig specifikt till det \u00e4ndam\u00e5let.<\/p>\n<p><img loading=\"lazy\" class=\"aligncenter size-full wp-image-107\" src=\"http:\/\/thisisnotagateway.net\/wp-content\/uploads\/2022\/07\/craigslist-personals-sites-min.jpg\" alt=\"\" width=\"700\" height=\"330\" srcset=\"https:\/\/thisisnotagateway.net\/wp-content\/uploads\/2022\/07\/craigslist-personals-sites-min.jpg 700w, https:\/\/thisisnotagateway.net\/wp-content\/uploads\/2022\/07\/craigslist-personals-sites-min-300x141.jpg 300w, https:\/\/thisisnotagateway.net\/wp-content\/uploads\/2022\/07\/craigslist-personals-sites-min-573x270.jpg 573w\" sizes=\"(max-width: 700px) 100vw, 700px\" \/><\/p>\n<h2>Vilka \u00e4r alternativen f\u00f6r personliga annonser<\/h2>\n<p>Efter st\u00e4ngningen av Craigslist Personals har m\u00e5nga tappat hoppet om att hitta k\u00e4rleken online. Det finns m\u00e5nga andra dejtingsajter tillg\u00e4ngliga, men att ha m\u00e5nga alternativ kan vara \u00f6verv\u00e4ldigande. Vi best\u00e4mde oss f\u00f6r att ta oss tid och friheten att skapa en komplett guide \u00f6ver de b\u00e4sta Craigslist Personales-ekvivalenterna som du ocks\u00e5 kan tillgripa n\u00e4r du letar efter avslappnade dejtingupplevelser, anslutningar och allt d\u00e4remellan.<\/p>\n<p>Craigslist Personals var en webbplats f\u00f6r annonser online som startades redan 1995. Den hade en enorm anv\u00e4ndarbas och var en av de f\u00f6rsta tj\u00e4nsterna som till\u00e4t anv\u00e4ndare att l\u00e4gga upp annonser gratis. Anv\u00e4ndare kan lista objekt som m\u00f6bler, bilar, jobb, husdjur, fastigheter etc. Det var mycket framg\u00e5ngsrikt tills det st\u00e4ngdes av 2018. Nu finns det m\u00e5nga andra webbplatser tillg\u00e4ngliga f\u00f6r att hj\u00e4lpa anv\u00e4ndare att hitta ett datum eller anslutning. <a href=\"http:\/\/thisisnotagateway.net\/sv\/hitta-en-relation-med-latthet\/\">Webbplatser som Tinder<\/a>, Bumble, OkCupid, PlentyOfFish, Match och andra erbjuder liknande funktioner som Craigslist Personals, men de \u00e4r inte alls lika stora.<\/p>\n<p>Craigslist \u00e4r en klassificerad webbplats som till\u00e5ter anv\u00e4ndare att l\u00e4gga upp objekt till salu eller hyra. Medan m\u00e5nga anv\u00e4nder det f\u00f6r att s\u00e4lja sina gamla saker, anv\u00e4nder andra det f\u00f6r att tr\u00e4ffa m\u00e4nniskor. Det finns dock vissa nackdelar med att anv\u00e4nda Craigslist. Om du till exempel letar efter avslappnad sex kanske Craigslist inte \u00e4r det b\u00e4sta st\u00e4llet att g\u00e5. Dessutom till\u00e5ter Craigslist inte anv\u00e4ndare att s\u00f6ka efter specifika typer av partner. Om du letar efter n\u00e5got seri\u00f6st m\u00e5ste du leta n\u00e5gon annanstans.<\/p>\n<p>Om du gillar avslappnade anslutningar med gifta m\u00e4nniskor \u00e4r AshleyMadison det b\u00e4sta st\u00e4llet att g\u00e5. Det \u00e4r en dejtingsajt d\u00e4r gifta och personer i engagerade relationer kan tr\u00e4ffas f\u00f6r diskreta aff\u00e4rer. \u00c4ven om det finns m\u00e5nga andra dejtingsajter d\u00e4r ute f\u00f6r samma \u00e4ndam\u00e5l, m\u00f6ter m\u00e4nniskor som letar efter avslappnade datum och anslutningar ofta stigma n\u00e4r de f\u00f6rs\u00f6ker dejta med gifta och engagerade partners. Lyckligtvis \u00e4ndrade Ashley Madison helt allt detta. Nu, om du letar efter avslappnade datum och sex med gifta m\u00e4nniskor, kommer du aldrig att st\u00f6ta p\u00e5 problem igen.<\/p>\n","protected":false},"excerpt":{"rendered":"<p>Letar du efter ett enkelt s\u00e4tt att tr\u00e4ffa n\u00e5gon speciell? K\u00e4nner du att du saknar n\u00e5got i ditt liv? Kanske beh\u00f6ver du bara lite kul och sp\u00e4nning i ditt k\u00e4rleksliv. Online dating tj\u00e4nster kan verka som en bra id\u00e9 f\u00f6rst, men inte alla vet vad de verkligen inneb\u00e4r. Det finns m\u00e5nga olika typer av online dating webbplatser d\u00e4r ute, var och en catering till en viss typ av relation. Vissa webbplatser tillgodoser l\u00e5ngsiktiga relationer medan andra fokuserar p\u00e5 kortsiktiga flings&#8230;.<\/p>\n<p class=\"read-more\"><a class=\"btn btn-default\" href=\"https:\/\/thisisnotagateway.net\/sv\/craigslist-kontaktyttringar\/\">L\u00e4s mer<span class=\"screen-reader-text\"> L\u00e4s mer<\/span><\/a><\/p>\n","protected":false},"author":1,"featured_media":0,"parent":0,"menu_order":0,"comment_status":"closed","ping_status":"closed","template":"","meta":[],"yoast_head":"<!-- This site is optimized with the Yoast SEO plugin v19.2 - https:\/\/yoast.com\/wordpress\/plugins\/seo\/ -->\n<title>Craigslist kontaktyttringar - Gateway Recensioner<\/title>\n<meta name=\"robots\" content=\"index, follow, max-snippet:-1, max-image-preview:large, max-video-preview:-1\" \/>\n<link rel=\"canonical\" href=\"https:\/\/thisisnotagateway.net\/sv\/craigslist-kontaktyttringar\/\" \/>\n<meta property=\"og:locale\" content=\"sv_SE\" \/>\n<meta property=\"og:type\" content=\"article\" \/>\n<meta property=\"og:title\" content=\"Craigslist kontaktyttringar - Gateway Recensioner\" \/>\n<meta property=\"og:description\" content=\"Letar du efter ett enkelt s\u00e4tt att tr\u00e4ffa n\u00e5gon speciell? K\u00e4nner du att du saknar n\u00e5got i ditt liv? Kanske beh\u00f6ver du bara lite kul och sp\u00e4nning i ditt k\u00e4rleksliv. Online dating tj\u00e4nster kan verka som en bra id\u00e9 f\u00f6rst, men inte alla vet vad de verkligen inneb\u00e4r. Det finns m\u00e5nga olika typer av online dating webbplatser d\u00e4r ute, var och en catering till en viss typ av relation. Vissa webbplatser tillgodoser l\u00e5ngsiktiga relationer medan andra fokuserar p\u00e5 kortsiktiga flings....L\u00e4s mer L\u00e4s mer\" \/>\n<meta property=\"og:url\" content=\"https:\/\/thisisnotagateway.net\/sv\/craigslist-kontaktyttringar\/\" \/>\n<meta property=\"og:site_name\" content=\"Gateway Recensioner\" \/>\n<meta property=\"og:image\" content=\"http:\/\/thisisnotagateway.net\/wp-content\/uploads\/2022\/07\/craigslist-personals-sites-min.jpg\" \/>\n<meta name=\"author\" content=\"Gateway\" \/>\n<meta name=\"twitter:card\" content=\"summary_large_image\" \/>\n<meta name=\"twitter:label1\" content=\"Ber\u00e4knad l\u00e4stid\" \/>\n\t<meta name=\"twitter:data1\" content=\"3 minuter\" \/>\n<script type=\"application\/ld+json\" class=\"yoast-schema-graph\">{\"@context\":\"https:\/\/schema.org\",\"@graph\":[{\"@type\":\"WebSite\",\"@id\":\"http:\/\/thisisnotagateway.net\/#website\",\"url\":\"http:\/\/thisisnotagateway.net\/\",\"name\":\"Gateway Recensioner\",\"description\":\"Relations- och dejtingblogg\",\"potentialAction\":[{\"@type\":\"SearchAction\",\"target\":{\"@type\":\"EntryPoint\",\"urlTemplate\":\"http:\/\/thisisnotagateway.net\/?s={search_term_string}\"},\"query-input\":\"required name=search_term_string\"}],\"inLanguage\":\"sv-SE\"},{\"@type\":\"ImageObject\",\"inLanguage\":\"sv-SE\",\"@id\":\"https:\/\/thisisnotagateway.net\/sv\/craigslist-kontaktyttringar\/#primaryimage\",\"url\":\"https:\/\/thisisnotagateway.net\/wp-content\/uploads\/2022\/07\/craigslist-personals-sites-min.jpg\",\"contentUrl\":\"https:\/\/thisisnotagateway.net\/wp-content\/uploads\/2022\/07\/craigslist-personals-sites-min.jpg\",\"width\":700,\"height\":330},{\"@type\":\"WebPage\",\"@id\":\"https:\/\/thisisnotagateway.net\/sv\/craigslist-kontaktyttringar\/#webpage\",\"url\":\"https:\/\/thisisnotagateway.net\/sv\/craigslist-kontaktyttringar\/\",\"name\":\"Craigslist kontaktyttringar - Gateway Recensioner\",\"isPartOf\":{\"@id\":\"http:\/\/thisisnotagateway.net\/#website\"},\"primaryImageOfPage\":{\"@id\":\"https:\/\/thisisnotagateway.net\/sv\/craigslist-kontaktyttringar\/#primaryimage\"},\"datePublished\":\"2022-07-03T13:56:03+00:00\",\"dateModified\":\"2022-07-03T13:56:03+00:00\",\"breadcrumb\":{\"@id\":\"https:\/\/thisisnotagateway.net\/sv\/craigslist-kontaktyttringar\/#breadcrumb\"},\"inLanguage\":\"sv-SE\",\"potentialAction\":[{\"@type\":\"ReadAction\",\"target\":[\"https:\/\/thisisnotagateway.net\/sv\/craigslist-kontaktyttringar\/\"]}]},{\"@type\":\"BreadcrumbList\",\"@id\":\"https:\/\/thisisnotagateway.net\/sv\/craigslist-kontaktyttringar\/#breadcrumb\",\"itemListElement\":[{\"@type\":\"ListItem\",\"position\":1,\"name\":\"Hem\",\"item\":\"http:\/\/thisisnotagateway.net\/sv\/\"},{\"@type\":\"ListItem\",\"position\":2,\"name\":\"Craigslist kontaktyttringar\"}]}]}<\/script>\n<!-- \/ Yoast SEO plugin. -->","yoast_head_json":{"title":"Craigslist kontaktyttringar - Gateway Recensioner","robots":{"index":"index","follow":"follow","max-snippet":"max-snippet:-1","max-image-preview":"max-image-preview:large","max-video-preview":"max-video-preview:-1"},"canonical":"https:\/\/thisisnotagateway.net\/sv\/craigslist-kontaktyttringar\/","og_locale":"sv_SE","og_type":"article","og_title":"Craigslist kontaktyttringar - Gateway Recensioner","og_description":"Letar du efter ett enkelt s\u00e4tt att tr\u00e4ffa n\u00e5gon speciell? K\u00e4nner du att du saknar n\u00e5got i ditt liv? Kanske beh\u00f6ver du bara lite kul och sp\u00e4nning i ditt k\u00e4rleksliv. Online dating tj\u00e4nster kan verka som en bra id\u00e9 f\u00f6rst, men inte alla vet vad de verkligen inneb\u00e4r. Det finns m\u00e5nga olika typer av online dating webbplatser d\u00e4r ute, var och en catering till en viss typ av relation. Vissa webbplatser tillgodoser l\u00e5ngsiktiga relationer medan andra fokuserar p\u00e5 kortsiktiga flings....L\u00e4s mer L\u00e4s mer","og_url":"https:\/\/thisisnotagateway.net\/sv\/craigslist-kontaktyttringar\/","og_site_name":"Gateway Recensioner","og_image":[{"url":"http:\/\/thisisnotagateway.net\/wp-content\/uploads\/2022\/07\/craigslist-personals-sites-min.jpg"}],"author":"Gateway","twitter_card":"summary_large_image","twitter_misc":{"Ber\u00e4knad l\u00e4stid":"3 minuter"},"schema":{"@context":"https:\/\/schema.org","@graph":[{"@type":"WebSite","@id":"http:\/\/thisisnotagateway.net\/#website","url":"http:\/\/thisisnotagateway.net\/","name":"Gateway Recensioner","description":"Relations- och dejtingblogg","potentialAction":[{"@type":"SearchAction","target":{"@type":"EntryPoint","urlTemplate":"http:\/\/thisisnotagateway.net\/?s={search_term_string}"},"query-input":"required name=search_term_string"}],"inLanguage":"sv-SE"},{"@type":"ImageObject","inLanguage":"sv-SE","@id":"https:\/\/thisisnotagateway.net\/sv\/craigslist-kontaktyttringar\/#primaryimage","url":"https:\/\/thisisnotagateway.net\/wp-content\/uploads\/2022\/07\/craigslist-personals-sites-min.jpg","contentUrl":"https:\/\/thisisnotagateway.net\/wp-content\/uploads\/2022\/07\/craigslist-personals-sites-min.jpg","width":700,"height":330},{"@type":"WebPage","@id":"https:\/\/thisisnotagateway.net\/sv\/craigslist-kontaktyttringar\/#webpage","url":"https:\/\/thisisnotagateway.net\/sv\/craigslist-kontaktyttringar\/","name":"Craigslist kontaktyttringar - Gateway Recensioner","isPartOf":{"@id":"http:\/\/thisisnotagateway.net\/#website"},"primaryImageOfPage":{"@id":"https:\/\/thisisnotagateway.net\/sv\/craigslist-kontaktyttringar\/#primaryimage"},"datePublished":"2022-07-03T13:56:03+00:00","dateModified":"2022-07-03T13:56:03+00:00","breadcrumb":{"@id":"https:\/\/thisisnotagateway.net\/sv\/craigslist-kontaktyttringar\/#breadcrumb"},"inLanguage":"sv-SE","potentialAction":[{"@type":"ReadAction","target":["https:\/\/thisisnotagateway.net\/sv\/craigslist-kontaktyttringar\/"]}]},{"@type":"BreadcrumbList","@id":"https:\/\/thisisnotagateway.net\/sv\/craigslist-kontaktyttringar\/#breadcrumb","itemListElement":[{"@type":"ListItem","position":1,"name":"Hem","item":"http:\/\/thisisnotagateway.net\/sv\/"},{"@type":"ListItem","position":2,"name":"Craigslist kontaktyttringar"}]}]}},"_links":{"self":[{"href":"https:\/\/thisisnotagateway.net\/sv\/wp-json\/wp\/v2\/pages\/200"}],"collection":[{"href":"https:\/\/thisisnotagateway.net\/sv\/wp-json\/wp\/v2\/pages"}],"about":[{"href":"https:\/\/thisisnotagateway.net\/sv\/wp-json\/wp\/v2\/types\/page"}],"author":[{"embeddable":true,"href":"https:\/\/thisisnotagateway.net\/sv\/wp-json\/wp\/v2\/users\/1"}],"replies":[{"embeddable":true,"href":"https:\/\/thisisnotagateway.net\/sv\/wp-json\/wp\/v2\/comments?post=200"}],"version-history":[{"count":0,"href":"https:\/\/thisisnotagateway.net\/sv\/wp-json\/wp\/v2\/pages\/200\/revisions"}],"wp:attachment":[{"href":"https:\/\/thisisnotagateway.net\/sv\/wp-json\/wp\/v2\/media?parent=200"}],"curies":[{"name":"wp","href":"https:\/\/api.w.org\/{rel}","templated":true}]}}