{"id":234,"date":"2022-07-03T14:34:30","date_gmt":"2022-07-03T13:34:30","guid":{"rendered":"http:\/\/thisisnotagateway.net\/fungerar-pickuplinjer-faktiskt\/"},"modified":"2022-07-20T19:06:46","modified_gmt":"2022-07-20T18:06:46","slug":"fungerar-pickuplinjer-faktiskt","status":"publish","type":"page","link":"https:\/\/thisisnotagateway.net\/sv\/fungerar-pickuplinjer-faktiskt\/","title":{"rendered":"Fungerar pickuplinjer faktiskt?"},"content":{"rendered":"\r\n<p>Pickuplinjer \u00e4r ett bra s\u00e4tt att h\u00e4mta kvinnor. De \u00e4r enkla, direkta och effektiva. Men de flesta killar <a href=\"https:\/\/www.localsexcontacts.com\/da\/kink-dating-site\/\">fetish dating<\/a> \u00e4r inte s\u00e5 bra p\u00e5 dem. S\u00e5 h\u00e4r \u00e4r n\u00e5gra tips som hj\u00e4lper dig att f\u00f6rb\u00e4ttra ditt spel.<\/p>\r\n\r\n<p>F\u00f6rst \u00f6va. \u00d6vning ger f\u00e4rdighet. Pick up lines \u00e4r en f\u00e4rdighet, precis som golf eller tennis. Ju mer du tr\u00e4nar, desto b\u00e4ttre blir du. F\u00f6r det andra, var s\u00e4ker. F\u00f6rtroende \u00e4r sexigt. Kvinnor svarar p\u00e5 f\u00f6rtroende. Och n\u00e4r du \u00e4r s\u00e4ker \u00e4r du mer attraktiv. F\u00f6r det tredje, anv\u00e4nd humor. Humor fungerar bra eftersom det bryter ner barri\u00e4rer mellan m\u00e4n och kvinnor. Dessutom tycker kvinnor att det \u00e4r roligt.<\/p>\r\n\r\n<p>Slutligen, h\u00e5ll det kort. Sl\u00f6sa inte din tid p\u00e5 att f\u00f6rs\u00f6ka imponera p\u00e5 henne <a href=\"http:\/\/www.sextstrangers.com\/no\/\">sexprat p\u00e5 nett<\/a> med l\u00e5nga ber\u00e4ttelser. H\u00e5ll det kort och s\u00f6tt. Anv\u00e4nd dessa tre tips f\u00f6r att f\u00f6rb\u00e4ttra dina f\u00e4rdigheter i upph\u00e4mtningslinjen. G\u00e5 sedan ut och h\u00e4mta n\u00e5gra kycklingar!<\/p>\r\n\r\n<figure class=\"wp-block-image size-large\"><img loading=\"lazy\" width=\"1024\" height=\"683\" src=\"http:\/\/thisisnotagateway.net&#13;&#10;\/wp-content\/uploads\/2022\/07\/why-dating-apps-work-1024x683.jpeg\" alt=\"\" class=\"wp-image-61\" srcset=\"https:\/\/thisisnotagateway.net\/wp-content\/uploads\/2022\/07\/why-dating-apps-work-1024x683.jpeg 1024w, https:\/\/thisisnotagateway.net\/wp-content\/uploads\/2022\/07\/why-dating-apps-work-300x200.jpeg 300w, https:\/\/thisisnotagateway.net\/wp-content\/uploads\/2022\/07\/why-dating-apps-work-768x512.jpeg 768w, https:\/\/thisisnotagateway.net\/wp-content\/uploads\/2022\/07\/why-dating-apps-work-1536x1024.jpeg 1536w, https:\/\/thisisnotagateway.net\/wp-content\/uploads\/2022\/07\/why-dating-apps-work-2048x1365.jpeg 2048w\" sizes=\"(max-width: 1024px) 100vw, 1024px\" \/><\/figure>\r\n\r\n<h2>Hur man b\u00f6rjar anv\u00e4nda dessa p\u00e5 tjejer<\/h2>\r\n\r\n<p>Om du n\u00e5gonsin har <a href=\"https:\/\/thisisnotagateway.net\/types-of-dating-apps\/\">varit p\u00e5 ett datum<\/a> vet du att de flesta killar anv\u00e4nder n\u00e5gon version av dessa rader. Och om du n\u00e5gonsin har varit i den mottagande \u00e4nden av en pickup-linje, vet du att de s\u00e4llan fungerar.<\/p>\r\n\r\n<p>Det beror p\u00e5 att upph\u00e4mtningslinjer baseras p\u00e5 en falsk premiss. Antagandet \u00e4r att kvinnor letar efter m\u00e4n som \u00e4r desperata nog att s\u00e4ga saker som &#8221;Hej \u00e4lskling, vill du g\u00e5 ut ikv\u00e4ll?&#8221;<\/p>\r\n\r\n<p>Men det \u00e4r bara inte sant. Kvinnor letar inte efter desperata m\u00e4n. De letar efter sj\u00e4lvs\u00e4kra m\u00e4n som \u00e4r bekv\u00e4ma nog att vara sig sj\u00e4lva.<\/p>\r\n\r\n<p>Och h\u00e4r \u00e4r kickern: De flesta kvinnor <a href=\"https:\/\/www.hookup-now.com\/sv\/knulla-chatt\/\">gratis knulla<\/a> st\u00e4ngs av av pickuplinjer. S\u00e5 om du ska f\u00f6rs\u00f6ka plocka upp tjejer m\u00e5ste du sluta t\u00e4nka som en kille och b\u00f6rja t\u00e4nka som en kvinna.<\/p>\r\n\r\n<p>Ist\u00e4llet f\u00f6r att f\u00f6rs\u00f6ka framst\u00e5 som desperat b\u00f6r du vara sj\u00e4lvs\u00e4ker och l\u00e4ttillg\u00e4nglig. Ist\u00e4llet f\u00f6r att t\u00e4nka som en kille borde du t\u00e4nka som en tjej.<\/p>\r\n","protected":false},"excerpt":{"rendered":"<p>Pickuplinjer \u00e4r ett bra s\u00e4tt att h\u00e4mta kvinnor. De \u00e4r enkla, direkta och effektiva. Men de flesta killar fetish dating \u00e4r inte s\u00e5 bra p\u00e5 dem. S\u00e5 h\u00e4r \u00e4r n\u00e5gra tips som hj\u00e4lper dig att f\u00f6rb\u00e4ttra ditt spel. F\u00f6rst \u00f6va. \u00d6vning ger f\u00e4rdighet. Pick up lines \u00e4r en f\u00e4rdighet, precis som golf eller tennis. Ju mer du tr\u00e4nar, desto b\u00e4ttre blir du. F\u00f6r det andra, var s\u00e4ker. F\u00f6rtroende \u00e4r sexigt. Kvinnor svarar p\u00e5 f\u00f6rtroende. Och n\u00e4r du \u00e4r s\u00e4ker \u00e4r&#8230;<\/p>\n<p class=\"read-more\"><a class=\"btn btn-default\" href=\"https:\/\/thisisnotagateway.net\/sv\/fungerar-pickuplinjer-faktiskt\/\">L\u00e4s mer<span class=\"screen-reader-text\"> L\u00e4s mer<\/span><\/a><\/p>\n","protected":false},"author":1,"featured_media":0,"parent":0,"menu_order":0,"comment_status":"closed","ping_status":"closed","template":"","meta":[],"yoast_head":"<!-- This site is optimized with the Yoast SEO plugin v19.2 - https:\/\/yoast.com\/wordpress\/plugins\/seo\/ -->\n<title>Fungerar pickuplinjer faktiskt? - Gateway Recensioner<\/title>\n<meta name=\"robots\" content=\"index, follow, max-snippet:-1, max-image-preview:large, max-video-preview:-1\" \/>\n<link rel=\"canonical\" href=\"https:\/\/thisisnotagateway.net\/sv\/fungerar-pickuplinjer-faktiskt\/\" \/>\n<meta property=\"og:locale\" content=\"sv_SE\" \/>\n<meta property=\"og:type\" content=\"article\" \/>\n<meta property=\"og:title\" content=\"Fungerar pickuplinjer faktiskt? - Gateway Recensioner\" \/>\n<meta property=\"og:description\" content=\"Pickuplinjer \u00e4r ett bra s\u00e4tt att h\u00e4mta kvinnor. De \u00e4r enkla, direkta och effektiva. Men de flesta killar fetish dating \u00e4r inte s\u00e5 bra p\u00e5 dem. S\u00e5 h\u00e4r \u00e4r n\u00e5gra tips som hj\u00e4lper dig att f\u00f6rb\u00e4ttra ditt spel. F\u00f6rst \u00f6va. \u00d6vning ger f\u00e4rdighet. Pick up lines \u00e4r en f\u00e4rdighet, precis som golf eller tennis. Ju mer du tr\u00e4nar, desto b\u00e4ttre blir du. F\u00f6r det andra, var s\u00e4ker. F\u00f6rtroende \u00e4r sexigt. Kvinnor svarar p\u00e5 f\u00f6rtroende. Och n\u00e4r du \u00e4r s\u00e4ker \u00e4r...L\u00e4s mer L\u00e4s mer\" \/>\n<meta property=\"og:url\" content=\"https:\/\/thisisnotagateway.net\/sv\/fungerar-pickuplinjer-faktiskt\/\" \/>\n<meta property=\"og:site_name\" content=\"Gateway Recensioner\" \/>\n<meta property=\"article:modified_time\" content=\"2022-07-20T18:06:46+00:00\" \/>\n<meta name=\"author\" content=\"Gateway\" \/>\n<meta name=\"twitter:card\" content=\"summary_large_image\" \/>\n<meta name=\"twitter:label1\" content=\"Ber\u00e4knad l\u00e4stid\" \/>\n\t<meta name=\"twitter:data1\" content=\"2 minuter\" \/>\n<script type=\"application\/ld+json\" class=\"yoast-schema-graph\">{\"@context\":\"https:\/\/schema.org\",\"@graph\":[{\"@type\":\"WebSite\",\"@id\":\"http:\/\/thisisnotagateway.net\/#website\",\"url\":\"http:\/\/thisisnotagateway.net\/\",\"name\":\"Gateway Recensioner\",\"description\":\"Relations- och dejtingblogg\",\"potentialAction\":[{\"@type\":\"SearchAction\",\"target\":{\"@type\":\"EntryPoint\",\"urlTemplate\":\"http:\/\/thisisnotagateway.net\/?s={search_term_string}\"},\"query-input\":\"required name=search_term_string\"}],\"inLanguage\":\"sv-SE\"},{\"@type\":\"WebPage\",\"@id\":\"https:\/\/thisisnotagateway.net\/sv\/fungerar-pickuplinjer-faktiskt\/#webpage\",\"url\":\"https:\/\/thisisnotagateway.net\/sv\/fungerar-pickuplinjer-faktiskt\/\",\"name\":\"Fungerar pickuplinjer faktiskt? - Gateway Recensioner\",\"isPartOf\":{\"@id\":\"http:\/\/thisisnotagateway.net\/#website\"},\"datePublished\":\"2022-07-03T13:34:30+00:00\",\"dateModified\":\"2022-07-20T18:06:46+00:00\",\"breadcrumb\":{\"@id\":\"https:\/\/thisisnotagateway.net\/sv\/fungerar-pickuplinjer-faktiskt\/#breadcrumb\"},\"inLanguage\":\"sv-SE\",\"potentialAction\":[{\"@type\":\"ReadAction\",\"target\":[\"https:\/\/thisisnotagateway.net\/sv\/fungerar-pickuplinjer-faktiskt\/\"]}]},{\"@type\":\"BreadcrumbList\",\"@id\":\"https:\/\/thisisnotagateway.net\/sv\/fungerar-pickuplinjer-faktiskt\/#breadcrumb\",\"itemListElement\":[{\"@type\":\"ListItem\",\"position\":1,\"name\":\"Hem\",\"item\":\"http:\/\/thisisnotagateway.net\/sv\/\"},{\"@type\":\"ListItem\",\"position\":2,\"name\":\"Fungerar pickuplinjer faktiskt?\"}]}]}<\/script>\n<!-- \/ Yoast SEO plugin. -->","yoast_head_json":{"title":"Fungerar pickuplinjer faktiskt? - Gateway Recensioner","robots":{"index":"index","follow":"follow","max-snippet":"max-snippet:-1","max-image-preview":"max-image-preview:large","max-video-preview":"max-video-preview:-1"},"canonical":"https:\/\/thisisnotagateway.net\/sv\/fungerar-pickuplinjer-faktiskt\/","og_locale":"sv_SE","og_type":"article","og_title":"Fungerar pickuplinjer faktiskt? - Gateway Recensioner","og_description":"Pickuplinjer \u00e4r ett bra s\u00e4tt att h\u00e4mta kvinnor. De \u00e4r enkla, direkta och effektiva. Men de flesta killar fetish dating \u00e4r inte s\u00e5 bra p\u00e5 dem. S\u00e5 h\u00e4r \u00e4r n\u00e5gra tips som hj\u00e4lper dig att f\u00f6rb\u00e4ttra ditt spel. F\u00f6rst \u00f6va. \u00d6vning ger f\u00e4rdighet. Pick up lines \u00e4r en f\u00e4rdighet, precis som golf eller tennis. Ju mer du tr\u00e4nar, desto b\u00e4ttre blir du. F\u00f6r det andra, var s\u00e4ker. F\u00f6rtroende \u00e4r sexigt. Kvinnor svarar p\u00e5 f\u00f6rtroende. Och n\u00e4r du \u00e4r s\u00e4ker \u00e4r...L\u00e4s mer L\u00e4s mer","og_url":"https:\/\/thisisnotagateway.net\/sv\/fungerar-pickuplinjer-faktiskt\/","og_site_name":"Gateway Recensioner","article_modified_time":"2022-07-20T18:06:46+00:00","author":"Gateway","twitter_card":"summary_large_image","twitter_misc":{"Ber\u00e4knad l\u00e4stid":"2 minuter"},"schema":{"@context":"https:\/\/schema.org","@graph":[{"@type":"WebSite","@id":"http:\/\/thisisnotagateway.net\/#website","url":"http:\/\/thisisnotagateway.net\/","name":"Gateway Recensioner","description":"Relations- och dejtingblogg","potentialAction":[{"@type":"SearchAction","target":{"@type":"EntryPoint","urlTemplate":"http:\/\/thisisnotagateway.net\/?s={search_term_string}"},"query-input":"required name=search_term_string"}],"inLanguage":"sv-SE"},{"@type":"WebPage","@id":"https:\/\/thisisnotagateway.net\/sv\/fungerar-pickuplinjer-faktiskt\/#webpage","url":"https:\/\/thisisnotagateway.net\/sv\/fungerar-pickuplinjer-faktiskt\/","name":"Fungerar pickuplinjer faktiskt? - Gateway Recensioner","isPartOf":{"@id":"http:\/\/thisisnotagateway.net\/#website"},"datePublished":"2022-07-03T13:34:30+00:00","dateModified":"2022-07-20T18:06:46+00:00","breadcrumb":{"@id":"https:\/\/thisisnotagateway.net\/sv\/fungerar-pickuplinjer-faktiskt\/#breadcrumb"},"inLanguage":"sv-SE","potentialAction":[{"@type":"ReadAction","target":["https:\/\/thisisnotagateway.net\/sv\/fungerar-pickuplinjer-faktiskt\/"]}]},{"@type":"BreadcrumbList","@id":"https:\/\/thisisnotagateway.net\/sv\/fungerar-pickuplinjer-faktiskt\/#breadcrumb","itemListElement":[{"@type":"ListItem","position":1,"name":"Hem","item":"http:\/\/thisisnotagateway.net\/sv\/"},{"@type":"ListItem","position":2,"name":"Fungerar pickuplinjer faktiskt?"}]}]}},"_links":{"self":[{"href":"https:\/\/thisisnotagateway.net\/sv\/wp-json\/wp\/v2\/pages\/234"}],"collection":[{"href":"https:\/\/thisisnotagateway.net\/sv\/wp-json\/wp\/v2\/pages"}],"about":[{"href":"https:\/\/thisisnotagateway.net\/sv\/wp-json\/wp\/v2\/types\/page"}],"author":[{"embeddable":true,"href":"https:\/\/thisisnotagateway.net\/sv\/wp-json\/wp\/v2\/users\/1"}],"replies":[{"embeddable":true,"href":"https:\/\/thisisnotagateway.net\/sv\/wp-json\/wp\/v2\/comments?post=234"}],"version-history":[{"count":2,"href":"https:\/\/thisisnotagateway.net\/sv\/wp-json\/wp\/v2\/pages\/234\/revisions"}],"predecessor-version":[{"id":389,"href":"https:\/\/thisisnotagateway.net\/sv\/wp-json\/wp\/v2\/pages\/234\/revisions\/389"}],"wp:attachment":[{"href":"https:\/\/thisisnotagateway.net\/sv\/wp-json\/wp\/v2\/media?parent=234"}],"curies":[{"name":"wp","href":"https:\/\/api.w.org\/{rel}","templated":true}]}}