{"id":248,"date":"2022-07-03T14:33:27","date_gmt":"2022-07-03T13:33:27","guid":{"rendered":"http:\/\/thisisnotagateway.net\/typer-av-dejtingappar\/"},"modified":"2022-07-20T19:07:39","modified_gmt":"2022-07-20T18:07:39","slug":"typer-av-dejtingappar","status":"publish","type":"page","link":"https:\/\/thisisnotagateway.net\/sv\/typer-av-dejtingappar\/","title":{"rendered":"Typer av dejtingappar"},"content":{"rendered":"\r\n<p>Online dejtingsajter \u00e4r bra st\u00e4llen att tr\u00e4ffa kvinnor som letar efter m\u00e4n precis som du. De \u00e4r gratis <a href=\"http:\/\/www.hookup-now.com\/sv\/basta-sex-spel-for-iphone\/\">sexspel<\/a>, enkla att anv\u00e4nda och viktigast av allt, s\u00e4kra.<\/p>\r\n\r\n<p>Det finns m\u00e5nga olika typer av online-datingwebbplatser, inklusive de som \u00e4r inriktade p\u00e5 specifika intressen (t.ex. kristna singlar), \u00e5ldersgrupper (t.ex. seniorer), plats (t.ex. milit\u00e4r personal), etnicitet (t.ex. asiatiska singlar), religion (t.ex. judiska singlar) och sexuell l\u00e4ggning (t.ex. homosexuella singlar).<\/p>\r\n\r\n<figure class=\"wp-block-image size-large\"><img loading=\"lazy\" width=\"1024\" height=\"734\" src=\"http:\/\/thisisnotagateway.net&#13;&#10;\/wp-content\/uploads\/2022\/07\/casual-dating-online-apps-1024x734.jpeg\" alt=\"\" class=\"wp-image-59\" srcset=\"https:\/\/thisisnotagateway.net\/wp-content\/uploads\/2022\/07\/casual-dating-online-apps-1024x734.jpeg 1024w, https:\/\/thisisnotagateway.net\/wp-content\/uploads\/2022\/07\/casual-dating-online-apps-300x215.jpeg 300w, https:\/\/thisisnotagateway.net\/wp-content\/uploads\/2022\/07\/casual-dating-online-apps-768x550.jpeg 768w, https:\/\/thisisnotagateway.net\/wp-content\/uploads\/2022\/07\/casual-dating-online-apps-1536x1100.jpeg 1536w, https:\/\/thisisnotagateway.net\/wp-content\/uploads\/2022\/07\/casual-dating-online-apps-2048x1467.jpeg 2048w\" sizes=\"(max-width: 1024px) 100vw, 1024px\" \/><\/figure>\r\n\r\n<h2>Hur fungerar det?<\/h2>\r\n\r\n<p>Om du \u00e4r intresserad av att tr\u00e4ffa kvinnor online finns det flera saker du b\u00f6r t\u00e4nka p\u00e5 innan du registrerar dig <a href=\"https:\/\/www.hotsexychat.net\/sv\/gratis-porr-spel-pa-app-store\/\">porr spel<\/a> f\u00f6r n\u00e5gon webbplats. Var f\u00f6rst \u00e4rlig om dig sj\u00e4lv. Ljug inte om din \u00e5lder, l\u00e4ngd, vikt, civilst\u00e5nd, religi\u00f6s tro, politiska \u00e5sikter, yrke, inkomstniv\u00e5, hobbyer etc.<\/p>\r\n\r\n<p>F\u00f6r det andra, ta dig tid att l\u00e4ra dig mer om webbplatsens sekretesspolicy. M\u00e5nga webbplatser till\u00e5ter anv\u00e4ndare att s\u00f6ka efter medlemmar baserat p\u00e5 kriterier som k\u00f6n, \u00e5lder, geografiskt omr\u00e5de, relationstyp etc. Det betyder att du kanske inte bara hittar matchningar baserat p\u00e5 dina egna preferenser, utan ocks\u00e5 baserat p\u00e5 andras preferenser.<\/p>\r\n\r\n<p>F\u00f6r det tredje, granska webbplatsens anv\u00e4ndaravtal. Vissa webbplatser kr\u00e4ver att anv\u00e4ndare betalar en m\u00e5nadsavgift f\u00f6r att f\u00e5 tillg\u00e5ng till vissa funktioner, till exempel meddelanden eller e-post till andra medlemmar. Andra begr\u00e4nsar antalet meddelanden de skickar per dag eller vecka.<\/p>\r\n\r\n<p>Slutligen, gl\u00f6m inte att st\u00e4lla fr\u00e5gor n\u00e4r du registrerar dig f\u00f6r en webbplats. Du vill veta om webbplatsen l\u00e5ter dig kommunicera privat med andra medlemmar, vilken typ av information de samlar in fr\u00e5n sina medlemmar och om de delar denna information med tredje part.<\/p>\r\n\r\n<h2>Komma ig\u00e5ng<\/h2>\r\n\r\n<p>N\u00e4r du har registrerat dig f\u00f6r en <a href=\"https:\/\/adultxxxdate.net\/da\/gratis-sexannoncer\/\">sexannoncer<\/a> webbplats kan du prova att anv\u00e4nda den regelbundet. Se till att du f\u00e5r ut v\u00e4rde av det genom att kommunicera med andra medlemmar, skicka e-post till dem och l\u00e4sa deras profiler.<\/p>\r\n\r\n<p>Du kommer snart att uppt\u00e4cka att online dating kan vara mycket roligt och ett bra s\u00e4tt att tr\u00e4ffa m\u00e4nniskor.<\/p>\r\n\r\n<p>Men var f\u00f6rsiktig n\u00e4r du registrerar dig f\u00f6r dessa webbplatser. Vissa webbplatser \u00e4r gratis, andra kostar pengar, och vissa kr\u00e4ver ett kreditkort. Se till att du f\u00f6rst\u00e5r reglerna innan du registrerar dig.<\/p>\r\n\r\n<p>T\u00e4nk ocks\u00e5 p\u00e5 att de flesta online-datingsidor bara till\u00e5ter dig att se profiler av personer som har betalat f\u00f6r medlemskap. S\u00e5 du kommer inte att kunna se n\u00e5gra gratis medlemmars profiler.<\/p>\r\n","protected":false},"excerpt":{"rendered":"<p>Online dejtingsajter \u00e4r bra st\u00e4llen att tr\u00e4ffa kvinnor som letar efter m\u00e4n precis som du. De \u00e4r gratis sexspel, enkla att anv\u00e4nda och viktigast av allt, s\u00e4kra. Det finns m\u00e5nga olika typer av online-datingwebbplatser, inklusive de som \u00e4r inriktade p\u00e5 specifika intressen (t.ex. kristna singlar), \u00e5ldersgrupper (t.ex. seniorer), plats (t.ex. milit\u00e4r personal), etnicitet (t.ex. asiatiska singlar), religion (t.ex. judiska singlar) och sexuell l\u00e4ggning (t.ex. homosexuella singlar). Hur fungerar det? Om du \u00e4r intresserad av att tr\u00e4ffa kvinnor online finns det&#8230;<\/p>\n<p class=\"read-more\"><a class=\"btn btn-default\" href=\"https:\/\/thisisnotagateway.net\/sv\/typer-av-dejtingappar\/\">L\u00e4s mer<span class=\"screen-reader-text\"> L\u00e4s mer<\/span><\/a><\/p>\n","protected":false},"author":1,"featured_media":0,"parent":0,"menu_order":0,"comment_status":"closed","ping_status":"closed","template":"","meta":[],"yoast_head":"<!-- This site is optimized with the Yoast SEO plugin v19.2 - https:\/\/yoast.com\/wordpress\/plugins\/seo\/ -->\n<title>Typer av dejtingappar - Gateway Recensioner<\/title>\n<meta name=\"robots\" content=\"index, follow, max-snippet:-1, max-image-preview:large, max-video-preview:-1\" \/>\n<link rel=\"canonical\" href=\"https:\/\/thisisnotagateway.net\/sv\/typer-av-dejtingappar\/\" \/>\n<meta property=\"og:locale\" content=\"sv_SE\" \/>\n<meta property=\"og:type\" content=\"article\" \/>\n<meta property=\"og:title\" content=\"Typer av dejtingappar - Gateway Recensioner\" \/>\n<meta property=\"og:description\" content=\"Online dejtingsajter \u00e4r bra st\u00e4llen att tr\u00e4ffa kvinnor som letar efter m\u00e4n precis som du. De \u00e4r gratis sexspel, enkla att anv\u00e4nda och viktigast av allt, s\u00e4kra. Det finns m\u00e5nga olika typer av online-datingwebbplatser, inklusive de som \u00e4r inriktade p\u00e5 specifika intressen (t.ex. kristna singlar), \u00e5ldersgrupper (t.ex. seniorer), plats (t.ex. milit\u00e4r personal), etnicitet (t.ex. asiatiska singlar), religion (t.ex. judiska singlar) och sexuell l\u00e4ggning (t.ex. homosexuella singlar). Hur fungerar det? Om du \u00e4r intresserad av att tr\u00e4ffa kvinnor online finns det...L\u00e4s mer L\u00e4s mer\" \/>\n<meta property=\"og:url\" content=\"https:\/\/thisisnotagateway.net\/sv\/typer-av-dejtingappar\/\" \/>\n<meta property=\"og:site_name\" content=\"Gateway Recensioner\" \/>\n<meta property=\"article:modified_time\" content=\"2022-07-20T18:07:39+00:00\" \/>\n<meta name=\"author\" content=\"Gateway\" \/>\n<meta name=\"twitter:card\" content=\"summary_large_image\" \/>\n<meta name=\"twitter:label1\" content=\"Ber\u00e4knad l\u00e4stid\" \/>\n\t<meta name=\"twitter:data1\" content=\"2 minuter\" \/>\n<script type=\"application\/ld+json\" class=\"yoast-schema-graph\">{\"@context\":\"https:\/\/schema.org\",\"@graph\":[{\"@type\":\"WebSite\",\"@id\":\"http:\/\/thisisnotagateway.net\/#website\",\"url\":\"http:\/\/thisisnotagateway.net\/\",\"name\":\"Gateway Recensioner\",\"description\":\"Relations- och dejtingblogg\",\"potentialAction\":[{\"@type\":\"SearchAction\",\"target\":{\"@type\":\"EntryPoint\",\"urlTemplate\":\"http:\/\/thisisnotagateway.net\/?s={search_term_string}\"},\"query-input\":\"required name=search_term_string\"}],\"inLanguage\":\"sv-SE\"},{\"@type\":\"WebPage\",\"@id\":\"https:\/\/thisisnotagateway.net\/sv\/typer-av-dejtingappar\/#webpage\",\"url\":\"https:\/\/thisisnotagateway.net\/sv\/typer-av-dejtingappar\/\",\"name\":\"Typer av dejtingappar - Gateway Recensioner\",\"isPartOf\":{\"@id\":\"http:\/\/thisisnotagateway.net\/#website\"},\"datePublished\":\"2022-07-03T13:33:27+00:00\",\"dateModified\":\"2022-07-20T18:07:39+00:00\",\"breadcrumb\":{\"@id\":\"https:\/\/thisisnotagateway.net\/sv\/typer-av-dejtingappar\/#breadcrumb\"},\"inLanguage\":\"sv-SE\",\"potentialAction\":[{\"@type\":\"ReadAction\",\"target\":[\"https:\/\/thisisnotagateway.net\/sv\/typer-av-dejtingappar\/\"]}]},{\"@type\":\"BreadcrumbList\",\"@id\":\"https:\/\/thisisnotagateway.net\/sv\/typer-av-dejtingappar\/#breadcrumb\",\"itemListElement\":[{\"@type\":\"ListItem\",\"position\":1,\"name\":\"Hem\",\"item\":\"http:\/\/thisisnotagateway.net\/sv\/\"},{\"@type\":\"ListItem\",\"position\":2,\"name\":\"Typer av dejtingappar\"}]}]}<\/script>\n<!-- \/ Yoast SEO plugin. -->","yoast_head_json":{"title":"Typer av dejtingappar - Gateway Recensioner","robots":{"index":"index","follow":"follow","max-snippet":"max-snippet:-1","max-image-preview":"max-image-preview:large","max-video-preview":"max-video-preview:-1"},"canonical":"https:\/\/thisisnotagateway.net\/sv\/typer-av-dejtingappar\/","og_locale":"sv_SE","og_type":"article","og_title":"Typer av dejtingappar - Gateway Recensioner","og_description":"Online dejtingsajter \u00e4r bra st\u00e4llen att tr\u00e4ffa kvinnor som letar efter m\u00e4n precis som du. De \u00e4r gratis sexspel, enkla att anv\u00e4nda och viktigast av allt, s\u00e4kra. Det finns m\u00e5nga olika typer av online-datingwebbplatser, inklusive de som \u00e4r inriktade p\u00e5 specifika intressen (t.ex. kristna singlar), \u00e5ldersgrupper (t.ex. seniorer), plats (t.ex. milit\u00e4r personal), etnicitet (t.ex. asiatiska singlar), religion (t.ex. judiska singlar) och sexuell l\u00e4ggning (t.ex. homosexuella singlar). Hur fungerar det? Om du \u00e4r intresserad av att tr\u00e4ffa kvinnor online finns det...L\u00e4s mer L\u00e4s mer","og_url":"https:\/\/thisisnotagateway.net\/sv\/typer-av-dejtingappar\/","og_site_name":"Gateway Recensioner","article_modified_time":"2022-07-20T18:07:39+00:00","author":"Gateway","twitter_card":"summary_large_image","twitter_misc":{"Ber\u00e4knad l\u00e4stid":"2 minuter"},"schema":{"@context":"https:\/\/schema.org","@graph":[{"@type":"WebSite","@id":"http:\/\/thisisnotagateway.net\/#website","url":"http:\/\/thisisnotagateway.net\/","name":"Gateway Recensioner","description":"Relations- och dejtingblogg","potentialAction":[{"@type":"SearchAction","target":{"@type":"EntryPoint","urlTemplate":"http:\/\/thisisnotagateway.net\/?s={search_term_string}"},"query-input":"required name=search_term_string"}],"inLanguage":"sv-SE"},{"@type":"WebPage","@id":"https:\/\/thisisnotagateway.net\/sv\/typer-av-dejtingappar\/#webpage","url":"https:\/\/thisisnotagateway.net\/sv\/typer-av-dejtingappar\/","name":"Typer av dejtingappar - Gateway Recensioner","isPartOf":{"@id":"http:\/\/thisisnotagateway.net\/#website"},"datePublished":"2022-07-03T13:33:27+00:00","dateModified":"2022-07-20T18:07:39+00:00","breadcrumb":{"@id":"https:\/\/thisisnotagateway.net\/sv\/typer-av-dejtingappar\/#breadcrumb"},"inLanguage":"sv-SE","potentialAction":[{"@type":"ReadAction","target":["https:\/\/thisisnotagateway.net\/sv\/typer-av-dejtingappar\/"]}]},{"@type":"BreadcrumbList","@id":"https:\/\/thisisnotagateway.net\/sv\/typer-av-dejtingappar\/#breadcrumb","itemListElement":[{"@type":"ListItem","position":1,"name":"Hem","item":"http:\/\/thisisnotagateway.net\/sv\/"},{"@type":"ListItem","position":2,"name":"Typer av dejtingappar"}]}]}},"_links":{"self":[{"href":"https:\/\/thisisnotagateway.net\/sv\/wp-json\/wp\/v2\/pages\/248"}],"collection":[{"href":"https:\/\/thisisnotagateway.net\/sv\/wp-json\/wp\/v2\/pages"}],"about":[{"href":"https:\/\/thisisnotagateway.net\/sv\/wp-json\/wp\/v2\/types\/page"}],"author":[{"embeddable":true,"href":"https:\/\/thisisnotagateway.net\/sv\/wp-json\/wp\/v2\/users\/1"}],"replies":[{"embeddable":true,"href":"https:\/\/thisisnotagateway.net\/sv\/wp-json\/wp\/v2\/comments?post=248"}],"version-history":[{"count":2,"href":"https:\/\/thisisnotagateway.net\/sv\/wp-json\/wp\/v2\/pages\/248\/revisions"}],"predecessor-version":[{"id":390,"href":"https:\/\/thisisnotagateway.net\/sv\/wp-json\/wp\/v2\/pages\/248\/revisions\/390"}],"wp:attachment":[{"href":"https:\/\/thisisnotagateway.net\/sv\/wp-json\/wp\/v2\/media?parent=248"}],"curies":[{"name":"wp","href":"https:\/\/api.w.org\/{rel}","templated":true}]}}