{"id":270,"date":"2022-07-03T13:31:58","date_gmt":"2022-07-03T12:31:58","guid":{"rendered":"http:\/\/thisisnotagateway.net\/gateway-den-enda-dejtingbloggen-du-behover\/"},"modified":"2022-07-03T15:23:28","modified_gmt":"2022-07-03T14:23:28","slug":"gateway-den-enda-dejtingbloggen-du-behover","status":"publish","type":"page","link":"https:\/\/thisisnotagateway.net\/sv\/","title":{"rendered":"Gateway: Den enda dejtingbloggen du beh\u00f6ver!"},"content":{"rendered":"\n<h2>Hitta en ny partner<\/h2>\n\n<p>Om du \u00e4r singel har du mycket att g\u00f6ra f\u00f6r dig. Du \u00e4r ung, attraktiv, smart, rolig och du har ett bra jobb. Men det finns ingen anledning att n\u00f6ja sig med vilken kille som helst. Hitta ist\u00e4llet en man som delar dina intressen, v\u00e4rderingar och m\u00e5l.<\/p>\n\n<p>Det betyder att hitta en man som gillar sport, l\u00e4sa, resa och ha kul. Och han borde vara villig att dela sitt liv med dig.<\/p>\n\n<p>Om du <a href=\"https:\/\/thisisnotagateway.net\/types-of-dating-apps\/\">letar efter en ny partner<\/a> m\u00e5ste du vara \u00f6ppen f\u00f6r att tr\u00e4ffa nya m\u00e4nniskor. Men du m\u00e5ste ocks\u00e5 vara f\u00f6rsiktig s\u00e5 att du inte sl\u00f6sar f\u00f6r mycket tid p\u00e5 n\u00e5gon som inte \u00e4r r\u00e4tt f\u00f6r dig. Det \u00e4r d\u00e4rf\u00f6r det \u00e4r viktigt att tr\u00e4ffa m\u00e5nga m\u00e4nniskor. Ju fler m\u00e4nniskor du tr\u00e4ffar, desto b\u00e4ttre \u00e4r dina chanser att hitta en kompatibel kompis. Men g\u00e5 inte bara ut och tr\u00e4ffa alla. Anv\u00e4nd ist\u00e4llet dejtingsajter online f\u00f6r att hitta personer som delar liknande intressen, hobbyer och v\u00e4rderingar. P\u00e5 s\u00e5 s\u00e4tt kan du begr\u00e4nsa din s\u00f6kning och eliminera alla som inte passar dina kriterier.<\/p>\n\n<p>Online dejtingsajter \u00e4r bra eftersom de l\u00e5ter dig filtrera igenom tusentals profiler baserat p\u00e5 dina preferenser. Dessutom kan du enkelt kommunicera med andra via e-post, chatt och telefonsamtal. N\u00e4r du har hittat en person du vill tr\u00e4ffa, fr\u00e5ga dem fr\u00e5gor om sig sj\u00e4lva. Fr\u00e5ga om deras familj, karri\u00e4r, hobbyer och v\u00e4rderingar, bland annat.<\/p>\n\n<p>Sedan, n\u00e4r du k\u00e4nner dig tillr\u00e4ckligt bekv\u00e4m, kan du g\u00e5 vidare med ditt f\u00f6rh\u00e5llande. Online dejtingsajter \u00e4r bra st\u00e4llen att tr\u00e4ffa singlar som delar liknande intressen. De \u00e4r ocks\u00e5 gratis, vilket g\u00f6r dem perfekta f\u00f6r nyb\u00f6rjare.<\/p>\n<div class=\"wp-block-image\">\n<figure class=\"aligncenter size-large is-resized\"><img loading=\"lazy\" src=\"http:\/\/thisisnotagateway.net&#10;\/wp-content\/uploads\/2022\/07\/casual-dating-online-apps-1024x734.jpeg\" alt=\"\" class=\"wp-image-59\" width=\"541\" height=\"387\" srcset=\"https:\/\/thisisnotagateway.net\/wp-content\/uploads\/2022\/07\/casual-dating-online-apps-1024x734.jpeg 1024w, https:\/\/thisisnotagateway.net\/wp-content\/uploads\/2022\/07\/casual-dating-online-apps-300x215.jpeg 300w, https:\/\/thisisnotagateway.net\/wp-content\/uploads\/2022\/07\/casual-dating-online-apps-768x550.jpeg 768w, https:\/\/thisisnotagateway.net\/wp-content\/uploads\/2022\/07\/casual-dating-online-apps-1536x1100.jpeg 1536w, https:\/\/thisisnotagateway.net\/wp-content\/uploads\/2022\/07\/casual-dating-online-apps-2048x1467.jpeg 2048w\" sizes=\"(max-width: 541px) 100vw, 541px\" \/><\/figure><\/div>\n<p>Om du menar allvar med att hitta k\u00e4rleken, prova en webbplats som erbjuder b\u00e5de gratis och betalt medlemskap. Om du letar efter ett f\u00f6rh\u00e5llande finns det m\u00e5nga s\u00e4tt att tr\u00e4ffa en ny partner. Ett s\u00e4tt \u00e4r via online dating webbplatser. En annan \u00e4r genom v\u00e4nner, familj eller medarbetare. \u00c4nnu en \u00e4r genom sociala medier som Facebook, Twitter, Instagram, LinkedIn, etc. Online dating webbplatser \u00e4r bra eftersom de l\u00e5ter dig s\u00f6ka efter potentiella partners baserat p\u00e5 kriterier som \u00e4r viktigast f\u00f6r dig. Till exempel kanske du letar efter ett l\u00e5ngsiktigt f\u00f6rh\u00e5llande, en kortvarig fling eller bara en anslutning.<\/p>\n\n<p>N\u00e4r du s\u00f6ker efter en partner, kom ih\u00e5g att du bara ska anv\u00e4nda online dating webbplatser som tillgodoser specifikt dina behov. Annars kan du sluta sl\u00f6sa tid och pengar p\u00e5 en d\u00e5lig match.<\/p>\n\n<h2>Ska du b\u00f6rja n\u00e4tdejting?<\/h2>\n\n<p>Om du letar efter k\u00e4rlek m\u00e5ste du s\u00e4tta dig sj\u00e4lv d\u00e4r ute. B\u00f6rja med att g\u00e5 med p\u00e5 dejtingsajter som Match.com, eHarmony, PlentyOfFish, Zoosk, OkCupid och Tinder. N\u00e4r du har hittat en webbplats som fungerar f\u00f6r dig kan du registrera dig och skapa en profil. Anv\u00e4nd sedan din profil f\u00f6r att s\u00f6ka efter matchningar.<\/p>\n\n<p>N\u00e4r du hittar en match, skicka dem ett v\u00e4nligt e-postmeddelande som presenterar dig sj\u00e4lv och ber dem om kaffe eller drycker. Om de s\u00e4ger ja, ta ut dem p\u00e5 middag eller drycker. Fr\u00e5ga dem sedan igen. Upprepa denna process tills du hittar n\u00e5gon som g\u00f6r dig lycklig.<\/p>\n\n<p>N\u00e4r du v\u00e4l har hittat en match, fr\u00e5ga honom fr\u00e5gor om sig sj\u00e4lv. sk om hans hobbyer, favoritfilmer, b\u00f6cker, musik och platser han skulle vilja bes\u00f6ka. Ber\u00e4tta sedan f\u00f6r honom om dig sj\u00e4lv. Ber\u00e4tta f\u00f6r honom om dina passioner, dr\u00f6mmar och m\u00e5l. Gl\u00f6m inte att inkludera bilder p\u00e5 dig sj\u00e4lv. Ju fler bilder du skickar, desto b\u00e4ttre.<\/p>\n\n<p>Och kom ih\u00e5g att de flesta killar letar efter ett l\u00e5ngsiktigt f\u00f6rh\u00e5llande, inte en anslutning. S\u00e5 h\u00e5ll saker l\u00e5ngsamma och stadiga tills du hittar r\u00e4tt person. Online dating \u00e4r gratis, men inte n\u00f6dv\u00e4ndigtvis l\u00e4tt. Det kr\u00e4vs t\u00e5lamod, uth\u00e5llighet och \u00f6vning f\u00f6r att hitta en kompatibel partner. Om du letar efter ett l\u00e5ngsiktigt f\u00f6rh\u00e5llande kan n\u00e4tdejting vara r\u00e4tt f\u00f6r dig. Men om du bara vill tr\u00e4ffa n\u00e5gra v\u00e4nner \u00e4r online-dating inte v\u00e4gen att g\u00e5.<\/p>\n\n<p>Det finns m\u00e5nga olika typer av online dating webbplatser, var och en med sina egna unika egenskaper. Vissa webbplatser till\u00e5ter medlemmar att chatta med andra, medan andra bara l\u00e5ter dem skicka meddelanden. Vissa webbplatser kr\u00e4ver att medlemmar betalar m\u00e5nadsavgifter, medan andra erbjuder gratis medlemskap. Vissa webbplatser kr\u00e4ver att medlemmar fyller i detaljerade profiler, medan andra ber om mycket lite information. Vissa webbplatser \u00e4r strikt f\u00f6r vuxna, medan andra tillgodoser ton\u00e5ringar.<\/p>\n<div class=\"wp-block-image\">\n<figure class=\"aligncenter size-large is-resized\"><img loading=\"lazy\" src=\"http:\/\/thisisnotagateway.net&#10;\/wp-content\/uploads\/2022\/07\/why-dating-apps-work-1024x683.jpeg\" alt=\"\" class=\"wp-image-61\" width=\"394\" height=\"262\" srcset=\"https:\/\/thisisnotagateway.net\/wp-content\/uploads\/2022\/07\/why-dating-apps-work-1024x683.jpeg 1024w, https:\/\/thisisnotagateway.net\/wp-content\/uploads\/2022\/07\/why-dating-apps-work-300x200.jpeg 300w, https:\/\/thisisnotagateway.net\/wp-content\/uploads\/2022\/07\/why-dating-apps-work-768x512.jpeg 768w, https:\/\/thisisnotagateway.net\/wp-content\/uploads\/2022\/07\/why-dating-apps-work-1536x1024.jpeg 1536w, https:\/\/thisisnotagateway.net\/wp-content\/uploads\/2022\/07\/why-dating-apps-work-2048x1365.jpeg 2048w\" sizes=\"(max-width: 394px) 100vw, 394px\" \/><\/figure><\/div>\n<p>N\u00e4r du j\u00e4mf\u00f6r webbplatser, \u00f6verv\u00e4ga dessa faktorer:<\/p>\n\n<h3>Kostnad<\/h3>\n\n<p>Vissa webbplatser erbjuder gratis medlemskap, medan andra kr\u00e4ver betalda medlemskap. Gratis webbplatser kanske inte till\u00e5ter dig att s\u00f6ka efter matchningar baserat p\u00e5 specifika kriterier, till exempel \u00e5lder, plats eller inkomstniv\u00e5. Betalda webbplatser inneh\u00e5ller vanligtvis dessa alternativ.<\/p>\n\n<h3>Funktioner<\/h3>\n\n<p>Vissa webbplatser till\u00e5ter bara anv\u00e4ndare att visa profiler, medan andra l\u00e5ter dig skicka meddelanden och chatta med andra medlemmar. Vissa webbplatser l\u00e5ter dig ladda upp foton, medan andra begr\u00e4nsar dig till att visa foton som laddats upp av andra medlemmar.<\/p>\n\n<h3>S\u00e4kerhet<\/h3>\n\n<p>M\u00e5nga webbplatser anv\u00e4nder s\u00e4kerhetsfr\u00e5gor f\u00f6r att verifiera din identitet n\u00e4r du registrerar dig. Andra ber dig att ange personlig information, till exempel din f\u00f6delsedag, adress och telefonnummer. Se till att webbplatsen anv\u00e4nder s\u00e4kra servrar och krypteringsteknik f\u00f6r att skydda din personliga information.<\/p>\n\n<h3>Anv\u00e4ndarupplevelse<\/h3>\n\n<p>Vissa webbplatser \u00e4r fr\u00e4mst utformade f\u00f6r avslappnad dejting, medan andra tillgodoser seri\u00f6sa relationer. Titta p\u00e5 medlemsrecensionerna och feedbacken f\u00f6r att avg\u00f6ra om webbplatsen v\u00e4nder sig till personer som letar efter l\u00e5ngsiktiga relationer eller bara anslutningar.<\/p>\n\n<h3>Integration av sociala medier<\/h3>\n\n<p>Integrerar webbplatsen sociala n\u00e4tverksverktyg, som Facebook och Twitter, f\u00f6r att hj\u00e4lpa dig att f\u00e5 kontakt med andra medlemmar?<\/p>\n\n<h3>Mobil kompatibilitet<\/h3>\n\n<p>De flesta webbplatser fungerar bra p\u00e5 station\u00e4ra datorer, men vissa st\u00f6der inte mobila enheter. Du kan dock fortfarande komma \u00e5t de flesta webbplatser fr\u00e5n smartphones och surfplattor.<\/p>\n\n<h2>Vad ska man g\u00f6ra n\u00e4sta?<\/h2>\n\n<p>N\u00e4r du har begr\u00e4nsat din lista \u00f6ver <a href=\"https:\/\/thisisnotagateway.net\/do-pickup-lines-actually-work\/\">online dejtingsajter<\/a>, bes\u00f6k varje webbplats och notera deras f\u00f6rdelar och nackdelar. Best\u00e4m sedan vilken webbplats som b\u00e4st passar dina behov. Om du \u00e4r ny p\u00e5 online dating, f\u00f6rs\u00f6k anv\u00e4nda en gratis webbplats i en m\u00e5nad eller tv\u00e5 f\u00f6r att f\u00e5 en k\u00e4nsla f\u00f6r vad som fungerar och inte fungerar f\u00f6r dig. N\u00e4r du v\u00e4l har hittat en webbplats som passar dina behov, betala f\u00f6r ett premiummedlemskap f\u00f6r att l\u00e5sa upp ytterligare funktioner. Du vill h\u00e5lla ett \u00f6ga p\u00e5 ditt kreditkortsutdrag efter att ha betalat f\u00f6r ett premiummedlemskap. Var noga med att avbryta alla \u00e5terkommande prenumerationer om du inte l\u00e4ngre beh\u00f6ver det.<\/p>\n","protected":false},"excerpt":{"rendered":"<p>Hitta en ny partner Om du \u00e4r singel har du mycket att g\u00f6ra f\u00f6r dig. Du \u00e4r ung, attraktiv, smart, rolig och du har ett bra jobb. Men det finns ingen anledning att n\u00f6ja sig med vilken kille som helst. Hitta ist\u00e4llet en man som delar dina intressen, v\u00e4rderingar och m\u00e5l. Det betyder att hitta en man som gillar sport, l\u00e4sa, resa och ha kul. Och han borde vara villig att dela sitt liv med dig. Om du letar efter&#8230;<\/p>\n<p class=\"read-more\"><a class=\"btn btn-default\" href=\"https:\/\/thisisnotagateway.net\/sv\/\">L\u00e4s mer<span class=\"screen-reader-text\"> L\u00e4s mer<\/span><\/a><\/p>\n","protected":false},"author":1,"featured_media":81,"parent":0,"menu_order":0,"comment_status":"closed","ping_status":"closed","template":"","meta":[],"yoast_head":"<!-- This site is optimized with the Yoast SEO plugin v19.2 - https:\/\/yoast.com\/wordpress\/plugins\/seo\/ -->\n<title>Gateway: Den enda dejtingbloggen du beh\u00f6ver! - Gateway Recensioner<\/title>\n<meta name=\"robots\" content=\"index, follow, max-snippet:-1, max-image-preview:large, max-video-preview:-1\" \/>\n<link rel=\"canonical\" href=\"https:\/\/thisisnotagateway.net\/sv\/\" \/>\n<meta property=\"og:locale\" content=\"sv_SE\" \/>\n<meta property=\"og:type\" content=\"article\" \/>\n<meta property=\"og:title\" content=\"Gateway: Den enda dejtingbloggen du beh\u00f6ver! - Gateway Recensioner\" \/>\n<meta property=\"og:description\" content=\"Hitta en ny partner Om du \u00e4r singel har du mycket att g\u00f6ra f\u00f6r dig. Du \u00e4r ung, attraktiv, smart, rolig och du har ett bra jobb. Men det finns ingen anledning att n\u00f6ja sig med vilken kille som helst. Hitta ist\u00e4llet en man som delar dina intressen, v\u00e4rderingar och m\u00e5l. Det betyder att hitta en man som gillar sport, l\u00e4sa, resa och ha kul. Och han borde vara villig att dela sitt liv med dig. Om du letar efter...L\u00e4s mer L\u00e4s mer\" \/>\n<meta property=\"og:url\" content=\"https:\/\/thisisnotagateway.net\/sv\/\" \/>\n<meta property=\"og:site_name\" content=\"Gateway Recensioner\" \/>\n<meta property=\"article:modified_time\" content=\"2022-07-03T14:23:28+00:00\" \/>\n<meta property=\"og:image\" content=\"http:\/\/thisisnotagateway.net\/wp-content\/uploads\/2022\/07\/online-hooup-apps-our-advice.jpeg\" \/>\n\t<meta property=\"og:image:width\" content=\"1125\" \/>\n\t<meta property=\"og:image:height\" content=\"750\" \/>\n\t<meta property=\"og:image:type\" content=\"image\/jpeg\" \/>\n<meta name=\"author\" content=\"Gateway\" \/>\n<meta name=\"twitter:card\" content=\"summary_large_image\" \/>\n<meta name=\"twitter:label1\" content=\"Ber\u00e4knad l\u00e4stid\" \/>\n\t<meta name=\"twitter:data1\" content=\"6 minuter\" \/>\n<script type=\"application\/ld+json\" class=\"yoast-schema-graph\">{\"@context\":\"https:\/\/schema.org\",\"@graph\":[{\"@type\":\"WebSite\",\"@id\":\"http:\/\/thisisnotagateway.net\/#website\",\"url\":\"http:\/\/thisisnotagateway.net\/\",\"name\":\"Gateway Recensioner\",\"description\":\"Relations- och dejtingblogg\",\"potentialAction\":[{\"@type\":\"SearchAction\",\"target\":{\"@type\":\"EntryPoint\",\"urlTemplate\":\"http:\/\/thisisnotagateway.net\/?s={search_term_string}\"},\"query-input\":\"required name=search_term_string\"}],\"inLanguage\":\"sv-SE\"},{\"@type\":\"ImageObject\",\"inLanguage\":\"sv-SE\",\"@id\":\"https:\/\/thisisnotagateway.net\/sv\/#primaryimage\",\"url\":\"https:\/\/thisisnotagateway.net\/wp-content\/uploads\/2022\/07\/online-hooup-apps-our-advice.jpeg\",\"contentUrl\":\"https:\/\/thisisnotagateway.net\/wp-content\/uploads\/2022\/07\/online-hooup-apps-our-advice.jpeg\",\"width\":1125,\"height\":750},{\"@type\":\"WebPage\",\"@id\":\"https:\/\/thisisnotagateway.net\/sv\/#webpage\",\"url\":\"https:\/\/thisisnotagateway.net\/sv\/\",\"name\":\"Gateway: Den enda dejtingbloggen du beh\u00f6ver! - Gateway Recensioner\",\"isPartOf\":{\"@id\":\"http:\/\/thisisnotagateway.net\/#website\"},\"primaryImageOfPage\":{\"@id\":\"https:\/\/thisisnotagateway.net\/sv\/#primaryimage\"},\"datePublished\":\"2022-07-03T12:31:58+00:00\",\"dateModified\":\"2022-07-03T14:23:28+00:00\",\"breadcrumb\":{\"@id\":\"https:\/\/thisisnotagateway.net\/sv\/#breadcrumb\"},\"inLanguage\":\"sv-SE\",\"potentialAction\":[{\"@type\":\"ReadAction\",\"target\":[\"https:\/\/thisisnotagateway.net\/sv\/\"]}]},{\"@type\":\"BreadcrumbList\",\"@id\":\"https:\/\/thisisnotagateway.net\/sv\/#breadcrumb\",\"itemListElement\":[{\"@type\":\"ListItem\",\"position\":1,\"name\":\"Hem\",\"item\":\"http:\/\/thisisnotagateway.net\/sv\/\"},{\"@type\":\"ListItem\",\"position\":2,\"name\":\"Gateway: Den enda dejtingbloggen du beh\u00f6ver!\"}]}]}<\/script>\n<!-- \/ Yoast SEO plugin. -->","yoast_head_json":{"title":"Gateway: Den enda dejtingbloggen du beh\u00f6ver! - Gateway Recensioner","robots":{"index":"index","follow":"follow","max-snippet":"max-snippet:-1","max-image-preview":"max-image-preview:large","max-video-preview":"max-video-preview:-1"},"canonical":"https:\/\/thisisnotagateway.net\/sv\/","og_locale":"sv_SE","og_type":"article","og_title":"Gateway: Den enda dejtingbloggen du beh\u00f6ver! - Gateway Recensioner","og_description":"Hitta en ny partner Om du \u00e4r singel har du mycket att g\u00f6ra f\u00f6r dig. Du \u00e4r ung, attraktiv, smart, rolig och du har ett bra jobb. Men det finns ingen anledning att n\u00f6ja sig med vilken kille som helst. Hitta ist\u00e4llet en man som delar dina intressen, v\u00e4rderingar och m\u00e5l. Det betyder att hitta en man som gillar sport, l\u00e4sa, resa och ha kul. Och han borde vara villig att dela sitt liv med dig. Om du letar efter...L\u00e4s mer L\u00e4s mer","og_url":"https:\/\/thisisnotagateway.net\/sv\/","og_site_name":"Gateway Recensioner","article_modified_time":"2022-07-03T14:23:28+00:00","og_image":[{"width":1125,"height":750,"url":"http:\/\/thisisnotagateway.net\/wp-content\/uploads\/2022\/07\/online-hooup-apps-our-advice.jpeg","type":"image\/jpeg"}],"author":"Gateway","twitter_card":"summary_large_image","twitter_misc":{"Ber\u00e4knad l\u00e4stid":"6 minuter"},"schema":{"@context":"https:\/\/schema.org","@graph":[{"@type":"WebSite","@id":"http:\/\/thisisnotagateway.net\/#website","url":"http:\/\/thisisnotagateway.net\/","name":"Gateway Recensioner","description":"Relations- och dejtingblogg","potentialAction":[{"@type":"SearchAction","target":{"@type":"EntryPoint","urlTemplate":"http:\/\/thisisnotagateway.net\/?s={search_term_string}"},"query-input":"required name=search_term_string"}],"inLanguage":"sv-SE"},{"@type":"ImageObject","inLanguage":"sv-SE","@id":"https:\/\/thisisnotagateway.net\/sv\/#primaryimage","url":"https:\/\/thisisnotagateway.net\/wp-content\/uploads\/2022\/07\/online-hooup-apps-our-advice.jpeg","contentUrl":"https:\/\/thisisnotagateway.net\/wp-content\/uploads\/2022\/07\/online-hooup-apps-our-advice.jpeg","width":1125,"height":750},{"@type":"WebPage","@id":"https:\/\/thisisnotagateway.net\/sv\/#webpage","url":"https:\/\/thisisnotagateway.net\/sv\/","name":"Gateway: Den enda dejtingbloggen du beh\u00f6ver! - Gateway Recensioner","isPartOf":{"@id":"http:\/\/thisisnotagateway.net\/#website"},"primaryImageOfPage":{"@id":"https:\/\/thisisnotagateway.net\/sv\/#primaryimage"},"datePublished":"2022-07-03T12:31:58+00:00","dateModified":"2022-07-03T14:23:28+00:00","breadcrumb":{"@id":"https:\/\/thisisnotagateway.net\/sv\/#breadcrumb"},"inLanguage":"sv-SE","potentialAction":[{"@type":"ReadAction","target":["https:\/\/thisisnotagateway.net\/sv\/"]}]},{"@type":"BreadcrumbList","@id":"https:\/\/thisisnotagateway.net\/sv\/#breadcrumb","itemListElement":[{"@type":"ListItem","position":1,"name":"Hem","item":"http:\/\/thisisnotagateway.net\/sv\/"},{"@type":"ListItem","position":2,"name":"Gateway: Den enda dejtingbloggen du beh\u00f6ver!"}]}]}},"_links":{"self":[{"href":"https:\/\/thisisnotagateway.net\/sv\/wp-json\/wp\/v2\/pages\/270"}],"collection":[{"href":"https:\/\/thisisnotagateway.net\/sv\/wp-json\/wp\/v2\/pages"}],"about":[{"href":"https:\/\/thisisnotagateway.net\/sv\/wp-json\/wp\/v2\/types\/page"}],"author":[{"embeddable":true,"href":"https:\/\/thisisnotagateway.net\/sv\/wp-json\/wp\/v2\/users\/1"}],"replies":[{"embeddable":true,"href":"https:\/\/thisisnotagateway.net\/sv\/wp-json\/wp\/v2\/comments?post=270"}],"version-history":[{"count":1,"href":"https:\/\/thisisnotagateway.net\/sv\/wp-json\/wp\/v2\/pages\/270\/revisions"}],"predecessor-version":[{"id":277,"href":"https:\/\/thisisnotagateway.net\/sv\/wp-json\/wp\/v2\/pages\/270\/revisions\/277"}],"wp:featuredmedia":[{"embeddable":true,"href":"https:\/\/thisisnotagateway.net\/sv\/wp-json\/wp\/v2\/media\/81"}],"wp:attachment":[{"href":"https:\/\/thisisnotagateway.net\/sv\/wp-json\/wp\/v2\/media?parent=270"}],"curies":[{"name":"wp","href":"https:\/\/api.w.org\/{rel}","templated":true}]}}